{"id":17,"date":"2017-08-06T08:40:51","date_gmt":"2017-08-06T06:40:51","guid":{"rendered":"http:\/\/gis.tuzvo.sk\/mgeofor\/?page_id=17"},"modified":"2023-01-05T21:49:16","modified_gmt":"2023-01-05T20:49:16","slug":"publications","status":"publish","type":"page","link":"https:\/\/gis.tuzvo.sk\/mgeoforest\/?page_id=17","title":{"rendered":"Publications"},"content":{"rendered":"<h3>2021<\/h3>\n<ul>\n<li>Z\u00e1potock\u00fd, M. &#8211; Kore\u0148, M. &#8211; Vranov\u00e1, S. (2021). Vegetation Influence on Canopy Height Models Derived from Airborne Laser Scanning. 21st International Mltidisciplinary Scientific Geoconference SGEM 2021, <a href=\"https:\/\/doi.org\/10.5593\/sgem2021\/2.1\/s08.39\" target=\"_blank\" rel=\"noopener\">doi.org\/10.5593\/sgem2021\/2.1\/s08.39<\/a>, p. 295-302<\/li>\n<\/ul>\n<h3>2020<\/h3>\n<ul>\n<li>Kore\u0148, M. &#8211; Hun\u010daga, M. &#8211; Chud\u00e1, J. &#8211; Mokro\u0161, M. &#8211; Surov\u00fd, P. (2020). The Influence of Cross-Section Thickness on Diameter at Breast Height Estimation from Point Cloud. ISPRS International Journal of GeoInformatics, 9, 495, <a href=\"https:\/\/doi.org\/10.3390\/ijgi9090495\" target=\"_blank\" rel=\"noopener noreferrer\">doi.org\/10.3390\/ijgi9090495<\/a>.<\/li>\n<\/ul>\n<h3>2019<\/h3>\n<ul>\n<li>\n<div class=\"csl-bib-body\">\n<div class=\"csl-entry\">\u010cer\u0148ava, J. &#8211; Mokro\u0161, M. &#8211; Tu\u010dek, J. &#8211; Antal, M. &#8211; Slatkovsk\u00e1, Z. (2019). Processing Chain for Estimation of Tree Diameter from GNSS-IMU-Based Mobile Laser Scanning Data. Remote Sensing 11, 615, <a href=\"https:\/\/doi.org\/10.3390\/rs11060615\" target=\"_blank\" rel=\"noopener noreferrer\">doi.org\/10.3390\/rs11060615<\/a><\/div>\n<\/div>\n<\/li>\n<li>Z\u00e1potock\u00fd, M. &#8211; Vranov\u00e1, S. (2019). Pou\u017eitie participat\u00edvneho pr\u00edstupu v podpore stanovenia rekrea\u010dn\u00e9ho potenci\u00e1lu krajiny s vyu\u017eit\u00edm GIS. Geodetick\u00fd a kartografick\u00fd obzor, Ro\u010dn\u00edk 65\/107, 2019, \u010d\u00edslo 4, str. 81-88<\/li>\n<\/ul>\n<h3>2018<\/h3>\n<ul>\n<li>\n<div class=\"csl-bib-body\">\n<div class=\"csl-entry\">Mokro\u0161, M. &#8211; Liang, X. &#8211; Surov\u00fd, P. &#8211; Valent, P. &#8211; \u010cer\u0148ava, J. &#8211; Chud\u00fd, F. &#8211; Tun\u00e1k, D. &#8211; Salo\u0148, \u0160. &#8211; Mergani\u010d, J. (2018). Evaluation of Close-Range Photogrammetry Image Collection Methods for Estimating Tree Diameters. ISPRS International Journal of Geo-Information 7, 93, <a href=\"https:\/\/doi.org\/10.3390\/ijgi7030093\" target=\"_blank\" rel=\"noopener noreferrer\">doi.org\/10.3390\/ijgi7030093<\/a><\/div>\n<\/div>\n<\/li>\n<li>Mokro\u0161, M. &#8211; V\u00fdbo\u0161\u0165ok, J. &#8211; Toma\u0161t\u00edk, J. &#8211; Grzn\u00e1rov\u00e1, A. &#8211; Valent, P. &#8211; Slav\u00edk, M. &#8211; Mergani\u010d, J. (2018). High Precision Individual Tree Diameter and Perimeter Estimation from Close-Range Photogrammetry. Forests 9, 696, <a href=\"https:\/\/doi.org\/10.3390\/f9110696\" target=\"_blank\" rel=\"noopener noreferrer\">doi.org\/10.3390\/f9110696<\/a><\/li>\n<li>Z\u00e1potock\u00fd, M. &#8211; Kore\u0148, M. (2018). Implement\u00e1cia webov\u00e9ho port\u00e1lu GIS pre podporu particip\u00e1cie v lesn\u00edckom v\u00fdskume. Kartografick\u00e9 listy 26, 21\u201330.<\/li>\n<\/ul>\n<h3>2017<\/h3>\n<div class=\"csl-bib-body\">\n<ul>\n<li>Kore\u0148, M. &#8211; Mokro\u0161, M. &#8211; Bucha, T. (2017). Accuracy of tree diameter estimation from terrestrial laser scanning by circle-fitting methods. International Journal of Applied Earth Observation and Geoinformation, Volume 63, pp. 122\u2013128, <a href=\"https:\/\/doi.org\/10.1016\/j.jag.2017.07.015\" target=\"_blank\" rel=\"noopener noreferrer\">doi:10.1016\/j.jag.2017.07.015<\/a><\/li>\n<li>Tu\u010dek, J. &#8211; \u010cer\u0148ava, J. &#8211; Kardo\u0161, M. &#8211; Toma\u0161t\u00edk, J. (2017). Potenci\u00e1l a v\u00fdzvy vyu\u017eitia multisenzorov\u00fdch naviga\u010dn\u00fdch syst\u00e9mov v lesnom prostred\u00ed. X. Medzin\u00e1rodn\u00e1 vedecko-odborn\u00e1 konferencia geod\u00e9zia, kartografia a geoinformatika 2017, 10.-13. okt\u00f3ber 2017, Dem\u00e4novsk\u00e1 dolina, N\u00edzke Tatry, 15. str.<\/li>\n<\/ul>\n<\/div>\n","protected":false},"excerpt":{"rendered":"<p>2021 Z\u00e1potock\u00fd, M. &#8211; Kore\u0148, M. &#8211; Vranov\u00e1, S. (2021). Vegetation Influence on Canopy Height Models Derived from Airborne Laser Scanning. 21st International Mltidisciplinary Scientific Geoconference SGEM 2021, doi.org\/10.5593\/sgem2021\/2.1\/s08.39, p. 295-302 2020 Kore\u0148, M. &#8211; Hun\u010daga, M. &#8211; Chud\u00e1, J. &#8211; Mokro\u0161, M. &#8211; Surov\u00fd, P. (2020). The Influence of Cross-Section Thickness on Diameter at [&hellip;]<\/p>\n","protected":false},"author":2,"featured_media":0,"parent":0,"menu_order":0,"comment_status":"closed","ping_status":"closed","template":"","meta":[],"_links":{"self":[{"href":"https:\/\/gis.tuzvo.sk\/mgeoforest\/index.php?rest_route=\/wp\/v2\/pages\/17"}],"collection":[{"href":"https:\/\/gis.tuzvo.sk\/mgeoforest\/index.php?rest_route=\/wp\/v2\/pages"}],"about":[{"href":"https:\/\/gis.tuzvo.sk\/mgeoforest\/index.php?rest_route=\/wp\/v2\/types\/page"}],"author":[{"embeddable":true,"href":"https:\/\/gis.tuzvo.sk\/mgeoforest\/index.php?rest_route=\/wp\/v2\/users\/2"}],"replies":[{"embeddable":true,"href":"https:\/\/gis.tuzvo.sk\/mgeoforest\/index.php?rest_route=%2Fwp%2Fv2%2Fcomments&post=17"}],"version-history":[{"count":19,"href":"https:\/\/gis.tuzvo.sk\/mgeoforest\/index.php?rest_route=\/wp\/v2\/pages\/17\/revisions"}],"predecessor-version":[{"id":92,"href":"https:\/\/gis.tuzvo.sk\/mgeoforest\/index.php?rest_route=\/wp\/v2\/pages\/17\/revisions\/92"}],"wp:attachment":[{"href":"https:\/\/gis.tuzvo.sk\/mgeoforest\/index.php?rest_route=%2Fwp%2Fv2%2Fmedia&parent=17"}],"curies":[{"name":"wp","href":"https:\/\/api.w.org\/{rel}","templated":true}]}}