{"id":81,"date":"2020-12-11T05:46:22","date_gmt":"2020-12-11T05:46:22","guid":{"rendered":"http:\/\/gis.tuzvo.sk\/medvede\/?page_id=81"},"modified":"2024-01-24T11:04:52","modified_gmt":"2024-01-24T10:04:52","slug":"2018-2","status":"publish","type":"page","link":"https:\/\/gis.tuzvo.sk\/medvede\/?page_id=81","title":{"rendered":"2018"},"content":{"rendered":"<p>(1)  <a href=\"https:\/\/www.tvnoviny.sk\/domace\/1911936_aky-bude-osud-medvedich-najduchov-nazor-odbornikov-sa-lisi\" target=\"_blank\" rel=\"noopener\"> Ak\u00fd bude osud medved\u00edch najd\u00fachov? N\u00e1zor odborn\u00edkov sa l\u00ed\u0161i<\/a> (2018).<\/p>\n<p>(2)  <a href=\"https:\/\/rkmagazin.sk\/chcel-sa-vyhnut-zrazenemu-medvedovi-no-prisiel-o-zivot\/\" target=\"_blank\" rel=\"noopener\"> Chcel sa vyhn\u00fa\u0165 zrazen\u00e9mu medve\u010fovi, no pri\u0161iel o \u017eivot<\/a> (2018).<\/p>\n<p>(3)  <a href=\"https:\/\/www.tvnoviny.sk\/domace\/1930456_dalsi-stret-medveda-s-clovekom-hubar-opisal-ako-so-selmou-bojoval-o-holy-zivot\" target=\"_blank\" rel=\"noopener\"> \u010eal\u0161\u00ed stret medve\u010fa s \u010dlovekom. Hub\u00e1r op\u00edsal, ako so \u0161elmou bojoval o hol\u00fd \u017eivot<\/a> (2018).<\/p>\n<p>(4)  <a href=\"https:\/\/www.dnes24.sk\/dolezite-info-turistom-v-okoli-prievidze-sa-pohybuju-medvede-300880\" target=\"_blank\" rel=\"noopener\"> D\u00f4le\u017eit\u00e9 info turistom: V okol\u00ed Prievidze sa pohybuj\u00fa medvede!<\/a> (2018).<\/p>\n<p>(5)  <a href=\"https:\/\/www.tvnoviny.sk\/domace\/1935892_drama-na-polovacke-jelena-na-ulovok-zautocil-medved-priamo-pred-kamerou\" target=\"_blank\" rel=\"noopener\"> Dr\u00e1ma na po\u013eova\u010dke jele\u0148a: Na \u00falovok za\u00fato\u010dil medve\u010f priamo pred kamerou<\/a> (2018).<\/p>\n<p>(6)  <a href=\"https:\/\/www.tvnoviny.sk\/domace\/1935245_dvestokilova-medvedica-sposobila-nehodu-troch-aut-okrem-zvierata-zahynul-aj-spolujazdec\" target=\"_blank\" rel=\"noopener\"> Dvestokilov\u00e1 medvedica sp\u00f4sobila nehodu troch \u00e1ut. Okrem zviera\u0165a zahynul aj spolujazdec<\/a> (2018).<\/p>\n<p>(7)  <a href=\"https:\/\/www1.pluska.sk\/regiony\/stredne-slovensko\/foto-tragickej-nehody-severe-slovenska-vodicovi-zahatal-cestu-medved\" target=\"_blank\" rel=\"noopener\"> FOTO tragickej nehody na severe Slovenska: Vodi\u010dovi zahatal cestu medve\u010f!<\/a> (2018).<\/p>\n<p>(8)  <a href=\"https:\/\/www.topky.sk\/cl\/100370\/1722739\/\" target=\"_blank\" rel=\"noopener\"> Hr\u00f4za na ryba\u010dke: FOTO Peter pri\u0161iel o kus stehna, v noci ho napadla medvedica, prehovoril o \u00fatoku<\/a> (2018).<\/p>\n<p>(9)  <a href=\"https:\/\/www.topky.sk\/cl\/10\/1738723\/\" target=\"_blank\" rel=\"noopener\"> Juraj (\u202044) sa chcel vyhn\u00fa\u0165 zrazen\u00e9mu medve\u010fovi, zaplatil \u017eivotom<\/a> (2018).<\/p>\n<p>(10)  <a href=\"https:\/\/www.topky.sk\/cl\/100370\/1744851\/\" target=\"_blank\" rel=\"noopener\"> Krvav\u00fd boj na Orave: FOTO Pavol po\u010dul praskanie vlastn\u00fdch kost\u00ed, medve\u010f ho hr\u00fdzol p\u00e4\u0165 min\u00fat!<\/a> (2018).<\/p>\n<p>(11)  <a href=\"https:\/\/www.topky.sk\/cl\/100370\/1730505\/\" target=\"_blank\" rel=\"noopener\"> Krvav\u00fd \u00fatok medve\u010fa: FOTO J\u00e1n bol so psom na hub\u00e1ch, \u0161elme vo\u0161iel do terit\u00f3ria, pes len \u0161tekal<\/a> (2018).<\/p>\n<p>(12)  <a href=\"https:\/\/zivot.pluska.sk\/reportaze\/najvacsie-myty-medvedoch\" target=\"_blank\" rel=\"noopener\"> Krvila\u010dne si chr\u00e1ni svoje terit\u00f3rium, ke\u010f sa postav\u00ed na zadn\u00e9, chyst\u00e1 \u00fatok. Najv\u00e4\u010d\u0161ie m\u00fdty o medve\u010foch!<\/a> (2018).<\/p>\n<p>(13)  <a href=\"https:\/\/www.topky.sk\/cl\/10\/1743877\/\" target=\"_blank\" rel=\"noopener\"> Liptov\u010danom nah\u00e1\u0148aj\u00fa medvede strach: FOTO T\u00falaj\u00fa sa v bl\u00edzkosti obydl\u00ed a ciest, po\u013eovn\u00edci s\u00fa bezradn\u00ed<\/a> (2018).<\/p>\n<p>(14)  <a href=\"https:\/\/www.tvnoviny.sk\/zaujimavosti\/1900765_medved-horolezcom-ukazeme-vam-ako-sa-vysplhal-na-kolmu-stenu-murana\" target=\"_blank\" rel=\"noopener\"> Medve\u010f horolezcom: Uk\u00e1\u017eeme v\u00e1m, ako sa vy\u0161plhal na kolm\u00fa stenu Mur\u00e1\u0148a<\/a> (2018).<\/p>\n<p>(15)  <a href=\"https:\/\/rkmagazin.sk\/medved-i\/\" target=\"_blank\" rel=\"noopener\"> Medve\u010f I.<\/a> (2018).<\/p>\n<p>(16)  <a href=\"https:\/\/rkmagazin.sk\/medved-ii\/\" target=\"_blank\" rel=\"noopener\"> Medve\u010f II.<\/a> (2018).<\/p>\n<p>(17)  <a href=\"https:\/\/rkmagazin.sk\/medved-iii\/\" target=\"_blank\" rel=\"noopener\"> Medve\u010f III.<\/a> (2018).<\/p>\n<p>(18)  <a href=\"https:\/\/www.noviny.sk\/slovensko\/351210-medved-sposobil-skodu-za-viac-ako-sto-eur-jeho-spravanie-si-nevedia-vysvetlit-ani-lesnici\" target=\"_blank\" rel=\"noopener\"> Medve\u010f sp\u00f4sobil \u0161kodu za viac ako sto eur. Jeho spr\u00e1vanie si nevedia vysvetli\u0165 ani lesn\u00edc\u00ed<\/a> (2018).<\/p>\n<p>(19)  <a href=\"https:\/\/www.mtr.sk\/videoarchiv\/2018-10-01_SPRAVY_030_Medved_v_hladaciku\/\" target=\"_blank\" rel=\"noopener\"> Medve\u010f v h\u013ead\u00e1\u010diku<\/a> (2018).<\/p>\n<p>(20)  <a href=\"https:\/\/www.tvnoviny.sk\/domace\/1941734_medvede-zabijali-na-druzstve-chovatel-oviec-take-nieco-este-nevidel\" target=\"_blank\" rel=\"noopener\"> Medvede zab\u00edjali na dru\u017estve. Chovate\u013e oviec tak\u00e9 nie\u010do e\u0161te nevidel<\/a> (2018).<\/p>\n<p>(21)  <a href=\"http:\/\/www.lesmedium.sk\/o-com-sa-pise\/medvede-zbavia-obojkov\" target=\"_blank\" rel=\"noopener\"> Medvede zbavia obojkov<\/a> (2018).<\/p>\n<p>(22)  <a href=\"https:\/\/www1.pluska.sk\/krimi\/mrtvemu-turistovi-jozefovi-medved-dohryzol-celu-tvar-co-robit-ak-tuto-selmu-stretnete-vylete-lese\" target=\"_blank\" rel=\"noopener\"> M\u0155tvemu turistovi Jozefovi medve\u010f dohr\u00fdzol cel\u00fa tv\u00e1r: \u010co robi\u0165, ak t\u00fato \u0161elmu stretnete na v\u00fdlete v lese?<\/a> (2018).<\/p>\n<p>(23)  <a href=\"https:\/\/www.noviny.sk\/slovensko\/360365-muz-prezil-utok-medveda-za-zivot-moze-dakovat-psovi-z-utulku\" target=\"_blank\" rel=\"noopener\"> Mu\u017e pre\u017eil \u00fatok medve\u010fa. Za \u017eivot m\u00f4\u017ee \u010fakova\u0165 psovi z \u00fatulku<\/a> (2018).<\/p>\n<p>(24)  <a href=\"https:\/\/www.aktuality.sk\/clanok\/632291\/muza-na-orave-napadol-medved\/\" target=\"_blank\" rel=\"noopener\"> Mu\u017ea na Orave napadol medve\u010f<\/a> (2018).<\/p>\n<p>(25)  <a href=\"https:\/\/www.aktuality.sk\/clanok\/634623\/na-d1-sa-auto-zrazilo-s-medvedom\/\" target=\"_blank\" rel=\"noopener\"> Na D1 sa auto zrazilo s medve\u010fom<\/a> (2018).<\/p>\n<p>(26)  <a href=\"https:\/\/myliptov.sme.sk\/c\/20832398\/na-horskom-priechode-huty-postava-medved-stopar.html\" target=\"_blank\" rel=\"noopener\"> Na horskom priechode Huty post\u00e1va medve\u010f, stop\u00e1r<\/a> (2018).<\/p>\n<p>(27)  <a href=\"https:\/\/www.cas.sk\/clanok\/688975\/na-jozefa-s-bratom-a-otcom-zautocila-rozzurena-medvedica-zivot-im-zachranila-vec-ktoru-nasli-pri-chodniku\/\" target=\"_blank\" rel=\"noopener\"> Na Jozefa s bratom a otcom za\u00fato\u010dila rozz\u00faren\u00e1 medvedica: \u017divot im zachr\u00e1nila vec, ktor\u00fa na\u0161li pri chodn\u00edku<\/a> (2018).<\/p>\n<p>(28)  <a href=\"https:\/\/www.tvnoviny.sk\/domace\/1929277_na-juhu-sa-necakane-objavil-medved-jedneho-muza-vraj-nahanal-miestnych-uz-prepadol-strach\" target=\"_blank\" rel=\"noopener\"> Na juhu sa ne\u010dakane objavil medve\u010f: Jedn\u00e9ho mu\u017ea vraj nah\u00e1\u0148al, miestnych u\u017e prepadol strach<\/a> (2018).<\/p>\n<p>(29)  <a href=\"https:\/\/www.tvnoviny.sk\/domace\/1908678_na-lyzovacke-na-strbskom-plese-mali-ludia-zazitok-na-zjazdovke-stretli-medveda\" target=\"_blank\" rel=\"noopener\"> Na ly\u017eova\u010dke na \u0160trbskom Plese mali \u013eudia z\u00e1\u017eitok: Na zjazdovke stretli medve\u010fa<\/a> (2018).<\/p>\n<p>(30)  <a href=\"https:\/\/kosice.korzar.sme.sk\/c\/20877963\/nad-malou-lodinou-napadol-medved-hubara-so-psom.html\" target=\"_blank\" rel=\"noopener\"> Nad Malou Lodinou napadol medve\u010f hub\u00e1ra so psom<\/a> (2018).<\/p>\n<p>(31)  <a href=\"https:\/\/www.topky.sk\/cl\/100370\/1743545\/\" target=\"_blank\" rel=\"noopener\"> Ne\u0161\u0165astie na Liptove: FOTO Zr\u00e1\u017eka vlaku s medve\u010fom, \u0161elma stret nepre\u017eila<\/a> (2018).<\/p>\n<p>(32)  <a href=\"https:\/\/www.noviny.sk\/slovensko\/378768-pat-minut-smrtelnej-hrozy-polovnika-napadol-200-kilovy-medved\" target=\"_blank\" rel=\"noopener\"> P\u00e4\u0165 min\u00fat smrte\u013enej hr\u00f4zy. Po\u013eovn\u00edka napadol 200-kilov\u00fd medve\u010f<\/a> (2018).<\/p>\n<p>(33)  <a href=\"http:\/\/www.topky.sk\/cl\/100278\/1689481\/\" target=\"_blank\" rel=\"noopener\"> Peter ho videl na vlastn\u00e9 o\u010di: FOTO Jeho z\u00e1\u017eitok mu teraz z\u00e1vidia stovky Slov\u00e1kov<\/a> (2018).<\/p>\n<p>(34)  <a href=\"https:\/\/www.tvnoviny.sk\/domace\/1938864_polovnika-pri-tvrdosine-napadol-a-dohryzol-medved\" target=\"_blank\" rel=\"noopener\"> Po\u013eovn\u00edka pri Tvrdo\u0161\u00edne napadol a dohr\u00fdzol medve\u010f<\/a> (2018).<\/p>\n<p>(35)  <a href=\"https:\/\/rkmagazin.sk\/pri-bielom-potoku-behaju-medvede-aj-po-cyklokorytnicke\/\" target=\"_blank\" rel=\"noopener\"> Pri Bielom Potoku behaj\u00fa medvede aj po cyklokorytni\u010dke<\/a> (2018).<\/p>\n<p>(36)  <a href=\"https:\/\/myliptov.sme.sk\/c\/20916436\/zrazku-s-medvedom-ruzombercan-neprezil.html\" target=\"_blank\" rel=\"noopener\"> Pri Donovaloch sa zrazilo auto s medve\u010fom. Zahynul \u010dlovek aj zviera<\/a> (2018).<\/p>\n<p>(37)  <a href=\"https:\/\/www.wolf.sk\/sk\/pripady_konfliktov_zvierata_2018\" target=\"_blank\" rel=\"noopener\"> Pr\u00edpady konfliktov &#8211; divo\u017eij\u00face zvierat\u00e1 &#8211; rok 2018<\/a> (2018).<\/p>\n<p>(38)  <a href=\"https:\/\/video.noviny.sk\/reportaze-krimi\/video\/794167e3-6993-4f1a-b208-0455f1417b46\/problemy-s-medvedmi-pri-ceste\" target=\"_blank\" rel=\"noopener\"> Probl\u00e9my s medve\u010fmi pri ceste<\/a> (2018).<\/p>\n<p>(39)  <a href=\"https:\/\/polovnictvo-rybarstvo.pluska.sk\/polovnictvo\/selmam-chutia-najma-ovce\" target=\"_blank\" rel=\"noopener\"> \u0160elm\u00e1m chutia najm\u00e4 ovce<\/a> (2018).<\/p>\n<p>(40)  <a href=\"https:\/\/www.webnoviny.sk\/nasvidiek\/slovensko-zlepsi-ochranu-velkych-seliem-bude-to-stat-miliony\/\" target=\"_blank\" rel=\"noopener\"> Slovensko zlep\u0161\u00ed ochranu ve\u013ek\u00fdch \u0161eliem, bude to st\u00e1\u0165 mili\u00f3ny<\/a> (2018).<\/p>\n<p>(41)  <a href=\"https:\/\/www.noviny.sk\/galeria\/15605-smrtelna-nehoda-na-liptove-muz-prisiel-o-zivot-po-zrazke-s-medvedom\/d7d350b5202d310d0ca92d02d0afa1d3\" target=\"_blank\" rel=\"noopener\"> Smrte\u013en\u00e1 nehoda na Liptove. Mu\u017e pri\u0161iel o \u017eivot po zr\u00e1\u017eke s medve\u010fom<\/a> (2018).<\/p>\n<p>(42)  <a href=\"https:\/\/www.topky.sk\/cl\/100278\/1741629\/\" target=\"_blank\" rel=\"noopener\"> \u0160ok na stanici v Tatr\u00e1ch: VIDEO \u013dubo\u0161 v\u00edda medvediu rodinku v noci na n\u00e1stupi\u0161ti, chod\u00ed aj l\u00ed\u0161ka<\/a> (2018).<\/p>\n<p>(43)  <a href=\"https:\/\/www.webnoviny.sk\/statni-ochranari-z-narodneho-parku-mala-fatra-tento-rok-zachranili-styri-opustene-medviedata\/\" target=\"_blank\" rel=\"noopener\"> \u0160t\u00e1tni ochran\u00e1ri z N\u00e1rodn\u00e9ho parku Mal\u00e1 Fatra tento rok zachr\u00e1nili \u0161tyri opusten\u00e9 medvie\u010fat\u00e1<\/a> (2018).<\/p>\n<p>(44)  <a href=\"https:\/\/www.tvnoviny.sk\/domace\/1928736_statocny-pes-konor-zachranil-zivot-majitelovi-pred-medvedom\" target=\"_blank\" rel=\"noopener\"> Stato\u010dn\u00fd pes! Konor zachr\u00e1nil \u017eivot majite\u013eovi pred medve\u010fom<\/a> (2018).<\/p>\n<p>(45)  <a href=\"https:\/\/dromedar.zoznam.sk\/cl\/1002011\/1757293\/\" target=\"_blank\" rel=\"noopener\"> Strety s medve\u010fom klesaj\u00fa: Zabezpe\u010den\u00e9 stojisk\u00e1 na odpad sa v Tatr\u00e1ch osved\u010dili<\/a> (2018).<\/p>\n<p>(46)  <a href=\"https:\/\/rkmagazin.sk\/take-male-a-take-uzitocne\/\" target=\"_blank\" rel=\"noopener\"> Tak\u00e9 mal\u00e9 a tak\u00e9 u\u017eito\u010dn\u00e9<\/a> (2018).<\/p>\n<p>(47)  <a href=\"https:\/\/dennikn.sk\/1140951\/tam-v-divocine-rastie-strom-stary-tisic-rokov-je-to-krajina-medvedov-a-utocisko-vlkov-fotogaleria\/\" target=\"_blank\" rel=\"noopener\"> Tam v divo\u010dine rastie strom star\u00fd tis\u00edc rokov, je to krajina medve\u010fov a \u00fato\u010disko vlkov (+fotogal\u00e9ria)<\/a> (2018).<\/p>\n<p>(48)  <a href=\"https:\/\/www.noviny.sk\/krimi\/371451-tragicka-nehoda-ktoru-zapricinil-medved-rozputala-slovnu-vojnu-obyvatelia-trvaju-na-svojej-pravde\" target=\"_blank\" rel=\"noopener\"> Tragick\u00e1 nehoda, ktor\u00fa zapr\u00ed\u010dinil medve\u010f, rozp\u00fatala slovn\u00fa vojnu. Obyvatelia trvaj\u00fa na svojej pravde<\/a> (2018).<\/p>\n<p>(49)  <a href=\"https:\/\/www.aktuality.sk\/clanok\/624392\/tragicka-nehoda-na-liptove-kamion-sa-zrazil-s-medvedom-a-osobnym-autom\/\" target=\"_blank\" rel=\"noopener\"> Tragick\u00e1 nehoda na Liptove: Kami\u00f3n sa zrazil s medve\u010fom a osobn\u00fdm autom<\/a> (2018).<\/p>\n<p>(50)  <a href=\"https:\/\/ruzomberok.dnes24.sk\/tragicka-zrazka-s-medvedom-pri-ruzomberku-policajti-vysvetluju-co-sa-stalo-foto-309444\" target=\"_blank\" rel=\"noopener\"> Tragick\u00e1 zr\u00e1\u017eka s medve\u010fom pri Ru\u017eomberku: Policajti vysvet\u013euj\u00fa, \u010do sa stalo, FOTO<\/a> (2018).<\/p>\n<p>(51)  <a href=\"https:\/\/hiking.dennikn.sk\/ar\/4995\/stretnutie_s_medvedom_v_malej_fatre.html\" target=\"_blank\" rel=\"noopener\"> T\u00fara: Stretnutie s medve\u010fom v Malej Fatre<\/a> (2018).<\/p>\n<p>(52)  <a href=\"https:\/\/www.dnes24.sk\/utok-selmy-na-orave-muz-skoncil-v-nemocnici-dohryzol-ho-medved-311893\" target=\"_blank\" rel=\"noopener\"> \u00datok \u0161elmy na Orave: Mu\u017e skon\u010dil v nemocnici, dohr\u00fdzol ho medve\u010f<\/a> (2018).<\/p>\n<p>(53)  <a href=\"https:\/\/rkmagazin.sk\/v-hrabove-postavili-naucnu-trasu-o-medvedoch\/\" target=\"_blank\" rel=\"noopener\"> V Hrabove postavili n\u00e1u\u010dn\u00fa trasu o medve\u010foch<\/a> (2018).<\/p>\n<p>(54)  <a href=\"https:\/\/polovnictvo-rybarstvo.pluska.sk\/polovnictvo\/levoci-stretli-odbornici-aby-konstruktivne-riesili-problem-manazmentu-velkych-seliem\" target=\"_blank\" rel=\"noopener\"> V Levo\u010di sa stretli odborn\u00edci, aby kon\u0161trukt\u00edvne rie\u0161ili probl\u00e9m mana\u017ementu ve\u013ek\u00fdch \u0161eliem<\/a> (2018).<\/p>\n<p>(55)  <a href=\"https:\/\/www.webnoviny.sk\/v-malej-fatre-budu-opat-pocitat-medvede-na-monitoring-sa-mozu-prihlasit-aj-dobrovolnici\/\" target=\"_blank\" rel=\"noopener\"> V Malej Fatre bud\u00fa op\u00e4\u0165 po\u010d\u00edta\u0165 medvede, na monitoring sa m\u00f4\u017eu prihl\u00e1si\u0165 aj dobrovo\u013en\u00edci<\/a> (2018).<\/p>\n<p>(56)  <a href=\"https:\/\/myhornanitra.sme.sk\/c\/20814752\/v-okoli-bojnic-sa-pohybuje-medvedia-rodina-videli-ju-aj-pri-ihrisku.html\" target=\"_blank\" rel=\"noopener\"> V okol\u00ed Bojn\u00edc sa pohybuje medvedia rodina. Videli ju aj pri ihrisku<\/a> (2018).<\/p>\n<p>(57)  <a href=\"https:\/\/myhornanitra.sme.sk\/c\/20917709\/v-okoli-prievidzskeho-lesoparku-sa-pohybuje-medvedica-s-mladymi.html\" target=\"_blank\" rel=\"noopener\"> V okol\u00ed prievidzsk\u00e9ho lesoparku sa pohybuje medvedica s mlad\u00fdmi<\/a> (2018).<\/p>\n<p>(58)  <a href=\"https:\/\/www.tvnoviny.sk\/domace\/1934709_v-tatrach-niekto-zrazil-medvedicu-takto-pohodenu-ju-nasli-pri-ceste\" target=\"_blank\" rel=\"noopener\"> V Tatr\u00e1ch niekto zrazil medvedicu, takto pohoden\u00fa ju na\u0161li pri ceste<\/a> (2018).<\/p>\n<p>(59)  <a href=\"https:\/\/myhornanitra.sme.sk\/c\/20842612\/viacere-obce-a-mesta-upozornuju-na-zvyseny-vyskyt-medvedov.html\" target=\"_blank\" rel=\"noopener\"> Viacer\u00e9 obce a mest\u00e1 upozor\u0148uj\u00fa na zv\u00fd\u0161en\u00fd v\u00fdskyt medve\u010fov<\/a> (2018).<\/p>\n<p>(60)  <a href=\"https:\/\/www.tvnoviny.sk\/domace\/1927721_video-medved-sa-prechadzal-pod-balkonom-apartmanu-v-starom-smokovci\" target=\"_blank\" rel=\"noopener\"> VIDEO: Medve\u010f sa prech\u00e1dzal pod balk\u00f3nom apartm\u00e1nu v Starom Smokovci<\/a> (2018).<\/p>\n<p>(61)  <a href=\"https:\/\/www.zilinak.sk\/prispevky\/10290\/vodic-sa-chcel-vyhnut-zrazenemu-medvedovi-pri-celnej-zrazke-s-kamionom-vyhasol-zivot-spolujazdca\" target=\"_blank\" rel=\"noopener\"> Vodi\u010d sa chcel vyhn\u00fa\u0165 zrazen\u00e9mu medve\u010fovi, pri \u010delnej zr\u00e1\u017eke s kami\u00f3nom vyhasol \u017eivot spolujazdca<\/a> (2018).<\/p>\n<p>(62)  <a href=\"https:\/\/www.topky.sk\/cl\/100278\/1756623\/\" target=\"_blank\" rel=\"noopener\"> Vodi\u010dovo VIDEO rozohnilo Slov\u00e1kov: Ostr\u00e1 kritika sa mie\u0161a s pochopen\u00edm, \u010do by ste spravili vy?<\/a> (2018).<\/p>\n<p>(63)  <a href=\"https:\/\/www1.pluska.sk\/regiony\/stredne-slovensko\/vystraseni-lucencania-strach-im-nahnala-jedina-tabula-ale-stoji-to\" target=\"_blank\" rel=\"noopener\"> Vystra\u0161en\u00ed Lu\u010den\u010dania: Strach im nahnala jedin\u00e1 tabu\u013ea, ale stoj\u00ed za to<\/a> (2018).<\/p>\n<p>(64)  <a href=\"https:\/\/slovakia.panda.org\/?337775\/WWF-Slovensko-je-za-prisnu-ochranu-medveda-hnedeho-a-proti-regulovanemu-lovu\" target=\"_blank\" rel=\"noopener\"> WWF Slovensko je za pr\u00edsnu ochranu medve\u010fa hned\u00e9ho a proti regulovan\u00e9mu lovu<\/a> (2018).<\/p>\n<p>(65)  <a href=\"https:\/\/rkmagazin.sk\/z-lesa-do-dvora-problemy-s-medvedmi-pretrvavaju\/\" target=\"_blank\" rel=\"noopener\"> Z lesa do dvora. Probl\u00e9my s medve\u010fmi pretrv\u00e1vaj\u00fa<\/a> (2018).<\/p>\n<p>(66)  <a href=\"https:\/\/www.tvnoviny.sk\/domace\/1946425_zabery-ako-z-dzungle-v-kremnickych-vrchoch-sa-podarilo-nakrutit-nezvycajny-utok-selmy\" target=\"_blank\" rel=\"noopener\"> Z\u00e1bery ako z d\u017eungle: V Kremnick\u00fdch vrchoch sa podarilo nakr\u00fati\u0165 nezvy\u010dajn\u00fd \u00fatok \u0161elmy<\/a> (2018).<\/p>\n<p>(67)  <a href=\"https:\/\/www1.pluska.sk\/regiony\/stredne-slovensko\/zachranari-boli-pohladu-nezvestneho-turistu-zdeseni-jozef-41-zomrel-prisernou-smrtou\" target=\"_blank\" rel=\"noopener\"> Z\u00e1chran\u00e1ri boli z poh\u013eadu na nezvestn\u00e9ho turistu ZDESEN\u00cd: Jozef (\u202041) zomrel PR\u00cd\u0160ERNOU smr\u0165ou!<\/a> (2018).<\/p>\n<p>(68)  <a href=\"https:\/\/www.topky.sk\/cl\/100370\/1747957\/\" target=\"_blank\" rel=\"noopener\"> Zvr\u00e1tenos\u0165 najhrub\u0161ieho zrna: FOTO Pytliak v Tichej doline vypitval medve\u010fa, ochran\u00e1ri sa b\u00faria<\/a> (2018).<\/p>\n","protected":false},"excerpt":{"rendered":"<p>(1) Ak\u00fd bude osud medved\u00edch najd\u00fachov? N\u00e1zor odborn\u00edkov sa l\u00ed\u0161i (2018). (2) Chcel sa vyhn\u00fa\u0165 zrazen\u00e9mu medve\u010fovi, no pri\u0161iel o \u017eivot (2018). (3) \u010eal\u0161\u00ed stret medve\u010fa s \u010dlovekom. Hub\u00e1r op\u00edsal, ako so \u0161elmou bojoval o hol\u00fd \u017eivot (2018). (4) D\u00f4le\u017eit\u00e9 info turistom: V okol\u00ed Prievidze sa pohybuj\u00fa medvede! (2018). (5) Dr\u00e1ma na po\u013eova\u010dke jele\u0148a: Na [&hellip;]<\/p>\n","protected":false},"author":2,"featured_media":0,"parent":0,"menu_order":0,"comment_status":"closed","ping_status":"closed","template":"","meta":{"footnotes":""},"class_list":["post-81","page","type-page","status-publish","hentry"],"_links":{"self":[{"href":"https:\/\/gis.tuzvo.sk\/medvede\/index.php?rest_route=\/wp\/v2\/pages\/81","targetHints":{"allow":["GET"]}}],"collection":[{"href":"https:\/\/gis.tuzvo.sk\/medvede\/index.php?rest_route=\/wp\/v2\/pages"}],"about":[{"href":"https:\/\/gis.tuzvo.sk\/medvede\/index.php?rest_route=\/wp\/v2\/types\/page"}],"author":[{"embeddable":true,"href":"https:\/\/gis.tuzvo.sk\/medvede\/index.php?rest_route=\/wp\/v2\/users\/2"}],"replies":[{"embeddable":true,"href":"https:\/\/gis.tuzvo.sk\/medvede\/index.php?rest_route=%2Fwp%2Fv2%2Fcomments&post=81"}],"version-history":[{"count":4,"href":"https:\/\/gis.tuzvo.sk\/medvede\/index.php?rest_route=\/wp\/v2\/pages\/81\/revisions"}],"predecessor-version":[{"id":599,"href":"https:\/\/gis.tuzvo.sk\/medvede\/index.php?rest_route=\/wp\/v2\/pages\/81\/revisions\/599"}],"wp:attachment":[{"href":"https:\/\/gis.tuzvo.sk\/medvede\/index.php?rest_route=%2Fwp%2Fv2%2Fmedia&parent=81"}],"curies":[{"name":"wp","href":"https:\/\/api.w.org\/{rel}","templated":true}]}}