{"id":69,"date":"2020-12-11T05:42:02","date_gmt":"2020-12-11T05:42:02","guid":{"rendered":"http:\/\/gis.tuzvo.sk\/medvede\/?page_id=69"},"modified":"2024-01-24T10:44:54","modified_gmt":"2024-01-24T09:44:54","slug":"starsie","status":"publish","type":"page","link":"https:\/\/gis.tuzvo.sk\/medvede\/?page_id=69","title":{"rendered":"Star\u0161ie"},"content":{"rendered":"<p>(1)  <a href=\"https:\/\/www.irozhlas.cz\/zpravy-svet\/agresivni-medved-z-nizkych-tater-opet-utocil_200207091626_mhromadka\" target=\"_blank\" rel=\"noopener\"> Agresivn\u00ed medv\u011bd z N\u00edzk\u00fdch Tater op\u011bt \u00fato\u010dil<\/a> (2002).<\/p>\n<p>(2)  <a href=\"http:\/\/www.theguardian.com\/travel\/2009\/jul\/18\/bear-tracking-slovakia-tatras-wildlife\" target=\"_blank\" rel=\"noopener\"> Bears tracking in Slovakia\u2019s High Tatras<\/a> (2009).<\/p>\n<p>(3)  <a href=\"https:\/\/spis.korzar.sme.sk\/c\/4520986\/hubara-zo-spisskej-novej-vsi-napadol-medved.html\" target=\"_blank\" rel=\"noopener\"> Hub\u00e1ra zo Spi\u0161skej Novej Vsi napadol medve\u010f!<\/a> (2005).<\/p>\n<p>(4)  <a href=\"https:\/\/slovensko.hnonline.sk\/162633-hustota-medvedov-na-slovensku-je-najvyssia-na-svete\" target=\"_blank\" rel=\"noopener\"> Hustota medve\u010fov na Slovensku je najvy\u0161\u0161ia na svete<\/a> (2007).<\/p>\n<p>(5)  <a href=\"https:\/\/www.zilinskazupa.sk\/showdoc.do?docid=1662&#038;forceBrowserDetector=blind#content\" target=\"_blank\" rel=\"noopener\"> Jedin\u00e9, \u010do ma zauj\u00edmalo, bolo, \u010di som cel\u00fd a \u010di mi nikde netr\u010dia kosti<\/a> (2005).<\/p>\n<p>(6)  <a href=\"https:\/\/www.idnes.cz\/zpravy\/zahranicni\/jednani-o-nato-ohrozuje-medved.A011107_162007_zahranicni_jpl\" target=\"_blank\" rel=\"noopener\"> Jedn\u00e1n\u00ed o NATO ohro\u017euje medv\u011bd<\/a> (2001).<\/p>\n<p>(7)  <a href=\"https:\/\/www.aktuality.sk\/clanok\/77918\/komentar-medvede-na-predaj\/\" target=\"_blank\" rel=\"noopener\"> Koment\u00e1r: Medvede na predaj<\/a> (2007).<\/p>\n<p>(8)  <a href=\"https:\/\/www.aktuality.sk\/clanok\/469612\/medved-kral-nasich-hor-cast-1-neoddelitelna-sucast-nasej-prirody\/\" target=\"_blank\" rel=\"noopener\"> Medve\u010f &#8211; kr\u00e1\u013e na\u0161\u00edch h\u00f4r, \u010das\u0165 1: Neoddelite\u013en\u00e1 s\u00fa\u010das\u0165 na\u0161ej pr\u00edrody<\/a> (2009).<\/p>\n<p>(9)  <a href=\"https:\/\/www.aktuality.sk\/clanok\/469619\/medved-kral-nasich-hor-cast-2-ako-sa-vyhnut-stretnutiu-s-medvedom\/\" target=\"_blank\" rel=\"noopener\"> Medve\u010f &#8211; kr\u00e1\u013e na\u0161\u00edch h\u00f4r, \u010das\u0165 2: Ako sa vyhn\u00fa\u0165 stretnutiu s medve\u010fom<\/a> (2009).<\/p>\n<p>(10)  <a href=\"https:\/\/www.aktuality.sk\/clanok\/469650\/medved-kral-nasich-hor-cast-3-co-robit-pri-stretnuti-s-medvedom\/\" target=\"_blank\" rel=\"noopener\"> Medve\u010f &#8211; kr\u00e1\u013e na\u0161\u00edch h\u00f4r, \u010das\u0165 3: \u010co robi\u0165 pri stretnut\u00ed s medve\u010fom<\/a> (2009).<\/p>\n<p>(11)  <a href=\"https:\/\/spravy.pravda.sk\/cierna-kronika\/clanok\/141217-medved-napadol-hubarku-manzel-mu-to-vratil\/\" target=\"_blank\" rel=\"noopener\"> Medve\u010f napadol hub\u00e1rku, man\u017eel mu to vr\u00e1til<\/a> (2007).<\/p>\n<p>(12)  <a href=\"https:\/\/spravy.pravda.sk\/cierna-kronika\/clanok\/140106-medved-neprezil-nehodu-na-dialnici\/\" target=\"_blank\" rel=\"noopener\"> Medve\u010f nepre\u017eil nehodu na dia\u013enici<\/a> (2006).<\/p>\n<p>(13)  <a href=\"https:\/\/www.noviny.sk\/slovensko\/33342-medved-po-zrazke-s-elektrickou-usiel\" target=\"_blank\" rel=\"noopener\"> Medve\u010f po zr\u00e1\u017eke s elektri\u010dkou u\u0161iel<\/a> (2007).<\/p>\n<p>(14)  <a href=\"https:\/\/www.sme.sk\/c\/80051\/medved-pockal-kym-lovci-odidu-a-zautocil.html\" target=\"_blank\" rel=\"noopener\"> Medve\u010f po\u010dkal, k\u00fdm lovci od\u00eddu, a za\u00fato\u010dil<\/a> (2001).<\/p>\n<p>(15)  <a href=\"https:\/\/www.noviny.sk\/slovensko\/45195-medved-znicil-vcelarovi-osem-ulov\" target=\"_blank\" rel=\"noopener\"> Medve\u010f zni\u010dil v\u010del\u00e1rovi osem \u00fa\u013eov<\/a> (2008).<\/p>\n<p>(16)  <a href=\"https:\/\/www.idnes.cz\/cestovani\/kolem-sveta\/medved-zranil-v-nizkych-tatrach-dalsi-lidi.A020626_125105_igsvet_tom\" target=\"_blank\" rel=\"noopener\"> Medv\u011bd zranil v N\u00edzk\u00fdch Tatr\u00e1ch dal\u0161\u00ed lidi<\/a> (2002).<\/p>\n<p>(17)  <a href=\"http:\/\/www.topky.sk\/cl\/10\/625123\/\" target=\"_blank\" rel=\"noopener\"> Medvede e\u0161te neza\u013eahli, ch\u00fdba im sneh a mr\u00e1z!<\/a> (2009).<\/p>\n<p>(18)  <a href=\"https:\/\/www.selmy.cz\/clanky\/medvede-nebudu-strielat-ako-povie-ministerstvo\/\" target=\"_blank\" rel=\"noopener\"> Medvede nebud\u00fa strie\u013ea\u0165, ako povie ministerstvo<\/a> (2008).<\/p>\n<p>(19)  <a href=\"https:\/\/www.selmy.cz\/clanky\/medvede-sa-vraj-premnozili\/\" target=\"_blank\" rel=\"noopener\"> Medvede sa vraj premno\u017eili<\/a> (2007).<\/p>\n<p>(20)  <a href=\"https:\/\/spravy.pravda.sk\/domace\/clanok\/138796-medvedica-napadla-polovnika\/\" target=\"_blank\" rel=\"noopener\"> Medvedica napadla po\u013eovn\u00edka<\/a> (2004).<\/p>\n<p>(21)  <a href=\"https:\/\/www.idnes.cz\/zpravy\/zahranicni\/medvedice-uz-pry-odesla-z-tater-domu.A010820_180529_zahranicni_boh\" target=\"_blank\" rel=\"noopener\"> Medv\u011bdice u\u017e pr\u00fd ode\u0161la z Tater dom\u016f<\/a> (2001).<\/p>\n<p>(22)  <a href=\"https:\/\/spravy.pravda.sk\/domace\/clanok\/154611-mf-dnes-slovakov-rozdeluje-hon-na-medvede\/\" target=\"_blank\" rel=\"noopener\"> MF DNES: Slov\u00e1kov rozde\u013euje hon na medvede<\/a> (2007).<\/p>\n<p>(23)  <a href=\"http:\/\/www.topky.sk\/cl\/10\/83107\/\" target=\"_blank\" rel=\"noopener\"> Na Mari\u00e1na za\u00fato\u010dil agres\u00edvny medve\u010f<\/a> (2005).<\/p>\n<p>(24)  <a href=\"https:\/\/www.idnes.cz\/cestovani\/kolem-sveta\/na-slovensku-se-premnozili-medvedi.A020115_153844_igsvet_kah\" target=\"_blank\" rel=\"noopener\"> Na Slovensku se p\u0159emno\u017eili medv\u011bdi<\/a> (2002).<\/p>\n<p>(25)  <a href=\"https:\/\/www.sme.sk\/c\/633572\/na-taloch-utocil-medved.html\" target=\"_blank\" rel=\"noopener\"> Na T\u00e1\u013eoch \u00fato\u010dil medve\u010f<\/a> (2002).<\/p>\n<p>(26)  <a href=\"https:\/\/wwf.panda.org\/wwf_news\/?117020\/New-study-examines-bear-populations-in-Slovakia\" target=\"_blank\" rel=\"noopener\"> New study examines bear populations in Slovakia<\/a> (2007).<\/p>\n<p>(27)  <a href=\"https:\/\/spravy.pravda.sk\/domace\/clanok\/154600-odbornici-medvede-su-naozaj-premnozene\/\" target=\"_blank\" rel=\"noopener\"> Odborn\u00edci: Medvede s\u00fa naozaj premno\u017een\u00e9<\/a> (2007).<\/p>\n<p>(28)  <a href=\"https:\/\/www.enviweb.cz\/61979\" target=\"_blank\" rel=\"noopener\"> Odstrel medve\u010fov kles\u00e1, ale vraj sa nepremno\u017eia<\/a> (2007).<\/p>\n<p>(29)  <a href=\"https:\/\/www.likavka.sk\/m\/aktuality\/aktuality\/polovnika-napadla-medvedica-426sk.html\" target=\"_blank\" rel=\"noopener\"> Po\u013eovn\u00edka napadla medvedica<\/a> (2009).<\/p>\n<p>(30)  <a href=\"https:\/\/spravy.pravda.sk\/cierna-kronika\/clanok\/141354-polovnika-v-sebechleboch-napadol-medved\/\" target=\"_blank\" rel=\"noopener\"> Po\u013eovn\u00edka v Sebechleboch napadol medve\u010f<\/a> (2007).<\/p>\n<p>(31)  <a href=\"https:\/\/volnycas.zvolen.sk\/?program=50&#038;module_action__0__id_clanok=173\" target=\"_blank\" rel=\"noopener\"> Pon\u00faknite medve\u010fovi keksy, vezme v\u00e1m aj ruksak!<\/a> (2003).<\/p>\n<p>(32)  <a href=\"http:\/\/www.topky.sk\/cl\/10\/81991\/\" target=\"_blank\" rel=\"noopener\"> Pre\u017eil \u00fatok medve\u010fa!<\/a> (2005).<\/p>\n<p>(33)  <a href=\"https:\/\/zivot.pluska.sk\/pribehy\/preziva-peklo\" target=\"_blank\" rel=\"noopener\"> Pre\u017e\u00edva peklo<\/a> (2008).<\/p>\n<p>(34)  <a href=\"https:\/\/www.noviny.sk\/slovensko\/49240-pri-dedine-sa-tackal-opity-medved\" target=\"_blank\" rel=\"noopener\"> Pri dedine sa tackal opit\u00fd medve\u010f<\/a> (2008).<\/p>\n<p>(35)  <a href=\"https:\/\/www.noviny.sk\/slovensko\/58429-pri-hoteli-sa-mota-medved\" target=\"_blank\" rel=\"noopener\"> Pri hoteli sa mot\u00e1 medve\u010f<\/a> (2009).<\/p>\n<p>(36)  <a href=\"https:\/\/www.wolf.sk\/sk\/pripady_konfliktov_zvierata_2002\" target=\"_blank\" rel=\"noopener\"> Pr\u00edpady konfliktov &#8211; divo\u017eij\u00face zvierat\u00e1 &#8211; rok 2002<\/a> (2002).<\/p>\n<p>(37)  <a href=\"https:\/\/www.wolf.sk\/sk\/pripady_konfliktov_zvierata_2004\" target=\"_blank\" rel=\"noopener\"> Pr\u00edpady konfliktov &#8211; divo\u017eij\u00face zvierat\u00e1 &#8211; rok 2004<\/a> (2004).<\/p>\n<p>(38)  <a href=\"https:\/\/www.wolf.sk\/sk\/pripady_konfliktov_zvierata_2006\" target=\"_blank\" rel=\"noopener\"> Pr\u00edpady konfliktov &#8211; divo\u017eij\u00face zvierat\u00e1 &#8211; rok 2006<\/a> (2006).<\/p>\n<p>(39)  <a href=\"https:\/\/www.wolf.sk\/sk\/pripady_konfliktov_zvierata_2007\" target=\"_blank\" rel=\"noopener\"> Pr\u00edpady konfliktov &#8211; divo\u017eij\u00face zvierat\u00e1 &#8211; rok 2007<\/a> (2007).<\/p>\n<p>(40)  <a href=\"https:\/\/www.wolf.sk\/sk\/pripady_konfliktov_zvierata_2009\" target=\"_blank\" rel=\"noopener\"> Pr\u00edpady konfliktov &#8211; divo\u017eij\u00face zvierat\u00e1 &#8211; rok 2009<\/a> (2009).<\/p>\n<p>(41)  <a href=\"https:\/\/zpravy.aktualne.cz\/zahranici\/slovaci-se-prou-o-strileni-medvedu\/r~i:article:232203\/\" target=\"_blank\" rel=\"noopener\"> Slov\u00e1ci se p\u0159ou o st\u0159\u00edlen\u00ed medv\u011bd\u016f<\/a> (2006).<\/p>\n<p>(42)  <a href=\"https:\/\/spectator.sme.sk\/c\/20033960\/slovak-bears-to-be-counted.html\" target=\"_blank\" rel=\"noopener\"> Slovak bears to be counted<\/a> (2009).<\/p>\n<p>(43)  <a href=\"https:\/\/www.novinky.cz\/clanek\/zahranicni-slovaka-v-nizkych-tatrach-napadl-medved-282506\" target=\"_blank\" rel=\"noopener\"> Slov\u00e1ka v N\u00edzk\u00fdch Tatr\u00e1ch napadl medv\u011bd<\/a> (2004).<\/p>\n<p>(44)  <a href=\"https:\/\/www1.pluska.sk\/archiv\/stale-tu-priseru-vidim\" target=\"_blank\" rel=\"noopener\"> St\u00e1le t\u00fa pr\u00ed\u0161eru vid\u00edm&#8230;<\/a> (2007).<\/p>\n<p>(45)  <a href=\"https:\/\/spravy.pravda.sk\/regiony\/clanok\/206515-tulavy-medved-z-lomnice-pojde-do-zoo\/\" target=\"_blank\" rel=\"noopener\"> T\u00falav\u00fd medve\u010f z Lomnice p\u00f4jde do zoo<\/a> (2007).<\/p>\n<p>(46)  <a href=\"https:\/\/www.idnes.cz\/cestovani\/kolem-sveta\/v-tatrach-si-dejte-pozor-na-medveda.A010819_220251_igsvet_kah\" target=\"_blank\" rel=\"noopener\"> V Tatr\u00e1ch si dejte pozor na medv\u011bda!<\/a> (2001).<\/p>\n<p>(47)  <a href=\"https:\/\/myturiec.sme.sk\/c\/1574327\/vlak-zabil-medveda.html\" target=\"_blank\" rel=\"noopener\"> Vlak zabil medve\u010fa<\/a> (2003).<\/p>\n","protected":false},"excerpt":{"rendered":"<p>(1) Agresivn\u00ed medv\u011bd z N\u00edzk\u00fdch Tater op\u011bt \u00fato\u010dil (2002). (2) Bears tracking in Slovakia\u2019s High Tatras (2009). (3) Hub\u00e1ra zo Spi\u0161skej Novej Vsi napadol medve\u010f! (2005). (4) Hustota medve\u010fov na Slovensku je najvy\u0161\u0161ia na svete (2007). (5) Jedin\u00e9, \u010do ma zauj\u00edmalo, bolo, \u010di som cel\u00fd a \u010di mi nikde netr\u010dia kosti (2005). (6) Jedn\u00e1n\u00ed o [&hellip;]<\/p>\n","protected":false},"author":2,"featured_media":0,"parent":0,"menu_order":0,"comment_status":"closed","ping_status":"closed","template":"","meta":{"footnotes":""},"class_list":["post-69","page","type-page","status-publish","hentry"],"_links":{"self":[{"href":"https:\/\/gis.tuzvo.sk\/medvede\/index.php?rest_route=\/wp\/v2\/pages\/69","targetHints":{"allow":["GET"]}}],"collection":[{"href":"https:\/\/gis.tuzvo.sk\/medvede\/index.php?rest_route=\/wp\/v2\/pages"}],"about":[{"href":"https:\/\/gis.tuzvo.sk\/medvede\/index.php?rest_route=\/wp\/v2\/types\/page"}],"author":[{"embeddable":true,"href":"https:\/\/gis.tuzvo.sk\/medvede\/index.php?rest_route=\/wp\/v2\/users\/2"}],"replies":[{"embeddable":true,"href":"https:\/\/gis.tuzvo.sk\/medvede\/index.php?rest_route=%2Fwp%2Fv2%2Fcomments&post=69"}],"version-history":[{"count":3,"href":"https:\/\/gis.tuzvo.sk\/medvede\/index.php?rest_route=\/wp\/v2\/pages\/69\/revisions"}],"predecessor-version":[{"id":585,"href":"https:\/\/gis.tuzvo.sk\/medvede\/index.php?rest_route=\/wp\/v2\/pages\/69\/revisions\/585"}],"wp:attachment":[{"href":"https:\/\/gis.tuzvo.sk\/medvede\/index.php?rest_route=%2Fwp%2Fv2%2Fmedia&parent=69"}],"curies":[{"name":"wp","href":"https:\/\/api.w.org\/{rel}","templated":true}]}}