{"id":674,"date":"2025-04-19T06:14:18","date_gmt":"2025-04-19T05:14:18","guid":{"rendered":"https:\/\/gis.tuzvo.sk\/medvede\/?page_id=674"},"modified":"2025-04-19T06:14:18","modified_gmt":"2025-04-19T05:14:18","slug":"smrtelne-zranenia","status":"publish","type":"page","link":"https:\/\/gis.tuzvo.sk\/medvede\/?page_id=674","title":{"rendered":"Smrte\u013en\u00e9 zranenia"},"content":{"rendered":"\n<p><a href=\"https:\/\/spravy.pravda.sk\/domace\/clanok\/746557-pri-detve-nasli-mrtveho-muza-zrejme-ho-zabil-medved\/\" target=\"_blank\" rel=\"noreferrer noopener\">30.03.2025 Mu\u017e, 59-rokov, <\/a><a href=\"https:\/\/www.noviny.sk\/slovensko\/1042399-patracia-akcia-s-tragickym-koncom-nezvestny-muz-sa-stal-obetou-medvedieho-utoku\" target=\"_blank\" rel=\"noreferrer noopener\">Zapriechody<\/a><a href=\"https:\/\/www.noviny.sk\/slovensko\/1042399-patracia-akcia-s-tragickym-koncom-nezvestny-muz-sa-stal-obetou-medvedieho-utoku\" target=\"_blank\" rel=\"noreferrer noopener\">, Detva, Po\u013eana<\/a><\/p>\n\n\n\n<p><a href=\"https:\/\/spravy.rtvs.sk\/2024\/10\/pri-obci-hybe-napadol-medved-63-rocniho-muza\/\" target=\"_blank\" rel=\"noreferrer noopener\">05.10.2024 Mu\u017e, 63-rokov, zasiahnut\u00e1 tepna na nohe, Hybe, Vysok\u00e9 Tatry<\/a><\/p>\n\n\n\n<p><a href=\"https:\/\/myliptov.sme.sk\/c\/23296716\/dvojicu-v-lese-nad-demanovskou-dolinou-nahanal-medved-zenu-nasli-mrtvu.html\" target=\"_blank\" rel=\"noreferrer noopener\">15.03.2024 \u017dena, 31-rokov, \u00fatek pred medve\u010fom, Dem\u00e4novsk\u00e1 dolina<\/a><\/p>\n\n\n\n<p><a href=\"https:\/\/zilina.sp21.sk\/a\/4064\/dnes-je-tomu-rok-co-medved-na-liptove-usmrtil-dusana-mydliara\" target=\"_blank\" rel=\"noreferrer noopener\">13.08.2021 Mu\u017e<\/a><a href=\"https:\/\/zilina.sp21.sk\/a\/4064\/dnes-je-tomu-rok-co-medved-na-liptove-usmrtil-dusana-mydliara\" target=\"_blank\" rel=\"noreferrer noopener\">, 57-rokov, Liptovsk\u00e1 L\u00fa\u017ena, Ru\u017eomberok<\/a><\/p>\n\n\n\n<p><a href=\"https:\/\/www.noviny.sk\/krimi\/370838-smrtelna-nehoda-na-liptove-muz-prisiel-o-zivot-po-zrazke-s-medvedom\" target=\"_blank\" rel=\"noreferrer noopener\">18.09.2018 Vodi\u010d osobn\u00e9ho auta, Biely Potok, Ru\u017eomberok<\/a><\/p>\n\n\n\n<p><a href=\"https:\/\/www1.pluska.sk\/krimi\/mrtvemu-turistovi-jozefovi-medved-dohryzol-celu-tvar-co-robit-ak-tuto-selmu-stretnete-vylete-lese\" target=\"_blank\" rel=\"noreferrer noopener\">11.05.2018 Mu\u017e, 41-rokov, Tu\u017ein\u00e1, Str\u00e1\u017eovsk\u00e9 vrchy<\/a>, nepotvrden\u00e9<\/p>\n","protected":false},"excerpt":{"rendered":"<p>30.03.2025 Mu\u017e, 59-rokov, Zapriechody, Detva, Po\u013eana 05.10.2024 Mu\u017e, 63-rokov, zasiahnut\u00e1 tepna na nohe, Hybe, Vysok\u00e9 Tatry 15.03.2024 \u017dena, 31-rokov, \u00fatek pred medve\u010fom, Dem\u00e4novsk\u00e1 dolina 13.08.2021 Mu\u017e, 57-rokov, Liptovsk\u00e1 L\u00fa\u017ena, Ru\u017eomberok 18.09.2018 Vodi\u010d osobn\u00e9ho auta, Biely Potok, Ru\u017eomberok 11.05.2018 Mu\u017e, 41-rokov, Tu\u017ein\u00e1, Str\u00e1\u017eovsk\u00e9 vrchy, nepotvrden\u00e9<\/p>\n","protected":false},"author":2,"featured_media":0,"parent":0,"menu_order":0,"comment_status":"closed","ping_status":"closed","template":"","meta":{"footnotes":""},"class_list":["post-674","page","type-page","status-publish","hentry"],"_links":{"self":[{"href":"https:\/\/gis.tuzvo.sk\/medvede\/index.php?rest_route=\/wp\/v2\/pages\/674","targetHints":{"allow":["GET"]}}],"collection":[{"href":"https:\/\/gis.tuzvo.sk\/medvede\/index.php?rest_route=\/wp\/v2\/pages"}],"about":[{"href":"https:\/\/gis.tuzvo.sk\/medvede\/index.php?rest_route=\/wp\/v2\/types\/page"}],"author":[{"embeddable":true,"href":"https:\/\/gis.tuzvo.sk\/medvede\/index.php?rest_route=\/wp\/v2\/users\/2"}],"replies":[{"embeddable":true,"href":"https:\/\/gis.tuzvo.sk\/medvede\/index.php?rest_route=%2Fwp%2Fv2%2Fcomments&post=674"}],"version-history":[{"count":1,"href":"https:\/\/gis.tuzvo.sk\/medvede\/index.php?rest_route=\/wp\/v2\/pages\/674\/revisions"}],"predecessor-version":[{"id":675,"href":"https:\/\/gis.tuzvo.sk\/medvede\/index.php?rest_route=\/wp\/v2\/pages\/674\/revisions\/675"}],"wp:attachment":[{"href":"https:\/\/gis.tuzvo.sk\/medvede\/index.php?rest_route=%2Fwp%2Fv2%2Fmedia&parent=674"}],"curies":[{"name":"wp","href":"https:\/\/api.w.org\/{rel}","templated":true}]}}