{"id":670,"date":"2025-04-19T06:10:42","date_gmt":"2025-04-19T05:10:42","guid":{"rendered":"https:\/\/gis.tuzvo.sk\/medvede\/?page_id=670"},"modified":"2026-02-21T16:31:04","modified_gmt":"2026-02-21T15:31:04","slug":"kolizie","status":"publish","type":"page","link":"https:\/\/gis.tuzvo.sk\/medvede\/?page_id=670","title":{"rendered":"Kol\u00edzie"},"content":{"rendered":"\n<p><a href=\"https:\/\/spravy.pravda.sk\/regiony\/clanok\/787288-medvede-nespia-a-doslo-k-dalsiemu-incidentu-162-kilogramovy-samec-neprezil\/\" target=\"_blank\" rel=\"noreferrer noopener\">20.02.2026 Zrazen\u00fd medve\u010f, vlak, Horn\u00e1 \u0160tub\u0148a, Tur\u010dianske Teplice<\/a><\/p>\n\n\n\n<p><a href=\"https:\/\/www.aktuality.sk\/clanok\/KDMGglv\/na-ceste-v-tatrach-auto-narazilo-do-medveda-ludom-sa-nic-nestalo-a-aj-selma-zrazku-prezila\/\" data-type=\"link\" data-id=\"https:\/\/www.aktuality.sk\/clanok\/KDMGglv\/na-ceste-v-tatrach-auto-narazilo-do-medveda-ludom-sa-nic-nestalo-a-aj-selma-zrazku-prezila\/\" target=\"_blank\" rel=\"noreferrer noopener\">30.10.2025 Osobn\u00e9 auto, cesta z Popradu do Star\u00e9ho Smokovca<\/a><\/p>\n\n\n\n<p><a href=\"https:\/\/www.bystricak.sk\/clanky\/8088\/v-banskej-bystrici-mal-vlak-zrazit-medvedicu-s-mladatom-na-mieste-zasahovali-aj-policajti\" data-type=\"link\" data-id=\"https:\/\/www.bystricak.sk\/clanky\/8088\/v-banskej-bystrici-mal-vlak-zrazit-medvedicu-s-mladatom-na-mieste-zasahovali-aj-policajti\" target=\"_blank\" rel=\"noreferrer noopener\">11.09.2025 Vlak, medvedica s ml\u00e1\u010fa\u0165om, Bansk\u00e1 Bystrica<\/a><\/p>\n\n\n\n<p><a href=\"https:\/\/spravy.pravda.sk\/regiony\/clanok\/765918-tanap-varuje-v-tatrach-sa-po-zrazke-s-autom-pohybuje-medved-moze-byt-agresivny\/\" target=\"_blank\" rel=\"noreferrer noopener\">05.09.2025 Osobn\u00e9 auto, Tatransk\u00e1 Lesn\u00e1<\/a><\/p>\n\n\n\n<p><a href=\"https:\/\/bystrica.dnes24.sk\/okres\/kraj\/starostka-stredoslovenskej-obce-varovala-ludi-medveda-zrazil-vlak-napriek-zraneniam-usiel-466063\" data-type=\"link\" data-id=\"https:\/\/bystrica.dnes24.sk\/okres\/kraj\/starostka-stredoslovenskej-obce-varovala-ludi-medveda-zrazil-vlak-napriek-zraneniam-usiel-466063\" target=\"_blank\" rel=\"noreferrer noopener\">20.08.2025 Vlak, Lu\u010dat\u00edn, Bansk\u00e1 Bystrica<\/a><\/p>\n\n\n\n<p><a href=\"https:\/\/www.bystricak.sk\/clanky\/7704\/manzelia-sa-pri-navrate-z-dovolenky-nedaleko-bystrice-zrazili-s-medvedom-prezili-sme-ale-chvejem-sa-opisala-vodicka\" data-type=\"link\" data-id=\"https:\/\/www.bystricak.sk\/clanky\/7704\/manzelia-sa-pri-navrate-z-dovolenky-nedaleko-bystrice-zrazili-s-medvedom-prezili-sme-ale-chvejem-sa-opisala-vodicka\">17.08.2025 Osobn\u00e9 auto, Slovensk\u00e1 \u013dup\u010da<\/a><\/p>\n\n\n\n<p><a href=\"https:\/\/bystrica.dnes24.sk\/dajte-si-pozor-zrazeny-medved-usiel-do-lesa-stredoslovenska-obec-varovala-ludi-463484\" data-type=\"link\" data-id=\"https:\/\/bystrica.dnes24.sk\/dajte-si-pozor-zrazeny-medved-usiel-do-lesa-stredoslovenska-obec-varovala-ludi-463484\" target=\"_blank\" rel=\"noreferrer noopener\">03.06.2025 Star\u00e9 Hory<\/a><\/p>\n\n\n\n<p><a href=\"https:\/\/spravy.pravda.sk\/regiony\/clanok\/753675-auto-sa-v-dolnej-micinej-zrazilo-s-medvedom-selma-je-zrejme-zranena-a-moze-byt-nebezpecna\/\" data-type=\"link\" data-id=\"https:\/\/spravy.pravda.sk\/regiony\/clanok\/753675-auto-sa-v-dolnej-micinej-zrazilo-s-medvedom-selma-je-zrejme-zranena-a-moze-byt-nebezpecna\/\" target=\"_blank\" rel=\"noreferrer noopener\">28.05.2025 Osobn\u00e9 auto, Doln\u00e1 Mi\u010din\u00e1<\/a><\/p>\n\n\n\n<p><a href=\"https:\/\/www.bystricak.sk\/clanky\/4591\/autobus-pri-brezne-zrazil-medveda-zviera-zatial-nenasli-ludi-vyzyvaju-k-opatrnosti\" target=\"_blank\" rel=\"noreferrer noopener\">19.01.2025 Zr\u00e1\u017eka medve\u010fa s autobusom, Lopej<\/a><\/p>\n\n\n\n<p><a href=\"https:\/\/myliptov.sme.sk\/c\/23399115\/pri-stankovanoch-zrazil-vlak-dva-medvede.html\" target=\"_blank\" rel=\"noreferrer noopener\">17.10.2024 Zrazen\u00e1 medvedica s ml\u00e1\u010fa\u0165om, vlak, \u013duboch\u0148a<\/a><\/p>\n\n\n\n<p><a href=\"https:\/\/www.presovak.sk\/clanky\/5269\/v-okrese-kezmarok-sa-zrazilo-auto-s-medvedom-nedavno-tam-starosta-upozornoval-na-pohyb-selmy-v-blizkosti-domov\" target=\"_blank\" rel=\"noreferrer noopener\">16.09.2024 Osobn\u00e9 auto, Mlyn\u010deky, Vysok\u00e9 Tatry<\/a><\/p>\n\n\n\n<p><a href=\"https:\/\/www.lesmedium.sk\/aktualne\/glosa-medvedia-tragedia-na-pokracovanie-mrtve-tela-popri-cestach-zelezniciach-a-sidlach\" target=\"_blank\" rel=\"noreferrer noopener\">15.09.2024 Osobn\u00e9 auto, \u010cierny V\u00e1h<\/a><\/p>\n\n\n\n<p><a href=\"https:\/\/spravy.pravda.sk\/domace\/clanok\/716350-pri-obci-jaraba-sa-skuter-zrazil-s-medvedom\/\" target=\"_blank\" rel=\"noreferrer noopener\">07.07.2024 Zr\u00e1\u017eka sk\u00fatra s medve\u010fom, dvaja zranen\u00ed, Jarab\u00e1, N\u00edzke Tatry<\/a><\/p>\n\n\n\n<p><a href=\"https:\/\/www.zilinak.sk\/clanky\/29753\/martincan-si-myslel-ze-zrazil-psa-do-cesty-mu-voslo-medvieda-spolu-s-matkou-tam-ostali-hodiny\" target=\"_blank\" rel=\"noreferrer noopener\">26.06.2024 Zrazen\u00fd medve\u010f, Lipovec, Tur\u010dianske K\u013ea\u010dany<\/a><\/p>\n\n\n\n<p><a href=\"https:\/\/www.sprejnamedveda.sk\/aktuality\/zrazeny-medved-na-ceste-pred-ziarom-nad-hronom\/\" target=\"_blank\" rel=\"noreferrer noopener\">01.11.2023 Zrazen\u00fd medve\u010f, cesta I. triedy \u010d. 9, \u017diar nad Hronom<\/a><\/p>\n\n\n\n<p><a href=\"https:\/\/news.refresher.sk\/147411-Sofer-zrazil-pod-Tatrami-dalsieho-medveda-160-kilovy-samec-skocil-pod-kolesa-osobneho-auta\" target=\"_blank\" rel=\"noreferrer noopener\">30.10.2023 Osobn\u00e9 auto, medve\u010f 160kg, Hybe<\/a><\/p>\n\n\n\n<p><a href=\"https:\/\/liptov112.sk\/opat-stret-medved-s-autom-na-liptove\/\" target=\"_blank\" rel=\"noreferrer noopener\">27.10.2023 Osobn\u00e9 auto, D1, Ivachnov\u00e1<\/a><\/p>\n\n\n\n<p><a href=\"https:\/\/sita.sk\/nasvidiek\/pocas-jedneho-dna-na-slovensku-zrazili-motoristi-troch-medvedov-jedneho-dohladal-polovny-pes\/\" target=\"_blank\" rel=\"noreferrer noopener\">26.10.2023 Medve\u010f 70kg, Podkriv\u00e1\u0148<\/a><\/p>\n\n\n\n<p><a href=\"https:\/\/myliptov.sme.sk\/c\/23237311\/za-jeden-den-zahynuli-na-cestach-tri-medvede.html\" target=\"_blank\" rel=\"noreferrer noopener\">26.10.2023 Medve\u010f 120kg, Mo\u0161ovce<\/a><\/p>\n\n\n\n<p><a href=\"https:\/\/myliptov.sme.sk\/c\/23237311\/za-jeden-den-zahynuli-na-cestach-tri-medvede.html\" target=\"_blank\" rel=\"noreferrer noopener\">26.10.2023 Medve\u010f 120kg, Hybe<\/a><\/p>\n\n\n\n<p><a href=\"https:\/\/zilina.sp21.sk\/a\/12605\/dnes-rano-doslo-na-d1-pred-obcou-hybe-k-zrazke-motoroveho-vozidla-a-medveda-nehodu-neprezil\" target=\"_blank\" rel=\"noreferrer noopener\">01.10.2023 Osobn\u00e9 auto, \u013eahko zranen\u00e1 spolujazdky\u0148a, D1, Hybe<\/a><\/p>\n\n\n\n<p><a href=\"https:\/\/www.noviny.sk\/krimi\/830313-dalsi-stret-so-zverou-pod-kolesami-kamiona-skoncil-takmer-160-kilovy-medved\" target=\"_blank\" rel=\"noreferrer noopener\">03.09.2023 Kami\u00f3n, medve\u010f (160 kg), R1 Bud\u010da<\/a><\/p>\n\n\n\n<p><a href=\"https:\/\/zilina.standard.sk\/421396\/dodavka-zrazila-200-kilogramoveho-medveda\" target=\"_blank\" rel=\"noreferrer noopener\">24.08.2023 Dod\u00e1vka, medvedica (200 kg), Slovensk\u00e1 \u013dup\u010da<\/a><\/p>\n\n\n\n<p><a href=\"https:\/\/www.sprejnamedveda.sk\/aktuality\/tri-zrazene-medvede-na-dialnici-d1-pri-vavrisove-smerom-na-liptovsky-mikulas\/\" target=\"_blank\" rel=\"noreferrer noopener\">18.07.2023 Zrazen\u00e1 medvedica s dvoma mlad\u00fdmi, D1, Vavri\u0161ovo, Liptovsk\u00fd Mikul\u00e1\u0161<\/a><\/p>\n\n\n\n<p><a href=\"https:\/\/www.noviny.sk\/krimi\/813061-cestu-na-dovolenku-im-prekazil-medved-noc-museli-stravit-v-aute\" target=\"_blank\" rel=\"noreferrer noopener\">10.07.2023 Auto s po\u013esk\u00fdmi turistami (medve\u010f, 60 kg), Brusno, Bansk\u00e1 Bystrica<\/a><\/p>\n\n\n\n<p><a href=\"https:\/\/www.facebook.com\/plugins\/post.php?href=https%3A%2F%2Fwww.facebook.com%2Ffilipkuffa.sk%2Fposts%2Fpfbid0232ziZDeWy8dWYtFxDyegbXWjxWVSH6A8aRm7E9WzLssHMq14rZN6ap6f8CZzhF1Sl\" target=\"_blank\" rel=\"noreferrer noopener\">24.05.2023 Auto, medve\u010f (180 kg), R1 Hronsk\u00e1 D\u00fabrava<\/a><\/p>\n\n\n\n<p><a href=\"https:\/\/www.sprejnamedveda.sk\/aktuality\/auto-zrazilo-medveda-na-zelenom-dvore-smerom-do-kosic\/\" target=\"_blank\" rel=\"noreferrer noopener\">29.04.2023 Auto, medve\u010f (150 kg), Zelen\u00fd dvor, Ko\u0161ice<\/a><\/p>\n\n\n\n<p><a href=\"https:\/\/bystrica.dnes24.sk\/okres\/lucenec\/vodicov-prekvapil-medved-na-rychlostnej-ceste-zrazku-s-kamionom-neprezil-foto-432664\" target=\"_blank\" rel=\"noreferrer noopener\">19.04.2023 Kami\u00f3n, R2 M\u00fdtna, okres Lu\u010denec<\/a><\/p>\n\n\n\n<p><a href=\"https:\/\/www.sopsr.sk\/web\/?cl=20960\" target=\"_blank\" rel=\"noreferrer noopener\">01.12.2022 Auto, M\u00fdtna, Cerov\u00e1 vrchovina<\/a><\/p>\n\n\n\n<p><a href=\"https:\/\/www.topky.sk\/cl\/10\/2425411\/Bizarna-nehoda-v-Lovinobani--Auto-sa-zrazilo-s-200-kilovym-medvedom--Smutny-pohlad-na-zviera\" target=\"_blank\" rel=\"noreferrer noopener\">30.11.2022 Dod\u00e1vka a medve\u010f (200 kg), Lovinoba\u0148a<\/a><\/p>\n\n\n\n<p><a href=\"https:\/\/myhornanitra.sme.sk\/c\/23143572\/nedaleko-prievidze-nasli-mrtveho-medveda-zrejme-ho-zrazilo-auto-ci-nakladiak.html\" target=\"_blank\" rel=\"noreferrer noopener\">09.2022 Zrazen\u00fd medve\u010f (150 kg), n\u00e1jden\u00fd vo febru\u00e1ri 2023, Mal\u00e1 \u010causa, Prievidza<\/a><\/p>\n\n\n\n<p><a href=\"https:\/\/mybystrica.sme.sk\/c\/22992239\/na-trat-vybehol-medved-presli-ho-dva-vlaky.html\" target=\"_blank\" rel=\"noreferrer noopener\">23.08.2022 R\u00fdchlik a osobn\u00fd vlak, Vlkanov\u00e1, Bansk\u00e1 Bystrica, \u00fanik nafty<\/a><\/p>\n\n\n\n<p><a href=\"https:\/\/polovnictvo-rybarstvo.pluska.sk\/polovnictvo\/nemali-vyber-d1-usmrtil-zasahovy-tim-dalsieho-medveda\" target=\"_blank\" rel=\"noreferrer noopener\">04.08.2022 Auto, medvedica (65kg), D1 Hybe, Liptovsk\u00fd Hr\u00e1dok<\/a><\/p>\n\n\n\n<p><a href=\"https:\/\/www.aktuality.sk\/clanok\/uSMvnYW\/medved-neprezil-stret-s-elektrickou-vo-vysokych-tatrach\/\" target=\"_blank\" rel=\"noreferrer noopener\">21.05.2022 Elektri\u010dka, medve\u010f (200kg), Star\u00e1 Lesn\u00e1 Vysok\u00e9 Tatry<\/a><\/p>\n\n\n\n<p><a href=\"https:\/\/polovnictvo-rybarstvo.pluska.sk\/polovnictvo\/zrazku-autom-neprezilo-medvieda-vlakom-neprezila-medvedica\" target=\"_blank\" rel=\"noreferrer noopener\">09.06.2021 Auto, medvie\u010fa (45kg), V\u00fdchodn\u00e1<\/a><\/p>\n\n\n\n<p><a href=\"https:\/\/polovnictvo-rybarstvo.pluska.sk\/polovnictvo\/zrazku-autom-neprezilo-medvieda-vlakom-neprezila-medvedica\" target=\"_blank\" rel=\"noreferrer noopener\">23.05.2021 Vlak, medvedica (8-rokov), Kr\u00e1\u013eov\u00e1 Lehota<\/a><\/p>\n\n\n\n<p><a href=\"https:\/\/polovnictvo-rybarstvo.pluska.sk\/polovnictvo\/zrazeny-medved-dve-poskodene-auta-bilancia-vcerajsieho-vecera\" target=\"_blank\" rel=\"noreferrer noopener\">06.10.2021 Dve aut\u00e1, medve\u010f (140kg), R2 Bud\u010da, Zvolen<\/a><\/p>\n\n\n\n<p><a href=\"https:\/\/polovnictvo-rybarstvo.pluska.sk\/polovnictvo\/kamion-zrazil-medvedicu-mladatom-aky-osud-caka-jej-ostatne-mladata\" target=\"_blank\" rel=\"noreferrer noopener\">09.08.2021 Kami\u00f3n, medvedica s medvie\u010fa\u0165om, Tur\u010dianske Teplice<\/a><\/p>\n\n\n\n<p><a href=\"https:\/\/polovnictvo-rybarstvo.pluska.sk\/polovnictvo\/slovensku-mame-dalsie-dva-medvede-menej\" target=\"_blank\" rel=\"noreferrer noopener\">2021 Elektri\u010dka, medvedica, Tatransk\u00e1 Polianka<\/a><\/p>\n\n\n\n<p><a href=\"https:\/\/myzvolen.sme.sk\/c\/22319356\/vodic-na-r2-pri-zvolene-zrazil-medveda.html\" target=\"_blank\" rel=\"noreferrer noopener\">05.02.2020 Auto NDS, R2 Zvolensk\u00e1 Slatina<\/a><\/p>\n\n\n\n<p><a href=\"https:\/\/polovnictvo-rybarstvo.pluska.sk\/polovnictvo\/prievidzi-smerom-handlovu-doslo-smrtelnej-zrazke-ucastnikom-bol-opat-medved\" target=\"_blank\" rel=\"noreferrer noopener\">09.10.2019 Auto, Prievidza<\/a><\/p>\n\n\n\n<p><a href=\"https:\/\/www.topky.sk\/cl\/100370\/1835131\/\" target=\"_blank\" rel=\"noreferrer noopener\">30.09.2019 Auto, K\u013ea\u010dno<\/a><\/p>\n\n\n\n<p><a href=\"https:\/\/www.zilinak.sk\/prispevky\/12676\/na-dialnici-pri-dolnom-hricove-nasli-lezat-zrazeneho-medveda-zviera-vazilo-vyse-100-kilogramov\" target=\"_blank\" rel=\"noreferrer noopener\">26.09.2019 Auto, medve\u010f (110kg), D1 Doln\u00fd Hri\u010dov<\/a><\/p>\n\n\n\n<p><a href=\"https:\/\/myzvolen.sme.sk\/c\/22219419\/na-dialnici-vbehol-pod-auto-medved.html\" target=\"_blank\" rel=\"noreferrer noopener\">23.09.2019 Auto, R2 V\u00edg\u013ea\u0161<\/a><\/p>\n\n\n\n<p><a href=\"https:\/\/polovnictvo-rybarstvo.pluska.sk\/polovnictvo\/tento-tyzden-boli-ceste-18-u-turany-zabite-dalsie-dva-medvede\" target=\"_blank\" rel=\"noreferrer noopener\">19.09.2019 Osobn\u00e9 auto, dve medvie\u010fat\u00e1, Turany<\/a><\/p>\n\n\n\n<p><a href=\"https:\/\/www.aktuality.sk\/clanok\/634623\/na-d1-sa-auto-zrazilo-s-medvedom\/\" target=\"_blank\" rel=\"noreferrer noopener\">22.10.2018 Osobn\u00e9 auto, medve\u010f (3 r.), Hybe<\/a><\/p>\n\n\n\n<p><a href=\"https:\/\/www.topky.sk\/cl\/100370\/1743545\/\" target=\"_blank\" rel=\"noreferrer noopener\">09.10.2018 Vlak, medvedica, Liptovsk\u00fd Hr\u00e1dok<\/a><\/p>\n\n\n\n<p><a href=\"https:\/\/www.tvnoviny.sk\/domace\/1934709_v-tatrach-niekto-zrazil-medvedicu-takto-pohodenu-ju-nasli-pri-ceste\" target=\"_blank\" rel=\"noreferrer noopener\">13.09.2018 Medvedica (150 kg), Star\u00fd Smokovec<\/a><\/p>\n\n\n\n<p><a href=\"https:\/\/rkmagazin.sk\/pred-bielym-potokom-zrazilo-osobne-auto-medvedicu\/\" target=\"_blank\" rel=\"noreferrer noopener\">17.10.2017 Auto, medvedica (200 kg), Biely Potok, Ru\u017eomberok<\/a><\/p>\n\n\n\n<p><a href=\"https:\/\/www1.pluska.sk\/regiony\/stredne-slovensko\/foto-tragickej-nehody-severe-slovenska-vodicovi-zahatal-cestu-medved\" target=\"_blank\" rel=\"noreferrer noopener\">15.09.2017 Osobn\u00e9 auto, Pribilina<\/a><\/p>\n\n\n\n<p><a href=\"https:\/\/www.noviny.sk\/krimi\/164862-manzelom-vosiel-do-cesty-medved-auto-skoncilo-v-priekope\" target=\"_blank\" rel=\"noreferrer noopener\">12.08.2016 Osobn\u00e9 auto, Bansk\u00e1 Bystrica<\/a><\/p>\n\n\n\n<p><a href=\"http:\/\/www.zsr.sk\/slovensky\/media-room\/vyjadrenia-pre-media-2016\/jul\/zrazka-s-medvedom-....html\" target=\"_blank\" rel=\"noreferrer noopener\">25.07.2016 Vlak, dva medvede, Kremnick\u00e9 Bane<\/a><\/p>\n\n\n\n<p><a href=\"https:\/\/bystrica.dnes24.sk\/zrazka-na-trati-nedaleko-banskej-bystrice-stret-zrychleneho-vlaku-s-medvedom-219201\" target=\"_blank\" rel=\"noreferrer noopener\">19.10.2015 Vlak, Harmanec<\/a><\/p>\n\n\n\n<p><a href=\"https:\/\/www.noviny.sk\/krimi\/370838-smrtelna-nehoda-na-liptove-muz-prisiel-o-zivot-po-zrazke-s-medvedom\" target=\"_blank\" rel=\"noreferrer noopener\">30.09.2015 Osobn\u00fd vlak, Hronsk\u00e1 D\u00fabrava<\/a><\/p>\n\n\n\n<p><a href=\"https:\/\/www.noviny.sk\/krimi\/128967-kuriozna-nehoda-medved-vrazil-do-auta\" target=\"_blank\" rel=\"noreferrer noopener\">04.05.2014 Osobn\u00e9 auto, medve\u010f (100 kg), r\u00fdchlostn\u00e1 cesta, Bud\u010da, Zvolen<\/a><\/p>\n\n\n\n<p><a href=\"https:\/\/myziar.sme.sk\/c\/6938346\/auto-zrazilo-na-dialnici-medveda.html\" target=\"_blank\" rel=\"noreferrer noopener\">17.09.2013 Auto, medve\u010f (85 kg, 5 rokov), R1 Hronsk\u00e1 D\u00fabrava<\/a><\/p>\n\n\n\n<p><a href=\"https:\/\/www.topky.sk\/cl\/10\/1325238\/\" target=\"_blank\" rel=\"noreferrer noopener\">23.09.2012 Kami\u00f3n, D2, Bratislava<\/a><\/p>\n\n\n\n<p><a href=\"https:\/\/auto.sme.sk\/c\/5889785\/vodic-sa-zrazil-s-medvedom-na-rychlostnej-ceste-r1.html\" target=\"_blank\" rel=\"noreferrer noopener\">12.05.2011 Osobn\u00e9 auto, medve\u010f, R1 Zvolen &#8211; \u017diar nad Hronom<\/a><\/p>\n\n\n\n<p><a href=\"https:\/\/www.noviny.sk\/slovensko\/33342-medved-po-zrazke-s-elektrickou-usiel\" target=\"_blank\" rel=\"noreferrer noopener\">20.11.2007 Elektri\u010dka, Star\u00fd Smokovec, Vysok\u00e9 Tatry<\/a><\/p>\n","protected":false},"excerpt":{"rendered":"<p>20.02.2026 Zrazen\u00fd medve\u010f, vlak, Horn\u00e1 \u0160tub\u0148a, Tur\u010dianske Teplice 30.10.2025 Osobn\u00e9 auto, cesta z Popradu do Star\u00e9ho Smokovca 11.09.2025 Vlak, medvedica s ml\u00e1\u010fa\u0165om, Bansk\u00e1 Bystrica 05.09.2025 Osobn\u00e9 auto, Tatransk\u00e1 Lesn\u00e1 20.08.2025 Vlak, Lu\u010dat\u00edn, Bansk\u00e1 Bystrica 17.08.2025 Osobn\u00e9 auto, Slovensk\u00e1 \u013dup\u010da 03.06.2025 Star\u00e9 Hory 28.05.2025 Osobn\u00e9 auto, Doln\u00e1 Mi\u010din\u00e1 19.01.2025 Zr\u00e1\u017eka medve\u010fa s autobusom, Lopej 17.10.2024 Zrazen\u00e1 [&hellip;]<\/p>\n","protected":false},"author":2,"featured_media":0,"parent":0,"menu_order":0,"comment_status":"closed","ping_status":"closed","template":"","meta":{"footnotes":""},"class_list":["post-670","page","type-page","status-publish","hentry"],"_links":{"self":[{"href":"https:\/\/gis.tuzvo.sk\/medvede\/index.php?rest_route=\/wp\/v2\/pages\/670","targetHints":{"allow":["GET"]}}],"collection":[{"href":"https:\/\/gis.tuzvo.sk\/medvede\/index.php?rest_route=\/wp\/v2\/pages"}],"about":[{"href":"https:\/\/gis.tuzvo.sk\/medvede\/index.php?rest_route=\/wp\/v2\/types\/page"}],"author":[{"embeddable":true,"href":"https:\/\/gis.tuzvo.sk\/medvede\/index.php?rest_route=\/wp\/v2\/users\/2"}],"replies":[{"embeddable":true,"href":"https:\/\/gis.tuzvo.sk\/medvede\/index.php?rest_route=%2Fwp%2Fv2%2Fcomments&post=670"}],"version-history":[{"count":10,"href":"https:\/\/gis.tuzvo.sk\/medvede\/index.php?rest_route=\/wp\/v2\/pages\/670\/revisions"}],"predecessor-version":[{"id":750,"href":"https:\/\/gis.tuzvo.sk\/medvede\/index.php?rest_route=\/wp\/v2\/pages\/670\/revisions\/750"}],"wp:attachment":[{"href":"https:\/\/gis.tuzvo.sk\/medvede\/index.php?rest_route=%2Fwp%2Fv2%2Fmedia&parent=670"}],"curies":[{"name":"wp","href":"https:\/\/api.w.org\/{rel}","templated":true}]}}