{"id":57,"date":"2020-12-11T05:38:38","date_gmt":"2020-12-11T05:38:38","guid":{"rendered":"http:\/\/gis.tuzvo.sk\/medvede\/?page_id=57"},"modified":"2024-01-24T11:02:26","modified_gmt":"2024-01-24T10:02:26","slug":"2015-2","status":"publish","type":"page","link":"https:\/\/gis.tuzvo.sk\/medvede\/?page_id=57","title":{"rendered":"2015"},"content":{"rendered":"<p>(1)  <a href=\"https:\/\/www.bystricoviny.sk\/spravy\/foto-v-okoli-banskej-bystrice-zije-30-40-medvedov-aj-maco-stefan\/\" target=\"_blank\" rel=\"noopener\"> FOTO: V okol\u00ed Banskej Bystrice \u017eije 30 &#8211; 40 medve\u010fov, aj maco \u0160tefan<\/a> (2015).<\/p>\n<p>(2)  <a href=\"https:\/\/www.dnes24.sk\/hrozive-stretnutie-so-selmou-na-muza-z-nasho-okresu-zautocil-medved-225178\" target=\"_blank\" rel=\"noopener\"> Hroziv\u00e9 stretnutie so \u0161elmou: Na mu\u017ea za\u00fato\u010dil medve\u010f!<\/a> (2015).<\/p>\n<p>(3)  <a href=\"https:\/\/www.noviny.sk\/krimi\/148952-hubara-napadol-v-lese-medved-za-paar-sekund-mu-dohryzol-celu-nohu\" target=\"_blank\" rel=\"noopener\"> Hub\u00e1ra napadol v lese medve\u010f, za p\u00e1r sek\u00fand mu dohr\u00fdzol cel\u00fa nohu<\/a> (2015).<\/p>\n<p>(4)  <a href=\"http:\/\/www.topky.sk\/cl\/10\/1485889\/\" target=\"_blank\" rel=\"noopener\"> Jozef pre\u017eil min\u00faty hr\u00f4zy: V lese pri Stak\u010d\u00edne ho napodol medve\u010f a zahryzol sa mu do nohy<\/a> (2015).<\/p>\n<p>(5)  <a href=\"http:\/\/www.topky.sk\/cl\/10\/1476057\/\" target=\"_blank\" rel=\"noopener\"> Medve\u010f Iwo je hotov\u00fd turista: Veselo putuje \u010falej, b\u00fara v\u0161etky m\u00fdty<\/a> (2015).<\/p>\n<p>(6)  <a href=\"https:\/\/www.noviny.sk\/zaujimavosti\/145276-medved-na-potulkach-prechadza-sa-presovom\" target=\"_blank\" rel=\"noopener\"> Medve\u010f na potulk\u00e1ch, prech\u00e1dza sa Pre\u0161ovom a okol\u00edm<\/a> (2015).<\/p>\n<p>(7)  <a href=\"https:\/\/www.aktuality.sk\/clanok\/308168\/medved-napadol-dvoch-polovnikov-vo-velkej-fatre-skoncili-v-nemocnici\/\" target=\"_blank\" rel=\"noopener\"> Medve\u010f napadol dvoch po\u013eovn\u00edkov vo Ve\u013ekej Fatre. Skon\u010dili v nemocnici<\/a> (2015).<\/p>\n<p>(8)  <a href=\"https:\/\/hornyzemplin.korzar.sme.sk\/c\/7903487\/medved-pri-snine-zautocil-na-hubara.html\" target=\"_blank\" rel=\"noopener\"> Medve\u010f pri Snine za\u00fato\u010dil na hub\u00e1ra<\/a> (2015).<\/p>\n<p>(9)  <a href=\"https:\/\/www.aktuality.sk\/clanok\/300622\/medvedi-kanibalizmus-je-subojom-o-teritorium-aj-samicu\/\" target=\"_blank\" rel=\"noopener\"> Medved\u00ed kanibalizmus je s\u00fabojom o terit\u00f3rium aj samicu<\/a> (2015).<\/p>\n<p>(10)  <a href=\"https:\/\/www.dnes24.sk\/mimoriadna-udalost-na-trati-nedaleko-zvolena-pred-vlakom-sa-zrazu-zjavil-medved-217461\" target=\"_blank\" rel=\"noopener\"> Mimoriadna udalos\u0165 na trati ne\u010faleko Zvolena: Pred vlakom sa zrazu zjavil medve\u010f<\/a> (2015).<\/p>\n<p>(11)  <a href=\"https:\/\/dennikn.sk\/266473\/mokrym-medvedom-sa-nechce-spat\/\" target=\"_blank\" rel=\"noopener\"> Mokr\u00fdm medve\u010fom sa nechce spa\u0165<\/a> (2015).<\/p>\n<p>(12)  <a href=\"https:\/\/bystrica.dnes24.sk\/muz-37-celil-mrazivemu-ataku-zautocil-na-neho-medved-195731\" target=\"_blank\" rel=\"noopener\"> Mu\u017e (37) \u010delil mraziv\u00e9mu ataku: Za\u00fato\u010dil na neho medve\u010f!<\/a> (2015).<\/p>\n<p>(13)  <a href=\"https:\/\/www.zilinak.sk\/prispevky\/2942\/muza-uhryzol-vo-vricku-medved-na-mieste-zasahovala-aj-policia\" target=\"_blank\" rel=\"noopener\"> Mu\u017ea uhryzol vo Vr\u00edcku medve\u010f, na mieste zasahovala aj pol\u00edcia<\/a> (2015).<\/p>\n<p>(14)  <a href=\"http:\/\/www.topky.sk\/cl\/10\/1485695\/\" target=\"_blank\" rel=\"noopener\"> Mu\u017ea v Snine napadol medve\u010f: Vybral sa na huby, s poraneniami skon\u010dil v nemocnici<\/a> (2015).<\/p>\n<p>(15)  <a href=\"https:\/\/www.aktuality.sk\/clanok\/279212\/na-vychode-slovenska-utocil-medved\/\" target=\"_blank\" rel=\"noopener\"> Na v\u00fdchode Slovenska \u00fato\u010dil medve\u010f. Napadnut\u00e9ho mu\u017ea previezli do nemocnice<\/a> (2015).<\/p>\n<p>(16)  <a href=\"https:\/\/www1.pluska.sk\/regiony\/vychodne-slovensko\/neprijemne-prekvapenie-vychode-medved-napadol-cloveka-hubach\" target=\"_blank\" rel=\"noopener\"> Nepr\u00edjemn\u00e9 prekvapenie na v\u00fdchode: Medve\u010f napadol \u010dloveka na hub\u00e1ch<\/a> (2015).<\/p>\n<p>(17)  <a href=\"https:\/\/www.zilinak.sk\/prispevky\/2161\/obyvatelia-v-trnovom-spozorovali-medveda-v-blizkosti-obytnej-zony\" target=\"_blank\" rel=\"noopener\"> Obyvatelia v Trnovom spozorovali medve\u010fa v bl\u00edzkosti obytnej z\u00f3ny<\/a> (2015).<\/p>\n<p>(18)  <a href=\"http:\/\/www.topky.sk\/cl\/10\/1460245\/\" target=\"_blank\" rel=\"noopener\"> Panika na Z\u00e1hor\u00ed, \u013eudia sa boja \u00eds\u0165 von: Po lese beh\u00e1 z\u00fariv\u00e1 \u0161elma, videli ju na vlastn\u00e9 o\u010di!<\/a> (2015).<\/p>\n<p>(19)  <a href=\"https:\/\/spravy.pravda.sk\/regiony\/clanok\/358575-pozorovali-medvede-vo-volnej-prirode-malej-fatry\/\" target=\"_blank\" rel=\"noopener\"> Pozorovali medvede vo vo\u013enej pr\u00edrode Malej Fatry<\/a> (2015).<\/p>\n<p>(20)  <a href=\"https:\/\/www.dnes24.sk\/presovcania-pozor-na-dalsiu-selmu-v-okoli-mesta-sa-pohybuje-medved-201087\" target=\"_blank\" rel=\"noopener\"> Pre\u0161ov\u010dania, pozor na \u010fal\u0161iu \u0161elmu: V okol\u00ed mesta sa pohybuje medve\u010f!<\/a> (2015).<\/p>\n<p>(21)  <a href=\"https:\/\/www.wolf.sk\/sk\/pripady_konfliktov_zvierata_2015\" target=\"_blank\" rel=\"noopener\"> Pr\u00edpady konfliktov &#8211; divo\u017eij\u00face zvierat\u00e1 &#8211; rok 2015<\/a> (2015).<\/p>\n<p>(22)  <a href=\"https:\/\/www.noviny.sk\/krimi\/156295-starostu-obce-horna-ves-napadol-medved\" target=\"_blank\" rel=\"noopener\"> Starostu obce Horn\u00e1 Ves napadol medve\u010f, zranil mu nohy<\/a> (2015).<\/p>\n<p>(23)  <a href=\"https:\/\/www.lovuzdar.sk\/clanok-454\/stav-medvedej-populacie-na-slovensku-v-roku-2008\" target=\"_blank\" rel=\"noopener\"> Stav medvedej popul\u00e1cie na Slovensku v roku 2008<\/a> (2015).<\/p>\n<p>(24)  <a href=\"https:\/\/www.noviny.sk\/zaujimavosti\/153114-tatranske-medvede-miluju-kontajnery-ochrancovia-ich-plasia-delobuchmi\" target=\"_blank\" rel=\"noopener\"> Tatransk\u00e9 medvede miluj\u00fa kontajnery, ochrancovia ich pla\u0161ia delobuchmi<\/a> (2015).<\/p>\n<p>(25)  <a href=\"https:\/\/spravy.pravda.sk\/domace\/clanok\/356065-tatransky-medved-iwo-bura-myty-opat-presiel-hranice\/\" target=\"_blank\" rel=\"noopener\"> Tatransk\u00fd medve\u010f Iwo b\u00fara m\u00fdty, op\u00e4\u0165 pre\u0161iel hranice<\/a> (2015).<\/p>\n<p>(26)  <a href=\"http:\/\/www.webnoviny.sk\/slovensko\/clanok\/955707-tatransky-medved-iwo-bura-myty-v-madarsku-vyvolal-senzacie\/\" target=\"_blank\" rel=\"noopener\"> Tatransk\u00fd medve\u010f Iwo b\u00fara m\u00fdty, v Ma\u010farsku vyvolal senz\u00e1cie<\/a> (2015).<\/p>\n<p>(27)  <a href=\"https:\/\/mybystrica.sme.sk\/c\/7613432\/utok-medveda-na-horehroni-opat-otvoril-otazku-jeho-premnozenia.html\" target=\"_blank\" rel=\"noopener\"> \u00datok medve\u010fa na Horehron\u00ed op\u00e4\u0165 otvoril ot\u00e1zku jeho premno\u017eenia<\/a> (2015).<\/p>\n<p>(28)  <a href=\"https:\/\/bystrica.dnes24.sk\/horuca-aktualita-v-meste-videli-medveda-radnica-nabada-k-opatrnosti-219543\" target=\"_blank\" rel=\"noopener\"> V Brezne videli medve\u010fa, radnica nab\u00e1da k opatrnosti: Mestsk\u00ed policajti v akcii!<\/a> (2015).<\/p>\n<p>(29)  <a href=\"https:\/\/www.aktuality.sk\/clanok\/306848\/v-brezne-videli-medveda-radnica-vyzyva-ludi-k-opatrnosti\/\" target=\"_blank\" rel=\"noopener\"> V Brezne videli medve\u010fa. Radnica vyz\u00fdva \u013eud\u00ed k opatrnosti<\/a> (2015).<\/p>\n<p>(30)  <a href=\"http:\/\/www.topky.sk\/cl\/10\/1475655\/\" target=\"_blank\" rel=\"noopener\"> VIDEO Medve\u010f Iwo bl\u00fadi cel\u00fdm Slovenskom: Pozrite si mapu jeho neuverite\u013enej trasy, bol aj u v\u00e1s?!<\/a> (2015).<\/p>\n<p>(31)  <a href=\"https:\/\/www.bystricoviny.sk\/spravy\/vlak-pri-ulanke-zrazil-medveda\/\" target=\"_blank\" rel=\"noopener\"> Vlak pri \u00da\u013eanke zrazil medve\u010fa<\/a> (2015).<\/p>\n<p>(32)  <a href=\"https:\/\/zivot.pluska.sk\/reportaze\/zratali-pocet-medvedov-su-ohrozene\" target=\"_blank\" rel=\"noopener\"> Zr\u00e1tali po\u010det medve\u010fov: S\u00fa ohrozen\u00e9?<\/a> (2015).<\/p>\n<p>(33)  <a href=\"https:\/\/bystrica.dnes24.sk\/zrazka-na-trati-nedaleko-banskej-bystrice-stret-zrychleneho-vlaku-s-medvedom-219201\" target=\"_blank\" rel=\"noopener\"> Zr\u00e1\u017eka na trati ne\u010faleko Banskej Bystrice: Stret zr\u00fdchlen\u00e9ho vlaku s medve\u010fom!<\/a> (2015).<\/p>\n<p>(34)  <a href=\"https:\/\/www.enviroportal.sk\/clanok\/zvolen-medved-iwo-je-velky-cestovatel-migruje-prekvapivo-stovky-kilometrov\" target=\"_blank\" rel=\"noopener\"> Zvolen: Medve\u010f Iwo je ve\u013ek\u00fd \u201ccestovate\u013e\u201d<\/a> (2015).<\/p>\n","protected":false},"excerpt":{"rendered":"<p>(1) FOTO: V okol\u00ed Banskej Bystrice \u017eije 30 &#8211; 40 medve\u010fov, aj maco \u0160tefan (2015). (2) Hroziv\u00e9 stretnutie so \u0161elmou: Na mu\u017ea za\u00fato\u010dil medve\u010f! (2015). (3) Hub\u00e1ra napadol v lese medve\u010f, za p\u00e1r sek\u00fand mu dohr\u00fdzol cel\u00fa nohu (2015). (4) Jozef pre\u017eil min\u00faty hr\u00f4zy: V lese pri Stak\u010d\u00edne ho napodol medve\u010f a zahryzol sa mu [&hellip;]<\/p>\n","protected":false},"author":2,"featured_media":0,"parent":0,"menu_order":0,"comment_status":"closed","ping_status":"closed","template":"","meta":{"footnotes":""},"class_list":["post-57","page","type-page","status-publish","hentry"],"_links":{"self":[{"href":"https:\/\/gis.tuzvo.sk\/medvede\/index.php?rest_route=\/wp\/v2\/pages\/57","targetHints":{"allow":["GET"]}}],"collection":[{"href":"https:\/\/gis.tuzvo.sk\/medvede\/index.php?rest_route=\/wp\/v2\/pages"}],"about":[{"href":"https:\/\/gis.tuzvo.sk\/medvede\/index.php?rest_route=\/wp\/v2\/types\/page"}],"author":[{"embeddable":true,"href":"https:\/\/gis.tuzvo.sk\/medvede\/index.php?rest_route=\/wp\/v2\/users\/2"}],"replies":[{"embeddable":true,"href":"https:\/\/gis.tuzvo.sk\/medvede\/index.php?rest_route=%2Fwp%2Fv2%2Fcomments&post=57"}],"version-history":[{"count":3,"href":"https:\/\/gis.tuzvo.sk\/medvede\/index.php?rest_route=\/wp\/v2\/pages\/57\/revisions"}],"predecessor-version":[{"id":597,"href":"https:\/\/gis.tuzvo.sk\/medvede\/index.php?rest_route=\/wp\/v2\/pages\/57\/revisions\/597"}],"wp:attachment":[{"href":"https:\/\/gis.tuzvo.sk\/medvede\/index.php?rest_route=%2Fwp%2Fv2%2Fmedia&parent=57"}],"curies":[{"name":"wp","href":"https:\/\/api.w.org\/{rel}","templated":true}]}}