{"id":55,"date":"2020-12-11T05:38:05","date_gmt":"2020-12-11T05:38:05","guid":{"rendered":"http:\/\/gis.tuzvo.sk\/medvede\/?page_id=55"},"modified":"2024-01-24T11:03:14","modified_gmt":"2024-01-24T10:03:14","slug":"2016-2","status":"publish","type":"page","link":"https:\/\/gis.tuzvo.sk\/medvede\/?page_id=55","title":{"rendered":"2016"},"content":{"rendered":"<p>(1)  <a href=\"https:\/\/spectator.sme.sk\/c\/20138970\/bears-in-high-tatras-get-cheeky.html\" target=\"_blank\" rel=\"noopener\"> Bears in High Tatras get cheeky<\/a> (2016).<\/p>\n<p>(2)  <a href=\"https:\/\/www.zilinak.sk\/prispevky\/3729\/blizko-chaty-pod-suchym-sa-pohybovali-dva-medvede-turista-ich-natocil\" target=\"_blank\" rel=\"noopener\"> Bl\u00edzko Chaty pod Such\u00fdm sa pohybovali dva medvede, turista ich nato\u010dil<\/a> (2016).<\/p>\n<p>(3)  <a href=\"https:\/\/www.dailymail.co.uk\/news\/article-3618103\/Video-shows-brown-bear-rummaging-rubbish-bins-outside-apartment-block-Slovakia.html\" target=\"_blank\" rel=\"noopener\"> Brown bear goes through rubbish bins outside apartment in Slovakia<\/a> (2016).<\/p>\n<p>(4)  <a href=\"https:\/\/www.aktuality.sk\/clanok\/370848\/ceskych-turistov-napadol-medved-priamo-v-stane\/\" target=\"_blank\" rel=\"noopener\"> \u010cesk\u00fdch turistov napadol medve\u010f. Priamo v stane<\/a> (2016).<\/p>\n<p>(5)  <a href=\"https:\/\/spravy.pravda.sk\/regiony\/clanok\/404370-ceskych-turistov-v-zapadnych-tatrach-napadol-medved\/\" target=\"_blank\" rel=\"noopener\"> \u010cesk\u00fdch turistov v Z\u00e1padn\u00fdch Tatr\u00e1ch napadol medve\u010f<\/a> (2016).<\/p>\n<p>(6)  Emergency Declared over Brazen Bears. BBC News. 2016<\/p>\n<p>(7)  <a href=\"https:\/\/bystrica.dnes24.sk\/foto-bystricky-hubar-prezradil-svoje-lokality-ako-si-spomina-na-stret-s-medvedom-243441\" target=\"_blank\" rel=\"noopener\"> FOTO: Bystrick\u00fd hub\u00e1r prezradil svoje lokality. Ako si spom\u00edna na stret s medve\u010fom?<\/a> (2016).<\/p>\n<p>(8)  <a href=\"http:\/\/www.topky.sk\/cl\/10\/1573109\/\" target=\"_blank\" rel=\"noopener\"> FOTO Najdesivej\u0161\u00ed stret v Tatr\u00e1ch, \u010cechov v stane prepadol medve\u010f: Vyd\u00fdchli si, pri\u0161lo to op\u00e4\u0165!<\/a> (2016).<\/p>\n<p>(9)  <a href=\"https:\/\/www.aktuality.sk\/clanok\/381392\/k-medvedom-sa-dostal-na-par-metrov-ukazuje-ich-aj-turistom\/\" target=\"_blank\" rel=\"noopener\"> K medve\u010fom sa dostal na p\u00e1r metrov. Ukazuje ich aj turistom<\/a> (2016).<\/p>\n<p>(10)  <a href=\"https:\/\/dennikn.sk\/441152\/medvede-tatrach-zvykli-stravu-odpadkovych-kosov\/\" target=\"_blank\" rel=\"noopener\"> Ke\u010f sa Tatranca sp\u00fdtate, \u010di u\u017e videl medve\u010fa, odpovie, \u017ee \u0161of\u00e9rova\u0165 elektri\u010dku e\u0161te nie<\/a> (2016).<\/p>\n<p>(11)  <a href=\"http:\/\/www.casopisveronica.cz\/clanek.php?id=1435\" target=\"_blank\" rel=\"noopener\"> Ko\u013eko medve\u010fov sa n\u00e1m t\u00fala po Slovensku?<\/a> (2016).<\/p>\n<p>(12)  <a href=\"https:\/\/www.tvnoviny.sk\/domace\/1827021_ludia-sledovali-boj-o-zivot-toto-mladatko-zostalo-bez-matky\" target=\"_blank\" rel=\"noopener\"> \u013dudia sledovali boj o \u017eivot. Toto ml\u00e1\u010fatko zostalo bez matky<\/a> (2016).<\/p>\n<p>(13)  <a href=\"https:\/\/www.noviny.sk\/krimi\/164862-manzelom-vosiel-do-cesty-medved-auto-skoncilo-v-priekope\" target=\"_blank\" rel=\"noopener\"> Man\u017eelom vo\u0161iel do cesty medve\u010f, auto skon\u010dilo v priekope<\/a> (2016).<\/p>\n<p>(14)  <a href=\"http:\/\/www.topky.sk\/cl\/10\/1577639\/\" target=\"_blank\" rel=\"noopener\"> Mapa roz\u0161\u00edrenia najv\u00e4\u010d\u0161ej slovenskej \u0161elmy: D\u00f4vod, pre\u010do medvede v pr\u00edrode nereguluj\u00fa<\/a> (2016).<\/p>\n<p>(15)  <a href=\"https:\/\/www.noviny.sk\/slovensko\/presov\/166094-medved-napadol-cechov-ktori-stanovali-v-tatrach\" target=\"_blank\" rel=\"noopener\"> Medve\u010f napadol \u010cechov, ktor\u00ed stanovali v Tatr\u00e1ch<\/a> (2016).<\/p>\n<p>(16)  <a href=\"https:\/\/www.tvnoviny.sk\/domace\/1829703_medved-sa-objavil-na-mieste-kde-ho-este-nikdy-predtym-nevideli\" target=\"_blank\" rel=\"noopener\"> Medve\u010f sa objavil na mieste, kde ho e\u0161te nikdy predt\u00fdm nevideli<\/a> (2016).<\/p>\n<p>(17)  <a href=\"https:\/\/www.noviny.sk\/slovensko\/165055-medved-znicil-ule-vcelari-sa-nahrady-zrejme-nedockaju\" target=\"_blank\" rel=\"noopener\"> Medve\u010f zni\u010dil \u00fale, v\u010del\u00e1ri sa n\u00e1hrady zrejme nedo\u010dkaj\u00fa<\/a> (2016).<\/p>\n<p>(18)  <a href=\"https:\/\/zivot.pluska.sk\/reportaze\/medvede-polane-hrozi-tragedia\" target=\"_blank\" rel=\"noopener\"> Medvede na Po\u013eane: Pod\u013ea odborn\u00edka je ich u\u017e extr\u00e9mne ve\u013ea a m\u00f4\u017ee d\u00f4js\u0165 k smrte\u013enej trag\u00e9dii!<\/a> (2016).<\/p>\n<p>(19)  <a href=\"http:\/\/www.topky.sk\/cl\/10\/1522871\/\" target=\"_blank\" rel=\"noopener\"> Medvede s\u00fa na potulk\u00e1ch po lesoch: V Tatr\u00e1ch je ich viac ako sto, medzi nimi aj zn\u00e1my Iwo<\/a> (2016).<\/p>\n<p>(20)  <a href=\"https:\/\/spravy.pravda.sk\/regiony\/clanok\/401865-medvede-vo-vysokych-tatrach-pritahuju-odpadkove-bufety\/\" target=\"_blank\" rel=\"noopener\"> Medvede vo Vysok\u00fdch Tatr\u00e1ch pri\u0165ahuj\u00fa odpadkov\u00e9 bufety<\/a> (2016).<\/p>\n<p>(21)  <a href=\"https:\/\/www.noviny.sk\/slovensko\/160277-mimoriadna-situaacia-vo-vysokych-tatrach-medvede-ohrozuju-deti-pri-skolach\" target=\"_blank\" rel=\"noopener\"> Mimoriadna situ\u00e1cia vo Vysok\u00fdch Tatr\u00e1ch. Medvede ohrozuj\u00fa deti pri \u0161kol\u00e1ch<\/a> (2016).<\/p>\n<p>(22)  <a href=\"https:\/\/www.tvnoviny.sk\/domace\/1824841_mimoriadna-situacia-vo-vysokych-tatrach-vyhlasili-ju-kvoli-medvedom\" target=\"_blank\" rel=\"noopener\"> Mimoriadna situ\u00e1cia vo Vysok\u00fdch Tatr\u00e1ch: Vyhl\u00e1sili ju kv\u00f4li medve\u010fom<\/a> (2016).<\/p>\n<p>(23)  <a href=\"https:\/\/www.tvnoviny.sk\/zaujimavosti\/1836622_na-certovici-ste-pri-ceste-mohli-vcera-stretnut-takehoto-medveda\" target=\"_blank\" rel=\"noopener\"> Na \u010certovici ste pri ceste mohli v\u010dera stretn\u00fa\u0165 tak\u00e9hoto medve\u010fa<\/a> (2016).<\/p>\n<p>(24)  <a href=\"https:\/\/www.tvnoviny.sk\/domace\/1817068_na-slovensku-zije-rekordne-mnozstvo-medvedov-tento-bol-najvacsi\" target=\"_blank\" rel=\"noopener\"> Na Slovensku \u017eije rekordn\u00e9 mno\u017estvo medve\u010fov. Tento bol najv\u00e4\u010d\u0161\u00ed<\/a> (2016).<\/p>\n<p>(25)  <a href=\"https:\/\/www.tvnoviny.sk\/domace\/1830706_na-turci-utocil-medved-dohryzeny-muz-prehovoril-o-chvilach-hrozy\" target=\"_blank\" rel=\"noopener\"> Na Turci \u00fato\u010dil medve\u010f. Dohryzen\u00fd mu\u017e prehovoril o chv\u00ed\u013each hr\u00f4zy<\/a> (2016).<\/p>\n<p>(26)  <a href=\"https:\/\/www.tvnoviny.sk\/zaujimavosti\/1828734_nevie-sa-dockat-eura-2016-tatransky-medved-predviedol-nevidane-divadlo\" target=\"_blank\" rel=\"noopener\"> Nevie sa do\u010dka\u0165 EURA 2016? Tatransk\u00fd medve\u010f predviedol nev\u00eddan\u00e9 divadlo<\/a> (2016).<\/p>\n<p>(27)  <a href=\"https:\/\/zilina.dnes24.sk\/odbornici-o-medvedoch-v-okoli-ziliny-mame-ich-tu-pozehnane-no-bat-sa-vraj-nemusime-235693\" target=\"_blank\" rel=\"noopener\"> Odborn\u00edci o medve\u010foch v okol\u00ed \u017diliny: M\u00e1me ich tu po\u017eehnane!<\/a> (2016).<\/p>\n<p>(28)  <a href=\"https:\/\/www1.pluska.sk\/regiony\/stredne-slovensko\/okamih-ktory-nikdy-nezabudne-polovnik-prezil-utok-divej-selmy\" target=\"_blank\" rel=\"noopener\"> Okamih, na ktor\u00fd nikdy nezabudne: Po\u013eovn\u00edk pre\u017eil \u00fatok divej \u0161elmy<\/a> (2016).<\/p>\n<p>(29)  <a href=\"https:\/\/dennikn.sk\/355857\/konecne-vieme-kolko-mame-medvedov\/\" target=\"_blank\" rel=\"noopener\"> Pravdu nemali ochran\u00e1ri ani po\u013eovn\u00edci. Kone\u010dne vieme, ko\u013eko m\u00e1me medve\u010fov<\/a> (2016).<\/p>\n<p>(30)  <a href=\"https:\/\/tvnoviny.sk\/domace\/clanok\/50209-pred-rokmi-ho-zmrzacil-medved-odskodne-mu-sposobilo-nocne-mory\" target=\"_blank\" rel=\"noopener\"> Pred rokmi ho zmrza\u010dil medve\u010f, od\u0161kodn\u00e9 mu sp\u00f4sobilo no\u010dn\u00e9 mory<\/a> (2016).<\/p>\n<p>(31)  <a href=\"https:\/\/www.aktuality.sk\/clanok\/328395\/premnozene-medvede-mesto-vysoke-tatry-vyhlasilo-mimoriadnu-situaciu\/\" target=\"_blank\" rel=\"noopener\"> Premno\u017een\u00e9 medvede: Mesto Vysok\u00e9 Tatry vyhl\u00e1silo mimoriadnu situ\u00e1ciu<\/a> (2016).<\/p>\n<p>(32)  <a href=\"https:\/\/spravy.pravda.sk\/domace\/clanok\/396009-medved-pohryzol-polovnika-ziadaju-odstrel\/\" target=\"_blank\" rel=\"noopener\"> Pri Kl\u00e1\u0161tore pod Znievom medve\u010f pohr\u00fdzol po\u013eovn\u00edka, \u017eiadaj\u00fa odstrel<\/a> (2016).<\/p>\n<p>(33)  <a href=\"https:\/\/www.wolf.sk\/sk\/pripady_konfliktov_zvierata_2016\" target=\"_blank\" rel=\"noopener\"> Pr\u00edpady konfliktov &#8211; divo\u017eij\u00face zvierat\u00e1 &#8211; rok 2016<\/a> (2016).<\/p>\n<p>(34)  <a href=\"https:\/\/www.noviny.sk\/slovensko\/160885-riaditel-tanapu-medved-nikdy-neulovi-cloveka-nerobme-z-neho-priseru\" target=\"_blank\" rel=\"noopener\"> Riadite\u013e TANAPu Majko: medve\u010f nikdy neulov\u00ed \u010dloveka, nerobme z neho pr\u00ed\u0161eru<\/a> (2016).<\/p>\n<p>(35)  <a href=\"https:\/\/www.tvnoviny.sk\/domace\/1839390_smutny-pohlad-po-nasich-lesoch-chodia-trojnohe-medvede-moze-za-to-clovek\" target=\"_blank\" rel=\"noopener\"> Smutn\u00fd poh\u013ead: Po na\u0161ich lesoch chodia trojnoh\u00e9 medvede, m\u00f4\u017ee za to \u010dlovek<\/a> (2016).<\/p>\n<p>(36)  <a href=\"https:\/\/www.tvnoviny.sk\/domace\/1846364_strielat-ci-nestrielat-zistovali-sme-ako-dostat-medvede-dalej-od-ludi\" target=\"_blank\" rel=\"noopener\"> Strie\u013ea\u0165 \u010di nestrie\u013ea\u0165? Zis\u0165ovali sme, ako dosta\u0165 medvede \u010falej od \u013eud\u00ed<\/a> (2016).<\/p>\n<p>(37)  <a href=\"https:\/\/www.dnes24.sk\/svet-o-slovensku-tatranske-medvede-valcuju-britske-media-240053\" target=\"_blank\" rel=\"noopener\"> SVET O SLOVENSKU: Tatransk\u00e9 medvede valcuj\u00fa britsk\u00e9 m\u00e9di\u00e1!<\/a> (2016).<\/p>\n<p>(38)  <a href=\"http:\/\/www.topky.sk\/cl\/10\/1541935\/\" target=\"_blank\" rel=\"noopener\"> Tatry s\u00fa pln\u00e9 nebezpe\u010denstva: FOTO Premno\u017een\u00e9 medvede menia spr\u00e1vanie, varovanie pre turistov<\/a> (2016).<\/p>\n<p>(39)  <a href=\"https:\/\/www.cas.sk\/clanok\/427623\/\" target=\"_blank\" rel=\"noopener\"> To je sila! J\u00e1n pre\u017eil stra\u0161n\u00fd \u00fatok medve\u010fa so zohavenou tv\u00e1rou: \u017divot mu strp\u010duj\u00fa z\u00e1vistlivci!<\/a> (2016).<\/p>\n<p>(40)  <a href=\"http:\/\/www.webnoviny.sk\/slovensko\/clanok\/1101431-turistov-v-tatrach-vydesil-medved-zasahovali-aj-zachranari\/\" target=\"_blank\" rel=\"noopener\"> Turistov v Tatr\u00e1ch vydesil medve\u010f, zasahovali aj z\u00e1chran\u00e1ri<\/a> (2016).<\/p>\n<p>(41)  <a href=\"https:\/\/spravy.pravda.sk\/regiony\/clanok\/404204-v-bielych-karpatoch-prekvapil-hubara-maco\/\" target=\"_blank\" rel=\"noopener\"> V Bielych Karpatoch prekvapil hub\u00e1ra maco<\/a> (2016).<\/p>\n<p>(42)  <a href=\"http:\/\/www.topky.sk\/cl\/10\/1550801\/\" target=\"_blank\" rel=\"noopener\"> V Tatr\u00e1ch vyrast\u00e1 nov\u00e1 gener\u00e1cia medve\u010fov: Michalovo VIDEO ukazuje hrozbu za bieleho d\u0148a<\/a> (2016).<\/p>\n<p>(43)  <a href=\"http:\/\/www.topky.sk\/cl\/10\/1549235\/\" target=\"_blank\" rel=\"noopener\"> VIDEO z Doln\u00e9ho Smokovca je postrachom pre rodi\u010dov: Medve\u010f predviedol ne\u010dakan\u00fd talent<\/a> (2016).<\/p>\n<p>(44)  <a href=\"http:\/\/www.topky.sk\/cl\/10\/1596565\/\" target=\"_blank\" rel=\"noopener\"> VIDEO z Ve\u013ekej Fatry vyvracia roz\u0161\u00edren\u00fd m\u00fdtus: Vysvetlenie, pre\u010do medvede t\u00fato zimu nespia<\/a> (2016).<\/p>\n<p>(45)  <a href=\"https:\/\/www.aktuality.sk\/clanok\/478857\/vo-vysokych-tatrach-odvolali-mimoriadnu-situaciu-medvede-sa-ulozili-na-spanok\/\" target=\"_blank\" rel=\"noopener\"> Vo Vysok\u00fdch Tatr\u00e1ch odvolali mimoriadnu situ\u00e1ciu, medvede sa ulo\u017eili na sp\u00e1nok<\/a> (2016).<\/p>\n<p>(46)  <a href=\"https:\/\/spravy.pravda.sk\/regiony\/clanok\/414500-vydatna-strava-im-neda-spat-medvede-si-pochutnavaju-na-bukviciach\/\" target=\"_blank\" rel=\"noopener\"> V\u00fddatn\u00e1 strava im ned\u00e1 spa\u0165. Medvede si pochutn\u00e1vaj\u00fa na bukviciach<\/a> (2016).<\/p>\n<p>(47)  <a href=\"https:\/\/www.tvnoviny.sk\/domace\/1842591_zbran-nevidaneho-kalibru-tento-psik-ma-zastavit-odvazne-medvede-v-tatrach\" target=\"_blank\" rel=\"noopener\"> Zbra\u0148 nev\u00eddan\u00e9ho kalibru. Tento ps\u00edk m\u00e1 zastavi\u0165 odv\u00e1\u017ene medvede v Tatr\u00e1ch<\/a> (2016).<\/p>\n<p>(48)  <a href=\"http:\/\/www.topky.sk\/cl\/13\/1550261\/\" target=\"_blank\" rel=\"noopener\"> Zn\u00e1ma americk\u00e1 telev\u00edzia nakr\u00fatila report\u00e1\u017e o Slovensku: Tatrami sa \u0161\u00edri strach!<\/a> (2016).<\/p>\n<p>(49)  <a href=\"http:\/\/www.zsr.sk\/slovensky\/media-room\/vyjadrenia-pre-media-2016\/jul\/zrazka-s-medvedom-....html\" target=\"_blank\" rel=\"noopener\"> Zr\u00e1\u017eka s medve\u010fom<\/a> (2016).<\/p>\n","protected":false},"excerpt":{"rendered":"<p>(1) Bears in High Tatras get cheeky (2016). (2) Bl\u00edzko Chaty pod Such\u00fdm sa pohybovali dva medvede, turista ich nato\u010dil (2016). (3) Brown bear goes through rubbish bins outside apartment in Slovakia (2016). (4) \u010cesk\u00fdch turistov napadol medve\u010f. Priamo v stane (2016). (5) \u010cesk\u00fdch turistov v Z\u00e1padn\u00fdch Tatr\u00e1ch napadol medve\u010f (2016). (6) Emergency Declared over [&hellip;]<\/p>\n","protected":false},"author":2,"featured_media":0,"parent":0,"menu_order":0,"comment_status":"closed","ping_status":"closed","template":"","meta":{"footnotes":""},"class_list":["post-55","page","type-page","status-publish","hentry"],"_links":{"self":[{"href":"https:\/\/gis.tuzvo.sk\/medvede\/index.php?rest_route=\/wp\/v2\/pages\/55","targetHints":{"allow":["GET"]}}],"collection":[{"href":"https:\/\/gis.tuzvo.sk\/medvede\/index.php?rest_route=\/wp\/v2\/pages"}],"about":[{"href":"https:\/\/gis.tuzvo.sk\/medvede\/index.php?rest_route=\/wp\/v2\/types\/page"}],"author":[{"embeddable":true,"href":"https:\/\/gis.tuzvo.sk\/medvede\/index.php?rest_route=\/wp\/v2\/users\/2"}],"replies":[{"embeddable":true,"href":"https:\/\/gis.tuzvo.sk\/medvede\/index.php?rest_route=%2Fwp%2Fv2%2Fcomments&post=55"}],"version-history":[{"count":5,"href":"https:\/\/gis.tuzvo.sk\/medvede\/index.php?rest_route=\/wp\/v2\/pages\/55\/revisions"}],"predecessor-version":[{"id":598,"href":"https:\/\/gis.tuzvo.sk\/medvede\/index.php?rest_route=\/wp\/v2\/pages\/55\/revisions\/598"}],"wp:attachment":[{"href":"https:\/\/gis.tuzvo.sk\/medvede\/index.php?rest_route=%2Fwp%2Fv2%2Fmedia&parent=55"}],"curies":[{"name":"wp","href":"https:\/\/api.w.org\/{rel}","templated":true}]}}