{"id":330,"date":"2022-06-28T06:41:04","date_gmt":"2022-06-28T05:41:04","guid":{"rendered":"https:\/\/gis.tuzvo.sk\/medvede\/?page_id=330"},"modified":"2025-04-19T07:04:00","modified_gmt":"2025-04-19T06:04:00","slug":"medvede","status":"publish","type":"page","link":"https:\/\/gis.tuzvo.sk\/medvede\/","title":{"rendered":"Medvede"},"content":{"rendered":"\n<div class=\"wp-block-group\"><div class=\"wp-block-group__inner-container is-layout-constrained wp-block-group-is-layout-constrained\">\n<div class=\"wp-block-columns is-layout-flex wp-container-core-columns-is-layout-9d6595d7 wp-block-columns-is-layout-flex\">\n<div class=\"wp-block-column is-layout-flow wp-block-column-is-layout-flow\" style=\"flex-basis:100%\">\n<div class=\"wp-block-group\"><div class=\"wp-block-group__inner-container is-layout-constrained wp-block-group-is-layout-constrained\">\n<table style=\"text-align: center; padding: 4px; width: 100%;\">\n<tbody>\n<tr>\n<th style=\"text-align: center;\" colspan=\"5\">Rok (po\u010det \u010dl\u00e1nkov)<\/th>\n<\/tr>\n<tr>\n<td style=\"text-align: center;\"><a href=\"\/medvede\/?page_id=681\">2024 (2483)<\/a><\/td>\n<td style=\"text-align: center;\"><a href=\"\/medvede\/?page_id=542\">2023 (1819)<\/a><\/td>\n<td style=\"text-align: center;\"><a href=\"\/medvede\/?page_id=300\">2022 (850)<\/a><\/td>\n<td style=\"text-align: center;\"><a href=\"\/medvede\/?page_id=226\">2021 (583)<\/a><\/td>\n<td style=\"text-align: center;\"><a href=\"\/medvede\/?page_id=85\">2020 (199)<\/a><\/td>\n<\/tr>\n<tr>\n<td style=\"text-align: center;\"><a href=\"\/medvede\/?page_id=83\">2019 (323)<\/a><\/td>\n<td style=\"text-align: center;\"><a href=\"\/medvede\/?page_id=81\">2018 (95)<\/a><\/td>\n<td style=\"text-align: center;\"><a href=\"\/medvede\/?page_id=79\">2017 (75)<\/a><\/td>\n<td style=\"text-align: center;\"><a href=\"\/medvede\/?page_id=55\">2016 (55)<\/a><\/td>\n<td style=\"text-align: center;\"><a href=\"\/medvede\/?page_id=57\">2015 (43)<\/a><\/td>\n<\/tr>\n<tr>\n<td style=\"text-align: center;\"><a href=\"\/medvede\/?page_id=59\">2014 (39)<\/a><\/td>\n<td style=\"text-align: center;\"><a href=\"\/medvede\/?page_id=61\">2013 (26)<\/a><\/td>\n<td style=\"text-align: center;\"><a href=\"\/medvede\/?page_id=63\">2012 (62)<\/a><\/td>\n<td style=\"text-align: center;\"><a href=\"\/medvede\/?page_id=65\">2011 (25)<\/a><\/td>\n<td style=\"text-align: center;\"><a href=\"\/medvede\/?page_id=67\">2010 (48)<\/a><\/td>\n<\/tr>\n<tr>\n<td style=\"text-align: center;\"><a href=\"\/medvede\/?page_id=69\">star\u0161ie (47)<\/a><\/td>\n<td style=\"text-align: center;\">\u00a0<\/td>\n<td style=\"text-align: center;\">\u00a0<\/td>\n<td style=\"text-align: center;\">\u00a0<\/td>\n<td style=\"text-align: center;\">\u00a0<\/td>\n<\/tr>\n<\/tbody>\n<\/table>\n<p style=\"text-align: center;\"><img loading=\"lazy\" decoding=\"async\" class=\"alignnone wp-image-602 size-full\" src=\"https:\/\/gis.tuzvo.sk\/medvede\/wp-content\/uploads\/2024\/01\/clanky_2024_01.jpg\" alt=\"\" width=\"1010\" height=\"493\" \/><br \/>V datab\u00e1ze evidujeme viac ako 7 000 \u010dl\u00e1nkov k problematike medve\u010fa na Slovensku.<\/p>\n<\/div><\/div>\n<\/div>\n<\/div>\n<\/div><\/div>\n","protected":false},"excerpt":{"rendered":"<p>Rok (po\u010det \u010dl\u00e1nkov) 2024 (2483) 2023 (1819) 2022 (850) 2021 (583) 2020 (199) 2019 (323) 2018 (95) 2017 (75) 2016 (55) 2015 (43) 2014 (39) 2013 (26) 2012 (62) 2011 (25) 2010 (48) star\u0161ie (47) \u00a0 \u00a0 \u00a0 \u00a0 V datab\u00e1ze evidujeme viac ako 7 000 \u010dl\u00e1nkov k problematike medve\u010fa na Slovensku.<\/p>\n","protected":false},"author":2,"featured_media":0,"parent":0,"menu_order":0,"comment_status":"closed","ping_status":"closed","template":"","meta":{"footnotes":""},"class_list":["post-330","page","type-page","status-publish","hentry"],"_links":{"self":[{"href":"https:\/\/gis.tuzvo.sk\/medvede\/index.php?rest_route=\/wp\/v2\/pages\/330","targetHints":{"allow":["GET"]}}],"collection":[{"href":"https:\/\/gis.tuzvo.sk\/medvede\/index.php?rest_route=\/wp\/v2\/pages"}],"about":[{"href":"https:\/\/gis.tuzvo.sk\/medvede\/index.php?rest_route=\/wp\/v2\/types\/page"}],"author":[{"embeddable":true,"href":"https:\/\/gis.tuzvo.sk\/medvede\/index.php?rest_route=\/wp\/v2\/users\/2"}],"replies":[{"embeddable":true,"href":"https:\/\/gis.tuzvo.sk\/medvede\/index.php?rest_route=%2Fwp%2Fv2%2Fcomments&post=330"}],"version-history":[{"count":34,"href":"https:\/\/gis.tuzvo.sk\/medvede\/index.php?rest_route=\/wp\/v2\/pages\/330\/revisions"}],"predecessor-version":[{"id":688,"href":"https:\/\/gis.tuzvo.sk\/medvede\/index.php?rest_route=\/wp\/v2\/pages\/330\/revisions\/688"}],"wp:attachment":[{"href":"https:\/\/gis.tuzvo.sk\/medvede\/index.php?rest_route=%2Fwp%2Fv2%2Fmedia&parent=330"}],"curies":[{"name":"wp","href":"https:\/\/api.w.org\/{rel}","templated":true}]}}