{"id":198,"date":"2020-12-13T02:41:25","date_gmt":"2020-12-13T02:41:25","guid":{"rendered":"http:\/\/gis.tuzvo.sk\/medvede\/?page_id=198"},"modified":"2020-12-13T02:47:14","modified_gmt":"2020-12-13T02:47:14","slug":"kontakt","status":"publish","type":"page","link":"https:\/\/gis.tuzvo.sk\/medvede\/?page_id=198","title":{"rendered":"Kontakt"},"content":{"rendered":"<p><strong><img loading=\"lazy\" decoding=\"async\" class=\"size-full wp-image-197 alignleft\" src=\"https:\/\/gis.tuzvo.sk\/medvede\/wp-content\/uploads\/2020\/12\/koren300-e1607827565405.jpg\" alt=\"\" width=\"200\" height=\"200\" \/>doc. Mgr. Milan Kore\u0148, PhD.<\/strong><br \/>\nKatedra pl\u00e1novania lesn\u00fdch zdrojov a informatiky<br \/>\nLesn\u00edcka fakulta<br \/>\nTechnick\u00e1 univerzita vo Zvolene<\/p>\n<p>e-mail: <a href=\"mailto:milan.koren@tuzvo.sk\">milan.koren@tuzvo.sk<\/a><\/p>\n","protected":false},"excerpt":{"rendered":"<p>doc. Mgr. Milan Kore\u0148, PhD. Katedra pl\u00e1novania lesn\u00fdch zdrojov a informatiky Lesn\u00edcka fakulta Technick\u00e1 univerzita vo Zvolene e-mail: milan.koren@tuzvo.sk<\/p>\n","protected":false},"author":2,"featured_media":0,"parent":0,"menu_order":0,"comment_status":"closed","ping_status":"closed","template":"","meta":{"footnotes":""},"class_list":["post-198","page","type-page","status-publish","hentry"],"_links":{"self":[{"href":"https:\/\/gis.tuzvo.sk\/medvede\/index.php?rest_route=\/wp\/v2\/pages\/198","targetHints":{"allow":["GET"]}}],"collection":[{"href":"https:\/\/gis.tuzvo.sk\/medvede\/index.php?rest_route=\/wp\/v2\/pages"}],"about":[{"href":"https:\/\/gis.tuzvo.sk\/medvede\/index.php?rest_route=\/wp\/v2\/types\/page"}],"author":[{"embeddable":true,"href":"https:\/\/gis.tuzvo.sk\/medvede\/index.php?rest_route=\/wp\/v2\/users\/2"}],"replies":[{"embeddable":true,"href":"https:\/\/gis.tuzvo.sk\/medvede\/index.php?rest_route=%2Fwp%2Fv2%2Fcomments&post=198"}],"version-history":[{"count":5,"href":"https:\/\/gis.tuzvo.sk\/medvede\/index.php?rest_route=\/wp\/v2\/pages\/198\/revisions"}],"predecessor-version":[{"id":203,"href":"https:\/\/gis.tuzvo.sk\/medvede\/index.php?rest_route=\/wp\/v2\/pages\/198\/revisions\/203"}],"wp:attachment":[{"href":"https:\/\/gis.tuzvo.sk\/medvede\/index.php?rest_route=%2Fwp%2Fv2%2Fmedia&parent=198"}],"curies":[{"name":"wp","href":"https:\/\/api.w.org\/{rel}","templated":true}]}}