{"id":129,"date":"2020-12-11T07:34:46","date_gmt":"2020-12-11T07:34:46","guid":{"rendered":"http:\/\/gis.tuzvo.sk\/medvede\/?page_id=129"},"modified":"2020-12-11T07:38:40","modified_gmt":"2020-12-11T07:38:40","slug":"skody","status":"publish","type":"page","link":"https:\/\/gis.tuzvo.sk\/medvede\/?page_id=129","title":{"rendered":"\u0160kody"},"content":{"rendered":"<p>Za posledn\u00fdch dvadsa\u0165 rokov sa nahl\u00e1sen\u00e9 \u0161kody sp\u00f4soben\u00e9 medve\u010fmi zv\u00fd\u0161ili takmer \u0161tvorn\u00e1sobne. V\u00fd\u0161ka vyplaten\u00fdch n\u00e1hrad za tieto \u0161kody v\u0161ak rastie omnoho pomal\u0161ie. Jednotliv\u00e9 \u0161kody zvy\u010dajne nie s\u00fa ve\u013ek\u00e9 a preto po\u0161koden\u00fd ve\u013eakr\u00e1t zva\u017euje, \u010di sa mu oplat\u00ed absolvova\u0165 pomerne n\u00e1ro\u010dn\u00fd administrat\u00edvny proces \u017eiadosti o n\u00e1hradu \u0161kody. Pod\u013ea uveden\u00fdch \u00fadajov n\u00e1hrady nedosahuj\u00fa ani 50% evidovan\u00fdch \u0161k\u00f4d sp\u00f4soben\u00fdch medve\u010fmi.<\/p>\n<p><img loading=\"lazy\" decoding=\"async\" class=\"aligncenter wp-image-130 size-large\" src=\"https:\/\/gis.tuzvo.sk\/medvede\/wp-content\/uploads\/2020\/12\/medved_skody-1024x347.jpg\" alt=\"\" width=\"625\" height=\"212\" \/><\/p>\n<p><img loading=\"lazy\" decoding=\"async\" class=\"aligncenter wp-image-132 size-large\" src=\"https:\/\/gis.tuzvo.sk\/medvede\/wp-content\/uploads\/2020\/12\/medved_plnenie-1024x307.jpg\" alt=\"\" width=\"625\" height=\"187\" \/><\/p>\n<p style=\"text-align: center; font-size: 10px;\">Grafy boli vytvoren\u00e9 na z\u00e1klade \u00fadajov NLC Zvolen (<a href=\"https:\/\/gis.nlcsk.org\/ibulh\" target=\"_blank\" rel=\"noopener\">gis.nlcsk.org\/ibulh<\/a>).<\/p>\n","protected":false},"excerpt":{"rendered":"<p>Za posledn\u00fdch dvadsa\u0165 rokov sa nahl\u00e1sen\u00e9 \u0161kody sp\u00f4soben\u00e9 medve\u010fmi zv\u00fd\u0161ili takmer \u0161tvorn\u00e1sobne. V\u00fd\u0161ka vyplaten\u00fdch n\u00e1hrad za tieto \u0161kody v\u0161ak rastie omnoho pomal\u0161ie. Jednotliv\u00e9 \u0161kody zvy\u010dajne nie s\u00fa ve\u013ek\u00e9 a preto po\u0161koden\u00fd ve\u013eakr\u00e1t zva\u017euje, \u010di sa mu oplat\u00ed absolvova\u0165 pomerne n\u00e1ro\u010dn\u00fd administrat\u00edvny proces \u017eiadosti o n\u00e1hradu \u0161kody. Pod\u013ea uveden\u00fdch \u00fadajov n\u00e1hrady nedosahuj\u00fa ani 50% evidovan\u00fdch \u0161k\u00f4d [&hellip;]<\/p>\n","protected":false},"author":2,"featured_media":0,"parent":0,"menu_order":0,"comment_status":"closed","ping_status":"closed","template":"","meta":{"footnotes":""},"class_list":["post-129","page","type-page","status-publish","hentry"],"_links":{"self":[{"href":"https:\/\/gis.tuzvo.sk\/medvede\/index.php?rest_route=\/wp\/v2\/pages\/129","targetHints":{"allow":["GET"]}}],"collection":[{"href":"https:\/\/gis.tuzvo.sk\/medvede\/index.php?rest_route=\/wp\/v2\/pages"}],"about":[{"href":"https:\/\/gis.tuzvo.sk\/medvede\/index.php?rest_route=\/wp\/v2\/types\/page"}],"author":[{"embeddable":true,"href":"https:\/\/gis.tuzvo.sk\/medvede\/index.php?rest_route=\/wp\/v2\/users\/2"}],"replies":[{"embeddable":true,"href":"https:\/\/gis.tuzvo.sk\/medvede\/index.php?rest_route=%2Fwp%2Fv2%2Fcomments&post=129"}],"version-history":[{"count":7,"href":"https:\/\/gis.tuzvo.sk\/medvede\/index.php?rest_route=\/wp\/v2\/pages\/129\/revisions"}],"predecessor-version":[{"id":139,"href":"https:\/\/gis.tuzvo.sk\/medvede\/index.php?rest_route=\/wp\/v2\/pages\/129\/revisions\/139"}],"wp:attachment":[{"href":"https:\/\/gis.tuzvo.sk\/medvede\/index.php?rest_route=%2Fwp%2Fv2%2Fmedia&parent=129"}],"curies":[{"name":"wp","href":"https:\/\/api.w.org\/{rel}","templated":true}]}}