{"id":930,"date":"2022-12-13T17:24:37","date_gmt":"2022-12-13T16:24:37","guid":{"rendered":"https:\/\/gis.tuzvo.sk\/agp\/?page_id=930"},"modified":"2026-02-18T01:41:48","modified_gmt":"2026-02-18T00:41:48","slug":"revitalization-and-protection-of-ecological-systems-disturbed-by-natural-disasters","status":"publish","type":"page","link":"https:\/\/gis.tuzvo.sk\/?page_id=930","title":{"rendered":"Revitalization and protection of ecological systems disturbed by natural disasters"},"content":{"rendered":"\n<h2 class=\"wp-block-heading\">Partners<\/h2>\n\n\n\n<ul class=\"wp-block-list\">\n<li>Technical university in Zvolen,<\/li>\n\n\n\n<li>Institute of Geoinformatics and Cartography, TU Wien,<\/li>\n\n\n\n<li>The conference was organized with the financial support of the Austrian Information Center for Scientific Cooperation, SAIA n.o. within the project TU-2: bilateral cooperation between TU Zvolen and TU Wien.<\/li>\n<\/ul>\n\n\n\n<figure class=\"wp-block-gallery aligncenter has-nested-images columns-4 wp-block-gallery-1 is-layout-flex wp-block-gallery-is-layout-flex\">\n<figure class=\"wp-block-image size-large\"><img loading=\"lazy\" decoding=\"async\" width=\"393\" height=\"209\" data-id=\"390\" src=\"https:\/\/gis.tuzvo.sk\/wp-content\/uploads\/2022\/11\/tuzvo_01.gif\" alt=\"\" class=\"wp-image-390\"\/><\/figure>\n\n\n\n<figure class=\"wp-block-image size-large\"><img loading=\"lazy\" decoding=\"async\" width=\"184\" height=\"109\" data-id=\"392\" src=\"https:\/\/gis.tuzvo.sk\/wp-content\/uploads\/2022\/11\/tuzvo_02.gif\" alt=\"\" class=\"wp-image-392\"\/><\/figure>\n\n\n\n<figure class=\"wp-block-image size-large\"><img loading=\"lazy\" decoding=\"async\" width=\"299\" height=\"136\" data-id=\"975\" src=\"https:\/\/gis.tuzvo.sk\/wp-content\/uploads\/2022\/12\/logo_tu_vienna.png\" alt=\"\" class=\"wp-image-975\"\/><\/figure>\n\n\n\n<figure class=\"wp-block-image size-large\"><img loading=\"lazy\" decoding=\"async\" width=\"252\" height=\"79\" data-id=\"971\" src=\"https:\/\/gis.tuzvo.sk\/wp-content\/uploads\/2022\/12\/logo_aso_ba.png\" alt=\"\" class=\"wp-image-971\"\/><\/figure>\n<\/figure>\n\n\n\n<h3 class=\"wp-block-heading\">Program<\/h3>\n\n\n\n<p>9:00 prof. Ing. J\u00e1n Tu\u010dek, CSc., Welcome address<\/p>\n\n\n\n<p>Section 1<\/p>\n\n\n\n<ul class=\"wp-block-list\">\n<li>9:05 prof. J\u00e1n Tu\u010dek, TU Zvolen, Influence of the geographical and forestry parameters of forest stand to the forest fire occurrence<\/li>\n\n\n\n<li>9:20&nbsp;Peter Fleischer, Milan Kore\u0148,&nbsp;Research Station of TANAP, \u0160L TANAP, Tatransk\u00e1 Lomnica,&nbsp;Natural disasters in Tatras region<\/li>\n\n\n\n<li>9:35&nbsp; prof. Anton Osvald, Andrea Majlingov\u00e1, TU Zvolen,&nbsp;Response of selected coniferous tree species to fire event<\/li>\n\n\n\n<li>9:50&nbsp;&nbsp;Mari\u00e1n Lopuch, HaZZ, Poprad,&nbsp;Forest fire &#8211; tactical methods of liquidation<\/li>\n\n\n\n<li>10:05&nbsp;Peter Weisenpache,&nbsp;Slovak Academy of Science, Bratislava, Forest Fire Computer Simulation using FARSITE Simulator<\/li>\n<\/ul>\n\n\n\n<p>Coffee break 10:30<\/p>\n\n\n\n<p>Section 2<\/p>\n\n\n\n<ul class=\"wp-block-list\">\n<li>10:50&nbsp;Piotr W\u0119\u017cyk, Grzegorz&nbsp; Zaj\u0105czkowski, Mateusz Sztreme,&nbsp;Poland,&nbsp;&nbsp;Geoinformation technologies applications in the mapping of widstorm area in Pisz primeval forest (north East Poland) &nbsp;<\/li>\n\n\n\n<li>11:05&nbsp;Gerhard Navratil, TU Vienna,&nbsp;Data quality for spatial planning &#8211; an ontological view<\/li>\n\n\n\n<li>11:20&nbsp;Takeshi Shirabe, TU Vienna,&nbsp;Shortest path search from a physical perspective<\/li>\n\n\n\n<li>11:35&nbsp;Claudia Achatschit,&nbsp;TU Vienna, Preference based spatial decision support<\/li>\n<\/ul>\n\n\n\n<figure class=\"wp-block-gallery aligncenter has-nested-images columns-4 is-cropped wp-block-gallery-2 is-layout-flex wp-block-gallery-is-layout-flex\">\n<figure class=\"wp-block-image size-large\"><img loading=\"lazy\" decoding=\"async\" width=\"205\" height=\"154\" data-id=\"985\" src=\"https:\/\/gis.tuzvo.sk\/wp-content\/uploads\/2022\/12\/par10044.jpg\" alt=\"\" class=\"wp-image-985\"\/><\/figure>\n\n\n\n<figure class=\"wp-block-image size-large\"><img loading=\"lazy\" decoding=\"async\" width=\"210\" height=\"171\" data-id=\"984\" src=\"https:\/\/gis.tuzvo.sk\/wp-content\/uploads\/2022\/12\/par10042.jpg\" alt=\"\" class=\"wp-image-984\"\/><\/figure>\n\n\n\n<figure class=\"wp-block-image size-large\"><img loading=\"lazy\" decoding=\"async\" width=\"205\" height=\"154\" data-id=\"983\" src=\"https:\/\/gis.tuzvo.sk\/wp-content\/uploads\/2022\/12\/par10028.jpg\" alt=\"\" class=\"wp-image-983\"\/><\/figure>\n\n\n\n<figure class=\"wp-block-image size-large\"><img loading=\"lazy\" decoding=\"async\" width=\"192\" height=\"164\" data-id=\"982\" src=\"https:\/\/gis.tuzvo.sk\/wp-content\/uploads\/2022\/12\/par10018.jpg\" alt=\"\" class=\"wp-image-982\"\/><\/figure>\n\n\n\n<figure class=\"wp-block-image size-large\"><img loading=\"lazy\" decoding=\"async\" width=\"210\" height=\"153\" data-id=\"981\" src=\"https:\/\/gis.tuzvo.sk\/wp-content\/uploads\/2022\/12\/par10005.jpg\" alt=\"\" class=\"wp-image-981\"\/><\/figure>\n\n\n\n<figure class=\"wp-block-image size-large\"><img loading=\"lazy\" decoding=\"async\" width=\"205\" height=\"154\" data-id=\"987\" src=\"https:\/\/gis.tuzvo.sk\/wp-content\/uploads\/2022\/12\/par10072.jpg\" alt=\"\" class=\"wp-image-987\"\/><\/figure>\n\n\n\n<figure class=\"wp-block-image size-large\"><img loading=\"lazy\" decoding=\"async\" width=\"205\" height=\"154\" data-id=\"980\" src=\"https:\/\/gis.tuzvo.sk\/wp-content\/uploads\/2022\/12\/par10002.jpg\" alt=\"\" class=\"wp-image-980\"\/><\/figure>\n\n\n\n<figure class=\"wp-block-image size-large\"><img loading=\"lazy\" decoding=\"async\" width=\"205\" height=\"154\" data-id=\"986\" src=\"https:\/\/gis.tuzvo.sk\/wp-content\/uploads\/2022\/12\/par10053.jpg\" alt=\"\" class=\"wp-image-986\"\/><\/figure>\n<\/figure>\n\n\n\n<p>Lunch 12:00&nbsp;&nbsp; &nbsp;<\/p>\n\n\n\n<p>Section 3<\/p>\n\n\n\n<ul class=\"wp-block-list\">\n<li>13:30&nbsp;YMS, a.s., Trnava,&nbsp;Mobile data collection via GIS<\/li>\n\n\n\n<li>13:45&nbsp;Intergraph \u010cR, s.r.o., Praha,&nbsp;World of map services<\/li>\n\n\n\n<li>14:00&nbsp;ATopo, s.r.o., Bansk\u00e1 Bystrica,&nbsp;Mobile mapping and data collection<\/li>\n\n\n\n<li>14:15&nbsp;Ornth, s.r.o., Bansk\u00e1 Bystrica,&nbsp;The use of GPS in large forest fires extinguishment<\/li>\n<\/ul>\n\n\n\n<p>Coffee break 14:30<\/p>\n\n\n\n<p>Section 4<\/p>\n\n\n\n<ul class=\"wp-block-list\">\n<li>15:00&nbsp;Marek Fabrika,&nbsp; TU Zvolen,&nbsp;Decision support for forest ecosystem management by model SIBYLA and GIS<\/li>\n\n\n\n<li>15:15&nbsp;&nbsp;doc. Jaroslav Hofierka, University of Pre\u0161ov,&nbsp;Modelling overland water flow and erosion processes using open-source GIS<\/li>\n\n\n\n<li>15:30&nbsp;&nbsp;Miroslav Luk\u00e1\u010d, Water Research Institute, Bratislava,&nbsp;The use of numerical modelling and GIS in the project of slovak-austrian Morava river reach restoration<\/li>\n\n\n\n<li>15:45&nbsp;M. Kore\u0148, J. Tu\u010dek, V. Papaj,&nbsp;TU Zvolen,&nbsp;Regional model of forest ecosystems<\/li>\n<\/ul>\n\n\n\n<h2 class=\"wp-block-heading\">Sponsors<\/h2>\n\n\n\n<figure class=\"wp-block-gallery aligncenter has-nested-images columns-6 wp-block-gallery-3 is-layout-flex wp-block-gallery-is-layout-flex\">\n<figure class=\"wp-block-image size-large\"><img loading=\"lazy\" decoding=\"async\" width=\"252\" height=\"79\" data-id=\"971\" src=\"https:\/\/gis.tuzvo.sk\/wp-content\/uploads\/2022\/12\/logo_aso_ba.png\" alt=\"\" class=\"wp-image-971\"\/><\/figure>\n\n\n\n<figure class=\"wp-block-image size-large\"><img loading=\"lazy\" decoding=\"async\" width=\"300\" height=\"60\" data-id=\"974\" src=\"https:\/\/gis.tuzvo.sk\/wp-content\/uploads\/2022\/12\/logo_ornth.png\" alt=\"\" class=\"wp-image-974\"\/><\/figure>\n\n\n\n<figure class=\"wp-block-image size-large\"><img loading=\"lazy\" decoding=\"async\" width=\"152\" height=\"42\" data-id=\"973\" src=\"https:\/\/gis.tuzvo.sk\/wp-content\/uploads\/2022\/12\/logo_intergraph.png\" alt=\"\" class=\"wp-image-973\"\/><\/figure>\n\n\n\n<figure class=\"wp-block-image size-large\"><img loading=\"lazy\" decoding=\"async\" width=\"200\" height=\"103\" data-id=\"970\" src=\"https:\/\/gis.tuzvo.sk\/wp-content\/uploads\/2022\/12\/GI_podtext_w200.gif\" alt=\"\" class=\"wp-image-970\"\/><\/figure>\n\n\n\n<figure class=\"wp-block-image size-large\"><img loading=\"lazy\" decoding=\"async\" width=\"156\" height=\"90\" data-id=\"979\" src=\"https:\/\/gis.tuzvo.sk\/wp-content\/uploads\/2022\/12\/logo_yms.png\" alt=\"\" class=\"wp-image-979\"\/><\/figure>\n\n\n\n<figure class=\"wp-block-image size-large\"><img loading=\"lazy\" decoding=\"async\" width=\"197\" height=\"140\" data-id=\"972\" src=\"https:\/\/gis.tuzvo.sk\/wp-content\/uploads\/2022\/12\/logo_atopo.png\" alt=\"\" class=\"wp-image-972\"\/><\/figure>\n<\/figure>\n","protected":false},"excerpt":{"rendered":"<p>Partners Program 9:00 prof. Ing. J\u00e1n Tu\u010dek, CSc., Welcome address Section 1 Coffee break 10:30 Section 2 Lunch 12:00&nbsp;&nbsp; &nbsp; Section 3 Coffee break 14:30 Section 4 Sponsors<\/p>\n","protected":false},"author":2,"featured_media":0,"parent":0,"menu_order":0,"comment_status":"closed","ping_status":"closed","template":"","meta":{"footnotes":""},"class_list":["post-930","page","type-page","status-publish","hentry"],"_links":{"self":[{"href":"https:\/\/gis.tuzvo.sk\/index.php?rest_route=\/wp\/v2\/pages\/930","targetHints":{"allow":["GET"]}}],"collection":[{"href":"https:\/\/gis.tuzvo.sk\/index.php?rest_route=\/wp\/v2\/pages"}],"about":[{"href":"https:\/\/gis.tuzvo.sk\/index.php?rest_route=\/wp\/v2\/types\/page"}],"author":[{"embeddable":true,"href":"https:\/\/gis.tuzvo.sk\/index.php?rest_route=\/wp\/v2\/users\/2"}],"replies":[{"embeddable":true,"href":"https:\/\/gis.tuzvo.sk\/index.php?rest_route=%2Fwp%2Fv2%2Fcomments&post=930"}],"version-history":[{"count":7,"href":"https:\/\/gis.tuzvo.sk\/index.php?rest_route=\/wp\/v2\/pages\/930\/revisions"}],"predecessor-version":[{"id":1341,"href":"https:\/\/gis.tuzvo.sk\/index.php?rest_route=\/wp\/v2\/pages\/930\/revisions\/1341"}],"wp:attachment":[{"href":"https:\/\/gis.tuzvo.sk\/index.php?rest_route=%2Fwp%2Fv2%2Fmedia&parent=930"}],"curies":[{"name":"wp","href":"https:\/\/api.w.org\/{rel}","templated":true}]}}