{"id":876,"date":"2022-12-13T15:38:40","date_gmt":"2022-12-13T14:38:40","guid":{"rendered":"https:\/\/gis.tuzvo.sk\/agp\/?page_id=876"},"modified":"2026-02-18T01:52:21","modified_gmt":"2026-02-18T00:52:21","slug":"forum-mladych-geoinformatikov-2010","status":"publish","type":"page","link":"https:\/\/gis.tuzvo.sk\/?page_id=876","title":{"rendered":"F\u00f3rum mlad\u00fdch geoinformatikov 2010"},"content":{"rendered":"<div class=\"wp-block-image\">\n<figure class=\"alignleft size-full is-resized\"><img loading=\"lazy\" decoding=\"async\" width=\"480\" height=\"480\" src=\"https:\/\/gis.tuzvo.sk\/wp-content\/uploads\/2022\/12\/fmg_logo-1.jpg\" alt=\"\" class=\"wp-image-862\" style=\"width:120px;height:120px\"\/><\/figure>\n<\/div>\n\n\n<p>Na p\u00f4de Technickej univerzity vo Zvolene sa 30. apr\u00edla uskuto\u010dnil 5. Ro\u010dn\u00edk F\u00f3ra mlad\u00fdch geoinformatikov. Celkovo bolo prihl\u00e1sen\u00fdch 10 pr\u00edspevkov zo Slovenskej a \u010ceskej republiky. Komisia v zlo\u017een\u00ed Ing. Martin Klim\u00e1nek, PhD. (Mend\u011blova zem\u011bdelsk\u00e1 a lesnick\u00e1 univerzita v Brn\u011b) a Mgr. Juraj Lieskovsk\u00fd, PhD. (\u00dastav krajinnej ekol\u00f3gie SAV) vyberali zo v\u0161etk\u00fdch pr\u00e1c 2 najlep\u0161ie. F\u00f3rum mlad\u00fdch geoinformatikov otvoril svojim pr\u00edhovorom prof. Ing. J\u00e1n Tu\u010dek, CSc., po jeho pr\u00edhovore za\u010dala prezent\u00e1cia pr\u00e1c.<\/p>\n\n\n\n<p>Z prezentovan\u00fdch pr\u00e1c vybrala porota:<\/p>\n\n\n\n<ol class=\"wp-block-list\">\n<li>miesto: Ing. Marek Fa\u0161ko (TU vo Zvolene)<\/li>\n\n\n\n<li>miesto: Mgr. Ji\u0159\u00ed Kam\u00ednek (MU v Brn\u011b)<\/li>\n<\/ol>\n\n\n\n<p>V\u00fdhercom gratulujeme. \u010eakujeme sponzorom a v\u0161etk\u00fdm, ktor\u00ed n\u00e1m pomohli uskuto\u010dni\u0165 tento ro\u010dn\u00edk.<\/p>\n\n\n\n<p>Z\u00e1rove\u0148 si dovo\u013eujeme pozva\u0165 v\u0161etk\u00fdch na \u010fal\u0161\u00ed ro\u010dn\u00edk F\u00f3ra mlad\u00fdch geoinformatikov.<\/p>\n\n\n\n<h2 class=\"wp-block-heading\" id=\"Prezent_cie_a_pr_spevky\">Prezent\u00e1cie a&nbsp;pr\u00edspevky<\/h2>\n\n\n\n<ul class=\"wp-block-list\">\n<li><a href=\".\/wp-content\/uploads\/2022\/12\/Fask2937.pdf\">Fa\u0161ko Marek: R\u00fdchle met\u00f3dy geodetick\u00e9ho ur\u010dovania polohy bodov statick\u00fdm meran\u00edm GNSS na lesn\u00fdch priesekoch<\/a> (<a href=\".\/wp-content\/uploads\/2022\/12\/pr_Fasko.pdf\">full&nbsp;text<\/a>)<\/li>\n\n\n\n<li>Gerge\u013eov\u00e1 Marcela: GIS ako podporn\u00fd nastroj v procese mana\u017ementu riz\u00edk v oblasti povod\u0148ovej ochrany<\/li>\n\n\n\n<li><a href=\".\/wp-content\/uploads\/2022\/12\/Kame2937.pdf\">Kamensk\u00fd Peter: Predikcia strednej s\u00faradnicovej chyby pri pou\u017eit\u00ed r\u00fdchlej statickej met\u00f3dy GNSS v lesnom prostred\u00ed<\/a> (<a href=\".\/wp-content\/uploads\/2022\/12\/pr_Kamensky.pdf\">full&nbsp;text<\/a>)<\/li>\n\n\n\n<li><a href=\".\/wp-content\/uploads\/2022\/12\/Kami2953.pdf\">Kam\u00ednek Ji\u0159\u00ed: Vlastn\u00ed dla\u017edicov\u00fd syst\u00e9m pro mobiln\u00ed za\u0159\u00edzen\u00ed<\/a> (<a href=\".\/wp-content\/uploads\/2022\/12\/pr_Kaminek.pdf\">full&nbsp;text<\/a>)<\/li>\n\n\n\n<li><a href=\".\/wp-content\/uploads\/2022\/12\/Kova2953.pdf\">Kov\u00e1csov\u00e1 Petronela: Spracovanie \u00fadajov z Leteck\u00e9ho Laserov\u00e9ho Skenovania<\/a> (full&nbsp;text)<\/li>\n\n\n\n<li>Liga J\u00e1n: Modelovanie v\u00fdvoja krajinnej \u0161trukt\u00fary \u017diaru nad Hronom v programe Dinamica EGO 1.4<\/li>\n\n\n\n<li>R\u00ed\u010diov\u00e1 Dana: Sledovanie v\u00fdvoja vegeta\u010dn\u00fdch pl\u00f4ch urb\u00e1nneho prostredia s vyu\u017eit\u00edm d\u00e1t dia\u013ekov\u00e9ho prieskumu Zeme (<a href=\".\/wp-content\/uploads\/2022\/12\/pr_Riciova.pdf\">full&nbsp;text<\/a>)<\/li>\n\n\n\n<li><a href=\".\/wp-content\/uploads\/2022\/12\/Sadi2968.pdf\">\u0160adibol Jozef: Digit\u00e1lne v\u00fd\u0161kov\u00e9 modely z\u00edskan\u00e9 z leteck\u00fdch sn\u00edmok<\/a> (<a href=\".\/wp-content\/uploads\/2022\/12\/pr_Sadibol.pdf\">full&nbsp;text<\/a>)<\/li>\n\n\n\n<li><a href=\".\/wp-content\/uploads\/2022\/12\/Toma2968.pdf\">Toman Mat\u00fa\u0161: Modelovanie a optimaliz\u00e1cia TVDT na z\u00e1klade vybran\u00fdch ergonomick\u00fdch krit\u00e9ri\u00ed s vyu\u017eit\u00edm SDSS<\/a> (<a href=\".\/wp-content\/uploads\/2022\/12\/pr_Toman.pdf\">full&nbsp;text<\/a>)<\/li>\n\n\n\n<li><a href=\".\/wp-content\/uploads\/2022\/12\/Urban.pdf\">Urban Mari\u00e1n: Predikt\u00edvne modelovanie prame\u0148ov vodn\u00fdch tokov v prostred\u00ed GIS<\/a><\/li>\n<\/ul>\n\n\n\n<h2 class=\"wp-block-heading\" id=\"Zborn_k_z_konferencie\">Zborn\u00edk z&nbsp;konferencie<\/h2>\n\n\n\n<ul class=\"wp-block-list\">\n<li><a href=\".\/wp-content\/uploads\/2022\/12\/fmg_zbornik_2010.zip\">F\u00f3rum mlad\u00fdch geoinformatikov 2010: zborn\u00edk pr\u00edspevkov a prezent\u00e1ci\u00ed. Technick\u00e1 univerzita vo Zvolene, 30. apr\u00edl 2010. Eds. R\u00f3bert Smre\u010dek, Andrea Majlingov\u00e1, Milan Kore\u0148. Technick\u00e1 univerzita vo Zvolene, 2010, ISBN 978-80-228-2119-3.<\/a><\/li>\n<\/ul>\n\n\n\n<hr class=\"wp-block-separator has-alpha-channel-opacity\"\/>\n","protected":false},"excerpt":{"rendered":"<p>Na p\u00f4de Technickej univerzity vo Zvolene sa 30. apr\u00edla uskuto\u010dnil 5. Ro\u010dn\u00edk F\u00f3ra mlad\u00fdch geoinformatikov. Celkovo bolo prihl\u00e1sen\u00fdch 10 pr\u00edspevkov zo Slovenskej a \u010ceskej republiky. Komisia v zlo\u017een\u00ed Ing. Martin Klim\u00e1nek, PhD. (Mend\u011blova zem\u011bdelsk\u00e1 a lesnick\u00e1 univerzita v Brn\u011b) a Mgr. Juraj Lieskovsk\u00fd, PhD. (\u00dastav krajinnej ekol\u00f3gie SAV) vyberali zo v\u0161etk\u00fdch pr\u00e1c 2 najlep\u0161ie. F\u00f3rum &hellip; <\/p>\n<div class=\"link-more\"><a href=\"https:\/\/gis.tuzvo.sk\/?page_id=876\" class=\"more-link\">Read More<span class=\"screen-reader-text\"> &#8220;F\u00f3rum mlad\u00fdch geoinformatikov 2010&#8221;<\/span><\/a><\/div>\n","protected":false},"author":2,"featured_media":0,"parent":0,"menu_order":0,"comment_status":"closed","ping_status":"closed","template":"","meta":{"footnotes":""},"class_list":["post-876","page","type-page","status-publish","hentry"],"_links":{"self":[{"href":"https:\/\/gis.tuzvo.sk\/index.php?rest_route=\/wp\/v2\/pages\/876","targetHints":{"allow":["GET"]}}],"collection":[{"href":"https:\/\/gis.tuzvo.sk\/index.php?rest_route=\/wp\/v2\/pages"}],"about":[{"href":"https:\/\/gis.tuzvo.sk\/index.php?rest_route=\/wp\/v2\/types\/page"}],"author":[{"embeddable":true,"href":"https:\/\/gis.tuzvo.sk\/index.php?rest_route=\/wp\/v2\/users\/2"}],"replies":[{"embeddable":true,"href":"https:\/\/gis.tuzvo.sk\/index.php?rest_route=%2Fwp%2Fv2%2Fcomments&post=876"}],"version-history":[{"count":7,"href":"https:\/\/gis.tuzvo.sk\/index.php?rest_route=\/wp\/v2\/pages\/876\/revisions"}],"predecessor-version":[{"id":1348,"href":"https:\/\/gis.tuzvo.sk\/index.php?rest_route=\/wp\/v2\/pages\/876\/revisions\/1348"}],"wp:attachment":[{"href":"https:\/\/gis.tuzvo.sk\/index.php?rest_route=%2Fwp%2Fv2%2Fmedia&parent=876"}],"curies":[{"name":"wp","href":"https:\/\/api.w.org\/{rel}","templated":true}]}}