{"id":857,"date":"2022-12-12T19:20:24","date_gmt":"2022-12-12T18:20:24","guid":{"rendered":"https:\/\/gis.tuzvo.sk\/agp\/?page_id=857"},"modified":"2026-02-18T01:51:42","modified_gmt":"2026-02-18T00:51:42","slug":"forum-mladych-geoinformatikov-2009","status":"publish","type":"page","link":"https:\/\/gis.tuzvo.sk\/?page_id=857","title":{"rendered":"F\u00f3rum mlad\u00fdch geoinformatikov 2009"},"content":{"rendered":"<div class=\"wp-block-image\">\n<figure class=\"alignright size-full is-resized\"><img loading=\"lazy\" decoding=\"async\" width=\"480\" height=\"480\" src=\"https:\/\/gis.tuzvo.sk\/wp-content\/uploads\/2022\/12\/fmg_logo-1.jpg\" alt=\"\" class=\"wp-image-862\" style=\"width:120px;height:120px\"\/><\/figure>\n<\/div>\n\n\n<p>D\u0148a 14. a 15 m\u00e1ja 2009 sa na p\u00f4de Technickej univerzity vo Zvolene uskuto\u010dnil 4. ro\u010dn\u00edk F\u00f3ra mlad\u00fdch geoinformatikov. S\u00fa\u010das\u0165ou tohto ro\u010dn\u00edka bol aj workshop v spolupr\u00e1ci s ESA pod n\u00e1zvom Detekcia zmien na zemskom povrchu pomocou radarov\u00fdch d\u00e1t. Tento workshop sa uskuto\u010dnil d\u0148a 15. m\u00e1ja 2009.<\/p>\n\n\n\n<p>Po\u010das prv\u00e9ho d\u0148a boli prezentovan\u00e9 pr\u00edspevky doktorandov. Celkovo bolo prihl\u00e1sen\u00fdch 8 prezentuj\u00facich zo Slovenskej a \u010ceskej republiky. Takisto ako minul\u00fd rok, aj tento rok to bola s\u00fa\u0165a\u017e doktorandsk\u00fdch pr\u00e1c. Pr\u00e1ce hodnotila komisia, \u010dlenmi komisie boli RNDr. Radovan Hilbert za SAGI, Ing. Miroslav Kardo\u0161, PhD. a Ing. Juli\u00e1n Toma\u0161t\u00edk, obidvaja z Technickej univerzity vo Zvolene. Komisia vyberala 3 najlep\u0161ie pr\u00e1ce a vybrala pr\u00e1cu s najlep\u0161ou grafikou. Takmer 30 div\u00e1kov mohlo vybra\u0165 jedn\u00e9ho z prezentuj\u00facich a udeli\u0165 mu cenu sympatie. Po \u00favodnom pr\u00edhovore prof. Ing. J\u00e1na Tu\u010deka CSc. za\u010dala prezent\u00e1cia pr\u00e1c. Porota vybrala zo z\u00fa\u010dastnen\u00fdch tieto pr\u00e1ce:<\/p>\n\n\n\n<p><strong>1. miesto: Ing. Eva Smejkalov\u00e1 (V\u0160B TU Ostrava)<\/strong><\/p>\n\n\n<div class=\"wp-block-image is-style-rounded\">\n<figure class=\"aligncenter size-full is-resized\"><img loading=\"lazy\" decoding=\"async\" width=\"800\" height=\"600\" src=\"https:\/\/gis.tuzvo.sk\/wp-content\/uploads\/2022\/12\/SDC10050_1miesto.jpg\" alt=\"\" class=\"wp-image-789\" style=\"width:600px;height:450px\"\/><\/figure>\n<\/div>\n\n\n<p><strong>2. miesto: Mgr. Juraj Lieskovsk\u00fd (\u00dastav krajinnej ekol\u00f3gie SAV Bratislava &#8211; pobo\u010dka Nitra)<\/strong><\/p>\n\n\n<div class=\"wp-block-image is-style-rounded\">\n<figure class=\"aligncenter size-full is-resized\"><img loading=\"lazy\" decoding=\"async\" width=\"800\" height=\"600\" src=\"https:\/\/gis.tuzvo.sk\/wp-content\/uploads\/2022\/12\/SDC10049_2miesto.jpg\" alt=\"\" class=\"wp-image-787\" style=\"width:600px;height:450px\"\/><\/figure>\n<\/div>\n\n\n<p><strong>3. miesto: Ing. Elena Kondrlov\u00e1 (KKPP\u00da, SPU Nitra)<\/strong><\/p>\n\n\n<div class=\"wp-block-image is-style-rounded\">\n<figure class=\"aligncenter size-full is-resized\"><img loading=\"lazy\" decoding=\"async\" width=\"800\" height=\"600\" src=\"https:\/\/gis.tuzvo.sk\/wp-content\/uploads\/2022\/12\/SDC10048_3miesto.jpg\" alt=\"\" class=\"wp-image-785\" style=\"width:600px;height:450px\"\/><\/figure>\n<\/div>\n\n\n<ul class=\"wp-block-list\">\n<li>Najlep\u0161ie grafick\u00e9 spracovanie prezent\u00e1cie: Ing. Petronela Kovacsov\u00e1 (TU vo Zvolene)<\/li>\n\n\n\n<li>Sympatie publika: Ing. Zuzana Lubinszk\u00e1 (TU vo Zvolene)<\/li>\n\n\n\n<li>Hlasuj\u00faci div\u00e1k: Michal Paul\u010fu\u0161ko (TU vo Zvolene)<\/li>\n<\/ul>\n\n\n\n<p>Po prezent\u00e1ci\u00e1ch a kr\u00e1tkom oddychu bol pl\u00e1novan\u00fd v\u00fdstup na Pust\u00fd hrad ne\u010faleko Zvolena a po \u0148om spolo\u010densk\u00e9 posedenie v re\u0161taur\u00e1cii penzi\u00f3nu Almada. Po\u010dasie \u017eia\u013e neprialo v\u00fdstupu na Pust\u00fd hrad a preto sa \u00fa\u010dastn\u00edci stretli a\u017e na spom\u00ednanom spolo\u010denskom poseden\u00ed. Na tomto poseden\u00ed sa okrem prezentuj\u00facich z\u00fa\u010dastnili aj Dr. Francesco Sarti a Dr. Steffen Dransfeld, ktor\u00ed viedli workshop ESA.<\/p>\n\n\n\n<p>Na druh\u00fd de\u0148, 15. m\u00e1ja 2009, sa uskuto\u010dnil workshop ESA s n\u00e1zvom Detekcia zmien na zemskom povrchu pomocou radarov\u00fdch d\u00e1t. Workshop viedol Dr. Francesco Sarti, praktick\u00e9 cvi\u010denie viedol Dr. Steffen Dransfeld a cel\u00fd workshop prebiehal v anglickom jazyku. Na workshope sa z\u00fa\u010dastnilo 16 \u00fa\u010dastn\u00edkov z r\u00f4znych in\u0161tit\u00faci\u00ed. Cel\u00fd priebeh workshopu sa niesol v priate\u013eskom duchu. Pre \u00fa\u010dastn\u00edkov bol workshop pr\u00ednosom, nako\u013eko im bolo predn\u00e1\u0161an\u00e9 o danej problematike od odborn\u00edkov a takisto zistili mo\u017enosti z\u00edskavania d\u00e1t. Trvanie workshopu sa pred\u013a\u017eilo, \u010do v\u0161ak nikomu zo z\u00fa\u010dastnen\u00fdch nevadilo, nako\u013eko boli precvi\u010den\u00e9 t\u00e9my aj nad r\u00e1mec pl\u00e1novan\u00e9ho programu. Praktick\u00e9 cvi\u010denia sa uskuto\u010dnili v softv\u00e9rovom prostred\u00ed NEST a BEAM. \u010eakujeme aj firme ArcGEO za poskytnutie licenci\u00ed na ERDAS 9.3. Workshop, ako aj F\u00f3rum mlad\u00fdch geoinformatikov 2009 malo ukon\u010denie poseden\u00edm v\u00e4\u010d\u0161iny \u00fa\u010dastn\u00edkov na terase v penzi\u00f3ne Almada.<\/p>\n\n\n\n<p>\u010eakujeme organiza\u010dn\u00e9mu t\u00fdmu za pr\u00edjemn\u00fd priebeh a zabezpe\u010denie celej akcie, komisii, v\u0161etk\u00fdm \u00fa\u010dastn\u00edkom, div\u00e1kom a v neposlednom rade sponzorom za ceny pre v\u00fdhercov ako aj za finan\u010dn\u00fa podporu, bez ktorej by nebolo mo\u017en\u00e9 FMG uskuto\u010dni\u0165 a te\u0161\u00edme sa na \u010fal\u0161\u00ed ro\u010dn\u00edk, ktor\u00fd bude ur\u010dite e\u0161te lep\u0161\u00ed ako uplynul\u00fd.<\/p>\n\n\n\n<h2 class=\"wp-block-heading\">Ceny<\/h2>\n\n\n\n<ol class=\"wp-block-list\">\n<li>miesto: Bezplatn\u00e1 \u00fa\u010das\u0165 a vyst\u00fapenie na konferencii Enviro-i-f\u00f3rum (SA\u017dP BB), bezplatn\u00e1 registr\u00e1cia a ubytovanie na konferencii GeoForum CS 2009 (Intergaph), batoh na notebook (rektor TU vo Zvolene), kni\u017eka na platforme ESRI (Corinex Group), kni\u017eka Nad Slovenskom (SAGI)<\/li>\n\n\n\n<li>miesto: Hrn\u010dek (Intergraph), obal na CD (Intergraph), ta\u0161ka (Intergraph), kni\u017eka na platforme ESRI (Corinex Group), kni\u017eka Encyklop\u00e9dia zemepisu sveta (SAGI)<\/li>\n\n\n\n<li>miesto: \u0160iltovka (Intergraph), tri\u010dko (Intergraph), nafukovac\u00ed vank\u00fa\u0161ik (Intergraph), ta\u0161ka (Intergraph), USB k\u013e\u00fa\u010d s kapacitou 4 GB (Corinex Group)<\/li>\n<\/ol>\n\n\n\n<ul class=\"wp-block-list\">\n<li>Grafick\u00e9 spracovanie prezent\u00e1cie: Gl\u00f3bus (SAGI), USB k\u013e\u00fa\u010d s kapacitou 2 GB (Corinex Group)<\/li>\n\n\n\n<li>Cena sympatie: Bezdr\u00f4tov\u00e1 my\u0161 k notebooku (Gitech), USB k\u013e\u00fa\u010d s kapacitou 2 GB (Corinex Group) Hlasuj\u00faci div\u00e1k: Tri\u010dko SAGI (SAGI)<\/li>\n<\/ul>\n\n\n\n<h2 class=\"wp-block-heading\">Prezent\u00e1cie a pr\u00edspevky<\/h2>\n\n\n\n<ul class=\"wp-block-list\">\n<li><a href=\".\/wp-content\/uploads\/2022\/12\/Kova211.pdf\">Petronela Kovacsov\u00e1 \u2013 Precision forestry and its tools<\/a> (full&nbsp;text)<\/li>\n\n\n\n<li><a href=\".\/wp-content\/uploads\/2022\/12\/Lubi290_lieskovsky.pdf\">Mgr. Juraj Lieskovsk\u00fd \u2013 \u0160tatistick\u00e9 overenie vybran\u00fdch modelov vodnej er\u00f3zie pre pou\u017eitie v ekologickej optimaliz\u00e1cii<\/a> (full&nbsp;text)<\/li>\n\n\n\n<li><a href=\".\/wp-content\/uploads\/2022\/12\/Sir_336.pdf\">Boris \u0160\u00edr \u2013 GIS v enviroment\u00e1ln\u00edm modelov\u00e1n\u00ed<\/a> (full&nbsp;text)<\/li>\n\n\n\n<li><a href=\".\/wp-content\/uploads\/2022\/12\/Fasko126.pdf\">Marek Fa\u0161ko, Ing. Andrej Trajtel &#8211; Geodetick\u00e9 ur\u010dovanie polohy bodov RTK-met\u00f3dou GNSS v podmienkach lesn\u00e9ho prostredia<\/a> (full&nbsp;text)<\/li>\n\n\n\n<li><a href=\".\/wp-content\/uploads\/2022\/12\/Smej336.pdf\">Eva Smejkalov\u00e1 \u2013 Vybran\u00e9 met\u00f3dy dia\u013ekov\u00e9ho prieskumu Zeme pre detegovanie pevninsk\u00fdch ropn\u00fdch priesakov<\/a> (full&nbsp;text)<\/li>\n\n\n\n<li><a href=\".\/wp-content\/uploads\/2022\/12\/Antal102.pdf\">M\u00e1ria Antalov\u00e1 &#8211; Sledovanie vyu\u017eitia a za\u0165a\u017eenia LDS s vyu\u017eit\u00edm n\u00e1strojov GIS<\/a> (full&nbsp;text)<\/li>\n\n\n\n<li><a href=\".\/wp-content\/uploads\/2022\/12\/Lubi290.pdf\">Zuzana Lubinszk\u00e1 \u2013 Uplatnenie GIS v ochrane pred povod\u0148ami<\/a> (full&nbsp;text)<\/li>\n\n\n\n<li><a href=\".\/wp-content\/uploads\/2022\/12\/Kond165.pdf\">Elena Kondrlov\u00e1 \u2013 Aplik\u00e1cie GIS pri modelovan\u00ed vodnej er\u00f3zie a transportu sedimentov v krajine<\/a> (full&nbsp;text)<\/li>\n<\/ul>\n\n\n\n<h2 class=\"wp-block-heading\">Zborn\u00edk z konferencie<\/h2>\n\n\n\n<ul class=\"wp-block-list\">\n<li><a href=\".\/wp-content\/uploads\/2022\/12\/fmg_zbornik_2009.zip\">F\u00f3rum mlad\u00fdch geoinformatikov: zborn\u00edk pr\u00edspevkov a prezent\u00e1ci\u00ed. Technick\u00e1 univerzita vo Zvolene 14.-15. m\u00e1j 2009. Eds. R\u00f3bert Smre\u010dek, Andrea Majlingov\u00e1, Milan Kore\u0148. Technick\u00e1 univerzita vo Zvolene, 2009, ISBN 978-80-228-2073-8.<\/a><\/li>\n<\/ul>\n\n\n\n<figure class=\"wp-block-gallery has-nested-images columns-default is-cropped wp-block-gallery-1 is-layout-flex wp-block-gallery-is-layout-flex\">\n<figure class=\"wp-block-image size-large\"><img loading=\"lazy\" decoding=\"async\" width=\"1024\" height=\"768\" data-id=\"782\" src=\"https:\/\/gis.tuzvo.sk\/wp-content\/uploads\/2022\/12\/SDC10046.jpg\" alt=\"\" class=\"wp-image-782\"\/><\/figure>\n\n\n\n<figure class=\"wp-block-image size-large\"><img loading=\"lazy\" decoding=\"async\" width=\"1024\" height=\"768\" data-id=\"780\" src=\"https:\/\/gis.tuzvo.sk\/wp-content\/uploads\/2022\/12\/SDC10041.jpg\" alt=\"\" class=\"wp-image-780\"\/><\/figure>\n\n\n\n<figure class=\"wp-block-image size-large\"><img loading=\"lazy\" decoding=\"async\" width=\"1024\" height=\"768\" data-id=\"779\" src=\"https:\/\/gis.tuzvo.sk\/wp-content\/uploads\/2022\/12\/SDC10038.jpg\" alt=\"\" class=\"wp-image-779\"\/><\/figure>\n\n\n\n<figure class=\"wp-block-image size-large\"><img loading=\"lazy\" decoding=\"async\" width=\"1024\" height=\"768\" data-id=\"777\" src=\"https:\/\/gis.tuzvo.sk\/wp-content\/uploads\/2022\/12\/SDC10034.jpg\" alt=\"\" class=\"wp-image-777\"\/><\/figure>\n\n\n\n<figure class=\"wp-block-image size-large\"><img loading=\"lazy\" decoding=\"async\" width=\"1024\" height=\"768\" data-id=\"790\" src=\"https:\/\/gis.tuzvo.sk\/wp-content\/uploads\/2022\/12\/SDC10051.jpg\" alt=\"\" class=\"wp-image-790\"\/><\/figure>\n\n\n\n<figure class=\"wp-block-image size-large\"><img loading=\"lazy\" decoding=\"async\" width=\"1024\" height=\"768\" data-id=\"783\" src=\"https:\/\/gis.tuzvo.sk\/wp-content\/uploads\/2022\/12\/SDC10047.jpg\" alt=\"\" class=\"wp-image-783\"\/><\/figure>\n<\/figure>\n","protected":false},"excerpt":{"rendered":"<p>D\u0148a 14. a 15 m\u00e1ja 2009 sa na p\u00f4de Technickej univerzity vo Zvolene uskuto\u010dnil 4. ro\u010dn\u00edk F\u00f3ra mlad\u00fdch geoinformatikov. S\u00fa\u010das\u0165ou tohto ro\u010dn\u00edka bol aj workshop v spolupr\u00e1ci s ESA pod n\u00e1zvom Detekcia zmien na zemskom povrchu pomocou radarov\u00fdch d\u00e1t. Tento workshop sa uskuto\u010dnil d\u0148a 15. m\u00e1ja 2009. Po\u010das prv\u00e9ho d\u0148a boli prezentovan\u00e9 pr\u00edspevky doktorandov. Celkovo &hellip; <\/p>\n<div class=\"link-more\"><a href=\"https:\/\/gis.tuzvo.sk\/?page_id=857\" class=\"more-link\">Read More<span class=\"screen-reader-text\"> &#8220;F\u00f3rum mlad\u00fdch geoinformatikov 2009&#8221;<\/span><\/a><\/div>\n","protected":false},"author":2,"featured_media":0,"parent":0,"menu_order":0,"comment_status":"closed","ping_status":"closed","template":"","meta":{"footnotes":""},"class_list":["post-857","page","type-page","status-publish","hentry"],"_links":{"self":[{"href":"https:\/\/gis.tuzvo.sk\/index.php?rest_route=\/wp\/v2\/pages\/857","targetHints":{"allow":["GET"]}}],"collection":[{"href":"https:\/\/gis.tuzvo.sk\/index.php?rest_route=\/wp\/v2\/pages"}],"about":[{"href":"https:\/\/gis.tuzvo.sk\/index.php?rest_route=\/wp\/v2\/types\/page"}],"author":[{"embeddable":true,"href":"https:\/\/gis.tuzvo.sk\/index.php?rest_route=\/wp\/v2\/users\/2"}],"replies":[{"embeddable":true,"href":"https:\/\/gis.tuzvo.sk\/index.php?rest_route=%2Fwp%2Fv2%2Fcomments&post=857"}],"version-history":[{"count":10,"href":"https:\/\/gis.tuzvo.sk\/index.php?rest_route=\/wp\/v2\/pages\/857\/revisions"}],"predecessor-version":[{"id":1347,"href":"https:\/\/gis.tuzvo.sk\/index.php?rest_route=\/wp\/v2\/pages\/857\/revisions\/1347"}],"wp:attachment":[{"href":"https:\/\/gis.tuzvo.sk\/index.php?rest_route=%2Fwp%2Fv2%2Fmedia&parent=857"}],"curies":[{"name":"wp","href":"https:\/\/api.w.org\/{rel}","templated":true}]}}