{"id":843,"date":"2022-12-09T15:53:28","date_gmt":"2022-12-09T14:53:28","guid":{"rendered":"https:\/\/gis.tuzvo.sk\/agp\/?page_id=843"},"modified":"2026-02-18T01:50:10","modified_gmt":"2026-02-18T00:50:10","slug":"forum-mladych-geoinformatikov-2008","status":"publish","type":"page","link":"https:\/\/gis.tuzvo.sk\/?page_id=843","title":{"rendered":"F\u00f3rum mlad\u00fdch geoinformatikov 2008"},"content":{"rendered":"<div class=\"wp-block-image\">\n<figure class=\"alignright size-full is-resized\"><img loading=\"lazy\" decoding=\"async\" width=\"480\" height=\"480\" src=\"https:\/\/gis.tuzvo.sk\/wp-content\/uploads\/2022\/12\/fmg_logo-1.jpg\" alt=\"\" class=\"wp-image-862\" style=\"width:120px;height:120px\"\/><\/figure>\n<\/div>\n\n\n<p>D\u0148a 16. m\u00e1ja 2008 sa na p\u00f4de Technickej univerzity vo Zvolene uskuto\u010dnil 3 ro\u010dn\u00edk F\u00f3ra mlad\u00fdch geoinformatikov. Tento ro\u010dn\u00edk m\u00f4\u017eeme pova\u017eova\u0165 za za\u010diatok novej formy tohto f\u00f3ra. Po dohode s Vysokou \u0161kolou b\u00e1\u0148skou na TU Ostrave bude F\u00f3rum mlad\u00fdch geoinformatikov venovan\u00e9 doktorandsk\u00fdm pr\u00e1cam a Gis\u00e1\u010dek, ktor\u00fd sa kon\u00e1 v Ostrave, bude venovan\u00fd bakal\u00e1rskym, diplomov\u00fdm a semestr\u00e1lnym pr\u00e1cam. V\u00fdznamnou udalos\u0165ou bol krst loga tohto f\u00f3ra, ktor\u00e9 pokrstil krstn\u00fd otec tohto podujatia prof. Ing. J\u00e1n Tu\u010dek CSc. Krst loga prebehol po priv\u00edtan\u00ed hlavnou organiz\u00e1torkou Ing. Andreou Majlingovou PhD. a \u00favodn\u00fdm slovom rektora TU vo Zvolene prof. Ing. J\u00e1na Tu\u010deka CSc. Tak ako sa patr\u00ed, krst loga prebehol \u0161ampansk\u00fdm a ka\u017ed\u00fd v miestnosti pripil na \u00faspechy a napredovanie f\u00f3ra. Logo F\u00f3ra mlad\u00fdch geoinformatikov navrhol a graficky spracoval Ing. Tom\u00e1\u0161 Vida.<\/p>\n\n\n<div class=\"wp-block-image is-style-rounded\">\n<figure class=\"aligncenter size-full is-resized\"><img loading=\"lazy\" decoding=\"async\" width=\"365\" height=\"123\" src=\"https:\/\/gis.tuzvo.sk\/wp-content\/uploads\/2022\/12\/P1020106.jpg\" alt=\"\" class=\"wp-image-636\" style=\"width:522px;height:176px\"\/><\/figure>\n<\/div>\n\n\n<p>F\u00f3rum mlad\u00fdch geoinformatikov ako u\u017e bolo spomenut\u00e9, je s\u00fa\u0165a\u017e doktorandsk\u00fdch pr\u00e1c. Celkovo sa bolo 12 s\u00fa\u0165a\u017en\u00fdch pr\u00edspevkov. Dom\u00e1ca univerzita mala \u0161tvor\u010dlenn\u00e9 zast\u00fapenie, tie\u017e \u0161tvor\u010dlenn\u00e9 zast\u00fapenie mala TU Ostrava. S\u00fa\u0165a\u017ei\u0165 pri\u0161li aj doktorandi zo Slovenskej po\u013enohospod\u00e1rskej univerzity v Nitre, Technickej univerzity v Ko\u0161iciach a \u00dastavu krajinnej ekol\u00f3gie SAV.<\/p>\n\n\n\n<p>\u0160tvor\u010dlenn\u00e1 komisia v zlo\u017een\u00ed pplk. Ing. Mari\u00e1n Adamj\u00e1k, PhD. z Topografick\u00e9ho \u00fastavu v Banskej Bystrici, doc. Ing. Peter Bli\u0161\u0165an, PhD. z Technickej univerzity v Ko\u0161iciach, Mgr. Milan Kore\u0148, PhD. z Technickej univerzity vo Zvolene a RNDr. Radovan Hilbert za SAGI vyberali 3 najlep\u0161ie pr\u00e1ce, pr\u00e1cu s najlep\u0161ou grafikou. Publikom mohlo vybra\u0165 najsympatickej\u0161iu pr\u00e1cu, jeden z hlasuj\u00facich mal mo\u017enos\u0165 by\u0165 vy\u017erebovan\u00fd a vyhra\u0165 vecn\u00fa cenu. V publiku sedelo takmer 40 div\u00e1kov, \u010do zaru\u010dovalo boj aj v tejto kateg\u00f3rii. V\u010faka sponzorom boli naozaj bohat\u00e9 ceny a bolo o \u010do bojova\u0165 a komisia mala naozaj \u0165a\u017ek\u00fa \u00falohu vybra\u0165 najlep\u0161ie pr\u00e1ce. Nakoniec sa dohodla na tomto porad\u00ed:<\/p>\n\n\n\n<ol class=\"wp-block-list\">\n<li>miesto: Ing. Karol \u0160inka (SPU v Nitre)<\/li>\n\n\n\n<li>miesto: Ing. Mat\u00fa\u0161 Hr\u00edbik (TU vo Zvolene)<\/li>\n\n\n\n<li>miesto: Ing. Ivan Igor (V\u0160B TU Ostrava)<\/li>\n<\/ol>\n\n\n\n<ul class=\"wp-block-list\">\n<li>Najlep\u0161ie grafick\u00e9 spracovanie prezent\u00e1cie: Ing. Karol \u0160inka (SPU v Nitre)<\/li>\n\n\n\n<li>Sympatie publika: Ing. Mat\u00fa\u0161 Hr\u00edbik (TU vo Zvolene)<\/li>\n\n\n\n<li>Hlasuj\u00faci div\u00e1k: Ing. Jozef \u0160adibol (TU vo Zvolene)<\/li>\n<\/ul>\n\n\n\n<p>Symp\u00f3zium ukon\u010dili pr\u00edhovory a po\u010fakovanie jednotliv\u00fdm hodnotiacimi \u010dlenmi komisie doc. Ing. Petrom Bli\u0161\u0165anom, PhD. a pplk. Ing. Mari\u00e1nom Adamj\u00e1kom, PhD. \u010eakujeme organiza\u010dn\u00e9mu t\u00fdmu za pr\u00edjemn\u00fd priebeh a zabezpe\u010denie celej akcie, komisii, v\u0161etk\u00fdm \u00fa\u010dastn\u00edkom, div\u00e1kom a v neposlednom rade sponzorom a te\u0161\u00edme sa na \u010fal\u0161\u00ed ro\u010dn\u00edk, ktor\u00fd bude ur\u010dite e\u0161te lep\u0161\u00ed ako uplynul\u00fd.<\/p>\n\n\n\n<figure class=\"wp-block-gallery aligncenter has-nested-images columns-default is-cropped wp-block-gallery-1 is-layout-flex wp-block-gallery-is-layout-flex\">\n<figure class=\"wp-block-image size-large\"><img loading=\"lazy\" decoding=\"async\" width=\"365\" height=\"274\" data-id=\"645\" src=\"https:\/\/gis.tuzvo.sk\/wp-content\/uploads\/2022\/12\/P1020143.jpg\" alt=\"\" class=\"wp-image-645\"\/><\/figure>\n\n\n\n<figure class=\"wp-block-image size-large\"><img loading=\"lazy\" decoding=\"async\" width=\"365\" height=\"274\" data-id=\"660\" src=\"https:\/\/gis.tuzvo.sk\/wp-content\/uploads\/2022\/12\/P1020205.jpg\" alt=\"\" class=\"wp-image-660\"\/><\/figure>\n\n\n\n<figure class=\"wp-block-image size-large\"><img loading=\"lazy\" decoding=\"async\" width=\"365\" height=\"274\" data-id=\"656\" src=\"https:\/\/gis.tuzvo.sk\/wp-content\/uploads\/2022\/12\/P1020188.jpg\" alt=\"\" class=\"wp-image-656\"\/><\/figure>\n<\/figure>\n\n\n\n<h2 class=\"wp-block-heading\">Program<\/h2>\n\n\n\n<p>10.00 Otvorenie&nbsp;stretnutia<\/p>\n\n\n\n<p>10.30 \u2013 10.45 I. blok&nbsp;pr\u00edspevkov<\/p>\n\n\n\n<ul class=\"wp-block-list\">\n<li>10.45 \u2013 11.00 O\u017eana, R.: <a href=\".\/wp-content\/uploads\/2022\/12\/fmgi_Ozana_Minarcik.pdf\" target=\"_blank\" rel=\"noreferrer noopener\">Mo\u017enosti vyu\u017eit\u00ed Google Charts API v geoinformatice<\/a> (<a rel=\"noreferrer noopener\" href=\".\/wp-content\/uploads\/2022\/12\/pr_Ozana_Minarcik.pdf\" target=\"_blank\">full&nbsp;text<\/a>)<\/li>\n\n\n\n<li>11.00 \u2013 11.15 <a href=\".\/wp-content\/uploads\/2022\/12\/fmgi_Minarcik_Ozana.pdf\" target=\"_blank\" rel=\"noreferrer noopener\">Minar\u010d\u00edk, T.: Webov\u00e9 projekty pro tvorbu MapMashups aplikac\u00ed<\/a> (<a href=\".\/wp-content\/uploads\/2022\/12\/pr_Minarcik_Ozana.pdf\" target=\"_blank\" rel=\"noreferrer noopener\">full&nbsp;text<\/a>)<\/li>\n\n\n\n<li>11.15 \u2013 11.30 <a href=\".\/wp-content\/uploads\/2022\/12\/fmgi_Ivan_Igor.pdf\" target=\"_blank\" rel=\"noreferrer noopener\">Ivan, I.: Pro\u010d DOOR-TO-DOOR p\u0159\u00edstup k doj\u00ed\u017ed\u011bn\u00ed? Situace v regionech Moravskoslezsk\u00e9ho kraje<\/a><\/li>\n\n\n\n<li>11.30 \u2013 11.45 <a href=\".\/wp-content\/uploads\/2022\/12\/fmgi_Hribik_Matus.pdf\" target=\"_blank\" rel=\"noreferrer noopener\">Hr\u00edbik, M.: Parametre snehovej pokr\u00fdvky a ich vplyv na vznik jarn\u00fdch povodn\u00ed<\/a> (<a href=\".\/wp-content\/uploads\/2022\/12\/pr_Hribik_Matus.pdf\" target=\"_blank\" rel=\"noreferrer noopener\">full&nbsp;text<\/a>)<\/li>\n\n\n\n<li>11.30 \u2013 12.30 Prest\u00e1vka na obed<\/li>\n<\/ul>\n\n\n\n<p>12.30 \u2013 13.30 II. blok&nbsp;pr\u00edspevkov<\/p>\n\n\n\n<ul class=\"wp-block-list\">\n<li>12.30 \u2013 12.45 Ardielli, J.: Realizace a vyu\u017eit\u00ed programov\u00fdch prost\u0159edk\u016f pro \u00fa\u010dely modelov\u00e1n\u00ed uheln\u00fdch sloj\u00ed (<a href=\".\/wp-content\/uploads\/2022\/12\/pr_Ardielli_Jiri.pdf\" target=\"_blank\" rel=\"noreferrer noopener\">full&nbsp;text<\/a>)<\/li>\n\n\n\n<li>12.45 \u2013 13.00 Lieskovsk\u00fd, J. Kenderessy, P.: Spracovanie priestorov\u00fdch \u00fadajov v projekte mapovania hlavn\u00fdch zdrojov zne\u010dis\u0165uj\u00facich l\u00e1tok a ich transportu v priestore kraj\u00edn Visegr\u00e1dskej \u0161tvorky (<a href=\".\/wp-content\/uploads\/2022\/12\/pr_Lieskovsky_Kenderessy.pdf\" target=\"_blank\" rel=\"noreferrer noopener\">full&nbsp;text<\/a>)<\/li>\n\n\n\n<li>13.00 \u2013 13.15 <a href=\".\/wp-content\/uploads\/2022\/12\/fmgi_Sinka_Karol.pdf\" target=\"_blank\" rel=\"noreferrer noopener\">\u0160inka, K.: Tvorba hydrologick\u00fdch podkladov pre n\u00e1vrh protier\u00f3znych opatren\u00ed v krajine v prost\u0159ed\u00ed GIS<\/a> (<a rel=\"noreferrer noopener\" href=\".\/wp-content\/uploads\/2022\/12\/pr__Sinka_Karol.pdf\" target=\"_blank\">full&nbsp;text<\/a>)<\/li>\n\n\n\n<li>13.15 \u2013 13.30 <a href=\".\/wp-content\/uploads\/2022\/12\/fmgi_Gergelova_Marcela.pdf\" target=\"_blank\" rel=\"noreferrer noopener\">Gerge\u013eov\u00e1, M.: GIS a povodne ako hrozba 21-storo\u010dia<\/a><\/li>\n\n\n\n<li>13.30 \u2013 13.45 Prest\u00e1vka na ob\u010derstvenie<\/li>\n<\/ul>\n\n\n\n<p>13.45 \u2013 15.00 III. blok&nbsp;pr\u00edspevkov<\/p>\n\n\n\n<ul class=\"wp-block-list\">\n<li>14.00 \u2013 14.15 <a href=\".\/wp-content\/uploads\/2022\/12\/fmgi_Sackovfmgi_Ivan.pdf\" target=\"_blank\" rel=\"noreferrer noopener\">Sa\u010dkov, I.: Anal\u00fdza celkov\u00fdch disponibiln\u00edch zdrojov lesnej biomasy \u0165a\u017ebov\u00fdch zbytkov prostredn\u00edctvom kalkul\u00e1tora v\u00fdta\u017enosti nadzemnej dendromasy<\/a> (<a href=\".\/wp-content\/uploads\/2022\/12\/pr_Sackov_Ivan.pdf\" target=\"_blank\" rel=\"noreferrer noopener\">full&nbsp;text<\/a>)<\/li>\n\n\n\n<li>14.15 \u2013 14.30 <a rel=\"noreferrer noopener\" href=\".\/wp-content\/uploads\/2022\/12\/fmgi_Mozolova_Zuzana.pdf\" target=\"_blank\">Mozo\u013eov\u00e1, Z.: Mo\u017enosti extrakcie parametrov kor\u00fan lesn\u00fdch stromov s vyu\u017eit\u00edm n\u00e1strojov geoinformatiky a ich vz\u0165ah k rastov\u00e9mu procesu<\/a> (<a rel=\"noreferrer noopener\" href=\".\/wp-content\/uploads\/2022\/12\/pr_Mozolova_Zuzana.pdf\" target=\"_blank\">full&nbsp;text<\/a>)<\/li>\n\n\n\n<li>14.30 \u2013 14.45 <a href=\".\/wp-content\/uploads\/2022\/12\/fmgi_Sadibol_Jozef.pdf\" target=\"_blank\" rel=\"noreferrer noopener\">\u0160adibol, J.: Mo\u017enosti a pou\u017eitie digit\u00e1lnych sn\u00edmok z kamery UltraCamD<\/a> (<a href=\".\/wp-content\/uploads\/2022\/12\/pr_Sadibol_Jozef.pdf\" target=\"_blank\" rel=\"noreferrer noopener\">full&nbsp;text<\/a>)<\/li>\n\n\n\n<li>14.45 \u2013 15.00 <a href=\".\/wp-content\/uploads\/2022\/12\/fmgi_Smrecek_Robert.pdf\" target=\"_blank\" rel=\"noreferrer noopener\">Smre\u010dek, R.: Pos\u00fadenie presnosti merania charakterist\u00edk stromu pomocou pozemn\u00e9ho laserov\u00e9ho skenovania<\/a> (<a href=\".\/wp-content\/uploads\/2022\/12\/pr_Smrecek_Robert.pdf\" target=\"_blank\" rel=\"noreferrer noopener\">full&nbsp;text<\/a>)<\/li>\n<\/ul>\n\n\n\n<p>15.00 hod Ukon\u010denie&nbsp;stretnutia<\/p>\n\n\n\n<h2 class=\"wp-block-heading\">Ceny<\/h2>\n\n\n\n<ol class=\"wp-block-list\">\n<li>cena: bezplatn\u00e1 \u00fa\u010das\u0165 a ubytovanie na konferencii 15. rokov vojenskej geografie, licencia pre pou\u017e\u00edvania vektorovej mapy SR, kalend\u00e1r na rok 2009, ortofotomapu Zvolena z r. 1977 a 2007 (TOPU BB), bezplatn\u00e1 \u00fa\u010das\u0165 a vyst\u00fapenie na konferencii Enviro-i-f\u00f3rum (SA\u017dP BB), batoh na notebook (rektor TU vo Zvolene), Turistick\u00fd atlas SR 1:50 000 (SAGI), extern\u00fd HDD 160 GB (Datalan, a.s.), trial verzie produktov Idrisi Andes a Land Change Modeler (GITech, s.r.o.), tri\u010dko (GITech, s.r.o., Datalan, a.s.), vetrovka (Intergraph CS), laserov\u00e9 ukazov\u00e1tko (Siemens s.r.o.), kniha GIS \u2013 priestorov\u00e9 anal\u00fdzy (Tom\u00e1\u0161 Hl\u00e1sny), \u0161portov\u00e9 okuliare (Overland)<\/li>\n\n\n\n<li>cena: bezdr\u00f4tov\u00e1 my\u0161 k notebooku (SAGI), trial verzie produktov Idrisi Andes a Land Change Modeler (GITech, s.r.o.), 4GB USB k\u013e\u00fa\u010d (Datalan, a.s.), kalend\u00e1r na rok 2009 (TOPU), tri\u010dko (GITech, s.r.o., Datalan, a.s.), \u0161iltovka (Intergraph CS), laserov\u00e9 ukazov\u00e1tko (Siemens s.r.o.), kniha GIS \u2013 priestorov\u00e9 anal\u00fdzy (Tom\u00e1\u0161 Hl\u00e1sny), p\u00fazdro na okuliare (Overland)<\/li>\n\n\n\n<li>cena: \u010distiace utierky pre kancel\u00e1rske zariadenia \u2013 100 ks (SAGI), trial verzie produktov Idrisi Andes a Land Change Modeler (GITech, s.r.o.), 1GB USB k\u013e\u00fa\u010d (Datalan, a.s.), kalend\u00e1r na rok 2009 (TOPU), tri\u010dko (GITech, s.r.o., Intergraph CS, Datalan, a.s.), \u0161iltovka (Overland), laserov\u00e9 ukazov\u00e1tko (Siemens s.r.o.), kniha GIS \u2013 priestorov\u00e9 anal\u00fdzy (Tom\u00e1\u0161 Hl\u00e1sny)<\/li>\n<\/ol>\n\n\n\n<figure class=\"wp-block-gallery aligncenter has-nested-images columns-4 wp-block-gallery-2 is-layout-flex wp-block-gallery-is-layout-flex\">\n<figure class=\"wp-block-image size-large\"><img loading=\"lazy\" decoding=\"async\" width=\"926\" height=\"264\" data-id=\"951\" src=\"https:\/\/gis.tuzvo.sk\/wp-content\/uploads\/2022\/12\/gamo.gif\" alt=\"\" class=\"wp-image-951\"\/><\/figure>\n\n\n\n<figure class=\"wp-block-image size-large\"><img loading=\"lazy\" decoding=\"async\" width=\"1209\" height=\"853\" data-id=\"950\" src=\"https:\/\/gis.tuzvo.sk\/wp-content\/uploads\/2022\/12\/YMS.jpg\" alt=\"\" class=\"wp-image-950\"\/><\/figure>\n\n\n\n<figure class=\"wp-block-image size-large\"><img loading=\"lazy\" decoding=\"async\" width=\"128\" height=\"18\" data-id=\"949\" src=\"https:\/\/gis.tuzvo.sk\/wp-content\/uploads\/2022\/12\/siemens.gif\" alt=\"\" class=\"wp-image-949\"\/><\/figure>\n\n\n\n<figure class=\"wp-block-image size-large\"><img loading=\"lazy\" decoding=\"async\" width=\"2057\" height=\"1574\" data-id=\"948\" src=\"https:\/\/gis.tuzvo.sk\/wp-content\/uploads\/2022\/12\/Overland-logo.jpg\" alt=\"\" class=\"wp-image-948\"\/><\/figure>\n\n\n\n<figure class=\"wp-block-image size-large\"><img loading=\"lazy\" decoding=\"async\" width=\"1344\" height=\"1008\" data-id=\"947\" src=\"https:\/\/gis.tuzvo.sk\/wp-content\/uploads\/2022\/12\/Mesto-Zvolen.jpg\" alt=\"\" class=\"wp-image-947\"\/><\/figure>\n\n\n\n<figure class=\"wp-block-image size-large\"><img loading=\"lazy\" decoding=\"async\" width=\"1349\" height=\"376\" data-id=\"946\" src=\"https:\/\/gis.tuzvo.sk\/wp-content\/uploads\/2022\/12\/intergraph.jpg\" alt=\"\" class=\"wp-image-946\"\/><\/figure>\n\n\n\n<figure class=\"wp-block-image size-large\"><img loading=\"lazy\" decoding=\"async\" width=\"998\" height=\"514\" data-id=\"945\" src=\"https:\/\/gis.tuzvo.sk\/wp-content\/uploads\/2022\/12\/GITech.jpg\" alt=\"\" class=\"wp-image-945\"\/><\/figure>\n\n\n\n<figure class=\"wp-block-image size-large\"><img loading=\"lazy\" decoding=\"async\" width=\"275\" height=\"71\" data-id=\"944\" src=\"https:\/\/gis.tuzvo.sk\/wp-content\/uploads\/2022\/12\/Corinex-group.jpg\" alt=\"\" class=\"wp-image-944\"\/><\/figure>\n<\/figure>\n\n\n\n<ul class=\"wp-block-list\">\n<li>Grafick\u00e9 spracovanie prezent\u00e1cie: 3D puzzle gl\u00f3bus sveta; kalend\u00e1r na rok 2009 (TOPU), trial verzie produktov Idrisi Andes a Land Change Modeler, puzdro na CD (GITech, s.r.o.), tri\u010dko (Siemens, s.r.o.), kniha GIS \u2013 priestorov\u00e9 anal\u00fdzy (Tom\u00e1\u0161 Hl\u00e1sny)<\/li>\n\n\n\n<li>Cena sympatie: bezdr\u00f4tov\u00fd telef\u00f3n Siemens (Siemens, s.r.o.), kalend\u00e1r na rok 2009 (TOPU), trial verzie produktov Idrisi Andes a Land Change Modeler, puzdro na CD (GITech, s.r.o.), tri\u010dko (Siemens, s.r.o.), kniha GIS \u2013 priestorov\u00e9 anal\u00fdzy (Tom\u00e1\u0161 Hl\u00e1sny)<\/li>\n\n\n\n<li>Hlasuj\u00faci div\u00e1k: tri\u010dko Siemens (Siemens, s.r.o.)<\/li>\n<\/ul>\n\n\n\n<figure class=\"wp-block-gallery aligncenter has-nested-images columns-4 is-cropped wp-block-gallery-3 is-layout-flex wp-block-gallery-is-layout-flex\">\n<figure class=\"wp-block-image size-large\"><img loading=\"lazy\" decoding=\"async\" width=\"365\" height=\"274\" data-id=\"660\" src=\"https:\/\/gis.tuzvo.sk\/wp-content\/uploads\/2022\/12\/P1020205.jpg\" alt=\"\" class=\"wp-image-660\"\/><\/figure>\n\n\n\n<figure class=\"wp-block-image size-large\"><img loading=\"lazy\" decoding=\"async\" width=\"365\" height=\"274\" data-id=\"661\" src=\"https:\/\/gis.tuzvo.sk\/wp-content\/uploads\/2022\/12\/P1020218.jpg\" alt=\"\" class=\"wp-image-661\"\/><\/figure>\n\n\n\n<figure class=\"wp-block-image size-large\"><img loading=\"lazy\" decoding=\"async\" width=\"547\" height=\"410\" data-id=\"638\" src=\"https:\/\/gis.tuzvo.sk\/wp-content\/uploads\/2022\/12\/P1020110.jpg\" alt=\"\" class=\"wp-image-638\"\/><\/figure>\n\n\n\n<figure class=\"wp-block-image size-large\"><img loading=\"lazy\" decoding=\"async\" width=\"547\" height=\"410\" data-id=\"637\" src=\"https:\/\/gis.tuzvo.sk\/wp-content\/uploads\/2022\/12\/P1020109.jpg\" alt=\"\" class=\"wp-image-637\"\/><\/figure>\n<\/figure>\n\n\n\n<p>V\u0161etci prezentuj\u00faci dostali:<\/p>\n\n\n\n<ul class=\"wp-block-list\">\n<li>reklamn\u00e9 predmety od Mesta Zvolen<\/li>\n\n\n\n<li>tri\u010dko SAGI<\/li>\n\n\n\n<li>kalend\u00e1rik Overland<\/li>\n<\/ul>\n\n\n\n<h2 class=\"wp-block-heading\">Zborn\u00edk pr\u00edspevkov a prezent\u00e1ci\u00ed<\/h2>\n\n\n\n<ul class=\"wp-block-list\">\n<li><a href=\".\/wp-content\/uploads\/2022\/12\/fmg_zbornik_2008.zip\">F\u00f3rum mlad\u00fdch geoinformatikov: zborn\u00edk pr\u00edspevkov a prezent\u00e1ci\u00ed. Technick\u00e1 univerzita vo Zvolene 16. m\u00e1j 2008. Eds. Andrea Majlingov\u00e1, R\u00f3bert Smre\u010dek, Milan Kore\u0148. Technick\u00e1 univerzita vo Zvolene 2008, ISBN 978-80-228<\/a><\/li>\n<\/ul>\n\n\n\n<figure class=\"wp-block-gallery aligncenter has-nested-images columns-4 is-cropped wp-block-gallery-4 is-layout-flex wp-block-gallery-is-layout-flex\">\n<figure class=\"wp-block-image size-large\"><img loading=\"lazy\" decoding=\"async\" width=\"365\" height=\"274\" data-id=\"662\" src=\"https:\/\/gis.tuzvo.sk\/wp-content\/uploads\/2022\/12\/P1020226.jpg\" alt=\"\" class=\"wp-image-662\"\/><\/figure>\n\n\n\n<figure class=\"wp-block-image size-large\"><img loading=\"lazy\" decoding=\"async\" width=\"365\" height=\"274\" data-id=\"653\" src=\"https:\/\/gis.tuzvo.sk\/wp-content\/uploads\/2022\/12\/P1020168.jpg\" alt=\"\" class=\"wp-image-653\"\/><\/figure>\n\n\n\n<figure class=\"wp-block-image size-large\"><img loading=\"lazy\" decoding=\"async\" width=\"365\" height=\"274\" data-id=\"652\" src=\"https:\/\/gis.tuzvo.sk\/wp-content\/uploads\/2022\/12\/P1020167.jpg\" alt=\"\" class=\"wp-image-652\"\/><\/figure>\n\n\n\n<figure class=\"wp-block-image size-large\"><img loading=\"lazy\" decoding=\"async\" width=\"365\" height=\"274\" data-id=\"651\" src=\"https:\/\/gis.tuzvo.sk\/wp-content\/uploads\/2022\/12\/P1020162.jpg\" alt=\"\" class=\"wp-image-651\"\/><\/figure>\n\n\n\n<figure class=\"wp-block-image size-large\"><img loading=\"lazy\" decoding=\"async\" width=\"365\" height=\"274\" data-id=\"650\" src=\"https:\/\/gis.tuzvo.sk\/wp-content\/uploads\/2022\/12\/P1020157.jpg\" alt=\"\" class=\"wp-image-650\"\/><\/figure>\n\n\n\n<figure class=\"wp-block-image size-large\"><img loading=\"lazy\" decoding=\"async\" width=\"365\" height=\"274\" data-id=\"649\" src=\"https:\/\/gis.tuzvo.sk\/wp-content\/uploads\/2022\/12\/P1020154.jpg\" alt=\"\" class=\"wp-image-649\"\/><\/figure>\n\n\n\n<figure class=\"wp-block-image size-large\"><img loading=\"lazy\" decoding=\"async\" width=\"365\" height=\"274\" data-id=\"648\" src=\"https:\/\/gis.tuzvo.sk\/wp-content\/uploads\/2022\/12\/P1020151.jpg\" alt=\"\" class=\"wp-image-648\"\/><\/figure>\n\n\n\n<figure class=\"wp-block-image size-large\"><img loading=\"lazy\" decoding=\"async\" width=\"365\" height=\"274\" data-id=\"647\" src=\"https:\/\/gis.tuzvo.sk\/wp-content\/uploads\/2022\/12\/P1020146.jpg\" alt=\"\" class=\"wp-image-647\"\/><\/figure>\n\n\n\n<figure class=\"wp-block-image size-large\"><img loading=\"lazy\" decoding=\"async\" width=\"365\" height=\"274\" data-id=\"646\" src=\"https:\/\/gis.tuzvo.sk\/wp-content\/uploads\/2022\/12\/P1020144.jpg\" alt=\"\" class=\"wp-image-646\"\/><\/figure>\n\n\n\n<figure class=\"wp-block-image size-large\"><img loading=\"lazy\" decoding=\"async\" width=\"365\" height=\"274\" data-id=\"644\" src=\"https:\/\/gis.tuzvo.sk\/wp-content\/uploads\/2022\/12\/P1020140.jpg\" alt=\"\" class=\"wp-image-644\"\/><\/figure>\n\n\n\n<figure class=\"wp-block-image size-large\"><img loading=\"lazy\" decoding=\"async\" width=\"365\" height=\"274\" data-id=\"643\" src=\"https:\/\/gis.tuzvo.sk\/wp-content\/uploads\/2022\/12\/P1020136.jpg\" alt=\"\" class=\"wp-image-643\"\/><\/figure>\n\n\n\n<figure class=\"wp-block-image size-large\"><img loading=\"lazy\" decoding=\"async\" width=\"365\" height=\"274\" data-id=\"642\" src=\"https:\/\/gis.tuzvo.sk\/wp-content\/uploads\/2022\/12\/P1020133.jpg\" alt=\"\" class=\"wp-image-642\"\/><\/figure>\n\n\n\n<figure class=\"wp-block-image size-large\"><img loading=\"lazy\" decoding=\"async\" width=\"365\" height=\"274\" data-id=\"641\" src=\"https:\/\/gis.tuzvo.sk\/wp-content\/uploads\/2022\/12\/P1020132.jpg\" alt=\"\" class=\"wp-image-641\"\/><\/figure>\n\n\n\n<figure class=\"wp-block-image size-large\"><img loading=\"lazy\" decoding=\"async\" width=\"365\" height=\"274\" data-id=\"639\" src=\"https:\/\/gis.tuzvo.sk\/wp-content\/uploads\/2022\/12\/P1020114.jpg\" alt=\"\" class=\"wp-image-639\"\/><\/figure>\n\n\n\n<figure class=\"wp-block-image size-large\"><img loading=\"lazy\" decoding=\"async\" width=\"365\" height=\"274\" data-id=\"658\" src=\"https:\/\/gis.tuzvo.sk\/wp-content\/uploads\/2022\/12\/P1020198.jpg\" alt=\"\" class=\"wp-image-658\"\/><\/figure>\n\n\n\n<figure class=\"wp-block-image size-large\"><img loading=\"lazy\" decoding=\"async\" width=\"365\" height=\"274\" data-id=\"655\" src=\"https:\/\/gis.tuzvo.sk\/wp-content\/uploads\/2022\/12\/P1020184.jpg\" alt=\"\" class=\"wp-image-655\"\/><\/figure>\n<\/figure>\n\n\n\n<p><\/p>\n","protected":false},"excerpt":{"rendered":"<p>D\u0148a 16. m\u00e1ja 2008 sa na p\u00f4de Technickej univerzity vo Zvolene uskuto\u010dnil 3 ro\u010dn\u00edk F\u00f3ra mlad\u00fdch geoinformatikov. Tento ro\u010dn\u00edk m\u00f4\u017eeme pova\u017eova\u0165 za za\u010diatok novej formy tohto f\u00f3ra. Po dohode s Vysokou \u0161kolou b\u00e1\u0148skou na TU Ostrave bude F\u00f3rum mlad\u00fdch geoinformatikov venovan\u00e9 doktorandsk\u00fdm pr\u00e1cam a Gis\u00e1\u010dek, ktor\u00fd sa kon\u00e1 v Ostrave, bude venovan\u00fd bakal\u00e1rskym, diplomov\u00fdm a &hellip; <\/p>\n<div class=\"link-more\"><a href=\"https:\/\/gis.tuzvo.sk\/?page_id=843\" class=\"more-link\">Read More<span class=\"screen-reader-text\"> &#8220;F\u00f3rum mlad\u00fdch geoinformatikov 2008&#8221;<\/span><\/a><\/div>\n","protected":false},"author":2,"featured_media":0,"parent":0,"menu_order":0,"comment_status":"closed","ping_status":"closed","template":"","meta":{"footnotes":""},"class_list":["post-843","page","type-page","status-publish","hentry"],"_links":{"self":[{"href":"https:\/\/gis.tuzvo.sk\/index.php?rest_route=\/wp\/v2\/pages\/843","targetHints":{"allow":["GET"]}}],"collection":[{"href":"https:\/\/gis.tuzvo.sk\/index.php?rest_route=\/wp\/v2\/pages"}],"about":[{"href":"https:\/\/gis.tuzvo.sk\/index.php?rest_route=\/wp\/v2\/types\/page"}],"author":[{"embeddable":true,"href":"https:\/\/gis.tuzvo.sk\/index.php?rest_route=\/wp\/v2\/users\/2"}],"replies":[{"embeddable":true,"href":"https:\/\/gis.tuzvo.sk\/index.php?rest_route=%2Fwp%2Fv2%2Fcomments&post=843"}],"version-history":[{"count":15,"href":"https:\/\/gis.tuzvo.sk\/index.php?rest_route=\/wp\/v2\/pages\/843\/revisions"}],"predecessor-version":[{"id":1346,"href":"https:\/\/gis.tuzvo.sk\/index.php?rest_route=\/wp\/v2\/pages\/843\/revisions\/1346"}],"wp:attachment":[{"href":"https:\/\/gis.tuzvo.sk\/index.php?rest_route=%2Fwp%2Fv2%2Fmedia&parent=843"}],"curies":[{"name":"wp","href":"https:\/\/api.w.org\/{rel}","templated":true}]}}