{"id":829,"date":"2022-12-08T12:58:24","date_gmt":"2022-12-08T11:58:24","guid":{"rendered":"https:\/\/gis.tuzvo.sk\/agp\/?page_id=829"},"modified":"2026-02-18T01:46:37","modified_gmt":"2026-02-18T00:46:37","slug":"forum-mladych-geoinformatikov-2007","status":"publish","type":"page","link":"https:\/\/gis.tuzvo.sk\/?page_id=829","title":{"rendered":"F\u00f3rum mlad\u00fdch geoinformatikov 2007"},"content":{"rendered":"<div class=\"wp-block-image\">\n<figure class=\"alignleft size-full is-resized\"><img loading=\"lazy\" decoding=\"async\" width=\"480\" height=\"480\" src=\"https:\/\/gis.tuzvo.sk\/wp-content\/uploads\/2022\/12\/fmg_logo-1.jpg\" alt=\"\" class=\"wp-image-862\" style=\"width:120px;height:120px\"\/><\/figure>\n<\/div>\n\n\n<p>Technick\u00e1 univerzita vo Zvolene v spolupr\u00e1ci so Slovenskou asoci\u00e1ciou pre geoinformatiku usporiadali konferenciu F\u00f3rum geoinformatikov, ktor\u00e1 sa konala 24. 5. 2007 v priestoroch Technickej univerzity vo Zvolene.<\/p>\n\n\n<div class=\"wp-block-image is-style-rounded\">\n<figure class=\"alignright size-full is-resized\"><img loading=\"lazy\" decoding=\"async\" width=\"3648\" height=\"2736\" src=\"https:\/\/gis.tuzvo.sk\/wp-content\/uploads\/2022\/12\/fmg_2007a.jpg\" alt=\"\" class=\"wp-image-686\" style=\"width:561px;height:420px\"\/><\/figure>\n<\/div>\n\n\n<p>Program konferencie bol zameran\u00fd na aplik\u00e1cie geografick\u00fdch informa\u010dn\u00fdch syst\u00e9mov a dia\u013ekov\u00e9ho prieskumu Zeme v lesn\u00edctve, po\u013enohospod\u00e1rstve, kr\u00edzovom mana\u017emente, ochrane a tvorbe \u017eivotn\u00e9ho prostredia, problematike vyu\u017e\u00edvania syst\u00e9mov s otvoren\u00fdm zdrojov\u00fdm k\u00f3dom, mobiln\u00fdch zariaden\u00ed, mapov\u00fdm serverom, metainforma\u010dn\u00fdm syst\u00e9mom a teoretick\u00fdm aspektom priestorov\u00e9ho modelovania.<\/p>\n\n\n\n<p>Podujatie nadv\u00e4zuje na F\u00f3rum mlad\u00fdch geoinformatikov a cyklus \u0161pecializovan\u00fdch semin\u00e1rov uskuto\u010dnen\u00fdch v roku 2005. Je ur\u010den\u00e1 hlavne pre \u0161tudentov a doktorandov vysok\u00fdch \u0161k\u00f4l, vedecko-pedagogick\u00fdch pracovn\u00edkov, ako aj ostatn\u00fdch odborn\u00edkov z oblasti GIS a DPZ.<\/p>\n\n\n\n<p>Vybran\u00e9 pr\u00edspevky boli uverejnen\u00e9 v recenzovanej publik\u00e1ci\u00ed Zborn\u00edk pr\u00edspevkov GIS 2007.<\/p>\n\n\n\n<h2 class=\"wp-block-heading\" id=\"Ceny_za_tudentsk_pr_ce\">Ceny za \u0161tudentsk\u00e9&nbsp;pr\u00e1ce<\/h2>\n\n\n\n<p>Na z\u00e1ver stretnutia boli udelen\u00e9 ocenenia pre najlep\u0161ie \u0161tudentsk\u00e9 pr\u00e1ce:<\/p>\n\n\n\n<ul class=\"wp-block-list\">\n<li>SAGI: \u0160tiffel M.: Rozmanitos\u0165 krajinnej pokr\u00fdvky vybran\u00fdch chr\u00e1nen\u00fdch \u00fazem\u00ed Eur\u00f3py. Technick\u00e1 univerzita vo Zvolene<\/li>\n\n\n\n<li>CORINEX GROUP, a.s.: Kondrlov\u00e1 E., \u0160imonides I.: Vplyv repky olejnej ozimnej na priebeh vodnej er\u00f3zie. SPU v Nitre<\/li>\n\n\n\n<li>Siemens PSE, s.r.o.: Smre\u010dek R.: Pozemn\u00e9 laserov\u00e9 skenery a mo\u017enosti ich vyu\u017eitia v lesn\u00edctve. Technick\u00e1 Univerzita vo Zvolene<\/li>\n<\/ul>\n\n\n\n<h2 class=\"wp-block-heading\">Program<\/h2>\n\n\n\n<ul class=\"wp-block-list\">\n<li>9:00 Otvorenie 1. sekcia<\/li>\n\n\n\n<li>1. sekcia\n<ul class=\"wp-block-list\">\n<li>9:10 Smre\u010dek R.: Pozemn\u00e9 laserov\u00e9 skenery a mo\u017enosti ich vyu\u017eitia v lesn\u00edctve, Katedra hospod\u00e1rskej \u00fapravy lesov a geod\u00e9zie, Technick\u00e1 Univerzita vo Zvolene<\/li>\n\n\n\n<li>9:25 Papaj V.: N\u00e1vrh klasifik\u00e1cie \u00fazemia z h\u013eadiska ohrozenosti vplyvom vetra pre drevinu smrek v oblasti N\u00edzkych Tatier. Katedra hospod\u00e1rskej \u00fapravy lesov a geod\u00e9zie, Technick\u00e1 Univerzita vo Zvolene<\/li>\n\n\n\n<li>9:40 Sa\u010dkov I.: Vyu\u017eitie GIS pri v\u00fdbere porastov vhodn\u00fdch pre aplik\u00e1ciu integrovanej technol\u00f3gie. Lesn\u00edcka fakulta, Technick\u00e1 univerzita vo Zvolene<\/li>\n\n\n\n<li>9:55 \u010cerman P.: Datab\u00e1za podporn\u00fdch \u00fadajov pre spracovanie hyperspektr\u00e1lnych leteck\u00fdch sn\u00edmok z \u00fazemia V\u0160LP. Lesn\u00edcka fakulta, Technick\u00e1 univerzita vo Zvolene<\/li>\n<\/ul>\n<\/li>\n\n\n\n<li>2. sekcia\n<ul class=\"wp-block-list\">\n<li>10:20 Gejdo\u0161 M.: Anal\u00fdza spr\u00edstupnenia \u00fazemia LHC Hrabu\u0161ice pre hasenie lesn\u00e9ho po\u017eiaru mobilnou hasiacou technikou. Katedra protipo\u017eiarnej ochrany, Drev\u00e1rska fakulta, Technick\u00e1 Univerzita vo Zvolene<\/li>\n\n\n\n<li>10:35 Hlo\u017eka M.: Anal\u00fdza ohrozenia \u00fazemia NP Slovensk\u00fd raj z h\u013eadiska vzniku lesn\u00e9ho po\u017eiaru na z\u00e1klade identifik\u00e1cie a klasifik\u00e1cie rizikov\u00fdch faktorov s vyu\u017eit\u00edm prostriedkov GIS a SDSS. Katedra protipo\u017eiarnej ochrany, Drev\u00e1rska fakulta, Technick\u00e1 Univerzita vo Zvolene<\/li>\n\n\n\n<li>10:50 \u0160tiffel M.: Rozmanitos\u0165 krajinnej pokr\u00fdvky vybran\u00fdch chr\u00e1nen\u00fdch \u00fazem\u00ed Eur\u00f3py. Fakulta ekol\u00f3gie a environmentalistiky, Technick\u00e1 univerzita vo Zvolene<\/li>\n\n\n\n<li>11:05 Gajdo\u0161 M.: Porovnanie rozmanitosti drevinov\u00e9ho zlo\u017eenia chr\u00e1nen\u00fdch \u00fazem\u00ed Slovenska. Fakulta ekol\u00f3gie a environmentalistiky, Technick\u00e1 univerzita vo Zvolene<\/li>\n\n\n\n<li>11:20 Bohda\u0148 A.: Simul\u00e1cia v\u00fdvoja rozmanitosti lesn\u00fdch ekosyst\u00e9mov. Fakulta ekol\u00f3gie a environmentalistiky, Technick\u00e1 univerzita vo Zvolene<\/li>\n<\/ul>\n<\/li>\n\n\n\n<li>3. sekcia\n<ul class=\"wp-block-list\">\n<li>11:45 Krn\u00e1\u010d, J.: Stanovenie potenci\u00e1lneho er\u00f3zneho odnosu p\u00f4dy a vplyv druhotnej krajinnej \u0161trukt\u00fary na prirodzen\u00fd odtok \u2013 er\u00f3ziu v modelovom \u00fazem\u00ed katastra Dek\u00fd\u0161. Fakulta pr\u00edrodn\u00fdch vied, Univerzita Mateja Bela v Banskej Bystrici<\/li>\n\n\n\n<li>12:00 Kondrlov\u00e1 E., \u0160imonides I.: Vplyv repky olejnej ozimnej na priebeh vodnej er\u00f3zie. Katedra krajinn\u00e9ho pl\u00e1novania a pozemkov\u00fdch \u00faprav, SPU v Nitre<\/li>\n\n\n\n<li>12:15 Pavli\u010dko P.: Kartografick\u00e1 reprezent\u00e1cia priestorov\u00fdch \u00fadajov v prostred\u00ed Internetu vyu\u017eit\u00edm open-source technol\u00f3gi\u00ed a otvoren\u00e9ho \u0161tandardu SVG. CORINEX GROUP a.s., Bratislava<\/li>\n\n\n\n<li>12:30 Hilbert R.: Geografick\u00fd informa\u010dn\u00fd syst\u00e9m v SVP, \u0161.p. Slovensk\u00fd vodohospod\u00e1rsky podnik, \u0161.p., Bansk\u00e1 \u0160tiavnica<\/li>\n<\/ul>\n<\/li>\n\n\n\n<li>4. sekcia\n<ul class=\"wp-block-list\">\n<li>14:00 Kov\u00e1\u010dik M.: CONDIS \u2013 Inventariza\u010dn\u00fd syst\u00e9m s pripojen\u00edm na GIS. Siemens PSE s.r.o., Bratislava<\/li>\n\n\n\n<li>14:20 Pieron R.: Monitorovanie a riadenie zariaden\u00ed s vyu\u017eit\u00edm mobilnej komunik\u00e1cie. Siemens PSE s.r.o., Bratislava<\/li>\n\n\n\n<li>14:40 Kov\u00e1\u010dik M.: Monitorovac\u00ed GIS syst\u00e9m. Siemens PSE s.r.o., Bratislava<\/li>\n<\/ul>\n<\/li>\n<\/ul>\n\n\n\n<figure class=\"wp-block-gallery has-nested-images columns-default is-cropped wp-block-gallery-1 is-layout-flex wp-block-gallery-is-layout-flex\">\n<figure class=\"wp-block-image size-large\"><img loading=\"lazy\" decoding=\"async\" width=\"1600\" height=\"1200\" data-id=\"688\" src=\"https:\/\/gis.tuzvo.sk\/wp-content\/uploads\/2022\/12\/fmg2007c.jpg\" alt=\"\" class=\"wp-image-688\"\/><\/figure>\n\n\n\n<figure class=\"wp-block-image size-large\"><img loading=\"lazy\" decoding=\"async\" width=\"1600\" height=\"1200\" data-id=\"687\" src=\"https:\/\/gis.tuzvo.sk\/wp-content\/uploads\/2022\/12\/fmg2007b.jpg\" alt=\"\" class=\"wp-image-687\"\/><\/figure>\n<\/figure>\n","protected":false},"excerpt":{"rendered":"<p>Technick\u00e1 univerzita vo Zvolene v spolupr\u00e1ci so Slovenskou asoci\u00e1ciou pre geoinformatiku usporiadali konferenciu F\u00f3rum geoinformatikov, ktor\u00e1 sa konala 24. 5. 2007 v priestoroch Technickej univerzity vo Zvolene. Program konferencie bol zameran\u00fd na aplik\u00e1cie geografick\u00fdch informa\u010dn\u00fdch syst\u00e9mov a dia\u013ekov\u00e9ho prieskumu Zeme v lesn\u00edctve, po\u013enohospod\u00e1rstve, kr\u00edzovom mana\u017emente, ochrane a tvorbe \u017eivotn\u00e9ho prostredia, problematike vyu\u017e\u00edvania syst\u00e9mov s otvoren\u00fdm &hellip; <\/p>\n<div class=\"link-more\"><a href=\"https:\/\/gis.tuzvo.sk\/?page_id=829\" class=\"more-link\">Read More<span class=\"screen-reader-text\"> &#8220;F\u00f3rum mlad\u00fdch geoinformatikov 2007&#8221;<\/span><\/a><\/div>\n","protected":false},"author":2,"featured_media":0,"parent":0,"menu_order":0,"comment_status":"closed","ping_status":"closed","template":"","meta":{"footnotes":""},"class_list":["post-829","page","type-page","status-publish","hentry"],"_links":{"self":[{"href":"https:\/\/gis.tuzvo.sk\/index.php?rest_route=\/wp\/v2\/pages\/829","targetHints":{"allow":["GET"]}}],"collection":[{"href":"https:\/\/gis.tuzvo.sk\/index.php?rest_route=\/wp\/v2\/pages"}],"about":[{"href":"https:\/\/gis.tuzvo.sk\/index.php?rest_route=\/wp\/v2\/types\/page"}],"author":[{"embeddable":true,"href":"https:\/\/gis.tuzvo.sk\/index.php?rest_route=\/wp\/v2\/users\/2"}],"replies":[{"embeddable":true,"href":"https:\/\/gis.tuzvo.sk\/index.php?rest_route=%2Fwp%2Fv2%2Fcomments&post=829"}],"version-history":[{"count":10,"href":"https:\/\/gis.tuzvo.sk\/index.php?rest_route=\/wp\/v2\/pages\/829\/revisions"}],"predecessor-version":[{"id":1344,"href":"https:\/\/gis.tuzvo.sk\/index.php?rest_route=\/wp\/v2\/pages\/829\/revisions\/1344"}],"wp:attachment":[{"href":"https:\/\/gis.tuzvo.sk\/index.php?rest_route=%2Fwp%2Fv2%2Fmedia&parent=829"}],"curies":[{"name":"wp","href":"https:\/\/api.w.org\/{rel}","templated":true}]}}