{"id":77,"date":"2022-11-30T10:35:20","date_gmt":"2022-11-30T10:35:20","guid":{"rendered":"https:\/\/gis.tuzvo.sk\/agp\/?page_id=77"},"modified":"2023-05-22T15:11:58","modified_gmt":"2023-05-22T14:11:58","slug":"materialy-na-stiahnutie","status":"publish","type":"page","link":"https:\/\/gis.tuzvo.sk\/?page_id=77","title":{"rendered":"Materi\u00e1ly na stiahnutie"},"content":{"rendered":"\n<h2 class=\"wp-block-heading\" id=\"Z_klady_GIS\">Z\u00e1klady&nbsp;GIS<\/h2>\n\n\n\n<ul class=\"wp-block-list\">\n<li>N\u00e1vody na cvi\u010denia so syst\u00e9mom IDRISI (Tu\u010dek, J. &#8211; Kore\u0148, M. &#8211; Smre\u010dek, R. \u2013 Sitko, R. (2011). Z\u00e1klady GIS. N\u00e1vody na cvi\u010denia so syst\u00e9mom IDRISI. Vydala Technick\u00e1 univerzita vo Zvolene, ISBN 978-80-228-2244-2, 185 str.)<\/li>\n\n\n\n<li>S\u00fabory potrebn\u00e9 k z\u00e1po\u010dtu<\/li>\n\n\n\n<li>Ot\u00e1zky na sk\u00fa\u0161ku<\/li>\n<\/ul>\n\n\n\n<h2 class=\"wp-block-heading\" id=\"Prev_dzka_GIS\">Prev\u00e1dzka&nbsp;GIS<\/h2>\n\n\n<div class=\"wp-block-image\">\n<figure class=\"alignright size-large\"><img decoding=\"async\" src=\"\/wp-content\/uploads\/2022\/11\/sova3c.png\" alt=\"\"\/><\/figure>\n<\/div>\n\n\n<ul class=\"wp-block-list\">\n<li><a href=\".\/wp-content\/uploads\/2022\/12\/koren_arcgis_2014.pdf\">Geografick\u00fd informa\u010dn\u00fd syst\u00e9m ArcGIS (Kore\u0148, M. (2014). Geografick\u00fd informa\u010dn\u00fd syst\u00e9m ArcGIS. Vydala Technick\u00e1 univerzita vo Zvolene, ISBN 978-80-228-2702-7, 120 str.)<\/a><\/li>\n\n\n\n<li>N\u00e1vody na cvi\u010denia so syst\u00e9mom ArcEditor (Kore\u0148, M. &#8211; Smre\u010dek, R. (2011). Prev\u00e1dzka GIS. N\u00e1vody na cvi\u010denia so syst\u00e9mom ArcEditor. Vydala Technick\u00e1 univerzita vo Zvolene, ISBN 978-80-228-2310-4, 57 str.)<\/li>\n\n\n\n<li>Vzorov\u00e9 pr\u00edklady<\/li>\n\n\n\n<li>Ot\u00e1zky na sk\u00fa\u0161ku<\/li>\n<\/ul>\n\n\n\n<h2 class=\"wp-block-heading\" id=\"Aplik_cie_GIS\">Aplik\u00e1cie&nbsp;GIS<\/h2>\n\n\n\n<ul class=\"wp-block-list\">\n<li>Vzorov\u00e9 pr\u00edklady<\/li>\n\n\n\n<li>Ot\u00e1zky na sk\u00fa\u0161ku<\/li>\n<\/ul>\n\n\n\n<h2 class=\"wp-block-heading\" id=\"Datab_zov_syst_my\">Datab\u00e1zov\u00e9&nbsp;syst\u00e9my<\/h2>\n\n\n\n<ul class=\"wp-block-list\">\n<li>Vzorov\u00e9 pr\u00edklady<\/li>\n\n\n\n<li>Ot\u00e1zky na sk\u00fa\u0161ku<\/li>\n<\/ul>\n\n\n\n<h2 class=\"wp-block-heading\" id=\"Pr_padov_t_die\">Pr\u00edpadov\u00e9&nbsp;\u0161t\u00fadie<\/h2>\n\n\n\n<ul class=\"wp-block-list\">\n<li><a href=\".\/wp-content\/uploads\/2022\/12\/laviny_nedelka_koren_2014.pdf\">Modelovanie rizika vzniku lav\u00edn. Dalibor Nede\u013eka, Milan Kore\u0148, 2014<\/a><\/li>\n\n\n\n<li><a href=\".\/wp-content\/uploads\/2022\/12\/Lykozrut_Mokros_Koren_Jakus.pdf\">Model \u0161\u00edrenia lyko\u017er\u00fata smrekov\u00e9ho v prostred\u00ed GIS. Martin Mokro\u0161, Milan Kore\u0148, Rastislav Jaku\u0161 2014<\/a>, <a href=\".\/wp-content\/uploads\/2022\/12\/Prilohy.pdf\">prilohy<\/a>, poster<\/li>\n<\/ul>\n\n\n\n<h2 class=\"wp-block-heading\" id=\"Zborn_ky_z_konferencie_F_rum_mlad_ch_geoinformatikov\">Zborn\u00edky z konferencie F\u00f3rum mlad\u00fdch&nbsp;geoinformatikov<\/h2>\n\n\n<div class=\"wp-block-image\">\n<figure class=\"alignright size-large is-resized\"><img loading=\"lazy\" decoding=\"async\" src=\"\/wp-content\/uploads\/2022\/11\/pic_agg03.jpg\" alt=\"\" width=\"539\" height=\"190\"\/><\/figure>\n<\/div>\n\n\n<ul class=\"wp-block-list\">\n<li><a href=\".\/wp-content\/uploads\/2022\/12\/fmg_zbornik_2017.pdf\">F\u00f3rum mlad\u00fdch geoinformatikov: zborn\u00edk pr\u00edspevkov a prezent\u00e1ci\u00ed z vedeckej konferencie s medzin\u00e1rodnou \u00fa\u010das\u0165ou. Eds. Martin Z\u00e1potock\u00fd, Michal Antal, Zuzana Slatkovsk\u00e1. Technick\u00e1 Univerzita vo Zvolene 16. m\u00e1j 2017. ISBN 978-80-228-2787-4.<\/a><\/li>\n\n\n\n<li><a href=\".\/wp-content\/uploads\/2022\/12\/fmg_zbornik_2013.zip\">F\u00f3rum mlad\u00fdch geoinformatikov 2013: recenzovan\u00fd zborn\u00edk. Technick\u00e1 univerzita vo Zvolene, 02.-03. m\u00e1j 2013. Eds. Martin Mokro\u0161, Zuzana Mich\u0148ov\u00e1. Technick\u00e1 univerzita vo Zvolene, 2013, ISBN 978-80-228-2518-4<\/a><\/li>\n\n\n\n<li><a href=\".\/wp-content\/uploads\/2022\/12\/fmg_zbornik_2010.zip\">F\u00f3rum mlad\u00fdch geoinformatikov 2010: zborn\u00edk pr\u00edspevkov a prezent\u00e1ci\u00ed. Technick\u00e1 univerzita vo Zvolene, 30. apr\u00edl 2010. Eds. R\u00f3bert Smre\u010dek, Andrea Majlingov\u00e1, Milan Kore\u0148. Technick\u00e1 univerzita vo Zvolene, 2010, ISBN 978-80-228-2119-3<\/a><\/li>\n\n\n\n<li><a href=\".\/wp-content\/uploads\/2022\/12\/fmg_zbornik_2009.zip\">F\u00f3rum mlad\u00fdch geoinformatikov: zborn\u00edk pr\u00edspevkov a prezent\u00e1ci\u00ed. Technick\u00e1 univerzita vo Zvolene 14.-15. m\u00e1j 2009. Eds. R\u00f3bert Smre\u010dek, Andrea Majlingov\u00e1, Milan Kore\u0148. Technick\u00e1 univerzita vo Zvolene, 2009, ISBN 978-80-228-2073-8<\/a><\/li>\n\n\n\n<li><a href=\".\/wp-content\/uploads\/2022\/12\/fmg_zbornik_2008.zip\">F\u00f3rum mlad\u00fdch geoinformatikov: zborn\u00edk pr\u00edspevkov a prezent\u00e1ci\u00ed. Technick\u00e1 univerzita vo Zvolene 16. m\u00e1j 2008. Eds. Andrea Majlingov\u00e1, R\u00f3bert Smre\u010dek, Milan Kore\u0148. Technick\u00e1 univerzita vo Zvolene 2008, ISBN 978-80-228-1876-6.<\/a><\/li>\n<\/ul>\n\n\n\n<h2 class=\"wp-block-heading\" id=\"Ostatn_zborn_ky\">Ostatn\u00e9&nbsp;zborn\u00edky<\/h2>\n\n\n\n<ul class=\"wp-block-list\">\n<li>Aplik\u00e1cie GIS v lesn\u00edctve. Kore\u0148 M. (Ed.), vydala Technick\u00e1 univerzita vo Zvolene, 2007, ISBN 978-80-228-1816-2, 198 str.<\/li>\n\n\n\n<li>Zborn\u00edk pr\u00edspevkov GIS 2005. Kore\u0148, M. (Ed.), Technick\u00e1 univerzita vo Zvolene, 2006. ISBN 80-228-1581-0, 166 str.<\/li>\n<\/ul>\n","protected":false},"excerpt":{"rendered":"<p>Z\u00e1klady&nbsp;GIS Prev\u00e1dzka&nbsp;GIS Aplik\u00e1cie&nbsp;GIS Datab\u00e1zov\u00e9&nbsp;syst\u00e9my Pr\u00edpadov\u00e9&nbsp;\u0161t\u00fadie Zborn\u00edky z konferencie F\u00f3rum mlad\u00fdch&nbsp;geoinformatikov Ostatn\u00e9&nbsp;zborn\u00edky<\/p>\n","protected":false},"author":2,"featured_media":0,"parent":0,"menu_order":0,"comment_status":"closed","ping_status":"closed","template":"","meta":{"footnotes":""},"class_list":["post-77","page","type-page","status-publish","hentry"],"_links":{"self":[{"href":"https:\/\/gis.tuzvo.sk\/index.php?rest_route=\/wp\/v2\/pages\/77","targetHints":{"allow":["GET"]}}],"collection":[{"href":"https:\/\/gis.tuzvo.sk\/index.php?rest_route=\/wp\/v2\/pages"}],"about":[{"href":"https:\/\/gis.tuzvo.sk\/index.php?rest_route=\/wp\/v2\/types\/page"}],"author":[{"embeddable":true,"href":"https:\/\/gis.tuzvo.sk\/index.php?rest_route=\/wp\/v2\/users\/2"}],"replies":[{"embeddable":true,"href":"https:\/\/gis.tuzvo.sk\/index.php?rest_route=%2Fwp%2Fv2%2Fcomments&post=77"}],"version-history":[{"count":8,"href":"https:\/\/gis.tuzvo.sk\/index.php?rest_route=\/wp\/v2\/pages\/77\/revisions"}],"predecessor-version":[{"id":1194,"href":"https:\/\/gis.tuzvo.sk\/index.php?rest_route=\/wp\/v2\/pages\/77\/revisions\/1194"}],"wp:attachment":[{"href":"https:\/\/gis.tuzvo.sk\/index.php?rest_route=%2Fwp%2Fv2%2Fmedia&parent=77"}],"curies":[{"name":"wp","href":"https:\/\/api.w.org\/{rel}","templated":true}]}}