{"id":70,"date":"2022-11-30T10:31:44","date_gmt":"2022-11-30T10:31:44","guid":{"rendered":"https:\/\/gis.tuzvo.sk\/agp\/?page_id=70"},"modified":"2023-05-22T15:09:21","modified_gmt":"2023-05-22T14:09:21","slug":"aplikacie-gis","status":"publish","type":"page","link":"https:\/\/gis.tuzvo.sk\/?page_id=70","title":{"rendered":"Aplik\u00e1cie GIS"},"content":{"rendered":"\n<p>Na predmete si \u0161tudenti roz\u0161\u00edria a preh\u013abia vedomost\u00ed zo spracovania a vyu\u017e\u00edvania geografick\u00fdch \u00fadajov, s hlavn\u00fdm zameran\u00edm na pr\u00e1cu s vektorov\u00fdmi \u00fadajmi, datab\u00e1zami pre pokro\u010dil\u00e9 modelovanie, tvorbu geografick\u00fdch modelov. Na cvi\u010deniach si zdokonalia zru\u010dnost\u00ed ovl\u00e1dania ArcGIS, roz\u0161\u00edreniami Spatial Analyst, 3D Analyst, Network Analyst, pr\u00e1cu s geografickou datab\u00e1zou.<\/p>\n\n\n\n<h2 class=\"wp-block-heading\" id=\"Obsah_predn_ok\">Predn\u00e1\u0161ky<\/h2>\n\n\n<div class=\"wp-block-image\">\n<figure class=\"alignright size-large\"><img decoding=\"async\" src=\"\/wp-content\/uploads\/2022\/11\/gis12.jpg\" alt=\"\"\/><\/figure>\n<\/div>\n\n\n<ul class=\"wp-block-list\">\n<li><em><strong>Modely krajiny.<\/strong><\/em> Priestorov\u00e9 (geografick\u00e9) modely. Defin\u00edcia modelu. Klasifik\u00e1cia modelov. Triedy po\u010d\u00edta\u010dov\u00fdch modelov a ich pou\u017eitie. Krajinn\u00fd syst\u00e9m a \u0161trukt\u00fara \u00fazemia.<\/li>\n\n\n\n<li><em><strong>Priestorov\u00e9 modely.<\/strong><\/em> Priestorov\u00fd r\u00e1mec \u2013 diskretiz\u00e1cia \u00fazemia. Rozklad \u00fazemia \u2013 regionaliz\u00e1cia. S\u00favisl\u00e1 mno\u017eina \u2013 are\u00e1l. Skal\u00e1rne a vektorov\u00e9 polia. Vlastnosti krajiny a syst\u00e9mov\u00fd pr\u00edstup. Dualita vlastnost\u00ed a rozkladu \u00fazemia.<\/li>\n\n\n\n<li><em><strong>Zov\u0161eobecnen\u00e1 mapov\u00e1 algebra.<\/strong><\/em> Hranice priestorov\u00fdch are\u00e1lov. Bodov\u00e9 polia, interpol\u00e1cia a aproxim\u00e1cia. Okolie bodu. Nakladanie vektorov\u00fdch vrstiev. Prienik, zjednotenie, orezanie. Probl\u00e9my nakladania tematick\u00fdch vrstiev.<\/li>\n\n\n\n<li><em><strong>Sie\u0165ov\u00e9 a vzdialenostn\u00e9 anal\u00fdzy.<\/strong><\/em> \u00davod do te\u00f3rie grafov. Sie\u0165ov\u00e9 anal\u00fdzy nad vektorov\u00fdmi \u00fadajmi \u2013 vyh\u013ead\u00e1vanie najkrat\u0161ej cesty, probl\u00e9m obchodn\u00e9ho cestuj\u00faceho. Vzdialenostn\u00e9 anal\u00fdzy vo vektorovom a rastrovom pr\u00edpade. Aplik\u00e1cie sie\u0165ov\u00fdch a vzdialenostn\u00fdch anal\u00fdz.<\/li>\n\n\n\n<li><em><strong>Trojrozmern\u00e9 modelovanie.<\/strong><\/em> Trojrozmern\u00e9 \u0161trukt\u00fary \u00fadajov. \u010caso-priestorov\u00e9 datab\u00e1zy. Funkcie mapovej algebry pre 3D modelovanie.<\/li>\n\n\n\n<li><em><strong>Trojrozmern\u00e1 vizualiz\u00e1cia.<\/strong><\/em> Budovanie 3D-sc\u00e9ny. Zobrazovanie sc\u00e9ny. Osvetlenie. Vidite\u013enos\u0165 objektov. Text\u00fary. Po\u010d\u00edta\u010dov\u00e9 anim\u00e1cie.<\/li>\n\n\n\n<li><em><strong>Aplik\u00e1cie DMR v lesn\u00edctve.<\/strong><\/em> Morfometrick\u00e9 parametre reli\u00e9fu a ich v\u00fdpo\u010det. Model potenci\u00e1lnej slne\u010dnej radi\u00e1cie. Hydrologick\u00e9 modelovanie. Odvodenie klimatick\u00fdch parametrov.<\/li>\n\n\n\n<li><em><strong>Diverzita krajiny.<\/strong><\/em> Zavedenie pojmu diverzita. Rozmanitos\u0165 a vyrovnanos\u0165. Diverzita obsahu a priestorovej \u0161trukt\u00fary. Indexy diverzity are\u00e1lu, triedy, kateg\u00f3rie. Z\u00e1kladn\u00e9 a vlastn\u00e9 indexy, indexy susednosti, zlo\u017een\u00e9 indexy.<\/li>\n\n\n\n<li><em><strong>Simul\u00e1tor rastu lesa.<\/strong><\/em> Princ\u00edp \u010dinnosti rastov\u00e9ho simul\u00e1tora. Pr\u00edprava vstupn\u00fdch \u00fadajov. Simul\u00e1cia. Integr\u00e1cia s GIS. Geografick\u00e1 anal\u00fdza a vizualiz\u00e1cia v\u00fdsledkov.<\/li>\n\n\n\n<li>Neur\u00f3nov\u00e9 siete. Neur\u00f3nov\u00e1 sie\u0165. Druhy neur\u00f3nov\u00fdch siet\u00ed. \u010cinnos\u0165 neur\u00f3novej siete. Vyu\u017eitie MLP pre modelovanie geografick\u00fdch javov.<\/li>\n\n\n\n<li><em><strong>Expertn\u00fd syst\u00e9m.<\/strong><\/em> Expertn\u00fd syst\u00e9m a jeho prvky. \u010cinnos\u0165 expertn\u00e9ho syst\u00e9mu. Integr\u00e1cia s GIS. Syst\u00e9my pre podporu priestorov\u00e9ho rozhodovania.<\/li>\n\n\n\n<li><em><strong>Komplexn\u00e9 priestorov\u00e9 modely.<\/strong><\/em> Integr\u00e1cia podsyst\u00e9mov. Rozsiahle geografick\u00e9 datab\u00e1zy. Realiz\u00e1cia dlhotrvaj\u00facich v\u00fdpo\u010dtov. Rozdelenie a paraleliz\u00e1cia.<\/li>\n<\/ul>\n\n\n\n<h2 class=\"wp-block-heading\" id=\"Odpor_an_literat_ra\">Odpor\u00fa\u010dan\u00e1&nbsp;literat\u00fara<\/h2>\n\n\n<div class=\"wp-block-image\">\n<figure class=\"alignright size-full\"><img loading=\"lazy\" decoding=\"async\" width=\"128\" height=\"128\" src=\"https:\/\/gis.tuzvo.sk\/wp-content\/uploads\/2022\/11\/tool9.png\" alt=\"\" class=\"wp-image-285\"\/><\/figure>\n<\/div>\n\n\n<ul class=\"wp-block-list\">\n<li>Burrough P. A. (1986). Principles of Geographic Information Systems and Land Resources Assessment, Oxford University Press, 194 str.<\/li>\n\n\n\n<li>Kore\u0148, M. (2008). Geografick\u00fd informa\u010dn\u00fd syst\u00e9m ArcGIS. Vydala Technick\u00e1 univerzita vo Zvolene, ISBN 978-80-228-1947-3, 88 str.<\/li>\n\n\n\n<li>Rigaux Ph., Scholl M., Voisard A. (2002). Spatial Databases with applications to GIS. Morgan Kaufmann Publishers, San Francisco, 410 str.<\/li>\n\n\n\n<li>Tomlin C. D. (1990). Geographic Information Systems and Cartographic Modeling. Englewood Cliffs, New Jersey, Prentice Hall, 249 str.<\/li>\n\n\n\n<li>Tu\u010dek, J. (1998). Geografick\u00e9 informa\u010dn\u00ed syst\u00e9my \u2013 principy a praxe, Computer Press Praha, 1998, 424 s.<\/li>\n\n\n\n<li>Worboys M. F. (1995). GIS: A Computing Perspective. Taylor &amp; Francis, London, 2000, tretie vydanie, 376 pp.<\/li>\n<\/ul>\n\n\n\n<h2 class=\"wp-block-heading\">Sk\u00fa\u0161ka<\/h2>\n\n\n<div class=\"wp-block-image\">\n<figure class=\"alignleft size-large\"><img decoding=\"async\" src=\"\/wp-content\/uploads\/2022\/11\/tool45.png\" alt=\"\"\/><\/figure>\n<\/div>\n\n\n<p>Sk\u00fa\u0161ka sa rob\u00ed \u00fastnou alebo p\u00edsomnou formou. \u0160tudent odpoved\u00e1 na 2 ot\u00e1zky vybrat\u00e9 n\u00e1hodne z pripraven\u00fdch zoznamov. Prv\u00e1 ot\u00e1zka je vyrie\u0161enie \u0161kolsk\u00e9ho pr\u00edkladu. Druh\u00e1 ot\u00e1zka je teoretick\u00e1.<\/p>\n\n\n\n<h2 class=\"wp-block-heading\">Na&nbsp;stiahnutie<\/h2>\n\n\n\n<ul class=\"wp-block-list\">\n<li><a href=\"https:\/\/194.160.171.121:4443\/wp-content\/uploads\/2023\/05\/pgis_priklady_vzor.pdf\" data-type=\"attachment\" data-id=\"1145\">Vzorov\u00e9 pr\u00edkla<\/a><a href=\"\/wp-content\/uploads\/2023\/05\/agis_priklady_vzor.pdf\" data-type=\"attachment\">d<\/a><a href=\"https:\/\/194.160.171.121:4443\/wp-content\/uploads\/2023\/05\/pgis_priklady_vzor.pdf\" data-type=\"attachment\" data-id=\"1145\">y<\/a><\/li>\n\n\n\n<li><a href=\"\/wp-content\/uploads\/2023\/05\/agis_otazky.pdf\" data-type=\"attachment\">Ot\u00e1zky na sk\u00fa\u0161ku<\/a><\/li>\n<\/ul>\n\n\n\n<h2 class=\"wp-block-heading\" id=\"Video-predn_ky\">Video-predn\u00e1\u0161ky<\/h2>\n\n\n\n<ul class=\"wp-block-list\">\n<li><a rel=\"noreferrer noopener\" href=\"http:\/\/client.cntv.at\/egu2016\/press-conference-1\" target=\"_blank\">Impacts and costs of natural hazards, EGU 2016<\/a><\/li>\n\n\n\n<li><a rel=\"noreferrer noopener\" href=\"http:\/\/client.cntv.at\/egu2016\/us5\" target=\"_blank\">NASA-ESA-EGU joint Union session, EGU 2016<\/a><\/li>\n\n\n\n<li><a rel=\"noreferrer noopener\" href=\"http:\/\/client.cntv.at\/egu2016\/us3\" target=\"_blank\">Models in the Geosciences, EGU 2016<\/a><\/li>\n<\/ul>\n","protected":false},"excerpt":{"rendered":"<p>Na predmete si \u0161tudenti roz\u0161\u00edria a preh\u013abia vedomost\u00ed zo spracovania a vyu\u017e\u00edvania geografick\u00fdch \u00fadajov, s hlavn\u00fdm zameran\u00edm na pr\u00e1cu s vektorov\u00fdmi \u00fadajmi, datab\u00e1zami pre pokro\u010dil\u00e9 modelovanie, tvorbu geografick\u00fdch modelov. Na cvi\u010deniach si zdokonalia zru\u010dnost\u00ed ovl\u00e1dania ArcGIS, roz\u0161\u00edreniami Spatial Analyst, 3D Analyst, Network Analyst, pr\u00e1cu s geografickou datab\u00e1zou. Predn\u00e1\u0161ky Odpor\u00fa\u010dan\u00e1&nbsp;literat\u00fara Sk\u00fa\u0161ka Sk\u00fa\u0161ka sa rob\u00ed \u00fastnou alebo &hellip; <\/p>\n<div class=\"link-more\"><a href=\"https:\/\/gis.tuzvo.sk\/?page_id=70\" class=\"more-link\">Read More<span class=\"screen-reader-text\"> &#8220;Aplik\u00e1cie GIS&#8221;<\/span><\/a><\/div>\n","protected":false},"author":2,"featured_media":0,"parent":0,"menu_order":0,"comment_status":"closed","ping_status":"closed","template":"","meta":{"footnotes":""},"class_list":["post-70","page","type-page","status-publish","hentry"],"_links":{"self":[{"href":"https:\/\/gis.tuzvo.sk\/index.php?rest_route=\/wp\/v2\/pages\/70","targetHints":{"allow":["GET"]}}],"collection":[{"href":"https:\/\/gis.tuzvo.sk\/index.php?rest_route=\/wp\/v2\/pages"}],"about":[{"href":"https:\/\/gis.tuzvo.sk\/index.php?rest_route=\/wp\/v2\/types\/page"}],"author":[{"embeddable":true,"href":"https:\/\/gis.tuzvo.sk\/index.php?rest_route=\/wp\/v2\/users\/2"}],"replies":[{"embeddable":true,"href":"https:\/\/gis.tuzvo.sk\/index.php?rest_route=%2Fwp%2Fv2%2Fcomments&post=70"}],"version-history":[{"count":9,"href":"https:\/\/gis.tuzvo.sk\/index.php?rest_route=\/wp\/v2\/pages\/70\/revisions"}],"predecessor-version":[{"id":1190,"href":"https:\/\/gis.tuzvo.sk\/index.php?rest_route=\/wp\/v2\/pages\/70\/revisions\/1190"}],"wp:attachment":[{"href":"https:\/\/gis.tuzvo.sk\/index.php?rest_route=%2Fwp%2Fv2%2Fmedia&parent=70"}],"curies":[{"name":"wp","href":"https:\/\/api.w.org\/{rel}","templated":true}]}}