{"id":7,"date":"2022-11-28T16:40:30","date_gmt":"2022-11-28T16:40:30","guid":{"rendered":"https:\/\/gis.tuzvo.sk\/agp\/?page_id=7"},"modified":"2023-05-22T15:21:34","modified_gmt":"2023-05-22T14:21:34","slug":"vzdelavanie","status":"publish","type":"page","link":"https:\/\/gis.tuzvo.sk\/?page_id=7","title":{"rendered":"Vzdel\u00e1vanie"},"content":{"rendered":"\n<h2 class=\"wp-block-heading\">Technick\u00e1 univerzita vo Zvolene<\/h2>\n\n\n<div class=\"wp-block-image\">\n<figure class=\"alignleft size-large\"><img decoding=\"async\" src=\"\/wp-content\/uploads\/2022\/11\/sova5c.png\" alt=\"\"\/><\/figure>\n<\/div>\n\n\n<ul class=\"wp-block-list\">\n<li><a rel=\"noreferrer noopener\" href=\"http:\/\/www.tuzvo.sk\" target=\"_blank\">Hlavn\u00e1 str\u00e1nka TU Zvolen<\/a><\/li>\n\n\n\n<li><a rel=\"noreferrer noopener\" href=\"http:\/\/mapy.tuzvo.sk\" target=\"_blank\">Mapov\u00fd server (Centrum excelentnosti pre podporu rozhodovania v lese a krajine)<\/a><\/li>\n\n\n\n<li><a rel=\"noreferrer noopener\" href=\"http:\/\/mapy.tuzvo.sk\/hofm\/\" target=\"_blank\">Historick\u00e1 ortofotomapa (Centrum excelentnosti pre podporu rozhodovania v lese a krajine)<\/a><\/li>\n\n\n\n<li><a rel=\"noreferrer noopener\" href=\"http:\/\/gis.tuzvo.sk\/dendrocloud\/\" target=\"_blank\">DendroCloud, softv\u00e9r pre spracovanie bodov\u00fdch mra\u010dien<\/a><\/li>\n<\/ul>\n\n\n\n<h2 class=\"wp-block-heading\">\u0160koly<\/h2>\n\n\n<div class=\"wp-block-image\">\n<figure class=\"alignright size-full is-resized\"><img loading=\"lazy\" decoding=\"async\" src=\"https:\/\/gis.tuzvo.sk\/wp-content\/uploads\/2022\/11\/gps3.png\" alt=\"\" class=\"wp-image-199\" width=\"102\" height=\"225\"\/><\/figure>\n<\/div>\n\n\n<ul class=\"wp-block-list\">\n<li><a rel=\"noreferrer noopener\" href=\"http:\/\/gis.vsb.cz\" target=\"_blank\">Institut geoinformatiky, V\u0160B TU Ostrava<\/a><\/li>\n\n\n\n<li><a rel=\"noreferrer noopener\" href=\"http:\/\/gis.zcu.cz\" target=\"_blank\">Geomatika, Odd\u011blen\u00ed geomatiky, Katedra matematiky, Z\u00e1pado\u010desk\u00e1 univerzita v Plzni<\/a><\/li>\n\n\n\n<li><a rel=\"noreferrer noopener\" href=\"http:\/\/uhulag.mendelu.cz\" target=\"_blank\">\u00dastav hospod\u00e1\u0159sk\u00e9 \u00fapravy les\u016f a aplikovan\u00e9 geoinformatiky, Mendelova univerzita v Brne<\/a><\/li>\n\n\n\n<li><a rel=\"noreferrer noopener\" href=\"http:\/\/svf.uniza.sk\/kgd\/index.php?me=0&amp;lc=sk&amp;lm=k\" target=\"_blank\">Katedra geod\u00e9zie, Stavebn\u00e1 fakulta, \u017dilinsk\u00e1 univerzita<\/a><\/li>\n\n\n\n<li><a rel=\"noreferrer noopener\" href=\"http:\/\/gis.fns.uniba.sk\" target=\"_blank\">Katedra kartografie, geoinformatiky a DPZ, Pr\u00edrodovedeck\u00e1 fakulta, Univerzita Komensk\u00e9ho v Bratislave<\/a><\/li>\n\n\n\n<li><a rel=\"noreferrer noopener\" href=\"http:\/\/www.fablab.sk\" target=\"_blank\">FabLab, Vedeck\u00fd park UK<\/a><\/li>\n\n\n\n<li><a rel=\"noreferrer noopener\" href=\"http:\/\/gis.fzp.ujep.cz\" target=\"_blank\">Fakulta \u017eivotn\u00edho prost\u0159ed\u00ed, Univerzita J. E. Purkyn\u011b, \u00dast\u00ed nad Labem<\/a><\/li>\n\n\n\n<li><a rel=\"noreferrer noopener\" href=\"http:\/\/www.geolab.cz\" target=\"_blank\">Laborato\u0159 geoinformatiky, Fakulta \u017eivotn\u00edho prost\u0159ed\u00ed, Univerzita J. E. Purkyn\u011b, \u00dast\u00ed nad Labem<\/a><\/li>\n<\/ul>\n\n\n\n<h2 class=\"wp-block-heading\">Informa\u010dn\u00e9 technol\u00f3gie vo vzdel\u00e1van\u00ed<\/h2>\n\n\n\n<ul class=\"wp-block-list\">\n<li><a rel=\"noreferrer noopener\" href=\"http:\/\/www.eden-online.org\" target=\"_blank\">European Distance and E-Learning network (EDEN)<\/a><\/li>\n\n\n\n<li><a rel=\"noreferrer noopener\" href=\"http:\/\/iated.org\" target=\"_blank\">International Academy of Technology, Education and Development (IATED)<\/a><\/li>\n\n\n\n<li><a rel=\"noreferrer noopener\" href=\"http:\/\/ossconf.soit.sk\" target=\"_blank\">Otvoren\u00fd softv\u00e9r vo vzdel\u00e1van\u00ed, v\u00fdskume a v IT rie\u0161eniach<\/a><\/li>\n\n\n\n<li><a rel=\"noreferrer noopener\" href=\"http:\/\/www.iceta.sk\" target=\"_blank\">International Conference on Emerging eLearning Technologies and Applications (ICETA)<\/a><\/li>\n\n\n\n<li><a rel=\"noreferrer noopener\" href=\"http:\/\/www.eunis.sk\/\" target=\"_blank\">European University Information System (EUNIS Slovensko)<\/a><\/li>\n\n\n\n<li><a rel=\"noreferrer noopener\" href=\"http:\/\/www.eduroam.org\" target=\"_blank\">EDUROAM<\/a><\/li>\n<\/ul>\n","protected":false},"excerpt":{"rendered":"<p>Technick\u00e1 univerzita vo Zvolene \u0160koly Informa\u010dn\u00e9 technol\u00f3gie vo vzdel\u00e1van\u00ed<\/p>\n","protected":false},"author":1,"featured_media":0,"parent":0,"menu_order":0,"comment_status":"closed","ping_status":"closed","template":"","meta":{"footnotes":""},"class_list":["post-7","page","type-page","status-publish","hentry"],"_links":{"self":[{"href":"https:\/\/gis.tuzvo.sk\/index.php?rest_route=\/wp\/v2\/pages\/7","targetHints":{"allow":["GET"]}}],"collection":[{"href":"https:\/\/gis.tuzvo.sk\/index.php?rest_route=\/wp\/v2\/pages"}],"about":[{"href":"https:\/\/gis.tuzvo.sk\/index.php?rest_route=\/wp\/v2\/types\/page"}],"author":[{"embeddable":true,"href":"https:\/\/gis.tuzvo.sk\/index.php?rest_route=\/wp\/v2\/users\/1"}],"replies":[{"embeddable":true,"href":"https:\/\/gis.tuzvo.sk\/index.php?rest_route=%2Fwp%2Fv2%2Fcomments&post=7"}],"version-history":[{"count":8,"href":"https:\/\/gis.tuzvo.sk\/index.php?rest_route=\/wp\/v2\/pages\/7\/revisions"}],"predecessor-version":[{"id":1208,"href":"https:\/\/gis.tuzvo.sk\/index.php?rest_route=\/wp\/v2\/pages\/7\/revisions\/1208"}],"wp:attachment":[{"href":"https:\/\/gis.tuzvo.sk\/index.php?rest_route=%2Fwp%2Fv2%2Fmedia&parent=7"}],"curies":[{"name":"wp","href":"https:\/\/api.w.org\/{rel}","templated":true}]}}