{"id":67,"date":"2022-11-30T10:28:13","date_gmt":"2022-11-30T10:28:13","guid":{"rendered":"https:\/\/gis.tuzvo.sk\/agp\/?page_id=67"},"modified":"2023-05-22T15:06:57","modified_gmt":"2023-05-22T14:06:57","slug":"prevadzka-gis","status":"publish","type":"page","link":"https:\/\/gis.tuzvo.sk\/?page_id=67","title":{"rendered":"Prev\u00e1dzka GIS"},"content":{"rendered":"\n<p><em><strong>Predmet<\/strong> Prev\u00e1dzka GIS<\/em> je zameran\u00fd na poznatky o najd\u00f4le\u017eitej\u0161\u00edch prev\u00e1dzkov\u00fdch aspektoch pou\u017e\u00edvania GIS s d\u00f4razom na aktu\u00e1lnu situ\u00e1ciu na Slovensku, praktick\u00e9 zvl\u00e1dnutie z\u00e1kladn\u00fdch funkcii syst\u00e9mu ArcGIS Editor.<\/p>\n\n\n\n<h2 class=\"wp-block-heading\">Predn\u00e1\u0161ky<\/h2>\n\n\n<div class=\"wp-block-image\">\n<figure class=\"alignright size-large\"><img decoding=\"async\" src=\"\/wp-content\/uploads\/2022\/11\/gis06.jpg\" alt=\"\"\/><\/figure>\n<\/div>\n\n\n<ul class=\"wp-block-list\">\n<li><em><strong>Posledn\u00fd v\u00fdvoj a pokroky v geoinformatike<\/strong><\/em>. Kritika rela\u010dn\u00e9ho \u00fadajov\u00e9ho modelu. Objektov\u00fd pr\u00edstup a georela\u010dn\u00fd model. V\u00fdhody a nev\u00fdhody. Aplik\u00e1cie v geoinformatike. Zn\u00e1me rie\u0161enia a pr\u00edstupy \u2013 Oracle, ARC SDE.<\/li>\n\n\n\n<li><strong><em>Softwarov\u00e9 prostriedky pre GIS pou\u017e\u00edvan\u00e9 na Slovensku<\/em><\/strong>. Roz\u0161\u00edren\u00e9 prostredia. Z\u00e1kladn\u00e9 vlastnosti, v\u00fdkonnos\u0165 a efekt\u00edvnos\u0165. \u0160trukt\u00fara a funkcie. U\u017e\u00edvate\u013esk\u00e9 prostredie, pou\u017e\u00edvan\u00e9 form\u00e1ty. Uplatnenie v rezortoch.<\/li>\n\n\n\n<li><em><strong>Mobiln\u00e9 GIS prostriedky<\/strong><\/em>. Integr\u00e1cia GPS\/GIS. V\u00fdznam s\u00fa\u010dasn\u00e9ho zberu integrovanej (pohovej a atrib\u00fatovej) inform\u00e1cie. Aktualiz\u00e1cia obsahu datab\u00e1z a prev\u00e1dzkov\u00e9 s\u00favislosti. Mo\u017enosti pou\u017eitia perif\u00e9rnych zariaden\u00ed. Uplatnenie v lesn\u00edctve. Pr\u00edklady prostred\u00ed a ich z\u00e1kladn\u00e9 vlastnosti.<\/li>\n\n\n\n<li><strong><em>Infra\u0161trukt\u00fara pre geoinform\u00e1cie<\/em><\/strong>. N\u00e1zory na infra\u0161trukt\u00faru, jej v\u00fdznam a vplyvy na \u00fa\u017e\u00edvate\u013ea. Pr\u00e1vne, in\u0161titucion\u00e1lne a organiza\u010dn\u00e9 probl\u00e9my. Postavenie a \u00falohy \u0161t\u00e1tu, verejn\u00fdch a komer\u010dn\u00fdch subjektov. \u00darovne infra\u0161trukt\u00fary (glob\u00e1lna, region\u00e1lna, lok\u00e1lna). Situ\u00e1cia na Slovensku.<\/li>\n\n\n\n<li><em><strong>\u0160tandardiz\u00e1cia, kvalita geoinform\u00e1cii a meta\u00fadaje<\/strong><\/em>. Typy \u0161tandardov (de jure, de facto, ad hoc). \u0160tandardiza\u010dn\u00e9 org\u00e1ny a procesy \u2013 medzin\u00e1rodn\u00e9, Eur\u00f3pske, n\u00e1rodn\u00e9. Aktu\u00e1lne platn\u00e9 medzin\u00e1rodn\u00e9 \u0161tandardy pre GI. V\u00e4zby na \u0161tandardiz\u00e1ciu v informatike. Situ\u00e1cia na Slovensku. Komponenty kvality GI (mikro, makro a u\u017e\u00edvate\u013esk\u00e9 komponenty). Chyby \u00fadajov v GIS. Meta\u00fadaje. V\u00e4zby na \u0161tandardiz\u00e1ciu. <\/li>\n\n\n\n<li><em><strong>Produkcia digit\u00e1lnych \u00fadajov a inform\u00e1cii na Slovensku<\/strong><\/em>. Preh\u013ead existuj\u00facich produktov a ich dod\u00e1vate\u013eov. Kvalita a dostupnos\u0165 produktov, cenov\u00e1 n\u00e1ro\u010dnos\u0165, sp\u00f4sob distrib\u00facie. Pou\u017e\u00edvan\u00e9 form\u00e1ty a mo\u017enosti prenosu \u00fadajov.<\/li>\n\n\n\n<li><em><strong>V\u00fdmena \u00fadajov a inform\u00e1cii medzi syst\u00e9mami<\/strong><\/em>. Mo\u017en\u00e9 pr\u00edstupy k v\u00fdmene. Preh\u013ead form\u00e1tov pre GI. V\u0161eobecn\u00e9 vlastnosti form\u00e1tov a ich \u0161trukt\u00fara. Vplyv modelovania a abstrakcie reality. \u00daloha a v\u00fdznam po\u010d\u00edta\u010dov\u00fdch sieti. Interoperabilita syst\u00e9mov.<\/li>\n\n\n\n<li><em><strong>Implement\u00e1cia a prev\u00e1dzkov\u00e9 budovanie GIS syst\u00e9mov<\/strong><\/em>. Podrobnej\u0161ie \u010dlenenie geograficky (priestorovo) orientovan\u00fdch syst\u00e9mov. V\u0161eobecn\u00e9 \u0161t\u00e1dia budovania syst\u00e9mu. V\u00e4zby na in\u00e9 prev\u00e1dzkov\u00e9 informa\u010dn\u00e9 syst\u00e9my. Technologick\u00e9 a organiza\u010dn\u00e9 s\u00favislosti. Rie\u0161enia v\u00fdznamn\u00fdch producentov.<\/li>\n\n\n\n<li><em><strong>Pou\u017e\u00edvanie GIS v lesn\u00edctve na Slovensku<\/strong><\/em>. Situ\u00e1cia na Slovensku v\u0161eobecne &#8211; z h\u013eadiska pou\u017e\u00edvan\u00e9ho softv\u00e9ru, organiza\u010dn\u00e9 ot\u00e1zky, t\u00e9matick\u00e9 zameranie syst\u00e9mov. Situ\u00e1cia v lesnom hospod\u00e1rstve. \u0160pecifick\u00e9 programov\u00e9 prostriedky pre potreby lesn\u00edctva. Z\u00e1kladn\u00e9 vlastnosti, funkcie, pou\u017e\u00edvan\u00e9 form\u00e1ty.<\/li>\n\n\n\n<li><em><strong>Perspekt\u00edvy rozvoja GIS a GI<\/strong><\/em>. Hardv\u00e9rov\u00e9 platformy. Opera\u010dn\u00e9 syst\u00e9my. \u0160trukturovanie \u00fadajov. Integr\u00e1cia informatiky a geoinformatiky. Zdroje \u00fadajov a technol\u00f3gie pre ich zber a vstup do GIS. Globaliz\u00e1cia. Aplik\u00e1cie \u2013 s d\u00f4razom na podporu rozhodovania a mana\u017ement a spr\u00e1vu. V\u00e4zby na dia\u013ekov\u00fd prieskum Zeme, digit\u00e1lne spracovanie obrazov, znalostn\u00e9 syst\u00e9my.<\/li>\n<\/ul>\n\n\n\n<h2 class=\"wp-block-heading\">Literat\u00fara<\/h2>\n\n\n<div class=\"wp-block-image\">\n<figure class=\"alignright size-large\"><img decoding=\"async\" src=\"\/wp-content\/uploads\/2022\/11\/book7.png\" alt=\"\"\/><\/figure>\n<\/div>\n\n\n<ul class=\"wp-block-list\">\n<li>Tu\u010dek, J. (1998). Geografick\u00e9 informa\u010dn\u00ed syst\u00e9my \u2013 principy a praxe, Computer Press Praha, 1998, 424 s.<\/li>\n\n\n\n<li>Frank, A., U., Raubal, M., Vlugt, M. (2000). Vyu\u017eitie GI a GIS, preklad, Inco Copernicus 977136, EU 2000, CETRA, \u017dilinsk\u00e1 univerzita, 169 s.<\/li>\n\n\n\n<li>Kore\u0148, M. (2008). Geografick\u00fd informa\u010dn\u00fd syst\u00e9m ArcGIS. Vydala Technick\u00e1 univerzita vo Zvolene, ISBN 978-80-228-1947-3, 88 str.<\/li>\n<\/ul>\n\n\n\n<h2 class=\"wp-block-heading\">Sk\u00fa\u0161ka<\/h2>\n\n\n<div class=\"wp-block-image\">\n<figure class=\"alignleft size-large\"><img decoding=\"async\" src=\"\/wp-content\/uploads\/2022\/11\/tool45.png\" alt=\"\"\/><\/figure>\n<\/div>\n\n\n<p>Sk\u00fa\u0161ka sa rob\u00ed \u00fastnou alebo p\u00edsomnou formou. \u0160tudent odpoved\u00e1 na 2 ot\u00e1zky vybrat\u00e9 n\u00e1hodne z pripraven\u00fdch zoznamov. Prv\u00e1 ot\u00e1zka je vyrie\u0161enie \u0161kolsk\u00e9ho pr\u00edkladu t\u00fdkaj\u00faceho sa ArcGIS Editor. Druh\u00e1 ot\u00e1zka je teoretick\u00e1.<\/p>\n\n\n\n<h2 class=\"wp-block-heading\">Na stiahnutie<\/h2>\n\n\n\n<ul class=\"wp-block-list\">\n<li><a href=\"\/wp-content\/uploads\/2023\/05\/navody_arceditor_2011.pdf\" data-type=\"attachment\">N\u00e1vody na cvi\u010denia so syst\u00e9mom ArcEditor (Kore\u0148, M. &#8211; Smre\u010dek, R. (2011). Prev\u00e1dzka GIS. N\u00e1vody na cvi\u010denia so syst\u00e9mom ArcEditor. Vydala Technick\u00e1 univerzita vo Zvolene, ISBN 978-80-228-2310-4, 57 str.)<\/a><\/li>\n\n\n\n<li><a href=\"\/wp-content\/uploads\/2023\/05\/pgis_priklady_vzor.pdf\" data-type=\"attachment\">Vzorov\u00e9 pr\u00edklady<\/a><\/li>\n\n\n\n<li><a href=\"\/wp-content\/uploads\/2023\/05\/pgis_otazky.pdf\" data-type=\"attachment\">Ot\u00e1zky na sk\u00fa\u0161ku<\/a><\/li>\n<\/ul>\n\n\n\n<p><\/p>\n","protected":false},"excerpt":{"rendered":"<p>Predmet Prev\u00e1dzka GIS je zameran\u00fd na poznatky o najd\u00f4le\u017eitej\u0161\u00edch prev\u00e1dzkov\u00fdch aspektoch pou\u017e\u00edvania GIS s d\u00f4razom na aktu\u00e1lnu situ\u00e1ciu na Slovensku, praktick\u00e9 zvl\u00e1dnutie z\u00e1kladn\u00fdch funkcii syst\u00e9mu ArcGIS Editor. Predn\u00e1\u0161ky Literat\u00fara Sk\u00fa\u0161ka Sk\u00fa\u0161ka sa rob\u00ed \u00fastnou alebo p\u00edsomnou formou. \u0160tudent odpoved\u00e1 na 2 ot\u00e1zky vybrat\u00e9 n\u00e1hodne z pripraven\u00fdch zoznamov. Prv\u00e1 ot\u00e1zka je vyrie\u0161enie \u0161kolsk\u00e9ho pr\u00edkladu t\u00fdkaj\u00faceho sa &hellip; <\/p>\n<div class=\"link-more\"><a href=\"https:\/\/gis.tuzvo.sk\/?page_id=67\" class=\"more-link\">Read More<span class=\"screen-reader-text\"> &#8220;Prev\u00e1dzka GIS&#8221;<\/span><\/a><\/div>\n","protected":false},"author":2,"featured_media":0,"parent":0,"menu_order":0,"comment_status":"closed","ping_status":"closed","template":"","meta":{"footnotes":""},"class_list":["post-67","page","type-page","status-publish","hentry"],"_links":{"self":[{"href":"https:\/\/gis.tuzvo.sk\/index.php?rest_route=\/wp\/v2\/pages\/67","targetHints":{"allow":["GET"]}}],"collection":[{"href":"https:\/\/gis.tuzvo.sk\/index.php?rest_route=\/wp\/v2\/pages"}],"about":[{"href":"https:\/\/gis.tuzvo.sk\/index.php?rest_route=\/wp\/v2\/types\/page"}],"author":[{"embeddable":true,"href":"https:\/\/gis.tuzvo.sk\/index.php?rest_route=\/wp\/v2\/users\/2"}],"replies":[{"embeddable":true,"href":"https:\/\/gis.tuzvo.sk\/index.php?rest_route=%2Fwp%2Fv2%2Fcomments&post=67"}],"version-history":[{"count":9,"href":"https:\/\/gis.tuzvo.sk\/index.php?rest_route=\/wp\/v2\/pages\/67\/revisions"}],"predecessor-version":[{"id":1187,"href":"https:\/\/gis.tuzvo.sk\/index.php?rest_route=\/wp\/v2\/pages\/67\/revisions\/1187"}],"wp:attachment":[{"href":"https:\/\/gis.tuzvo.sk\/index.php?rest_route=%2Fwp%2Fv2%2Fmedia&parent=67"}],"curies":[{"name":"wp","href":"https:\/\/api.w.org\/{rel}","templated":true}]}}