{"id":580,"date":"2022-12-04T18:47:40","date_gmt":"2022-12-04T17:47:40","guid":{"rendered":"https:\/\/gis.tuzvo.sk\/agp\/?page_id=580"},"modified":"2026-02-18T01:35:10","modified_gmt":"2026-02-18T00:35:10","slug":"forum-mladych-geoinformatikov","status":"publish","type":"page","link":"https:\/\/gis.tuzvo.sk\/?page_id=580","title":{"rendered":"F\u00f3rum mlad\u00fdch geoinformatikov"},"content":{"rendered":"<div class=\"wp-block-image\">\n<figure class=\"alignright size-full is-resized\"><img loading=\"lazy\" decoding=\"async\" width=\"480\" height=\"480\" src=\"https:\/\/gis.tuzvo.sk\/wp-content\/uploads\/2022\/12\/fmg_logo-1.jpg\" alt=\"\" class=\"wp-image-862\" style=\"width:240px;height:240px\"\/><\/figure>\n<\/div>\n\n\n<p><em><strong>F\u00f3rum mlad\u00fdch geoinformatikov<\/strong><\/em> je odborn\u00e9 podujatie na ktorom s\u00fa prezentovan\u00e9 pr\u00e1ce z oblasti geografick\u00fdch informa\u010dn\u00fdch syst\u00e9mov (GIS), dia\u013ekov\u00e9ho prieskumu Zeme (DPZ) a in\u00fdch pr\u00edbuzn\u00fdch odborov.<\/p>\n\n\n\n<p>Je zameran\u00e1 hlavne na intern\u00fdch a extern\u00fdch \u0161tudentov bakal\u00e1rskeho, magistersk\u00e9ho (in\u017einierskeho) a doktorandsk\u00e9ho \u0161t\u00fadia. \u00da\u010das\u0165 na konferencii je otvoren\u00e1 aj pre \u0161irok\u00fa odborn\u00fa verejnos\u0165. Z\u00fa\u010dast\u0148uj\u00fa sa jej pracovn\u00edci z oblasti verejnej spr\u00e1vy, v\u00fdskumn\u00fdch \u00fastavov aj s\u00fakromn\u00e9ho sektora.<\/p>\n\n\n\n<p>Konferenciu organizuje pravidelne Technick\u00e1 univerzita vo Zvolene zvy\u010dajne v jarn\u00fdch mesiacoch (apr\u00edl-m\u00e1j).<\/p>\n\n\n\n<h3 class=\"wp-block-heading\" id=\"Ro_n_ky\">Ro\u010dn\u00edky<\/h3>\n\n\n<div class=\"wp-block-image is-style-rounded\">\n<figure class=\"alignright size-full is-resized\"><img loading=\"lazy\" decoding=\"async\" width=\"1024\" height=\"460\" src=\"https:\/\/gis.tuzvo.sk\/wp-content\/uploads\/2022\/12\/Spolocna2.jpg\" alt=\"\" class=\"wp-image-869\" style=\"width:768px;height:345px\"\/><\/figure>\n<\/div>\n\n\n<ul class=\"wp-block-list\">\n<li><a href=\"https:\/\/gis.tuzvo.sk\/fmg2019\/\" target=\"_blank\" rel=\"noreferrer noopener\">F\u00f3rum mlad\u00fdch geoinformatikov 2019<\/a><\/li>\n\n\n\n<li><a href=\"https:\/\/gis.tuzvo.sk\/fmg2018\/\" target=\"_blank\" rel=\"noreferrer noopener\">F\u00f3rum mlad\u00fdch geoinformatikov 2018<\/a><\/li>\n\n\n\n<li><a href=\"https:\/\/gis.tuzvo.sk\/fmg2017\/\" target=\"_blank\" rel=\"noreferrer noopener\">F\u00f3rum mlad\u00fdch geoinformatikov 2017<\/a><\/li>\n\n\n\n<li><a href=\"https:\/\/gis.tuzvo.sk\/fmg2016\/index.php\" target=\"_blank\" rel=\"noreferrer noopener\">F\u00f3rum mlad\u00fdch geoinformatikov 2016<\/a><\/li>\n\n\n\n<li><a href=\"https:\/\/gis.tuzvo.sk\/fmg2015\/index.php\" target=\"_blank\" rel=\"noreferrer noopener\">F\u00f3rum mlad\u00fdch geoinformatikov 2015<\/a><\/li>\n\n\n\n<li><a href=\"http:\/\/gis.tuzvo.sk\/fmg2014\/index.html\" target=\"_blank\" rel=\"noreferrer noopener\">F\u00f3rum mlad\u00fdch geoinformatikov 2014<\/a><\/li>\n\n\n\n<li><a href=\"?page_id=883\" data-type=\"page\">F\u00f3rum mlad\u00fdch geoinformatikov 2013<\/a><\/li>\n\n\n\n<li><a href=\"?page_id=876\" data-type=\"page\">F\u00f3rum mlad\u00fdch geoinformatikov 2010<\/a><\/li>\n\n\n\n<li><a href=\"?page_id=857\" data-type=\"page\" data-id=\"857\">F\u00f3rum mlad\u00fdch geoinformatikov 2009<\/a><\/li>\n\n\n\n<li><a href=\"?page_id=843\" data-type=\"page\" data-id=\"843\">F\u00f3rum mlad\u00fdch geoinformatikov 2008<\/a><\/li>\n\n\n\n<li><a href=\"?page_id=829\">F\u00f3rum mlad\u00fdch geoinformatikov 2007<\/a><\/li>\n\n\n\n<li><a href=\"?page_id=812\" data-type=\"page\" data-id=\"812\">F\u00f3rum mlad\u00fdch geoinformatikov 2005<\/a><\/li>\n<\/ul>\n\n\n\n<h3 class=\"wp-block-heading\" id=\"Zborn_ky\">Zborn\u00edky<\/h3>\n\n\n\n<ul class=\"wp-block-list\">\n<li><a href=\".\/wp-content\/uploads\/2022\/12\/fmg_zbornik_2017.pdf\">F\u00f3rum mlad\u00fdch geoinformatikov: zborn\u00edk pr\u00edspevkov a prezent\u00e1ci\u00ed z vedeckej konferencie s medzin\u00e1rodnou \u00fa\u010das\u0165ou. Eds. Martin Z\u00e1potock\u00fd, Michal Antal, Zuzana Slatkovsk\u00e1. Technick\u00e1 Univerzita vo Zvolene 16. m\u00e1j 2017. ISBN 978-80-228-2787-4.<\/a><\/li>\n\n\n\n<li><a href=\".\/wp-content\/uploads\/2022\/12\/fmg_zbornik_2013.zip\">F\u00f3rum mlad\u00fdch geoinformatikov 2013: recenzovan\u00fd zborn\u00edk. Technick\u00e1 univerzita vo Zvolene, 02.-03. m\u00e1j 2013. Eds. Martin Mokro\u0161, Zuzana Mich\u0148ov\u00e1. Technick\u00e1 univerzita vo Zvolene, 2013, ISBN 978-80-228-2518-4<\/a><\/li>\n\n\n\n<li><a href=\".\/wp-content\/uploads\/2022\/12\/fmg_zbornik_2010.zip\">F\u00f3rum mlad\u00fdch geoinformatikov 2010: zborn\u00edk pr\u00edspevkov a prezent\u00e1ci\u00ed. Technick\u00e1 univerzita vo Zvolene, 30. apr\u00edl 2010. Eds. R\u00f3bert Smre\u010dek, Andrea Majlingov\u00e1, Milan Kore\u0148. Technick\u00e1 univerzita vo Zvolene, 2010, ISBN 978-80-228-2119-3<\/a><\/li>\n\n\n\n<li><a href=\".\/wp-content\/uploads\/2022\/12\/fmg_zbornik_2009.zip\">F\u00f3rum mlad\u00fdch geoinformatikov: zborn\u00edk pr\u00edspevkov a prezent\u00e1ci\u00ed. Technick\u00e1 univerzita vo Zvolene 14.-15. m\u00e1j 2009. Eds. R\u00f3bert Smre\u010dek, Andrea Majlingov\u00e1, Milan Kore\u0148. Technick\u00e1 univerzita vo Zvolene, 2009, ISBN 978-80-228-2073-8<\/a><\/li>\n\n\n\n<li><a href=\".\/wp-content\/uploads\/2022\/12\/fmg_zbornik_2008.zip\">F\u00f3rum mlad\u00fdch geoinformatikov: zborn\u00edk pr\u00edspevkov a prezent\u00e1ci\u00ed. Technick\u00e1 univerzita vo Zvolene 16. m\u00e1j 2008. Eds. Andrea Majlingov\u00e1, R\u00f3bert Smre\u010dek, Milan Kore\u0148. Technick\u00e1 univerzita vo Zvolene 2008, ISBN 978-80-228-1876-6.<\/a><\/li>\n<\/ul>\n","protected":false},"excerpt":{"rendered":"<p>F\u00f3rum mlad\u00fdch geoinformatikov je odborn\u00e9 podujatie na ktorom s\u00fa prezentovan\u00e9 pr\u00e1ce z oblasti geografick\u00fdch informa\u010dn\u00fdch syst\u00e9mov (GIS), dia\u013ekov\u00e9ho prieskumu Zeme (DPZ) a in\u00fdch pr\u00edbuzn\u00fdch odborov. Je zameran\u00e1 hlavne na intern\u00fdch a extern\u00fdch \u0161tudentov bakal\u00e1rskeho, magistersk\u00e9ho (in\u017einierskeho) a doktorandsk\u00e9ho \u0161t\u00fadia. \u00da\u010das\u0165 na konferencii je otvoren\u00e1 aj pre \u0161irok\u00fa odborn\u00fa verejnos\u0165. Z\u00fa\u010dast\u0148uj\u00fa sa jej pracovn\u00edci z oblasti &hellip; <\/p>\n<div class=\"link-more\"><a href=\"https:\/\/gis.tuzvo.sk\/?page_id=580\" class=\"more-link\">Read More<span class=\"screen-reader-text\"> &#8220;F\u00f3rum mlad\u00fdch geoinformatikov&#8221;<\/span><\/a><\/div>\n","protected":false},"author":2,"featured_media":0,"parent":0,"menu_order":0,"comment_status":"closed","ping_status":"closed","template":"","meta":{"footnotes":""},"class_list":["post-580","page","type-page","status-publish","hentry"],"_links":{"self":[{"href":"https:\/\/gis.tuzvo.sk\/index.php?rest_route=\/wp\/v2\/pages\/580","targetHints":{"allow":["GET"]}}],"collection":[{"href":"https:\/\/gis.tuzvo.sk\/index.php?rest_route=\/wp\/v2\/pages"}],"about":[{"href":"https:\/\/gis.tuzvo.sk\/index.php?rest_route=\/wp\/v2\/types\/page"}],"author":[{"embeddable":true,"href":"https:\/\/gis.tuzvo.sk\/index.php?rest_route=\/wp\/v2\/users\/2"}],"replies":[{"embeddable":true,"href":"https:\/\/gis.tuzvo.sk\/index.php?rest_route=%2Fwp%2Fv2%2Fcomments&post=580"}],"version-history":[{"count":17,"href":"https:\/\/gis.tuzvo.sk\/index.php?rest_route=\/wp\/v2\/pages\/580\/revisions"}],"predecessor-version":[{"id":1337,"href":"https:\/\/gis.tuzvo.sk\/index.php?rest_route=\/wp\/v2\/pages\/580\/revisions\/1337"}],"wp:attachment":[{"href":"https:\/\/gis.tuzvo.sk\/index.php?rest_route=%2Fwp%2Fv2%2Fmedia&parent=580"}],"curies":[{"name":"wp","href":"https:\/\/api.w.org\/{rel}","templated":true}]}}