{"id":571,"date":"2022-12-04T18:26:46","date_gmt":"2022-12-04T17:26:46","guid":{"rendered":"https:\/\/gis.tuzvo.sk\/agp\/?page_id=571"},"modified":"2026-02-18T01:21:04","modified_gmt":"2026-02-18T00:21:04","slug":"studijny-program-geoinformacne-a-mapovacie-techniky-v-lesnictve","status":"publish","type":"page","link":"https:\/\/gis.tuzvo.sk\/?page_id=571","title":{"rendered":"\u0160tudijn\u00fd program Geoinforma\u010dn\u00e9 a mapovacie techniky v lesn\u00edctve"},"content":{"rendered":"<div class=\"wp-block-image\">\n<figure class=\"alignright size-full\"><img loading=\"lazy\" decoding=\"async\" width=\"393\" height=\"209\" src=\"https:\/\/gis.tuzvo.sk\/wp-content\/uploads\/2023\/05\/tuzvo_01.gif\" alt=\"\" class=\"wp-image-1130\"\/><\/figure>\n<\/div>\n\n\n<p>Problematika geod\u00e9zie, kartografie, dia\u013ekov\u00e9ho prieskumu Zeme, tematick\u00e9ho mapovania a priestorov\u00e9ho modelovania m\u00e1 na Lesn\u00edckej fakulte TU Zvolen bohat\u00fa trad\u00edciu, ktor\u00e1 sa dlhodobo premieta do obsahu \u0161t\u00fadia lesn\u00e9ho in\u017einierstva. V minulosti to bolo hlavne vo forme \u0161pecializ\u00e1cie z\u00e1vere\u010dnej \u010dasti \u0161t\u00fadia a nesk\u00f4r poskytovan\u00edm \u0161tudijn\u00e9ho programu <strong>Geoinforma\u010dn\u00e9 a mapovacie techniky v lesn\u00edctve<\/strong> (GMTL), ktor\u00fd Lesn\u00edcka fakulta TU Zvolen viac ako 10 rokov \u00faspe\u0161ne realizuje v odbore Lesn\u00edctvo.<\/p>\n\n\n<div class=\"wp-block-image is-style-default\">\n<figure class=\"alignleft size-full is-resized\"><img loading=\"lazy\" decoding=\"async\" width=\"980\" height=\"586\" src=\"https:\/\/gis.tuzvo.sk\/wp-content\/uploads\/2022\/11\/agg_pic04.jpg\" alt=\"\" class=\"wp-image-96\" style=\"width:490px;height:293px\"\/><\/figure>\n<\/div>\n\n\n<p>Program GMTL poskytuje \u0161t\u00fadium zameran\u00e9 na aplik\u00e1cie geoinformatiky v oblasti lesn\u00e9ho hospod\u00e1rstva, p\u00f4dohospod\u00e1rstva, ekol\u00f3gie a ochrany pr\u00edrody, mana\u017ementu pr\u00edrodn\u00fdch zdrojov a krajiny. Tie\u017e umo\u017e\u0148uje rozv\u00edja\u0165 vedeck\u00fa \u0161kolu, ktor\u00e1 u\u017e v minulosti preuk\u00e1zala svoju \u017eivotaschopnos\u0165 a m\u00e1 ohlas na n\u00e1rodnej aj medzin\u00e1rodnej \u00farovni.<\/p>\n\n\n\n<p>Po absolvovan\u00ed \u0161t\u00fadia absolvent dok\u00e1\u017ee analyzova\u0165 a rie\u0161i\u0165 z\u00e1kladn\u00e9 a praktick\u00e9, informa\u010dne, technicky, technologicky a organiza\u010dne orientovan\u00e9 \u00falohy pri vytv\u00e1ran\u00ed, spracovan\u00ed, anal\u00fdze a vyu\u017e\u00edvan\u00ed geografick\u00fdch inform\u00e1cii a na ich spracovanie vhodn\u00fdch technol\u00f3gii a informa\u010dn\u00fdch syst\u00e9mov v \u0161irokom spektre aplika\u010dn\u00fdch oblast\u00ed. Jeho odborn\u00fd profil je preto zameran\u00fd na z\u00edskanie potrebn\u00fdch teoretick\u00fdch a praktick\u00fdch vedomost\u00ed a poznatkov z odboru geod\u00e9zie a kartografie ako aj informatick\u00e9ho, technick\u00e9ho a technologick\u00e9ho z\u00e1kladu geoinformatiky. Tieto s\u00fa doplnen\u00e9 nevyhnutn\u00fdm rozsahom s\u00favisiacich a dopl\u0148uj\u00facich vedomost\u00ed a poznatkov z geografie. Z\u00e1rove\u0148 m\u00e1 primeran\u00e9 vedomosti, schopnosti a zru\u010dnosti z aplika\u010dn\u00fdch oblast\u00ed s d\u00f4razom na p\u00f4dohospod\u00e1rstvo, mana\u017ement pr\u00edrodn\u00fdch zdrojov a krajiny, \u0161t\u00e1tnu spr\u00e1vu a verejn\u00fa samospr\u00e1vu. Z\u00edskan\u00e9 vedomosti umo\u017enia riadi\u0165 kolekt\u00edvy pracovn\u00edkov. Dok\u00e1\u017ee aplikova\u0165 probl\u00e9movo orientovan\u00e9 pr\u00edstupy, variantn\u00e9 rie\u0161enia a experiment\u00e1lne overovania predpokladov. Z\u00edska tie\u017e potrebn\u00e9 z\u00e1klady pre budovanie vedeckej perspekt\u00edvy. <\/p>\n\n\n<div class=\"wp-block-image is-style-default\">\n<figure class=\"alignright size-full is-resized\"><img loading=\"lazy\" decoding=\"async\" width=\"600\" height=\"378\" src=\"https:\/\/gis.tuzvo.sk\/wp-content\/uploads\/2022\/11\/pp1060698.jpg\" alt=\"\" class=\"wp-image-418\" style=\"width:450px;height:284px\"\/><\/figure>\n<\/div>\n\n\n<p>V\u00fdu\u010dba geoinformatiky prebieha v u\u010debniach, laborat\u00f3ri\u00e1ch a v ter\u00e9ne. S\u00fa\u010das\u0165ou v\u00fdu\u010dby s\u00fa predn\u00e1\u0161ky, cvi\u010denia, semin\u00e1re, ter\u00e9nne cvi\u010denia, individu\u00e1lne projekty a kvalifika\u010dn\u00e9 pr\u00e1ce. Do v\u00fdu\u010dby s\u00fa priz\u00fdvan\u00ed odborn\u00edci z najv\u00fdznamnej\u0161\u00edch dom\u00e1cich firiem v odbore i z prest\u00ed\u017enych univerz\u00edt doma aj v zahrani\u010d\u00ed. Pre \u0161tudentov Technickej univerzity vo Zvolene sl\u00fa\u017eia modernizovan\u00e9 intern\u00e1ty, \u0161tudentsk\u00e1 jed\u00e1le\u0148, kni\u017enica, \u0161portovisk\u00e1, \u00fazemie Vysoko\u0161kolsk\u00e9ho lesn\u00edckeho podniku, Arbor\u00e9tum Borov\u00e1 hora, \u0161tudentsk\u00e9 konferen\u010dn\u00e9 centrum a \u010fal\u0161ie zariadenia.<\/p>\n\n\n\n<h2 class=\"wp-block-heading\">Uplatnenie absolventov GMTL<\/h2>\n\n\n\n<ul class=\"wp-block-list\">\n<li>Lesn\u00fd podnik: zber a spr\u00e1va geografick\u00fdch \u00fadajov o lesn\u00fdch ekosyst\u00e9moch, tvorba mapov\u00fdch v\u00fdstupov, pr\u00e1ca s LGIS, PGIS, \u00fadajmi katastra nehnute\u013enost\u00ed, spr\u00e1va GIS lesn\u00e9ho podniku, publikovanie v\u00fdsledkov na internete, automatiz\u00e1cia geografick\u00fdch anal\u00fdz (programovanie), pr\u00e1ca s geografick\u00fdmi datab\u00e1zami (SQL).<\/li>\n\n\n\n<li>Taxa\u010dn\u00e1 kancel\u00e1ria: pr\u00edprava programov starostlivosti o lesy, ter\u00e9nny zber \u00fadajov, aktualiz\u00e1cia lesn\u00edckych m\u00e1p, fotogrametria, import\/export \u00fadajov, pr\u00e1ca s LGIS, PGIS, pr\u00e1ca s mapov\u00fdmi webov\u00fdmi slu\u017ebami.<\/li>\n\n\n\n<li>V\u00fdskumn\u00e9 organiz\u00e1ce: fotogrametria, zber a spr\u00e1va geografick\u00fdch \u00fadajov o lesn\u00fdch ekosyst\u00e9moch, pr\u00edprava mapov\u00fdch v\u00fdstupov, preh\u013eady a \u0161tatistick\u00e9 v\u00fdstupy, ter\u00e9nny zber \u00fadajov, pr\u00edprava leteck\u00e9ho sn\u00edmkovania, spracovanie \u00fadajov leteck\u00e9ho sn\u00edmkovania a ALS, export\/import \u00fadajov, publikovanie v\u00fdsledkov na internete, automatiz\u00e1cia geografick\u00fdch anal\u00fdz (programovanie), pr\u00e1ca s geografick\u00fdmi datab\u00e1zami (SQL).<\/li>\n\n\n\n<li>Akademick\u00e1 sf\u00e9ra: zber a spracovanie geografick\u00fdch \u00fadajov pre rie\u0161enie vedecko-v\u00fdskumn\u00fdch projektov, geografick\u00e9 anal\u00fdzy, spracovanie \u00fadajov z ter\u00e9nnych meran\u00ed, fotogrametria, bl\u00edzka pozemn\u00e1 fotogrametria, TLS, ALS, DPZ, \u0161tatistick\u00e9 vyhodnotenie \u00fadajov, publikovanie v\u00fdsledkov na internete, automatiz\u00e1cia geografick\u00fdch anal\u00fdz (programovanie), pr\u00e1ca s geografick\u00fdmi datab\u00e1zami (SQL), import\/export \u00fadajov, pr\u00e1ca s LGIS, PGIS, pr\u00e1ca s mapov\u00fdmi webov\u00fdmi slu\u017ebami, v\u00fdu\u010dba geoinformatiky.<\/li>\n\n\n\n<li>Verejn\u00e1 spr\u00e1va (lesn\u00e9 hospod\u00e1rstvo, \u017eivotn\u00e9 prostredie, po\u013enohospod\u00e1rstvo, po\u013eovn\u00edctvo), zber a spracovanie geografick\u00fdch \u00fadajov, pr\u00e1ca s GIS, publikovanie \u00fadajov, geografick\u00e9 anal\u00fdzy, pr\u00edprava podkladov pre pl\u00e1novanie.<\/li>\n\n\n\n<li>Podnikate\u013esk\u00e9 subjekty (firmy) v oblasti zberu a spracovania geografick\u00fdch \u00fadajov (pozemn\u00e9 leteck\u00e9), geod\u00e9zie, informatiky.<\/li>\n<\/ul>\n\n\n<div class=\"wp-block-image is-style-default\">\n<figure class=\"aligncenter size-full is-resized\"><img loading=\"lazy\" decoding=\"async\" width=\"600\" height=\"300\" src=\"https:\/\/gis.tuzvo.sk\/wp-content\/uploads\/2022\/11\/pp1180375w.jpg\" alt=\"\" class=\"wp-image-427\" style=\"width:600px;height:300px\"\/><\/figure>\n<\/div>","protected":false},"excerpt":{"rendered":"<p>Problematika geod\u00e9zie, kartografie, dia\u013ekov\u00e9ho prieskumu Zeme, tematick\u00e9ho mapovania a priestorov\u00e9ho modelovania m\u00e1 na Lesn\u00edckej fakulte TU Zvolen bohat\u00fa trad\u00edciu, ktor\u00e1 sa dlhodobo premieta do obsahu \u0161t\u00fadia lesn\u00e9ho in\u017einierstva. V minulosti to bolo hlavne vo forme \u0161pecializ\u00e1cie z\u00e1vere\u010dnej \u010dasti \u0161t\u00fadia a nesk\u00f4r poskytovan\u00edm \u0161tudijn\u00e9ho programu Geoinforma\u010dn\u00e9 a mapovacie techniky v lesn\u00edctve (GMTL), ktor\u00fd Lesn\u00edcka fakulta TU &hellip; <\/p>\n<div class=\"link-more\"><a href=\"https:\/\/gis.tuzvo.sk\/?page_id=571\" class=\"more-link\">Read More<span class=\"screen-reader-text\"> &#8220;\u0160tudijn\u00fd program Geoinforma\u010dn\u00e9 a mapovacie techniky v lesn\u00edctve&#8221;<\/span><\/a><\/div>\n","protected":false},"author":2,"featured_media":0,"parent":0,"menu_order":0,"comment_status":"closed","ping_status":"closed","template":"","meta":{"footnotes":""},"class_list":["post-571","page","type-page","status-publish","hentry"],"_links":{"self":[{"href":"https:\/\/gis.tuzvo.sk\/index.php?rest_route=\/wp\/v2\/pages\/571","targetHints":{"allow":["GET"]}}],"collection":[{"href":"https:\/\/gis.tuzvo.sk\/index.php?rest_route=\/wp\/v2\/pages"}],"about":[{"href":"https:\/\/gis.tuzvo.sk\/index.php?rest_route=\/wp\/v2\/types\/page"}],"author":[{"embeddable":true,"href":"https:\/\/gis.tuzvo.sk\/index.php?rest_route=\/wp\/v2\/users\/2"}],"replies":[{"embeddable":true,"href":"https:\/\/gis.tuzvo.sk\/index.php?rest_route=%2Fwp%2Fv2%2Fcomments&post=571"}],"version-history":[{"count":10,"href":"https:\/\/gis.tuzvo.sk\/index.php?rest_route=\/wp\/v2\/pages\/571\/revisions"}],"predecessor-version":[{"id":1328,"href":"https:\/\/gis.tuzvo.sk\/index.php?rest_route=\/wp\/v2\/pages\/571\/revisions\/1328"}],"wp:attachment":[{"href":"https:\/\/gis.tuzvo.sk\/index.php?rest_route=%2Fwp%2Fv2%2Fmedia&parent=571"}],"curies":[{"name":"wp","href":"https:\/\/api.w.org\/{rel}","templated":true}]}}