{"id":556,"date":"2022-12-02T22:35:53","date_gmt":"2022-12-02T21:35:53","guid":{"rendered":"https:\/\/gis.tuzvo.sk\/agp\/?page_id=556"},"modified":"2026-02-18T02:06:29","modified_gmt":"2026-02-18T01:06:29","slug":"zaujimavosti","status":"publish","type":"page","link":"https:\/\/gis.tuzvo.sk\/?page_id=556","title":{"rendered":"Zauj\u00edmavosti"},"content":{"rendered":"\n<h2 class=\"wp-block-heading\" id=\"Slovensko\">Slovensko<\/h2>\n\n\n\n<ul class=\"wp-block-list\">\n<li><a href=\"https:\/\/turistika.freemap.sk\" target=\"_blank\" rel=\"noreferrer noopener\">FreeMap SK<\/a><\/li>\n\n\n\n<li><a rel=\"noreferrer noopener\" href=\"https:\/\/mapy.hiking.sk\" target=\"_blank\">Turistick\u00e1 mapa Slovenska<\/a><\/li>\n\n\n\n<li><a rel=\"noreferrer noopener\" href=\"https:\/\/www.vypadni.sk\" target=\"_blank\">vypadni.sk<\/a><\/li>\n\n\n\n<li><a href=\"https:\/\/www.arcgis.com\/apps\/MapJournal\/index.html?appid=e9f38d81b1344d5e8d595b246c182983\" target=\"_blank\" rel=\"noreferrer noopener\">Atlas obyvate\u013estva a miest SR<\/a><\/li>\n\n\n\n<li><a rel=\"noreferrer noopener\" href=\"https:\/\/apl.geology.sk\/geofond\/sbd\/\" target=\"_blank\">Star\u00e9 bansk\u00e9 diela<\/a><\/li>\n<\/ul>\n\n\n\n<h2 class=\"wp-block-heading\" id=\"esko\">\u010cesko<\/h2>\n\n\n<div class=\"wp-block-image\">\n<figure class=\"alignright size-large is-resized\"><img decoding=\"async\" src=\"\/wp-content\/uploads\/2022\/11\/mapa1-1.png\" alt=\"\" style=\"width:225px;height:173px\"\/><\/figure>\n<\/div>\n\n\n<ul class=\"wp-block-list\">\n<li><a rel=\"noreferrer noopener\" href=\"http:\/\/geoportal.gov.cz\" target=\"_blank\">N\u00e1rodn\u00ed geoport\u00e1l INSPIRE \u010cR<\/a><\/li>\n\n\n\n<li><a href=\"http:\/\/www.gisportal.cz\/\" target=\"_blank\" rel=\"noreferrer noopener\">GISportal.cz<\/a><\/li>\n\n\n\n<li><a href=\"http:\/\/www.mapakriminality.cz\" target=\"_blank\" rel=\"noreferrer noopener\">Mapa kriminality \u010cR<\/a><\/li>\n\n\n\n<li><a href=\"http:\/\/mapy.vugtk.cz\" target=\"_blank\" rel=\"noreferrer noopener\">Mapov\u00fd port\u00e1l V\u00daGTK, v.v.i.<\/a><\/li>\n\n\n\n<li><a href=\"http:\/\/www.staremapy.cz\/\" target=\"_blank\" rel=\"noreferrer noopener\">Historick\u00e9 mapy \u010ciech, Moravy a Sliezska<\/a><\/li>\n\n\n\n<li><a rel=\"noreferrer noopener\" href=\"http:\/\/mapy.opevneni.cz\/\" target=\"_blank\">Mapy opevnen\u00ed v \u010cR<\/a><\/li>\n<\/ul>\n\n\n\n<h2 class=\"wp-block-heading\" id=\"Medzin_rodn_\">Medzin\u00e1rodn\u00e9<\/h2>\n\n\n<div class=\"wp-block-image\">\n<figure class=\"alignleft size-large\"><img decoding=\"async\" src=\"\/wp-content\/uploads\/2022\/11\/www45s.jpg\" alt=\"\"\/><\/figure>\n<\/div>\n\n\n<ul class=\"wp-block-list\">\n<li><a rel=\"noreferrer noopener\" href=\"https:\/\/earthquakes.volcanodiscovery.com\" target=\"_blank\">Sope\u010dn\u00e1 aktivita<\/a><\/li>\n\n\n\n<li><a rel=\"noreferrer noopener\" href=\"https:\/\/www.flightradar24.com\/48.71,19.35\/8\" target=\"_blank\">Flight Radar 24<\/a><\/li>\n\n\n\n<li><a rel=\"noreferrer noopener\" href=\"https:\/\/www.marinetraffic.org\" target=\"_blank\">Marine Traffic<\/a><\/li>\n\n\n\n<li><a rel=\"noreferrer noopener\" href=\"https:\/\/akon.onb.ac.at\/#center=u2wrcv91en84&amp;zoom=12\" target=\"_blank\">Star\u00e9 poh\u013eadnice na map\u00e1ch<\/a><\/li>\n\n\n\n<li><a rel=\"noreferrer noopener\" href=\"https:\/\/www.davidrumsey.com\" target=\"_blank\">David Rumsay Historical Map Collection<\/a><\/li>\n\n\n\n<li><a rel=\"noreferrer noopener\" href=\"https:\/\/mapire.eu\/en\/\" target=\"_blank\">Historick\u00e9 mapy z Eur\u00f3py<\/a><\/li>\n\n\n\n<li><a rel=\"noreferrer noopener\" href=\"https:\/\/www.oldmapsonline.org\/\" target=\"_blank\">Historick\u00e9 mapy z cel\u00e9ho sveta<\/a><\/li>\n\n\n\n<li><a rel=\"noreferrer noopener\" href=\"https:\/\/www.marinetraffic.com\/en\/\" target=\"_blank\">Live Ships Maps<\/a><\/li>\n\n\n\n<li><a rel=\"noreferrer noopener\" href=\"https:\/\/www.boredpanda.com\/interesting-maps-data\/\" target=\"_blank\">Nezvy\u010dajn\u00e9 mapy<\/a><\/li>\n\n\n\n<li><a rel=\"noreferrer noopener\" href=\"http:\/\/www.boredpanda.com\/fun-maps-they-didnt-teach-you-in-school\/\" target=\"_blank\">Zauj\u00edmav\u00e9 mapy sveta<\/a><\/li>\n\n\n\n<li><a rel=\"noreferrer noopener\" href=\"https:\/\/www.sciencedump.com\/content\/10-world-maps-facts-you-didnt-learn-school\" target=\"_blank\">Demografick\u00e9 zauj\u00edmavosti<\/a><\/li>\n\n\n\n<li><a rel=\"noreferrer noopener\" href=\"https:\/\/twistedsifter.com\/2015\/06\/maps-that-will-teach-you-something-new-about-the-world\/\" target=\"_blank\">Svet na map\u00e1ch<\/a><\/li>\n\n\n\n<li><a rel=\"noreferrer noopener\" href=\"https:\/\/wonderfulengineering.com\/here-are-40-maps-that-will-tell-you-more-about-the-world-than-a-thousand-books\/\" target=\"_blank\">Krajiny na map\u00e1ch<\/a><\/li>\n\n\n\n<li><a rel=\"noreferrer noopener\" href=\"https:\/\/www.dailymail.co.uk\/sciencetech\/article-2942691\/X-marks-spot-Interactive-map-plots-possible-locations-buried-treasure-world.html\" target=\"_blank\">Mapa straten\u00fdch pokladov<\/a><\/li>\n\n\n\n<li><a rel=\"noreferrer noopener\" href=\"https:\/\/andrewmarszal.cartodb.com\/viz\/c5198c24-ac97-11e4-83a4-0e4fddd5de28\/embed_map\" target=\"_blank\">Kde \u017eij\u00fa miliard\u00e1ri<\/a><\/li>\n\n\n\n<li><a rel=\"noreferrer noopener\" href=\"https:\/\/www.stratfor.com\/interactive\/interactive-veins-influence\" target=\"_blank\">Eur\u00f3pske plynovody<\/a><\/li>\n\n\n\n<li><a rel=\"noreferrer noopener\" href=\"https:\/\/www.udeuschle.selfhost.pro\/panoramas\/makepanoramas_en.htm\" target=\"_blank\">Generovanie panor\u00e1m<\/a><\/li>\n\n\n\n<li><a rel=\"noreferrer noopener\" href=\"https:\/\/www.bushmanfilm.com\" target=\"_blank\">BushmanFilm.com, outdorov\u00e9 filmy<\/a><\/li>\n<\/ul>\n\n\n\n<h2 class=\"wp-block-heading\" id=\"Miesta_na_map_ch\">Miesta na&nbsp;map\u00e1ch<\/h2>\n\n\n<div class=\"wp-block-image\">\n<figure class=\"alignright size-large is-resized\"><img decoding=\"async\" src=\"\/wp-content\/uploads\/2022\/11\/mapa3.png\" alt=\"\" style=\"width:225px;height:225px\"\/><\/figure>\n<\/div>\n\n\n<ul class=\"wp-block-list\">\n<li><a rel=\"noreferrer noopener\" href=\"https:\/\/www.google.com\/maps\/@43.7032542,15.7272991,506m\/data=!3m1!1e3\" target=\"_blank\">Ostrov Bavljenac, Chorv\u00e1tsko<\/a><\/li>\n\n\n\n<li><a rel=\"noreferrer noopener\" href=\"https:\/\/www.google.com\/maps\/@21.1675168,94.8668291,2851m\/data=!3m1!1e3\" target=\"_blank\">Chr\u00e1my v Bagane, Mjanmarsko<\/a><\/li>\n\n\n\n<li><a rel=\"noreferrer noopener\" href=\"https:\/\/www.google.com\/maps\/@-34.9204042,-57.9629374,5963m\/data=!3m1!1e3\" target=\"_blank\">La Plata, Argetina<\/a><\/li>\n\n\n\n<li><a rel=\"noreferrer noopener\" href=\"https:\/\/www.google.com\/maps\/@-39.2825692,174.0208501,38865m\/data=!3m1!1e3\" target=\"_blank\">Mount Taranaki, New Zealand<\/a><\/li>\n\n\n\n<li><a rel=\"noreferrer noopener\" href=\"https:\/\/www.google.com\/maps\/@32.1700313,-110.8544852,1291m\/data=!3m1!1e3\" target=\"_blank\">Cintor\u00edn lietadiel, Davis-Monthan Air Force Base Aircraft Boneyard, Tuscon, USA<\/a><\/li>\n\n\n\n<li><a rel=\"noreferrer noopener\" href=\"https:\/\/goo.gl\/maps\/zKwCcw5K2sN2\" target=\"_blank\">Diamantov\u00e1 ba\u0148a Diavik<\/a><\/li>\n\n\n\n<li><a rel=\"noreferrer noopener\" href=\"https:\/\/www.google.sk\/maps\/@30.0208895,31.720649,655m\/data=!3m1!1e3?hl=en\" target=\"_blank\">Stavby v Egypte<\/a><\/li>\n\n\n\n<li><a rel=\"noreferrer noopener\" href=\"https:\/\/www.google.com\/maps\/place\/Baikonur+Cosmodrome\/@45.9097014,63.317163,328m\/data=!3m1!1e3!4m5!3m4!1s0x41f44e75f19aa62d:0xfa47e4a76f02164d!8m2!3d45.9645851!4d63.3052427\" target=\"_blank\">Raketopl\u00e1n Buran na kozmodr\u00f3me Bajkonur<\/a><\/li>\n\n\n\n<li><a rel=\"noreferrer noopener\" href=\"https:\/\/www.youtube.com\/watch?v=KUF_Ckv8HbE\" target=\"_blank\">Uk\u00e1\u017eka skreslenia na map\u00e1ch<\/a><\/li>\n<\/ul>\n","protected":false},"excerpt":{"rendered":"<p>Slovensko \u010cesko Medzin\u00e1rodn\u00e9 Miesta na&nbsp;map\u00e1ch<\/p>\n","protected":false},"author":2,"featured_media":0,"parent":0,"menu_order":0,"comment_status":"closed","ping_status":"closed","template":"","meta":{"footnotes":""},"class_list":["post-556","page","type-page","status-publish","hentry"],"_links":{"self":[{"href":"https:\/\/gis.tuzvo.sk\/index.php?rest_route=\/wp\/v2\/pages\/556","targetHints":{"allow":["GET"]}}],"collection":[{"href":"https:\/\/gis.tuzvo.sk\/index.php?rest_route=\/wp\/v2\/pages"}],"about":[{"href":"https:\/\/gis.tuzvo.sk\/index.php?rest_route=\/wp\/v2\/types\/page"}],"author":[{"embeddable":true,"href":"https:\/\/gis.tuzvo.sk\/index.php?rest_route=\/wp\/v2\/users\/2"}],"replies":[{"embeddable":true,"href":"https:\/\/gis.tuzvo.sk\/index.php?rest_route=%2Fwp%2Fv2%2Fcomments&post=556"}],"version-history":[{"count":8,"href":"https:\/\/gis.tuzvo.sk\/index.php?rest_route=\/wp\/v2\/pages\/556\/revisions"}],"predecessor-version":[{"id":1355,"href":"https:\/\/gis.tuzvo.sk\/index.php?rest_route=\/wp\/v2\/pages\/556\/revisions\/1355"}],"wp:attachment":[{"href":"https:\/\/gis.tuzvo.sk\/index.php?rest_route=%2Fwp%2Fv2%2Fmedia&parent=556"}],"curies":[{"name":"wp","href":"https:\/\/api.w.org\/{rel}","templated":true}]}}