{"id":553,"date":"2022-12-02T22:33:23","date_gmt":"2022-12-02T21:33:23","guid":{"rendered":"https:\/\/gis.tuzvo.sk\/agp\/?page_id=553"},"modified":"2026-02-22T06:53:20","modified_gmt":"2026-02-22T05:53:20","slug":"open-source-softver","status":"publish","type":"page","link":"https:\/\/gis.tuzvo.sk\/?page_id=553","title":{"rendered":"Open-source softv\u00e9r"},"content":{"rendered":"\n<h2 class=\"wp-block-heading\" id=\"Kancel_rske_programy\">Kancel\u00e1rske&nbsp;programy<\/h2>\n\n\n<div class=\"wp-block-image\">\n<figure class=\"alignright size-large\"><img decoding=\"async\" src=\"\/wp-content\/uploads\/2022\/11\/comp2.png\" alt=\"\"\/><\/figure>\n<\/div>\n\n\n<ul class=\"wp-block-list\">\n<li>Libre Office (<a rel=\"noreferrer noopener\" href=\"http:\/\/www.libreoffice.org\" target=\"_blank\">libreoffice.org<\/a>): bal\u00edk kancel\u00e1rskych programov (textov\u00fd editor, tabu\u013ekov\u00fd kalkul\u00e1tor, person\u00e1lna datab\u00e1za, prezenta\u010dn\u00fd program)<\/li>\n\n\n\n<li>Cliparts for Libre Office (<a rel=\"noreferrer noopener\" href=\"https:\/\/openclipart.org\" target=\"_blank\">openclipart.org<\/a>)<\/li>\n\n\n\n<li>Task Coach (<a rel=\"noreferrer noopener\" href=\"http:\/\/www.taskcoach.org\" target=\"_blank\">taskcoach.org<\/a>): program pre spr\u00e1vu a pl\u00e1novanie \u00faloh\/projektov<\/li>\n\n\n\n<li>Project Libre (<a rel=\"noreferrer noopener\" href=\"http:\/\/www.projectlibre.org\" target=\"_blank\">projectlibre.org<\/a>): pl\u00e1novanie a riadenie projektov<\/li>\n\n\n\n<li>FreePlane (<a rel=\"noreferrer noopener\" href=\"http:\/\/www.freeplane.org\" target=\"_blank\">freeplane.org<\/a>): program pre vytv\u00e1ranie ment\u00e1lnych m\u00e1p, riadenie projektov a spr\u00e1vu poznatkov.<\/li>\n\n\n\n<li>Zotero (<a rel=\"noreferrer noopener\" href=\"http:\/\/www.zotero.org\" target=\"_blank\">zotero.org<\/a>): spr\u00e1va publik\u00e1ci\u00ed a cit\u00e1ci\u00ed<\/li>\n\n\n\n<li>KOHA (<a rel=\"noreferrer noopener\" href=\"http:\/\/www.koha-community.org\" target=\"_blank\">koha-community.org<\/a>): kni\u017eni\u010dn\u00fd syst\u00e9m<\/li>\n\n\n\n<li>DocHive (<a rel=\"noreferrer noopener\" href=\"http:\/\/github.com\/QARIO\/dochive\" target=\"_blank\">github.com<\/a>): OCR n\u00e1stroj na konverziu skenovan\u00fdch dokumentov v PDF na textov\u00fd s\u00fabor<\/li>\n<\/ul>\n\n\n\n<h2 class=\"wp-block-heading\" id=\"Programy_a_n_stroje_pre_e-learning\">Programy a n\u00e1stroje pre&nbsp;e-learning<\/h2>\n\n\n\n<ul class=\"wp-block-list\">\n<li>Veyon (<a rel=\"noreferrer noopener\" href=\"http:\/\/veyon.io\/\" target=\"_blank\">veyon.io<\/a>), vzdialen\u00e9 ovl\u00e1danie a monitoring po\u010d\u00edta\u010dov v u\u010debni<\/li>\n\n\n\n<li>CourseFork (<a rel=\"noreferrer noopener\" href=\"http:\/\/coursefork.org\" target=\"_blank\">coursefork.org<\/a>)<\/li>\n\n\n\n<li>Ekiga (<a rel=\"noreferrer noopener\" href=\"http:\/\/www.ekiga.org\" target=\"_blank\">www.ekiga.org<\/a>)<\/li>\n\n\n\n<li>TagSpaces (<a rel=\"noreferrer noopener\" href=\"http:\/\/www.tagspaces.org\" target=\"_blank\">tagspaces.org<\/a>)<\/li>\n\n\n\n<li>TaskBoard (<a rel=\"noreferrer noopener\" href=\"http:\/\/taskboard.matthewross.me\" target=\"_blank\">taskboard.matthewross.me<\/a>)<\/li>\n\n\n\n<li>ownCloud (<a rel=\"noreferrer noopener\" href=\"https:\/\/owncloud.org\" target=\"_blank\">owncloud.org<\/a>)<\/li>\n\n\n\n<li>OnlyOffice (<a rel=\"noreferrer noopener\" href=\"https:\/\/www.onlyoffice.com\" target=\"_blank\">onlyoffice.com<\/a>)<\/li>\n<\/ul>\n\n\n\n<h2 class=\"wp-block-heading\" id=\"GIS_softv_r\">GIS&nbsp;softv\u00e9r<\/h2>\n\n\n<div class=\"wp-block-image\">\n<figure class=\"alignleft size-large\"><img decoding=\"async\" src=\"\/wp-content\/uploads\/2022\/11\/tool55.png\" alt=\"\"\/><\/figure>\n<\/div>\n\n\n<ul class=\"wp-block-list\">\n<li>GRASS GIS (<a rel=\"noreferrer noopener\" href=\"http:\/\/grass.osgeo.org\" target=\"_blank\">grass.osgeo.org<\/a>)<\/li>\n\n\n\n<li>QGIS (<a rel=\"noreferrer noopener\" href=\"http:\/\/www.qgis.org\" target=\"_blank\">qgis.org<\/a>)<\/li>\n\n\n\n<li>SAGA GIS (<a rel=\"noreferrer noopener\" href=\"http:\/\/www.saga-gis.org\" target=\"_blank\">www.saga-gis.org<\/a>)<\/li>\n\n\n\n<li>MapServer (<a rel=\"noreferrer noopener\" href=\"http:\/\/mapserver.org\" target=\"_blank\">mapserver.org<\/a>)<\/li>\n\n\n\n<li>GeoServer (<a rel=\"noreferrer noopener\" href=\"http:\/\/geoserver.org\" target=\"_blank\">geoserver.org<\/a>)<\/li>\n\n\n\n<li>GeoNetwork (<a rel=\"noreferrer noopener\" href=\"http:\/\/geonetwork-opensource.org\" target=\"_blank\">geonetwork-opensource.org<\/a>)<\/li>\n<\/ul>\n\n\n\n<h2 class=\"wp-block-heading\">Fotogrametria<\/h2>\n\n\n\n<ul class=\"wp-block-list\">\n<li><a href=\"http:\/\/micmac.ensg.eu\/index.php\/Accueil\" target=\"_blank\" rel=\"noreferrer noopener\">MicMac<\/a>\n<ul class=\"wp-block-list\">\n<li><a href=\"http:\/\/github.com\/micmacIGN\/micmac\" target=\"_blank\" rel=\"noreferrer noopener\">MicMac Github<\/a><\/li>\n<\/ul>\n<\/li>\n\n\n\n<li><a href=\"https:\/\/opendronemap.org\" target=\"_blank\" rel=\"noreferrer noopener\">OpenDroneMap<\/a><\/li>\n\n\n\n<li><a href=\"https:\/\/github.com\/NeoGeographyToolkit\/StereoPipeline\/\" target=\"_blank\" rel=\"noreferrer noopener\">Ames Stereo Pipeline (ASP)<\/a><\/li>\n<\/ul>\n\n\n\n<h2 class=\"wp-block-heading\" id=\"D_tla_\">3D&nbsp;tla\u010d<\/h2>\n\n\n\n<ul class=\"wp-block-list\">\n<li><a rel=\"noreferrer noopener\" href=\"http:\/\/slic3r.org\" target=\"_blank\">Slic 3R, G-code gener\u00e1tor pre 3D tla\u010diarne<\/a><\/li>\n\n\n\n<li><a rel=\"noreferrer noopener\" href=\"http:\/\/reprap.org\" target=\"_blank\">RepRap, open source low cost 3D printer<\/a><\/li>\n<\/ul>\n\n\n\n<h2 class=\"wp-block-heading\" id=\"V_skum\">V\u00fdskum<\/h2>\n\n\n\n<ul class=\"wp-block-list\">\n<li>OS Beehives (<a rel=\"noreferrer noopener\" href=\"http:\/\/www.opensourcebeehives.net\" target=\"_blank\">opensourcebeehives.net<\/a>)<\/li>\n<\/ul>\n\n\n\n<h2 class=\"wp-block-heading\" id=\"Program_R\">Program&nbsp;R<\/h2>\n\n\n\n<ul class=\"wp-block-list\">\n<li><a rel=\"noreferrer noopener\" href=\"http:\/\/www.r-project.org\" target=\"_blank\">r-project.org<\/a>: domovsk\u00e1 str\u00e1nka projektu<\/li>\n\n\n\n<li><a rel=\"noreferrer noopener\" href=\"http:\/\/journal.r-project.org\" target=\"_blank\">journal.r-project.org<\/a>: The R journal<\/li>\n\n\n\n<li><a rel=\"noreferrer noopener\" href=\"http:\/\/www.asdar-book.org\" target=\"_blank\">asdar-book.org<\/a>: pr\u00edklady ku knihe Applied Spatial Data Analysis with R (Roger S. Bivand, Edzer Pebesma and V. G\u00f3mez-Rubio, Springer, 2013)<\/li>\n\n\n\n<li><a rel=\"noreferrer noopener\" href=\"http:\/\/www.rstudio.com\" target=\"_blank\">rstudio.com<\/a>: desktopov\u00e9 prostredie, publikovanie na internete, roz\u0161\u00edrenia<\/li>\n<\/ul>\n\n\n\n<h2 class=\"wp-block-heading\" id=\"Zdroje\">Zdroje<\/h2>\n\n\n\n<ul class=\"wp-block-list\">\n<li>OSGeo &#8211; Open Source Geospatial Foundation (<a rel=\"noreferrer noopener\" href=\"http:\/\/www.osgeo.org\" target=\"_blank\">osgeo.org<\/a>)<\/li>\n\n\n\n<li><a href=\"https:\/\/marketplace.sshopencloud.eu\" target=\"_blank\" rel=\"noreferrer noopener\">SSH Open Cloud EU<\/a><\/li>\n\n\n\n<li>OpenSource (<a rel=\"noreferrer noopener\" href=\"http:\/\/opensource.com\" target=\"_blank\">OpenSource.com<\/a>)<\/li>\n<\/ul>\n\n\n\n<p><\/p>\n","protected":false},"excerpt":{"rendered":"<p>Kancel\u00e1rske&nbsp;programy Programy a n\u00e1stroje pre&nbsp;e-learning GIS&nbsp;softv\u00e9r Fotogrametria 3D&nbsp;tla\u010d V\u00fdskum Program&nbsp;R Zdroje<\/p>\n","protected":false},"author":2,"featured_media":0,"parent":0,"menu_order":0,"comment_status":"closed","ping_status":"closed","template":"","meta":{"footnotes":""},"class_list":["post-553","page","type-page","status-publish","hentry"],"_links":{"self":[{"href":"https:\/\/gis.tuzvo.sk\/index.php?rest_route=\/wp\/v2\/pages\/553","targetHints":{"allow":["GET"]}}],"collection":[{"href":"https:\/\/gis.tuzvo.sk\/index.php?rest_route=\/wp\/v2\/pages"}],"about":[{"href":"https:\/\/gis.tuzvo.sk\/index.php?rest_route=\/wp\/v2\/types\/page"}],"author":[{"embeddable":true,"href":"https:\/\/gis.tuzvo.sk\/index.php?rest_route=\/wp\/v2\/users\/2"}],"replies":[{"embeddable":true,"href":"https:\/\/gis.tuzvo.sk\/index.php?rest_route=%2Fwp%2Fv2%2Fcomments&post=553"}],"version-history":[{"count":5,"href":"https:\/\/gis.tuzvo.sk\/index.php?rest_route=\/wp\/v2\/pages\/553\/revisions"}],"predecessor-version":[{"id":1360,"href":"https:\/\/gis.tuzvo.sk\/index.php?rest_route=\/wp\/v2\/pages\/553\/revisions\/1360"}],"wp:attachment":[{"href":"https:\/\/gis.tuzvo.sk\/index.php?rest_route=%2Fwp%2Fv2%2Fmedia&parent=553"}],"curies":[{"name":"wp","href":"https:\/\/api.w.org\/{rel}","templated":true}]}}