{"id":548,"date":"2022-12-02T22:29:20","date_gmt":"2022-12-02T21:29:20","guid":{"rendered":"https:\/\/gis.tuzvo.sk\/agp\/?page_id=548"},"modified":"2022-12-02T22:31:06","modified_gmt":"2022-12-02T21:31:06","slug":"lesnictvo","status":"publish","type":"page","link":"https:\/\/gis.tuzvo.sk\/?page_id=548","title":{"rendered":"Lesn\u00edctvo"},"content":{"rendered":"\n<h2 class=\"wp-block-heading\" id=\"Slovensko\">Slovensko<\/h2>\n\n\n\n<ul class=\"wp-block-list\">\n<li><a rel=\"noreferrer noopener\" href=\"http:\/\/www.lesy.sk\" target=\"_blank\">LESY Slovenskej republiky, \u0161.p.<\/a><\/li>\n\n\n\n<li><a rel=\"noreferrer noopener\" href=\"http:\/\/www.lesytanap.sk\" target=\"_blank\">\u0160t\u00e1tne lesy TANAP-u (\u0160L TANAP)<\/a><\/li>\n\n\n\n<li><a rel=\"noreferrer noopener\" href=\"http:\/\/www.vlm.sk\" target=\"_blank\">Vojensk\u00e9 lesy a majetky SR, \u0161. p. (VLM)<\/a><\/li>\n\n\n\n<li><a rel=\"noreferrer noopener\" href=\"http:\/\/www.slsk.sk\/\" target=\"_blank\">Slovensk\u00e1 lesn\u00edcka komora<\/a><\/li>\n\n\n\n<li><a rel=\"noreferrer noopener\" href=\"http:\/\/www.oblskzilina.sk\/\" target=\"_blank\">Oblastn\u00e1 lesn\u00edcka komora \u017dilina<\/a><\/li>\n\n\n\n<li><a rel=\"noreferrer noopener\" href=\"http:\/\/www.polovnickakomora.sk\/\" target=\"_blank\">Slovensk\u00e1 po\u013eovn\u00edcka komora<\/a><\/li>\n\n\n\n<li><a rel=\"noreferrer noopener\" href=\"http:\/\/www.zolsr.sk\/\" target=\"_blank\">Zdru\u017eenie obecn\u00fdch lesov Slovenskej republiky (ZOL SR)<\/a><\/li>\n\n\n\n<li><a rel=\"noreferrer noopener\" href=\"http:\/\/privlesy.sk\" target=\"_blank\">\u00dania region\u00e1lnych zdru\u017een\u00ed vlastn\u00edkov ne\u0161t\u00e1tnych lesov Slovenska<\/a><\/li>\n\n\n\n<li><a rel=\"noreferrer noopener\" href=\"http:\/\/www.propopulo-poprad.sk\" target=\"_blank\">PRO POPULO Poprad, s.r.o.<\/a><\/li>\n\n\n\n<li><a rel=\"noreferrer noopener\" href=\"http:\/\/www.lesy.sk\/pre-verejnost\/casopis-lesnik\/casopisy-pdf\/\" target=\"_blank\">\u010casopis Lesn\u00edk (vyd\u00e1vaj\u00fa Lesy SR)<\/a><\/li>\n\n\n\n<li><a rel=\"noreferrer noopener\" href=\"http:\/\/www.lesytanap.sk\/sk\/casopis-tatry\/archiv\/2019\/\" target=\"_blank\">\u010casopis TATRY (vyd\u00e1va \u0160L TANAP)<\/a><\/li>\n\n\n\n<li><a rel=\"noreferrer noopener\" href=\"http:\/\/www.vlm.sk\/casopis\" target=\"_blank\">\u010casopis Vojensk\u00e9 lesy (vyd\u00e1vaj\u00fa VLM)<\/a><\/li>\n\n\n\n<li><a rel=\"noreferrer noopener\" href=\"http:\/\/www.lesmedium.sk\" target=\"_blank\">\u010casopis Les &amp; letokruhy (vyd\u00e1va LESMEDIUM SK, s.r.o.)<\/a><\/li>\n<\/ul>\n\n\n\n<h2 class=\"wp-block-heading\" id=\"Lesn_cky_v_skum\">Lesn\u00edcky&nbsp;v\u00fdskum<\/h2>\n\n\n\n<ul class=\"wp-block-list\">\n<li><a rel=\"noreferrer noopener\" href=\"https:\/\/www.nlcsk.sk\/\" target=\"_blank\">N\u00e1rodn\u00e9 lesn\u00edcke centrum, Zvolen<\/a>\n<ul class=\"wp-block-list\">\n<li><a rel=\"noreferrer noopener\" href=\"https:\/\/forestpedagogics.eu\" target=\"_blank\">Lesn\u00e1 pedagogika<\/a><\/li>\n<\/ul>\n<\/li>\n\n\n\n<li><strong>JRC<\/strong>\n<ul class=\"wp-block-list\">\n<li><a rel=\"noreferrer noopener\" href=\"https:\/\/forest.jrc.ec.europa.eu\/about-forest\/\" target=\"_blank\">Forest<\/a><\/li>\n\n\n\n<li><a rel=\"noreferrer noopener\" href=\"https:\/\/forest.jrc.ec.europa.eu\/activities\/climate-change\/\" target=\"_blank\">Forest and Climate Change<\/a><\/li>\n\n\n\n<li><a rel=\"noreferrer noopener\" href=\"https:\/\/forest.jrc.ec.europa.eu\/european-atlas-of-forest-tree-species\/\" target=\"_blank\">European Atlas of Forest Tree Species<\/a><\/li>\n\n\n\n<li><a rel=\"noreferrer noopener\" href=\"https:\/\/ec.europa.eu\/jrc\/en\/research-topic\/forestry\" target=\"_blank\">EU Science Hub &#8211; Forestry<\/a><\/li>\n\n\n\n<li><a rel=\"noreferrer noopener\" href=\"https:\/\/effis.jrc.ec.europa.eu\" target=\"_blank\">The European Forest Fire Information System (EFFIS)<\/a><\/li>\n<\/ul>\n<\/li>\n\n\n\n<li><a rel=\"noreferrer noopener\" href=\"https:\/\/www.essl.org\/cms\/\" target=\"_blank\">European Severe Storms Laboratory<\/a><\/li>\n\n\n\n<li><a rel=\"noreferrer noopener\" href=\"https:\/\/enfin.info\" target=\"_blank\">European National Forest Inventories (ENFI)<\/a><\/li>\n\n\n\n<li><a rel=\"noreferrer noopener\" href=\"https:\/\/foresteurope.org\" target=\"_blank\">Forest Europe<\/a><\/li>\n\n\n\n<li><a rel=\"noreferrer noopener\" href=\"https:\/\/www.efi.int\" target=\"_blank\">European Forest Institute (EFI)<\/a><\/li>\n\n\n\n<li><a rel=\"noreferrer noopener\" href=\"https:\/\/www.forestry.gov.uk\/forestresearch\" target=\"_blank\">Forest Research UK<\/a><\/li>\n\n\n\n<li><a rel=\"noreferrer noopener\" href=\"https:\/\/www.cifor.org\/\" target=\"_blank\">Center for International Forestry Research<\/a><\/li>\n\n\n\n<li><a rel=\"noreferrer noopener\" href=\"https:\/\/operas-project.eu\" target=\"_blank\">Ecosystem Science for Policy &amp; Practice (OPERAs)<\/a><\/li>\n\n\n\n<li><a rel=\"noreferrer noopener\" href=\"https:\/\/www.forestdss.org\" target=\"_blank\">ForestDSS<\/a><\/li>\n\n\n\n<li><a rel=\"noreferrer noopener\" href=\"https:\/\/www.bugwood.org\" target=\"_blank\">Center for Invasive Species and Ecosystem Health, University of Georgia, USA<\/a><\/li>\n\n\n\n<li><a rel=\"noreferrer noopener\" href=\"https:\/\/www.barkbeetles.org\" target=\"_blank\">Bark and Wood Boring Beetles of the World<\/a><\/li>\n<\/ul>\n\n\n\n<h2 class=\"wp-block-heading\" id=\"Mapy\">Mapy<\/h2>\n\n\n\n<ul class=\"wp-block-list\">\n<li><a rel=\"noreferrer noopener\" href=\"http:\/\/www.nlcsk.sk\/\" target=\"_blank\">N\u00e1rodn\u00e9 lesn\u00edcke centrum, Zvolen<\/a>\n<ul class=\"wp-block-list\">\n<li><a rel=\"noreferrer noopener\" href=\"http:\/\/gis.nlcsk.org\/lgis\/\" target=\"_blank\">Lesn\u00edcky GIS<\/a><\/li>\n\n\n\n<li><a rel=\"noreferrer noopener\" href=\"http:\/\/lvu.nlcsk.org\/polovgis\" target=\"_blank\">Po\u013eovn\u00edcky GIS<\/a><\/li>\n\n\n\n<li><strong>Stav lesov<\/strong>\n<ul class=\"wp-block-list\">\n<li><a rel=\"noreferrer noopener\" href=\"http:\/\/www.nlcsk.org\/stales\/klasdynam.html\" target=\"_blank\">Dynamick\u00e9 zobrazovanie klasifik\u00e1ci\u00ed stavu lesa zo satelitn\u00fdch sn\u00edmok<\/a><\/li>\n\n\n\n<li><a rel=\"noreferrer noopener\" href=\"http:\/\/www.nlcsk.org\/stales\/stales_swipe_tool.html\" target=\"_blank\">Porovn\u00e1vanie satelitn\u00fdch sn\u00edmok z r\u00f4znych obdob\u00ed<\/a><\/li>\n\n\n\n<li><a rel=\"noreferrer noopener\" href=\"http:\/\/lvu.nlcsk.org\/stavlesa\/\" target=\"_blank\">Identifik\u00e1cia zmien stavu lesa zo satelitn\u00fdch sn\u00edmok<\/a><\/li>\n\n\n\n<li><a rel=\"noreferrer noopener\" href=\"http:\/\/www.nlcsk.org\/stales\/snimdynam.html\" target=\"_blank\">Dynamick\u00e9 zobrazovanie satelitn\u00fdch sn\u00edmok<\/a><\/li>\n<\/ul>\n<\/li>\n\n\n\n<li><a rel=\"noreferrer noopener\" href=\"http:\/\/www.los.sk\/Mavysk\" target=\"_blank\">Mapovanie \u0161kodcov lesn\u00fdch drev\u00edn, Lesn\u00edcka ochran\u00e1rska slu\u017eba<\/a><\/li>\n<\/ul>\n<\/li>\n\n\n\n<li><a rel=\"noreferrer noopener\" href=\"http:\/\/www.opentreemap.org\" target=\"_blank\">Open Tree Map<\/a><\/li>\n\n\n\n<li><a rel=\"noreferrer noopener\" href=\"http:\/\/www.eswd.eu\" target=\"_blank\">European Severe Weather Database<\/a><\/li>\n\n\n\n<li><a rel=\"noreferrer noopener\" href=\"http:\/\/effis.jrc.ec.europa.eu\/static\/effis_current_situation\/index.html\" target=\"_blank\">Meteorological fire danger maps and forecast (EFFIS)<\/a><\/li>\n\n\n\n<li><a rel=\"noreferrer noopener\" href=\"http:\/\/web.gis.vt.edu\/forestry\/dwm\/\" target=\"_blank\">Live and Dead Plant Material Summarized for FIA Down Woody Plots, VirginiaTech<\/a><\/li>\n<\/ul>\n\n\n\n<h2 class=\"wp-block-heading\" id=\"Softv_r\">Softv\u00e9r<\/h2>\n\n\n\n<ul class=\"wp-block-list\">\n<li><a rel=\"noreferrer noopener\" href=\"http:\/\/www.itreetools.org\/\" target=\"_blank\">i-Tree, tools for assessing and managing forests and community tools<\/a><\/li>\n\n\n\n<li><a rel=\"noreferrer noopener\" href=\"http:\/\/www.openforis.org\" target=\"_blank\">OpenForis, open-source solutions for environmental monitoring<\/a><\/li>\n\n\n\n<li><a rel=\"noreferrer noopener\" href=\"http:\/\/www.nrs.fs.fed.us\/tools\/software\/\" target=\"_blank\">Zoznam softv\u00e9ru USDA Forest Service<\/a><\/li>\n\n\n\n<li><a rel=\"noreferrer noopener\" href=\"http:\/\/www.caryinstitute.org\/science-program\/our-scientists\/dr-charles-d-canham\/gap-light-analyzer-gla\" target=\"_blank\">Gap Light Analyzer (GLA)<\/a><\/li>\n\n\n\n<li><a rel=\"noreferrer noopener\" href=\"http:\/\/forestwiki.jrc.ec.europa.eu\/efdm\/index.php\/Main_Page\" target=\"_blank\">European Forestry Dynamic Model<\/a><\/li>\n<\/ul>\n\n\n\n<h2 class=\"wp-block-heading\" id=\"Lesn_cka_terminol_gia_EN_\">Lesn\u00edcka terminol\u00f3gia&nbsp;(EN)<\/h2>\n\n\n\n<ul class=\"wp-block-list\">\n<li><a rel=\"noreferrer noopener\" href=\"http:\/\/www.for.gov.bc.ca\/hfd\/library\/documents\/glossary\/glossary.pdf\" target=\"_blank\">Glossary of Forestry Terms in British Columbia, Ministry of Forests and Range, 2008 (PDF)<\/a><\/li>\n\n\n\n<li><a rel=\"noreferrer noopener\" href=\"http:\/\/www.efi.int\/files\/attachments\/publications\/ir_06.pdf\" target=\"_blank\">Compilation of Forestry Terms and Definitions, European Forest Institute, Internal Report No. 6, 2002 (PDF)<\/a><\/li>\n\n\n\n<li><a rel=\"noreferrer noopener\" href=\"http:\/\/extension.umd.edu\/sites\/default\/files\/_docs\/programs\/riparianbuffers\/FS620.pdf\" target=\"_blank\">Woodland Management, Glossary of Forestry Terms, University of Maryland (PDF)<\/a><\/li>\n\n\n\n<li><a rel=\"noreferrer noopener\" href=\"http:\/\/content.ces.ncsu.edu\/understanding-forestry-terms-a-glossary-for-private-landowners.pdf\" target=\"_blank\">Understanding Forestry Terms, North Carolina State University (PDF)<\/a><\/li>\n\n\n\n<li><a rel=\"noreferrer noopener\" href=\"http:\/\/www.iufro.org\/science\/special\/silvavoc\/silvaterm\/\" target=\"_blank\">Silvaterm Database, IUFRO<\/a><\/li>\n\n\n\n<li><a rel=\"noreferrer noopener\" href=\"http:\/\/www.fao.org\/forestry\/terminology\/25213\/en\/\" target=\"_blank\">Forestry terminology, FAO UN<\/a><\/li>\n\n\n\n<li><a rel=\"noreferrer noopener\" href=\"http:\/\/www.dictionaryofforestry.org\" target=\"_blank\">The Dictionary of Forestry, Society of American Foresters<\/a><\/li>\n\n\n\n<li><a rel=\"noreferrer noopener\" href=\"https:\/\/www.ncforestry.org\/teachers\/glossary-of-forestry-terms\/\" target=\"_blank\">Glossary of Forestry Terms, North Carolina Forestry Association<\/a><\/li>\n\n\n\n<li><a rel=\"noreferrer noopener\" href=\"http:\/\/www.mass.gov\/eea\/agencies\/dcr\/conservation\/forestry-and-fire-control\/forestry-glossary.html\" target=\"_blank\">Forestry Glossary, Commonwealth of Massachusetts<\/a><\/li>\n\n\n\n<li><a rel=\"noreferrer noopener\" href=\"http:\/\/www.maced.org\/foi\/generalforestryglossary.htm\" target=\"_blank\">Glossary of common forestry terminology, The Mountain Association for Community Economic Development (MACED<\/a><\/li>\n\n\n\n<li><a rel=\"noreferrer noopener\" href=\"http:\/\/www.forestry.gov.uk\/fr\/infd-5uwjwz\" target=\"_blank\">Glossary, Forestry Commision, UK<\/a><\/li>\n\n\n\n<li><a rel=\"noreferrer noopener\" href=\"http:\/\/forestlearning.edu.au\/about\/forest-terminology-explained.html\" target=\"_blank\">Forest Terminology Explained, Forest Learning, Australia<\/a><\/li>\n\n\n\n<li><a rel=\"noreferrer noopener\" href=\"http:\/\/www.nwcg.gov\/?q=glossary\" target=\"_blank\">The National Wildfire Coordinating Group<\/a><\/li>\n\n\n\n<li><a rel=\"noreferrer noopener\" href=\"http:\/\/csfs.colostate.edu\/glossaries-of-terms\/\" target=\"_blank\">Forestry and Wildfire Glossaries of Terms, The Colorado State Forest Service<\/a><\/li>\n<\/ul>\n\n\n\n<h2 class=\"wp-block-heading\" id=\"Zauj_mavosti\">Zauj\u00edmavosti<\/h2>\n\n\n\n<ul class=\"wp-block-list\">\n<li><a rel=\"noreferrer noopener\" href=\"https:\/\/www.youtube.com\/watch?v=B1kkZFOvcIw\" target=\"_blank\">Pova\u017esk\u00e1 lesn\u00e1 \u017eeleznica<\/a><\/li>\n\n\n\n<li><a rel=\"noreferrer noopener\" href=\"https:\/\/www.youtube.com\/embed\/2oOZjXfF8cI\" target=\"_blank\">Video \u010cesk\u00e1 pr\u00edroda<\/a><\/li>\n\n\n\n<li><a rel=\"noreferrer noopener\" href=\"https:\/\/www.nekrmbrouka.cz\" target=\"_blank\">Nekrm brouka<\/a><\/li>\n\n\n\n<li><a rel=\"noreferrer noopener\" href=\"https:\/\/www.svol.cz\" target=\"_blank\">Sdru\u017een\u00ed vlastn\u00edk\u016f obecn\u00edch a soukrom\u00fdch les\u016f v \u010cR (SVOL)<\/a><\/li>\n\n\n\n<li><a rel=\"noreferrer noopener\" href=\"https:\/\/fotoales.cz\/?page_id=748\" target=\"_blank\">Lexik\u00f3n spevu vt\u00e1kov<\/a><\/li>\n<\/ul>\n","protected":false},"excerpt":{"rendered":"<p>Slovensko Lesn\u00edcky&nbsp;v\u00fdskum Mapy Softv\u00e9r Lesn\u00edcka terminol\u00f3gia&nbsp;(EN) Zauj\u00edmavosti<\/p>\n","protected":false},"author":2,"featured_media":0,"parent":0,"menu_order":0,"comment_status":"closed","ping_status":"closed","template":"","meta":{"footnotes":""},"class_list":["post-548","page","type-page","status-publish","hentry"],"_links":{"self":[{"href":"https:\/\/gis.tuzvo.sk\/index.php?rest_route=\/wp\/v2\/pages\/548","targetHints":{"allow":["GET"]}}],"collection":[{"href":"https:\/\/gis.tuzvo.sk\/index.php?rest_route=\/wp\/v2\/pages"}],"about":[{"href":"https:\/\/gis.tuzvo.sk\/index.php?rest_route=\/wp\/v2\/types\/page"}],"author":[{"embeddable":true,"href":"https:\/\/gis.tuzvo.sk\/index.php?rest_route=\/wp\/v2\/users\/2"}],"replies":[{"embeddable":true,"href":"https:\/\/gis.tuzvo.sk\/index.php?rest_route=%2Fwp%2Fv2%2Fcomments&post=548"}],"version-history":[{"count":3,"href":"https:\/\/gis.tuzvo.sk\/index.php?rest_route=\/wp\/v2\/pages\/548\/revisions"}],"predecessor-version":[{"id":551,"href":"https:\/\/gis.tuzvo.sk\/index.php?rest_route=\/wp\/v2\/pages\/548\/revisions\/551"}],"wp:attachment":[{"href":"https:\/\/gis.tuzvo.sk\/index.php?rest_route=%2Fwp%2Fv2%2Fmedia&parent=548"}],"curies":[{"name":"wp","href":"https:\/\/api.w.org\/{rel}","templated":true}]}}