{"id":545,"date":"2022-12-02T22:27:36","date_gmt":"2022-12-02T21:27:36","guid":{"rendered":"https:\/\/gis.tuzvo.sk\/agp\/?page_id=545"},"modified":"2023-05-22T15:15:33","modified_gmt":"2023-05-22T14:15:33","slug":"dialkovy-prieskum-zeme","status":"publish","type":"page","link":"https:\/\/gis.tuzvo.sk\/?page_id=545","title":{"rendered":"Dia\u013ekov\u00fd prieskum Zeme"},"content":{"rendered":"\n<h2 class=\"wp-block-heading\">Slovensko<\/h2>\n\n\n<div class=\"wp-block-image\">\n<figure class=\"alignright size-large is-resized\"><img loading=\"lazy\" decoding=\"async\" src=\"\/wp-content\/uploads\/2022\/11\/globe4.png\" alt=\"\" width=\"225\" height=\"225\"\/><\/figure>\n<\/div>\n\n\n<ul class=\"wp-block-list\">\n<li><a href=\"https:\/\/spaceoffice.sk\" target=\"_blank\" rel=\"noreferrer noopener\">Slovensk\u00e1 vesm\u00edrna kancel\u00e1ria<\/a><\/li>\n\n\n\n<li><a href=\"http:\/\/slovak.space\/sr-a-vesmir\/komisia-pre-kozmicke-aktivity\/\" rel=\"noreferrer noopener\" target=\"_blank\">Slovensk\u00fd kozmick\u00fd port\u00e1l<\/a><\/li>\n\n\n\n<li><a href=\"http:\/\/www.vesmirnapolitika.sk\" rel=\"noreferrer noopener\" target=\"_blank\">Slovensk\u00e1 spolo\u010dnos\u0165 pre vesm\u00edrnu politiku (SSPA)<\/a><\/li>\n\n\n\n<li><a href=\"http:\/\/kozmonautika.sk\" rel=\"noreferrer noopener\" target=\"_blank\">Kozmonautika SK<\/a><\/li>\n\n\n\n<li><a href=\"http:\/\/www.vesmir.sk\" rel=\"noreferrer noopener\" target=\"_blank\">Vesm\u00edr SK<\/a><\/li>\n\n\n\n<li><a href=\"http:\/\/sosa.sk\" rel=\"noreferrer noopener\" target=\"_blank\">Slovensk\u00e1 organiz\u00e1cia pre vesm\u00edrne aktivity<\/a><\/li>\n\n\n\n<li><a href=\"http:\/\/www.nlcsk.sk\/\" rel=\"noreferrer noopener\" target=\"_blank\">N\u00e1rodn\u00e9 lesn\u00edcke centrum, Zvolen<\/a>\n<ul class=\"wp-block-list\">\n<li><a href=\"http:\/\/www.nlcsk.org\/stales\/klasdynam.html\" rel=\"noreferrer noopener\" target=\"_blank\">Dynamick\u00e9 zobrazovanie klasifik\u00e1ci\u00ed stavu lesa zo satelitn\u00fdch sn\u00edmok<\/a><\/li>\n\n\n\n<li><a href=\"http:\/\/www.nlcsk.org\/stales\/stales_swipe_tool.html\" rel=\"noreferrer noopener\" target=\"_blank\">Porovn\u00e1vanie satelitn\u00fdch sn\u00edmok z r\u00f4znych obdob\u00ed<\/a><\/li>\n\n\n\n<li><a href=\"http:\/\/lvu.nlcsk.org\/stavlesa\/\" rel=\"noreferrer noopener\" target=\"_blank\">Identifik\u00e1cia zmien stavu lesa zo satelitn\u00fdch sn\u00edmok<\/a><\/li>\n\n\n\n<li><a href=\"http:\/\/www.nlcsk.org\/stales\/snimdynam.html\" rel=\"noreferrer noopener\" target=\"_blank\">Dynamick\u00e9 zobrazovanie satelitn\u00fdch sn\u00edmok<\/a><\/li>\n<\/ul>\n<\/li>\n\n\n\n<li><a href=\"http:\/\/stsproject.net\" rel=\"noreferrer noopener\" target=\"_blank\">Stratospheric Balloon Project<\/a><\/li>\n<\/ul>\n\n\n\n<h2 class=\"wp-block-heading\" id=\"E_\">E\u00da<\/h2>\n\n\n<div class=\"wp-block-image\">\n<figure class=\"alignright size-large is-resized\"><img loading=\"lazy\" decoding=\"async\" src=\"\/wp-content\/uploads\/2022\/11\/sat5c.jpg\" alt=\"\" width=\"248\" height=\"248\"\/><\/figure>\n<\/div>\n\n\n<ul class=\"wp-block-list\">\n<li><a href=\"http:\/\/www.esa.int\" rel=\"noreferrer noopener\" target=\"_blank\">Eur\u00f3pska vesm\u00edrna agent\u00fara (ESA)<\/a>\n<ul class=\"wp-block-list\">\n<li><a href=\"http:\/\/www.esa.int\/ESA\/Our_Missions\" rel=\"noreferrer noopener\" target=\"_blank\">ESA missions<\/a><\/li>\n\n\n\n<li><a href=\"http:\/\/www.esa.int\/Our_Activities\/Space_Engineering_Technology\/\" rel=\"noreferrer noopener\" target=\"_blank\">ESA Robotics<\/a><\/li>\n\n\n\n<li><a href=\"http:\/\/earth.esa.int\/web\/guest\/data-access\" rel=\"noreferrer noopener\" target=\"_blank\">ESA Data Access<\/a><\/li>\n\n\n\n<li><a href=\"http:\/\/earth.esa.int\/web\/guest\/eoli\" rel=\"noreferrer noopener\" target=\"_blank\">EOLi browser Java<\/a><\/li>\n\n\n\n<li><a href=\"http:\/\/sentinel.esa.int\/web\/sentinel\/home\" rel=\"noreferrer noopener\" target=\"_blank\">Sentinel<\/a><\/li>\n\n\n\n<li><a href=\"http:\/\/www.copernicus.eu\" rel=\"noreferrer noopener\" target=\"_blank\">Copernicus<\/a>\n<ul class=\"wp-block-list\">\n<li><a href=\"http:\/\/scihub.copernicus.eu\" rel=\"noreferrer noopener\" target=\"_blank\">Copernicus Open Access Hub<\/a><\/li>\n\n\n\n<li><a href=\"http:\/\/land.copernicus.eu\" rel=\"noreferrer noopener\" target=\"_blank\">Land Monitoring Service<\/a><\/li>\n\n\n\n<li><a href=\"http:\/\/www.copernicus-masters.com\" rel=\"noreferrer noopener\" target=\"_blank\">Copernicus Masters<\/a><\/li>\n<\/ul>\n<\/li>\n\n\n\n<li><a href=\"http:\/\/directory.eoportal.org\/web\/eoportal\/home\" rel=\"noreferrer noopener\" target=\"_blank\">ESA Earth Observation Portal<\/a><\/li>\n\n\n\n<li><a href=\"http:\/\/step.esa.int\/main\/\" rel=\"noreferrer noopener\" target=\"_blank\">Scientific Toolbox Exploitation Platform (STEP)<\/a><\/li>\n\n\n\n<li><a href=\"http:\/\/seom.esa.int\/index.php\" rel=\"noreferrer noopener\" target=\"_blank\">Scientific Exploitation of Operational Missions (SEOM)<\/a><\/li>\n\n\n\n<li><a href=\"http:\/\/www.esnc.eu\" rel=\"noreferrer noopener\" target=\"_blank\">European Satellite Navigation Competition<\/a><\/li>\n\n\n\n<li><a href=\"http:\/\/www.esa.int\/Education\" rel=\"noreferrer noopener\" target=\"_blank\">ESA Education<\/a><\/li>\n\n\n\n<li><a href=\"http:\/\/www.esa.int\/kids\/en\/home\" rel=\"noreferrer noopener\" target=\"_blank\">ESA Kids<\/a><\/li>\n<\/ul>\n<\/li>\n\n\n\n<li><a href=\"https:\/\/www.eurisy.eu\" target=\"_blank\" rel=\"noreferrer noopener\">Eurisy, NGO<\/a><\/li>\n\n\n\n<li><a href=\"http:\/\/copernicus.gov.cz\" rel=\"noreferrer noopener\" target=\"_blank\">Copernicus CZ<\/a><\/li>\n\n\n\n<li><a href=\"http:\/\/www.kosmonautix.cz\" rel=\"noreferrer noopener\" target=\"_blank\">Kosmonautix CZ<\/a><\/li>\n\n\n\n<li><a href=\"http:\/\/www.space.si\/en\/\" rel=\"noreferrer noopener\" target=\"_blank\">Slovenian Centre of Excellence for Space Sciences and Technologies Space-SI<\/a><\/li>\n\n\n\n<li><a href=\"http:\/\/www.geo-web.org.uk\" rel=\"noreferrer noopener\" target=\"_blank\">Group for Earth Observation (GEO)<\/a><\/li>\n\n\n\n<li><a href=\"http:\/\/satsignal.eu\" rel=\"noreferrer noopener\" target=\"_blank\">Satellite Signal<\/a><\/li>\n<\/ul>\n\n\n\n<h2 class=\"wp-block-heading\" id=\"Zahrani_ie\">Zahrani\u010die<\/h2>\n\n\n\n<ul class=\"wp-block-list\">\n<li><a href=\"http:\/\/worldview.earthdata.nasa.gov\" rel=\"noreferrer noopener\" target=\"_blank\">NASA WorldView<\/a><\/li>\n\n\n\n<li><a href=\"http:\/\/landsat.usgs.gov\" rel=\"noreferrer noopener\" target=\"_blank\">USGS Landsat<\/a><\/li>\n\n\n\n<li><a href=\"http:\/\/earthdata.nasa.gov\" rel=\"noreferrer noopener\" target=\"_blank\">NASA EarthData<\/a><\/li>\n\n\n\n<li><a href=\"http:\/\/glovis.usgs.gov\" rel=\"noreferrer noopener\" target=\"_blank\">GloVis USGS (Aster, EO-1, Hyperion, IRS, Landsat, Sentinel2)<\/a><\/li>\n\n\n\n<li><a href=\"http:\/\/glcfapp.glcf.umd.edu\/data\/\" rel=\"noreferrer noopener\" target=\"_blank\">Global Land Cover Facility<\/a><\/li>\n\n\n\n<li><a href=\"http:\/\/globbiomass.org\" rel=\"noreferrer noopener\" target=\"_blank\">GlobBiomass<\/a><\/li>\n\n\n\n<li><a href=\"http:\/\/f-tep.com\" rel=\"noreferrer noopener\" target=\"_blank\">Forestry Thematic Exploitation Platform<\/a><\/li>\n\n\n\n<li><a href=\"http:\/\/www.hobbyspace.com\" rel=\"noreferrer noopener\" target=\"_blank\">Hobby Space<\/a><\/li>\n\n\n\n<li><a href=\"http:\/\/spaceappschallenge.org\" rel=\"noreferrer noopener\" target=\"_blank\">Space Apps Challenge<\/a><\/li>\n<\/ul>\n\n\n\n<h2 class=\"wp-block-heading\" id=\"Po_asie\">Po\u010dasie<\/h2>\n\n\n\n<ul class=\"wp-block-list\">\n<li><a href=\"http:\/\/www.meteoblue.com\/en\/\" rel=\"noreferrer noopener\" target=\"_blank\">MeteoBlue<\/a><\/li>\n\n\n\n<li><a href=\"http:\/\/en.sat24.com\/en\/\" rel=\"noreferrer noopener\" target=\"_blank\">Sat24<\/a><\/li>\n\n\n\n<li><a href=\"http:\/\/www.windy.com\/?48.195,19.907,7\" rel=\"noreferrer noopener\" target=\"_blank\">Windy<\/a><\/li>\n\n\n\n<li><a href=\"http:\/\/www.lightningmaps.org\" rel=\"noreferrer noopener\" target=\"_blank\">V\u00fdskyt bleskov<\/a><\/li>\n\n\n\n<li><a href=\"http:\/\/www.radareu.cz\" rel=\"noreferrer noopener\" target=\"_blank\">Radar EU<\/a><\/li>\n<\/ul>\n\n\n\n<h2 class=\"wp-block-heading\" id=\"Satelity\">Satelity<\/h2>\n\n\n<div class=\"wp-block-image\">\n<figure class=\"alignleft size-large is-resized\"><img loading=\"lazy\" decoding=\"async\" src=\"\/wp-content\/uploads\/2022\/11\/sat2.png\" alt=\"\" width=\"150\" height=\"110\"\/><\/figure>\n<\/div>\n\n\n<ul class=\"wp-block-list\">\n<li><a href=\"http:\/\/www.nanosats.eu\" rel=\"noreferrer noopener\" target=\"_blank\">NanoSats<\/a><\/li>\n\n\n\n<li><a href=\"http:\/\/www.wraase.de\" rel=\"noreferrer noopener\" target=\"_blank\">WRAASE<\/a><\/li>\n\n\n\n<li><a href=\"http:\/\/www.instructables.com\/id\/Raspberry-Pi-NOAA-Weather-Satellite-Receiver\/\" rel=\"noreferrer noopener\" target=\"_blank\">Raspberry Pi NOAA Weather Satellite Receiver<\/a><\/li>\n\n\n\n<li><a href=\"http:\/\/www.rtl-sdr.com\/tag\/weather-satellite\/\" rel=\"noreferrer noopener\" target=\"_blank\">NOAA weather satellite receiver<\/a><\/li>\n\n\n\n<li><a href=\"http:\/\/en.wikipedia.org\/wiki\/CubeSat\" rel=\"noreferrer noopener\" target=\"_blank\">CubeSat<\/a><\/li>\n<\/ul>\n\n\n\n<h2 class=\"wp-block-heading\" id=\"Laserov_skenovanie\">Laserov\u00e9&nbsp;skenovanie<\/h2>\n\n\n\n<ul class=\"wp-block-list\">\n<li><a href=\"http:\/\/www.3dlasermapping.com\/laser-scanning-jargon\/\" rel=\"noreferrer noopener\" target=\"_blank\">Laser Scanning Jargon<\/a><\/li>\n\n\n\n<li><a href=\"http:\/\/www.pointclouds.org\" rel=\"noreferrer noopener\" target=\"_blank\">Point Cloud Library (PCL)<\/a><\/li>\n<\/ul>\n","protected":false},"excerpt":{"rendered":"<p>Slovensko E\u00da Zahrani\u010die Po\u010dasie Satelity Laserov\u00e9&nbsp;skenovanie<\/p>\n","protected":false},"author":2,"featured_media":0,"parent":0,"menu_order":0,"comment_status":"closed","ping_status":"closed","template":"","meta":{"footnotes":""},"class_list":["post-545","page","type-page","status-publish","hentry"],"_links":{"self":[{"href":"https:\/\/gis.tuzvo.sk\/index.php?rest_route=\/wp\/v2\/pages\/545","targetHints":{"allow":["GET"]}}],"collection":[{"href":"https:\/\/gis.tuzvo.sk\/index.php?rest_route=\/wp\/v2\/pages"}],"about":[{"href":"https:\/\/gis.tuzvo.sk\/index.php?rest_route=\/wp\/v2\/types\/page"}],"author":[{"embeddable":true,"href":"https:\/\/gis.tuzvo.sk\/index.php?rest_route=\/wp\/v2\/users\/2"}],"replies":[{"embeddable":true,"href":"https:\/\/gis.tuzvo.sk\/index.php?rest_route=%2Fwp%2Fv2%2Fcomments&post=545"}],"version-history":[{"count":3,"href":"https:\/\/gis.tuzvo.sk\/index.php?rest_route=\/wp\/v2\/pages\/545\/revisions"}],"predecessor-version":[{"id":1198,"href":"https:\/\/gis.tuzvo.sk\/index.php?rest_route=\/wp\/v2\/pages\/545\/revisions\/1198"}],"wp:attachment":[{"href":"https:\/\/gis.tuzvo.sk\/index.php?rest_route=%2Fwp%2Fv2%2Fmedia&parent=545"}],"curies":[{"name":"wp","href":"https:\/\/api.w.org\/{rel}","templated":true}]}}