{"id":532,"date":"2022-12-02T16:54:20","date_gmt":"2022-12-02T15:54:20","guid":{"rendered":"https:\/\/gis.tuzvo.sk\/agp\/?page_id=532"},"modified":"2023-05-22T15:14:22","modified_gmt":"2023-05-22T14:14:22","slug":"geoinformatika","status":"publish","type":"page","link":"https:\/\/gis.tuzvo.sk\/?page_id=532","title":{"rendered":"Geoinformatika"},"content":{"rendered":"\n<h2 class=\"wp-block-heading\" id=\"t_tna_spr_va\">\u0160t\u00e1tna&nbsp;spr\u00e1va<\/h2>\n\n\n\n<p>INSPIRE<\/p>\n\n\n\n<ul class=\"wp-block-list\">\n<li><a rel=\"noreferrer noopener\" href=\"http:\/\/inspire.gov.sk\" target=\"_blank\">Port\u00e1l NIPI<\/a>\n<ul class=\"wp-block-list\">\n<li><a rel=\"noreferrer noopener\" href=\"http:\/\/geoportal.gov.sk\" target=\"_blank\">N\u00e1rodn\u00fd geoport\u00e1l<\/a><\/li>\n\n\n\n<li><a rel=\"noreferrer noopener\" href=\"http:\/\/inspire-geoportal.ec.europa.eu\/editor\/\" target=\"_blank\">EC Metadata Editor<\/a><\/li>\n<\/ul>\n<\/li>\n<\/ul>\n\n\n\n<p><a rel=\"noreferrer noopener\" href=\"http:\/\/www.skgeodesy.sk\" target=\"_blank\">\u00darad geod\u00e9zie kartografie a katastra SR<\/a><\/p>\n\n\n<div class=\"wp-block-image\">\n<figure class=\"alignleft size-large\"><img decoding=\"async\" src=\"\/wp-content\/uploads\/2022\/11\/map1.png\" alt=\"\"\/><\/figure>\n<\/div>\n\n\n<ul class=\"wp-block-list\" id=\"block-8f7855e5-9e3c-4c16-a7e1-2cd10638ceaf\">\n<li><a rel=\"noreferrer noopener\" href=\"http:\/\/www.gku.sk\" target=\"_blank\">Geodetick\u00fd a kartografick\u00fd \u00fastav<\/a><\/li>\n\n\n\n<li><a rel=\"noreferrer noopener\" href=\"http:\/\/www.vugk.sk\" target=\"_blank\">V\u00fdskumn\u00fd \u00fastav geod\u00e9zie a kartografie<\/a><\/li>\n\n\n\n<li><a rel=\"noreferrer noopener\" href=\"http:\/\/www.geoportal.sk\" target=\"_blank\">Geoport\u00e1l<\/a><\/li>\n\n\n\n<li><a rel=\"noreferrer noopener\" href=\"http:\/\/www.katasterportal.sk\" target=\"_blank\">Katastr\u00e1lny port\u00e1l<\/a><\/li>\n\n\n\n<li><a rel=\"noreferrer noopener\" href=\"http:\/\/mapka.gku.sk\/mapovyportal\/\" target=\"_blank\">Mapka<\/a><\/li>\n\n\n\n<li><a rel=\"noreferrer noopener\" href=\"http:\/\/zbgis.skgeodesy.sk\" target=\"_blank\">ZB GIS<\/a><\/li>\n\n\n\n<li><a rel=\"noreferrer noopener\" href=\"http:\/\/skpos.gku.sk\" target=\"_blank\">Port\u00e1l slovenskej priestorovej observa\u010dnej slu\u017eby GNSS<\/a><\/li>\n<\/ul>\n\n\n\n<p><a rel=\"noreferrer noopener\" href=\"http:\/\/www.topu.mil.sk\" target=\"_blank\">Topografick\u00fd \u00fastav plukovn\u00edka J\u00e1na Lipsk\u00e9ho<\/a><\/p>\n\n\n\n<p><a rel=\"noreferrer noopener\" href=\"http:\/\/www.nlcsk.sk\/\" target=\"_blank\">N\u00e1rodn\u00e9 lesn\u00edcke centrum, Zvolen<\/a><\/p>\n\n\n\n<ul class=\"wp-block-list\">\n<li><a rel=\"noreferrer noopener\" href=\"http:\/\/gis.nlcsk.org\/lgis\/\" target=\"_blank\">Lesn\u00edcky GIS<\/a><\/li>\n\n\n\n<li><a rel=\"noreferrer noopener\" href=\"http:\/\/lvu.nlcsk.org\/polovgis\" target=\"_blank\">Po\u013eovn\u00edcky GIS<\/a><\/li>\n<\/ul>\n\n\n\n<div class=\"wp-block-group is-nowrap is-layout-flex wp-container-core-group-is-layout-ad2f72ca wp-block-group-is-layout-flex\">\n<ul class=\"wp-block-list\">\n<li><strong>Stav lesov<\/strong>\n<ul class=\"wp-block-list\">\n<li><a rel=\"noreferrer noopener\" href=\"http:\/\/www.nlcsk.org\/stales\/klasdynam.html\" target=\"_blank\">Dynamick\u00e9 zobrazovanie klasifik\u00e1ci\u00ed stavu lesa zo satelitn\u00fdch sn\u00edmok<\/a><\/li>\n\n\n\n<li><a rel=\"noreferrer noopener\" href=\"http:\/\/www.nlcsk.org\/stales\/stales_swipe_tool.html\" target=\"_blank\">Porovn\u00e1vanie satelitn\u00fdch sn\u00edmok z r\u00f4znych obdob\u00ed<\/a><\/li>\n\n\n\n<li><a rel=\"noreferrer noopener\" href=\"http:\/\/lvu.nlcsk.org\/stavlesa\/\" target=\"_blank\">Identifik\u00e1cia zmien stavu lesa zo satelitn\u00fdch sn\u00edmok<\/a><\/li>\n\n\n\n<li><a rel=\"noreferrer noopener\" href=\"http:\/\/www.nlcsk.org\/stales\/snimdynam.html\" target=\"_blank\">Dynamick\u00e9 zobrazovanie satelitn\u00fdch sn\u00edmok<\/a><\/li>\n<\/ul>\n<\/li>\n\n\n\n<li><a rel=\"noreferrer noopener\" href=\"http:\/\/www.los.sk\/Mavysk\" target=\"_blank\">Mapovanie \u0161kodcov lesn\u00fdch drev\u00edn, Lesn\u00edcka ochran\u00e1rska slu\u017eba<\/a><\/li>\n<\/ul>\n\n\n\n<figure class=\"wp-block-image size-large\"><img decoding=\"async\" src=\"\/wp-content\/uploads\/2022\/11\/gis37.jpg\" alt=\"\"\/><\/figure>\n<\/div>\n\n\n\n<p><a rel=\"noreferrer noopener\" href=\"http:\/\/www.sopsr.sk\" target=\"_blank\">\u0160t\u00e1tna ochrana pr\u00edrody SR<\/a><\/p>\n\n\n\n<ul class=\"wp-block-list\">\n<li><a rel=\"noreferrer noopener\" href=\"http:\/\/www.biomonitoring.sk\" target=\"_blank\">Komplexn\u00fd informa\u010dn\u00fd a monitorovac\u00ed syst\u00e9m<\/a><\/li>\n\n\n\n<li><a rel=\"noreferrer noopener\" href=\"http:\/\/webgis.biomonitoring.sk\" target=\"_blank\">Mapov\u00fd port\u00e1l KIMS<\/a><\/li>\n<\/ul>\n\n\n\n<p><a rel=\"noreferrer noopener\" href=\"http:\/\/www.minzp.sk\" target=\"_blank\">Slovensk\u00e1 agent\u00fara \u017eivotn\u00e9ho prostredia<\/a><\/p>\n\n\n\n<ul class=\"wp-block-list\">\n<li><a rel=\"noreferrer noopener\" href=\"http:\/\/geo.enviroportal.sk\" target=\"_blank\">EnviroGeoPort\u00e1l<\/a><\/li>\n\n\n\n<li><a rel=\"noreferrer noopener\" href=\"http:\/\/mis.enviroportal.sk\" target=\"_blank\">EnviroInfo Metainforma\u010dn\u00fd syst\u00e9m inform\u00e1ci\u00ed o \u017eivotnom prostred\u00ed<\/a><\/li>\n\n\n\n<li><a rel=\"noreferrer noopener\" href=\"http:\/\/www.envirovzdelavanie.sk\/geominimum\/\" target=\"_blank\">Envirovzdel\u00e1vanie<\/a><\/li>\n<\/ul>\n\n\n\n<p>Slovensk\u00fd hydrometeorologick\u00fd \u00fastav<\/p>\n\n\n\n<ul class=\"wp-block-list\">\n<li><a rel=\"noreferrer noopener\" href=\"http:\/\/www.shmu.sk\/sk\/?page=1&amp;id=meteo_gpredpoved_sk\" target=\"_blank\">Grafick\u00e1 predpove\u010f po\u010dasia<\/a><\/li>\n<\/ul>\n\n\n\n<p>\u0160t\u00e1tny geologick\u00fd \u00fastav Dion\u00fdza \u0160t\u00fara (\u0160G\u00daD\u0160)<\/p>\n\n\n\n<ul class=\"wp-block-list\">\n<li><a rel=\"noreferrer noopener\" href=\"http:\/\/www.geology.sk\/new\/sk\/sub\/ms\/zoz_apl\" target=\"_blank\">Mapov\u00fd server \u0160G\u00daD\u0160<\/a><\/li>\n\n\n\n<li><a rel=\"noreferrer noopener\" href=\"http:\/\/apl.geology.sk\/mapportal\/\" target=\"_blank\">Mapov\u00fd port\u00e1l \u0160G\u00daD\u0160<\/a><\/li>\n<\/ul>\n\n\n\n<p>Slovensk\u00e1 spr\u00e1va ciest<\/p>\n\n\n\n<ul class=\"wp-block-list\">\n<li><a rel=\"noreferrer noopener\" href=\"http:\/\/www.cdb.sk\" target=\"_blank\">Port\u00e1l Cestnej databanky<\/a><\/li>\n<\/ul>\n\n\n\n<p>Slovensk\u00fd vodohospod\u00e1rsky podnik<\/p>\n\n\n\n<ul class=\"wp-block-list\">\n<li><a rel=\"noreferrer noopener\" href=\"http:\/\/mpomprsr.svp.sk\/\" target=\"_blank\">Mapy povod\u0148ov\u00e9ho ohrozenia a mapy povod\u0148ov\u00e9ho rizika vodn\u00fdch tokov Slovenska<\/a><\/li>\n<\/ul>\n\n\n\n<p>Ministerstvo vn\u00fatra SR<\/p>\n\n\n\n<ul class=\"wp-block-list\">\n<li><a rel=\"noreferrer noopener\" href=\"http:\/\/arc.vsnet.sk\/GISApl\/\" target=\"_blank\">REGIS<\/a><\/li>\n\n\n\n<li><a rel=\"noreferrer noopener\" href=\"http:\/\/www.minv.sk\/?mapy_TC_v_SR_2015\" target=\"_blank\">Mapy trestn\u00fdch \u010dinov v SR<\/a><\/li>\n<\/ul>\n\n\n\n<p>Slovensk\u00e1 inova\u010dn\u00e1 a energetick\u00e1 agent\u00fara<\/p>\n\n\n\n<ul class=\"wp-block-list\">\n<li><a rel=\"noreferrer noopener\" href=\"http:\/\/tepelnamapa.siea.sk\" target=\"_blank\">Tepeln\u00e1 mapa<\/a><\/li>\n<\/ul>\n\n\n\n<h2 class=\"wp-block-heading\" id=\"Samospr_va\">Samospr\u00e1va<\/h2>\n\n\n<div class=\"wp-block-image\">\n<figure class=\"alignleft size-large\"><img decoding=\"async\" src=\"\/wp-content\/uploads\/2022\/11\/map21.png\" alt=\"\"\/><\/figure>\n<\/div>\n\n\n<ul class=\"wp-block-list\">\n<li><a rel=\"noreferrer noopener\" href=\"https:\/\/mu-basm.gisplan.sk\" target=\"_blank\">GISPLAN Bratislava Star\u00e9 mesto<\/a><\/li>\n\n\n\n<li><a rel=\"noreferrer noopener\" href=\"https:\/\/michalovce.web-gis.sk\/\" target=\"_blank\">Mapov\u00fd port\u00e1l Mesta Michalovce<\/a><\/li>\n\n\n\n<li><a rel=\"noreferrer noopener\" href=\"https:\/\/gisportal.msunitra.sk\" target=\"_blank\">GIS Port\u00e1l Mesta Nitra<\/a><\/li>\n\n\n\n<li><a rel=\"noreferrer noopener\" href=\"https:\/\/strategia.zvolen.sk\/?id_menu=121194\" target=\"_blank\">\u00dazemn\u00fd pl\u00e1n mesta Zvolen<\/a><\/li>\n\n\n\n<li><a rel=\"noreferrer noopener\" href=\"https:\/\/mobec.sk\/neslusa#base\" target=\"_blank\">Obec Neslu\u0161a<\/a><\/li>\n\n\n\n<li><a rel=\"noreferrer noopener\" href=\"https:\/\/gis.spisskanovaves.eu\" target=\"_blank\">GIS Spi\u0161sk\u00e1 Nov\u00e1 Ves<\/a><\/li>\n\n\n\n<li><a rel=\"noreferrer noopener\" href=\"https:\/\/138.201.138.144\/mapguide\/fusion\/templates\/mapguide\/zvolen\/index.html?locale=sk\" target=\"_blank\">\u00dazemn\u00fd pl\u00e1n Mesta Zvolen<\/a><\/li>\n\n\n\n<li><a rel=\"noreferrer noopener\" href=\"https:\/\/mu-zeliezovce.gisplan.sk\/\" target=\"_blank\">GISPLAN Mesta \u017deliezovce<\/a><\/li>\n\n\n\n<li><a rel=\"noreferrer noopener\" href=\"https:\/\/www.region-bsk.sk\/clanok\/geoportal-bsk-informacny-system-verejnej-spravy-175172.aspx\" target=\"_blank\">Geoport\u00e1l Bratislavsk\u00e9ho samospr\u00e1vneho kraja<\/a><\/li>\n\n\n\n<li><a rel=\"noreferrer noopener\" href=\"https:\/\/gis.unsk.sk\/geoportal\/\" target=\"_blank\">Geoport\u00e1l Nitrianskeho samospr\u00e1vneho kraja<\/a><\/li>\n\n\n\n<li><a rel=\"noreferrer noopener\" href=\"https:\/\/www.tsk.sk\/uzemne-planovanie-investicie-zivotne-prostredie\/geograficky-informacny-system.html?page_id=26431\" target=\"_blank\">GIS Tren\u010dianskeho samospr\u00e1vneho kraja<\/a><\/li>\n\n\n\n<li><a rel=\"noreferrer noopener\" href=\"https:\/\/gis.zask.sk\" target=\"_blank\">Mapov\u00fd port\u00e1l \u017dilinsk\u00e9ho samospr\u00e1vneho kraja<\/a><\/li>\n<\/ul>\n\n\n\n<h2 class=\"wp-block-heading\" id=\"Organiz_cie\">Organiz\u00e1cie<\/h2>\n\n\n\n<ul class=\"wp-block-list\">\n<li><a rel=\"noreferrer noopener\" href=\"http:\/\/www.sagi.sk\" target=\"_blank\">Slovensk\u00e1 asoci\u00e1cia pre geoinformatiku (SAGI)<\/a><\/li>\n\n\n\n<li><a rel=\"noreferrer noopener\" href=\"http:\/\/www.slovakcarto.sk\" target=\"_blank\">Kartografick\u00e1 spolo\u010dnos\u0165 Slovenskej republiky<\/a><\/li>\n\n\n\n<li><a rel=\"noreferrer noopener\" href=\"http:\/\/www.kgk.sk\" target=\"_blank\">Komora geodetov a kartografov<\/a><\/li>\n\n\n\n<li><a rel=\"noreferrer noopener\" href=\"http:\/\/www.uzemneplany.sk\" target=\"_blank\">\u00dazemn\u00e9 pl\u00e1ny<\/a><\/li>\n<\/ul>\n\n\n\n<h2 class=\"wp-block-heading\" id=\"Standardiz_cia\">Standardiz\u00e1cia<\/h2>\n\n\n\n<ul class=\"wp-block-list\">\n<li><a rel=\"noreferrer noopener\" href=\"http:\/\/www.opengeospatial.org\" target=\"_blank\">Open Geospatial Consortium (OGC)<\/a><\/li>\n\n\n\n<li><a rel=\"noreferrer noopener\" href=\"http:\/\/gsdiassociation.org\" target=\"_blank\">Global Spatial Data Infrastructure Association (GSDI)<\/a><\/li>\n\n\n\n<li><a rel=\"noreferrer noopener\" href=\"http:\/\/spatialreference.org\" target=\"_blank\">Spatial Reference List<\/a><\/li>\n<\/ul>\n\n\n\n<h2 class=\"wp-block-heading\" id=\"Geografick_daje\">Geografick\u00e9&nbsp;\u00fadaje<\/h2>\n\n\n<div class=\"wp-block-image\">\n<figure class=\"alignleft size-large\"><img decoding=\"async\" src=\"\/wp-content\/uploads\/2022\/11\/tool3.png\" alt=\"\"\/><\/figure>\n<\/div>\n\n\n<ul class=\"wp-block-list\">\n<li><a rel=\"noreferrer noopener\" href=\"http:\/\/mapy.tuzvo.sk\" target=\"_blank\">Metainforma\u010dn\u00fd syst\u00e9m TU Zvolen<\/a><\/li>\n\n\n\n<li><a rel=\"noreferrer noopener\" href=\"http:\/\/www.opengeospatial.org\/ogc\/regions\/europe\" target=\"_blank\">OGC Europe<\/a><\/li>\n\n\n\n<li><a rel=\"noreferrer noopener\" href=\"http:\/\/opendata.sk\" target=\"_blank\">OpenData.sk<\/a><\/li>\n\n\n\n<li><a rel=\"noreferrer noopener\" href=\"http:\/\/ec.europa.eu\/eurostat\/web\/gisco\/geodata\/\" target=\"_blank\">GISCO<\/a><\/li>\n\n\n\n<li><a rel=\"noreferrer noopener\" href=\"http:\/\/data.europa.eu\/euodp\/en\/home\/\" target=\"_blank\">EU Open Data Portal<\/a><\/li>\n\n\n\n<li><a rel=\"noreferrer noopener\" href=\"http:\/\/www.europeandataportal.eu\" target=\"_blank\">EU Data Portal<\/a><\/li>\n\n\n\n<li><a rel=\"noreferrer noopener\" href=\"http:\/\/www.eea.europa.eu\/data-and-maps\" target=\"_blank\">EEA Data <\/a>\n<ul class=\"wp-block-list\">\n<li><a rel=\"noreferrer noopener\" href=\"http:\/\/www.eea.europa.eu\/data-and-maps\/data\/eu-dem\" target=\"_blank\">DEMs<\/a><\/li>\n<\/ul>\n<\/li>\n\n\n\n<li><a rel=\"noreferrer noopener\" href=\"http:\/\/www.eionet.europa.eu\/gis\/\" target=\"_blank\">EIONET Europe<\/a><\/li>\n\n\n\n<li><a rel=\"noreferrer noopener\" href=\"http:\/\/inspire.ec.europa.eu\" target=\"_blank\">INSPIRE<\/a><\/li>\n\n\n\n<li><a rel=\"noreferrer noopener\" href=\"http:\/\/www.foodie-project.eu\" target=\"_blank\">Farm EU Data<\/a><\/li>\n<\/ul>\n\n\n\n<h2 class=\"wp-block-heading\" id=\"Open_Data\">Open&nbsp;Data<\/h2>\n\n\n\n<div class=\"wp-block-group is-nowrap is-layout-flex wp-container-core-group-is-layout-ad2f72ca wp-block-group-is-layout-flex\">\n<ul class=\"wp-block-list\">\n<li><a rel=\"noreferrer noopener\" href=\"http:\/\/datanest.fair-play.sk\/datasets\" target=\"_blank\">Datanest Aliancie Fair-Play<\/a><\/li>\n\n\n\n<li><a rel=\"noreferrer noopener\" href=\"http:\/\/opengovernmentdata.org\" target=\"_blank\">Open Government Data<\/a><\/li>\n\n\n\n<li><a rel=\"noreferrer noopener\" href=\"http:\/\/dataportals.org\" target=\"_blank\">Data Portals<\/a><\/li>\n\n\n\n<li><a rel=\"noreferrer noopener\" href=\"http:\/\/cobwebproject.eu\" target=\"_blank\">COBWEB EU project<\/a><\/li>\n\n\n\n<li><a rel=\"noreferrer noopener\" href=\"http:\/\/www.dataone.org\" target=\"_blank\">DataONE<\/a><\/li>\n\n\n\n<li><a rel=\"noreferrer noopener\" href=\"http:\/\/www.govdata.de\" target=\"_blank\">GovData Nemecko<\/a><\/li>\n\n\n\n<li><a rel=\"noreferrer noopener\" href=\"http:\/\/www.geoportal-th.de\" target=\"_blank\">Mesto Thuringen, Nemecko<\/a><\/li>\n\n\n\n<li><a rel=\"noreferrer noopener\" href=\"http:\/\/www.insideidaho.org\" target=\"_blank\">Idaho&#8217;s Geospatial Data Clearinghouse<\/a><\/li>\n\n\n\n<li><a rel=\"noreferrer noopener\" href=\"http:\/\/nipi.sazp.sk\/ArcGIS\/rest\/services\" target=\"_blank\">SA\u017dP NIPI Services<\/a><\/li>\n\n\n\n<li><a rel=\"noreferrer noopener\" href=\"http:\/\/opentopography.org\" target=\"_blank\">OpenTopography<\/a><\/li>\n<\/ul>\n\n\n\n<figure class=\"wp-block-image size-large is-resized\"><img loading=\"lazy\" decoding=\"async\" src=\"\/wp-content\/uploads\/2022\/11\/tool54.png\" alt=\"\" width=\"256\" height=\"256\"\/><\/figure>\n<\/div>\n\n\n\n<h2 class=\"wp-block-heading\" id=\"Participat_vny_GIS\">Participat\u00edvny&nbsp;GIS<\/h2>\n\n\n\n<ul class=\"wp-block-list\">\n<li><a rel=\"noreferrer noopener\" href=\"http:\/\/wiki.freemap.sk\/HomePage\" target=\"_blank\">wiki.freemap.sk<\/a><\/li>\n\n\n\n<li><a rel=\"noreferrer noopener\" href=\"http:\/\/www.openstreetmap.org\" target=\"_blank\">OpenStreet Map<\/a>\n<ul class=\"wp-block-list\">\n<li><a rel=\"noreferrer noopener\" href=\"http:\/\/download.geofabrik.de\" target=\"_blank\">download.geofabrik.de<\/a><\/li>\n<\/ul>\n<\/li>\n\n\n\n<li><a rel=\"noreferrer noopener\" href=\"http:\/\/wikimapia.org\" target=\"_blank\">Wikimapia<\/a><\/li>\n\n\n\n<li><a rel=\"noreferrer noopener\" href=\"http:\/\/landscapevalues.org\" target=\"_blank\">International Society for Participatory Mapping<\/a><\/li>\n\n\n\n<li><a rel=\"noreferrer noopener\" href=\"http:\/\/www.participatorymethods.org\" target=\"_blank\">Participatory methods<\/a><\/li>\n\n\n\n<li><a rel=\"noreferrer noopener\" href=\"http:\/\/www.ppgis.net\" target=\"_blank\">PPGIS.net<\/a><\/li>\n\n\n\n<li><a rel=\"noreferrer noopener\" href=\"https:\/\/www.digital-democracy.org\/mapeo\/\" target=\"_blank\">Mapeo (Digital Democracy)<\/a><\/li>\n<\/ul>\n","protected":false},"excerpt":{"rendered":"<p>\u0160t\u00e1tna&nbsp;spr\u00e1va INSPIRE \u00darad geod\u00e9zie kartografie a katastra SR Topografick\u00fd \u00fastav plukovn\u00edka J\u00e1na Lipsk\u00e9ho N\u00e1rodn\u00e9 lesn\u00edcke centrum, Zvolen \u0160t\u00e1tna ochrana pr\u00edrody SR Slovensk\u00e1 agent\u00fara \u017eivotn\u00e9ho prostredia Slovensk\u00fd hydrometeorologick\u00fd \u00fastav \u0160t\u00e1tny geologick\u00fd \u00fastav Dion\u00fdza \u0160t\u00fara (\u0160G\u00daD\u0160) Slovensk\u00e1 spr\u00e1va ciest Slovensk\u00fd vodohospod\u00e1rsky podnik Ministerstvo vn\u00fatra SR Slovensk\u00e1 inova\u010dn\u00e1 a energetick\u00e1 agent\u00fara Samospr\u00e1va Organiz\u00e1cie Standardiz\u00e1cia Geografick\u00e9&nbsp;\u00fadaje Open&nbsp;Data Participat\u00edvny&nbsp;GIS<\/p>\n","protected":false},"author":2,"featured_media":0,"parent":0,"menu_order":0,"comment_status":"closed","ping_status":"closed","template":"","meta":{"footnotes":""},"class_list":["post-532","page","type-page","status-publish","hentry"],"_links":{"self":[{"href":"https:\/\/gis.tuzvo.sk\/index.php?rest_route=\/wp\/v2\/pages\/532","targetHints":{"allow":["GET"]}}],"collection":[{"href":"https:\/\/gis.tuzvo.sk\/index.php?rest_route=\/wp\/v2\/pages"}],"about":[{"href":"https:\/\/gis.tuzvo.sk\/index.php?rest_route=\/wp\/v2\/types\/page"}],"author":[{"embeddable":true,"href":"https:\/\/gis.tuzvo.sk\/index.php?rest_route=\/wp\/v2\/users\/2"}],"replies":[{"embeddable":true,"href":"https:\/\/gis.tuzvo.sk\/index.php?rest_route=%2Fwp%2Fv2%2Fcomments&post=532"}],"version-history":[{"count":15,"href":"https:\/\/gis.tuzvo.sk\/index.php?rest_route=\/wp\/v2\/pages\/532\/revisions"}],"predecessor-version":[{"id":1197,"href":"https:\/\/gis.tuzvo.sk\/index.php?rest_route=\/wp\/v2\/pages\/532\/revisions\/1197"}],"wp:attachment":[{"href":"https:\/\/gis.tuzvo.sk\/index.php?rest_route=%2Fwp%2Fv2%2Fmedia&parent=532"}],"curies":[{"name":"wp","href":"https:\/\/api.w.org\/{rel}","templated":true}]}}