{"id":514,"date":"2022-12-02T11:44:13","date_gmt":"2022-12-02T10:44:13","guid":{"rendered":"https:\/\/gis.tuzvo.sk\/agp\/?page_id=514"},"modified":"2026-02-18T01:32:13","modified_gmt":"2026-02-18T00:32:13","slug":"gimar","status":"publish","type":"page","link":"https:\/\/gis.tuzvo.sk\/?page_id=514","title":{"rendered":"GiMAR"},"content":{"rendered":"\n<p>Projekt <strong>GiMAR<\/strong> (<em>GeoInformation and ICT in Market Research<\/em>) bol realizovan\u00fd v r\u00e1mci Programu celo\u017eivotn\u00e9ho vzdel\u00e1vania ERASMUS. Zodpovedn\u00fdm rie\u0161ite\u013eom projektu bol Technological Educational Institute of Piraeus (TEI), Gr\u00e9cko.<\/p>\n\n\n\n<p>Letn\u00e9 \u0161koly sa konali v kr\u00e1snom a historickom prostred\u00ed ju\u017en\u00e9ho a stredn\u00e9ho Gr\u00e9cka. \u0160tudenti si formou predn\u00e1\u0161ok a semin\u00e1rov preh\u013abili svoje poznatky z problematiky geografie, informa\u010dno-komunika\u010dn\u00fdch technol\u00f3gi\u00ed, geografick\u00fdch informa\u010dn\u00fdch syst\u00e9mov, marketingu, demografie, sociol\u00f3gie. Okrem odborn\u00e9ho programu \u0161tudenti mali priestor aj na \u0161portov\u00e9 aktivity, turistiku a prehliadky historick\u00fdch pamiatok.<\/p>\n\n\n\n<h4 class=\"wp-block-heading\" id=\"Partnersk_organiz_cie:\">Partnersk\u00e9&nbsp;organiz\u00e1cie:<\/h4>\n\n\n\n<ul class=\"wp-block-list\">\n<li>Technological Educational Institute of Piraeus (TEI), Greece<\/li>\n\n\n\n<li>University West of Scotland (UWS), Scotland \u2013 U.K.<\/li>\n\n\n\n<li>Technical University in Zvolen (TUZVO), Slovakia<\/li>\n<\/ul>\n\n\n\n<div class=\"wp-block-group is-content-justification-center is-nowrap is-layout-flex wp-container-core-group-is-layout-94bc23d7 wp-block-group-is-layout-flex\">\n<figure class=\"wp-block-image size-full is-resized\"><img loading=\"lazy\" decoding=\"async\" width=\"197\" height=\"135\" src=\"https:\/\/gis.tuzvo.sk\/wp-content\/uploads\/2022\/12\/uws_logo.png\" alt=\"\" class=\"wp-image-520\" style=\"width:99px;height:68px\"\/><\/figure>\n\n\n\n<figure class=\"wp-block-image size-full is-resized\"><img loading=\"lazy\" decoding=\"async\" width=\"130\" height=\"130\" src=\"https:\/\/gis.tuzvo.sk\/wp-content\/uploads\/2022\/12\/tei_piraeus.jpg\" alt=\"\" class=\"wp-image-519\" style=\"width:65px;height:65px\"\/><\/figure>\n\n\n\n<figure class=\"wp-block-image size-full\"><img loading=\"lazy\" decoding=\"async\" width=\"120\" height=\"72\" src=\"https:\/\/gis.tuzvo.sk\/wp-content\/uploads\/2022\/12\/logo_tuzvo2.jpg\" alt=\"\" class=\"wp-image-977\"\/><\/figure>\n<\/div>\n\n\n\n<h4 class=\"wp-block-heading\" id=\"Lektori:\">Lektori:<\/h4>\n\n\n\n<ul class=\"wp-block-list\">\n<li>Mr. Dimitrios DROSOS &#8211; TEI of Piraeus<\/li>\n\n\n\n<li>Prof Dionysis YIANNAKOPOULOS &#8211; TEI of Piraeus<\/li>\n\n\n\n<li>Dr. Alena ILAVSK\u00c1 &#8211; Technical University in Zvolen<\/li>\n\n\n\n<li>Dr. Milan KORE\u0147 &#8211; Technical University in Zvolen<\/li>\n\n\n\n<li>Dr. Andrea MAJLINGOV\u00c1 &#8211; Technical University in Zvolen<\/li>\n\n\n\n<li>Mr. Nondas PITTICAS &#8211; University of the West of Scotland<\/li>\n\n\n\n<li>Mr. Tasos TZECHAROGLOU &#8211; TEI of Piraeus<\/li>\n\n\n\n<li>Prof Panagiotis YIANNAKOPOULOS &#8211; TEI Piraeus<\/li>\n\n\n\n<li>Dr. Nikolaos TSOTSOLAS &#8211; TEI of Piraeus<\/li>\n\n\n\n<li>Mr. Konstantinos MILIORIS &#8211; TEI of Piraeus<\/li>\n\n\n\n<li>Mr. Panagiotis MANOLINTZAS &#8211; TEI of Piraeus<\/li>\n<\/ul>\n\n\n\n<h4 class=\"wp-block-heading\" id=\"Letn_koly:\">Letn\u00e9&nbsp;\u0161koly:<\/h4>\n\n\n\n<ul class=\"wp-block-list\">\n<li>6-17 September, 2010, Spetses, Greece<\/li>\n\n\n\n<li>5-16 September, 2011, Loutraki, Greece<\/li>\n\n\n\n<li>3-14 September, 2012, Loutraki, Greece<\/li>\n<\/ul>\n\n\n<div class=\"wp-block-image\">\n<figure class=\"aligncenter size-full\"><img loading=\"lazy\" decoding=\"async\" width=\"800\" height=\"533\" src=\"https:\/\/gis.tuzvo.sk\/wp-content\/uploads\/2022\/12\/gimar.jpg\" alt=\"\" class=\"wp-image-517\"\/><\/figure>\n<\/div>\n\n<div class=\"wp-block-image\">\n<figure class=\"aligncenter size-full\"><img loading=\"lazy\" decoding=\"async\" width=\"173\" height=\"71\" src=\"https:\/\/gis.tuzvo.sk\/wp-content\/uploads\/2022\/12\/eac_llp.jpg\" alt=\"\" class=\"wp-image-516\"\/><\/figure>\n<\/div>\n\n\n<p><\/p>\n","protected":false},"excerpt":{"rendered":"<p>Projekt GiMAR (GeoInformation and ICT in Market Research) bol realizovan\u00fd v r\u00e1mci Programu celo\u017eivotn\u00e9ho vzdel\u00e1vania ERASMUS. Zodpovedn\u00fdm rie\u0161ite\u013eom projektu bol Technological Educational Institute of Piraeus (TEI), Gr\u00e9cko. Letn\u00e9 \u0161koly sa konali v kr\u00e1snom a historickom prostred\u00ed ju\u017en\u00e9ho a stredn\u00e9ho Gr\u00e9cka. \u0160tudenti si formou predn\u00e1\u0161ok a semin\u00e1rov preh\u013abili svoje poznatky z problematiky geografie, informa\u010dno-komunika\u010dn\u00fdch technol\u00f3gi\u00ed, geografick\u00fdch &hellip; <\/p>\n<div class=\"link-more\"><a href=\"https:\/\/gis.tuzvo.sk\/?page_id=514\" class=\"more-link\">Read More<span class=\"screen-reader-text\"> &#8220;GiMAR&#8221;<\/span><\/a><\/div>\n","protected":false},"author":2,"featured_media":0,"parent":0,"menu_order":0,"comment_status":"closed","ping_status":"closed","template":"","meta":{"footnotes":""},"class_list":["post-514","page","type-page","status-publish","hentry"],"_links":{"self":[{"href":"https:\/\/gis.tuzvo.sk\/index.php?rest_route=\/wp\/v2\/pages\/514","targetHints":{"allow":["GET"]}}],"collection":[{"href":"https:\/\/gis.tuzvo.sk\/index.php?rest_route=\/wp\/v2\/pages"}],"about":[{"href":"https:\/\/gis.tuzvo.sk\/index.php?rest_route=\/wp\/v2\/types\/page"}],"author":[{"embeddable":true,"href":"https:\/\/gis.tuzvo.sk\/index.php?rest_route=\/wp\/v2\/users\/2"}],"replies":[{"embeddable":true,"href":"https:\/\/gis.tuzvo.sk\/index.php?rest_route=%2Fwp%2Fv2%2Fcomments&post=514"}],"version-history":[{"count":6,"href":"https:\/\/gis.tuzvo.sk\/index.php?rest_route=\/wp\/v2\/pages\/514\/revisions"}],"predecessor-version":[{"id":1334,"href":"https:\/\/gis.tuzvo.sk\/index.php?rest_route=\/wp\/v2\/pages\/514\/revisions\/1334"}],"wp:attachment":[{"href":"https:\/\/gis.tuzvo.sk\/index.php?rest_route=%2Fwp%2Fv2%2Fmedia&parent=514"}],"curies":[{"name":"wp","href":"https:\/\/api.w.org\/{rel}","templated":true}]}}