{"id":506,"date":"2022-12-02T11:38:40","date_gmt":"2022-12-02T10:38:40","guid":{"rendered":"https:\/\/gis.tuzvo.sk\/agp\/?page_id=506"},"modified":"2026-02-18T01:17:03","modified_gmt":"2026-02-18T00:17:03","slug":"centrum-excelentnosti-pre-podporu-rozhodovania-v-lese-a-krajine","status":"publish","type":"page","link":"https:\/\/gis.tuzvo.sk\/?page_id=506","title":{"rendered":"Centrum excelentnosti pre podporu rozhodovania v lese a krajine"},"content":{"rendered":"\n<h3 class=\"wp-block-heading\">Z\u00e1kladn\u00e9 \u00fadaje o projekte<\/h3>\n\n\n\n<p><strong>Obdobie rie\u0161enia:<\/strong> 2011-2015<\/p>\n\n\n\n<p><strong>Rozpo\u010det:<\/strong> 4 064 989,26 \u20ac<\/p>\n\n\n\n<p><strong>Projektov\u00fd mana\u017e\u00e9r:<\/strong> prof. Ing. J\u00e1n Tu\u010dek, CSc.<\/p>\n\n\n\n<p><strong>Partner:<\/strong> N\u00e1rodn\u00e9 lesn\u00edcke centrum vo Zvolene<\/p>\n\n\n\n<p><strong>Str\u00e1nky projektu:<\/strong> <a href=\"https:\/\/gis.tuzvo.sk\/cex\/\" target=\"_blank\" rel=\"noreferrer noopener\">gis.tuzvo.sk\/cex\/<\/a><\/p>\n\n\n\n<h3 class=\"wp-block-heading\">Ciele projektu<\/h3>\n\n\n\n<p>Cie\u013eom projektu je podporenie v\u00fdskumu za \u00fa\u010delom skvalitnenia rozhodovac\u00edch procesov pri obhospodarovan\u00ed lesa v krajine na b\u00e1ze geoinformatiky. Projekt pozost\u00e1va zo \u0161tyroch \u0161pecifick\u00fdch cie\u013eov, v r\u00e1mci ktor\u00fdch sa dobuduje a modernizuje technick\u00e1 infra\u0161trukt\u00fara pre vytvorenie podmienok na v\u00fdpo\u010dtovo n\u00e1ro\u010dn\u00e9 spracovanie a ulo\u017eenie progres\u00edvnych \u00fadajov DPZ, simul\u00e1cie krajinno-ekologick\u00fdch syst\u00e9mov, aplik\u00e1cie met\u00f3d a princ\u00edpov prec\u00edzneho lesn\u00edctva, podporu rozhodovania pri obhospodarovan\u00ed lesa v krajine s hlavn\u00fdm zameran\u00edm na lesn\u00e9 ekosyst\u00e9my a zabezpe\u010dia sa \u0161pecifick\u00e9 progres\u00edvne \u00fadaje DPZ. Projekt je rozdelen\u00fd na \u0161tyri \u0161pecifick\u00e9 ciele, ktor\u00e9 s\u00fa nap\u013a\u0148an\u00e9 pomocou 13 aktiv\u00edt. Na odbornom rie\u0161en\u00ed cie\u013eov projektu sa podie\u013ea 110 rie\u0161ite\u013eov. Administrat\u00edvnu \u010das\u0165 projektu zabezpe\u010duje sedem pracovn\u00edkov.<\/p>\n\n\n\n<h4 class=\"wp-block-heading\">\u0160pecifick\u00e9 ciele<\/h4>\n\n\n\n<ol class=\"wp-block-list\">\n<li>Dobudovanie technickej infra\u0161trukt\u00fary centra<\/li>\n\n\n\n<li>D\u00e1tov\u00e1 podpora \u010dinnosti centra<\/li>\n\n\n\n<li>Podpora excelentn\u00e9ho v\u00fdskumu v oblasti p\u00f4sobenia centra<\/li>\n\n\n\n<li>Podpora organiza\u010dn\u00fdch, aplika\u010dn\u00fdch a disemina\u010dn\u00fdch aktiv\u00edt centra<\/li>\n<\/ol>\n\n\n<div class=\"wp-block-image\">\n<figure class=\"aligncenter size-full\"><img loading=\"lazy\" decoding=\"async\" width=\"800\" height=\"600\" src=\"https:\/\/gis.tuzvo.sk\/wp-content\/uploads\/2022\/12\/P1070417.jpg\" alt=\"\" class=\"wp-image-509\"\/><\/figure>\n<\/div>","protected":false},"excerpt":{"rendered":"<p>Z\u00e1kladn\u00e9 \u00fadaje o projekte Obdobie rie\u0161enia: 2011-2015 Rozpo\u010det: 4 064 989,26 \u20ac Projektov\u00fd mana\u017e\u00e9r: prof. Ing. J\u00e1n Tu\u010dek, CSc. Partner: N\u00e1rodn\u00e9 lesn\u00edcke centrum vo Zvolene Str\u00e1nky projektu: gis.tuzvo.sk\/cex\/ Ciele projektu Cie\u013eom projektu je podporenie v\u00fdskumu za \u00fa\u010delom skvalitnenia rozhodovac\u00edch procesov pri obhospodarovan\u00ed lesa v krajine na b\u00e1ze geoinformatiky. Projekt pozost\u00e1va zo \u0161tyroch \u0161pecifick\u00fdch cie\u013eov, v &hellip; <\/p>\n<div class=\"link-more\"><a href=\"https:\/\/gis.tuzvo.sk\/?page_id=506\" class=\"more-link\">Read More<span class=\"screen-reader-text\"> &#8220;Centrum excelentnosti pre podporu rozhodovania v lese a krajine&#8221;<\/span><\/a><\/div>\n","protected":false},"author":2,"featured_media":0,"parent":0,"menu_order":0,"comment_status":"closed","ping_status":"closed","template":"","meta":{"footnotes":""},"class_list":["post-506","page","type-page","status-publish","hentry"],"_links":{"self":[{"href":"https:\/\/gis.tuzvo.sk\/index.php?rest_route=\/wp\/v2\/pages\/506","targetHints":{"allow":["GET"]}}],"collection":[{"href":"https:\/\/gis.tuzvo.sk\/index.php?rest_route=\/wp\/v2\/pages"}],"about":[{"href":"https:\/\/gis.tuzvo.sk\/index.php?rest_route=\/wp\/v2\/types\/page"}],"author":[{"embeddable":true,"href":"https:\/\/gis.tuzvo.sk\/index.php?rest_route=\/wp\/v2\/users\/2"}],"replies":[{"embeddable":true,"href":"https:\/\/gis.tuzvo.sk\/index.php?rest_route=%2Fwp%2Fv2%2Fcomments&post=506"}],"version-history":[{"count":4,"href":"https:\/\/gis.tuzvo.sk\/index.php?rest_route=\/wp\/v2\/pages\/506\/revisions"}],"predecessor-version":[{"id":1326,"href":"https:\/\/gis.tuzvo.sk\/index.php?rest_route=\/wp\/v2\/pages\/506\/revisions\/1326"}],"wp:attachment":[{"href":"https:\/\/gis.tuzvo.sk\/index.php?rest_route=%2Fwp%2Fv2%2Fmedia&parent=506"}],"curies":[{"name":"wp","href":"https:\/\/api.w.org\/{rel}","templated":true}]}}