{"id":500,"date":"2022-12-02T11:27:44","date_gmt":"2022-12-02T10:27:44","guid":{"rendered":"https:\/\/gis.tuzvo.sk\/agp\/?page_id=500"},"modified":"2026-02-18T01:28:32","modified_gmt":"2026-02-18T00:28:32","slug":"nove-formy-vyucby-geoinformatiky-na-tu-zvolen","status":"publish","type":"page","link":"https:\/\/gis.tuzvo.sk\/?page_id=500","title":{"rendered":"Nov\u00e9 formy v\u00fdu\u010dby geoinformatiky na TU Zvolen"},"content":{"rendered":"\n<h3 class=\"wp-block-heading\" id=\"Z_kladn_daje_o_projekte\">Z\u00e1kladn\u00e9 \u00fadaje o&nbsp;projekte<\/h3>\n\n\n\n<p><strong>N\u00e1zov:<\/strong> Nov\u00e9 formy v\u00fdu\u010dby geoinformatiky na TU Zvolen<\/p>\n\n\n\n<p><strong>Obdobie rie\u0161enia:<\/strong> 2013-2015<\/p>\n\n\n\n<p><strong>Financovanie:<\/strong> KEGA, Komisia \u010d. 2 pre nov\u00e9 technol\u00f3gie, met\u00f3dy a formy vo v\u00fdu\u010dbe<\/p>\n\n\n\n<p><strong>\u010c\u00edslo projektu:<\/strong> 008TU Z-4\/2013<\/p>\n\n\n\n<h3 class=\"wp-block-heading\" id=\"Ciele_projektu\">Ciele&nbsp;projektu<\/h3>\n\n\n\n<p>Hlavn\u00fdm cie\u013eom predlo\u017een\u00e9ho projektu je zavedenie met\u00f3d a foriem vzdel\u00e1vania s podporou modern\u00fdch informa\u010dno-komunika\u010dn\u00fdch technol\u00f3gi\u00ed do v\u00fdu\u010dby geoinformatiky na TU Zvolen.<\/p>\n\n\n\n<p>Met\u00f3dy a postupy e-learningu bud\u00fa pou\u017e\u00edvan\u00e9 v kombin\u00e1ci\u00ed s tradi\u010dn\u00fdmi met\u00f3dami v\u00fdu\u010dby. Bud\u00fa plni\u0165 objas\u0148uj\u00facu a dopl\u0148uj\u00facu funkciu. Nov\u00e9 formy vzdel\u00e1vania umo\u017enia hlb\u0161ie pochopenie pojmov, k\u013e\u00fa\u010dov\u00fdch vlastnost\u00ed a obmedzen\u00ed geoinforma\u010dn\u00fdch technol\u00f3gi\u00ed, postupov zberu a spracovania geografick\u00fdch \u00fadajov, tvoriv\u00e9 aplikovanie n\u00e1strojov geografick\u00fdch informa\u010dn\u00fdch syst\u00e9mov pre rie\u0161enie vedecko-v\u00fdskumn\u00fdch a praktick\u00fdch \u00faloh.<\/p>\n\n\n<div class=\"wp-block-image\">\n<figure class=\"aligncenter size-full\"><img loading=\"lazy\" decoding=\"async\" width=\"369\" height=\"276\" src=\"https:\/\/gis.tuzvo.sk\/wp-content\/uploads\/2022\/11\/gis_lab_03.jpg\" alt=\"\" class=\"wp-image-386\"\/><\/figure>\n<\/div>\n\n\n<p>U\u010debn\u00e9 materi\u00e1ly bud\u00fa doplnen\u00e9 o najnov\u0161ie poznatky z oblasti geoinformatiky a upraven\u00e9 do podoby vhodnej na samostatn\u00e9 \u0161t\u00fadium. Interakt\u00edvne prezent\u00e1cie a pr\u00edpadov\u00e9 \u0161t\u00fadie bud\u00fa sl\u00fa\u017ei\u0165 aj na posilnenie kritick\u00e9ho myslenia a tvoriv\u00e9ho pr\u00edstupu k rie\u0161eniu probl\u00e9mov.<\/p>\n\n\n\n<p>U \u0161tudentov bud\u00fa rozv\u00edjan\u00e9 schopnosti spr\u00e1vnej identifik\u00e1cie probl\u00e9mu a jeho rie\u0161enia prostriedkami geografick\u00fdch informa\u010dn\u00fdch syst\u00e9mov. Nov\u00e9 formy vzdel\u00e1vania by mali prispie\u0165 aj zv\u00fd\u0161eniu z\u00e1ujmu \u0161tudentov o geoinformatiku, motivova\u0165 ich k samostatnej pr\u00e1ci a dopl\u0148uj\u00facemu \u0161t\u00fadiu.<\/p>\n\n\n\n<h3 class=\"wp-block-heading\" id=\"Rie_ite_sk_kolekt_v\">Rie\u0161ite\u013esk\u00fd&nbsp;kolekt\u00edv<\/h3>\n\n\n\n<ul class=\"wp-block-list\">\n<li>Mgr. Milan Kore\u0148, PhD., ved\u00faci projektu<\/li>\n\n\n\n<li>prof. Ing. J\u00e1n Tu\u010dek, CSc., z\u00e1stupca ved\u00faceho projektu<\/li>\n\n\n\n<li>Ing. R\u00f3bert Smre\u010dek, PhD.<\/li>\n\n\n\n<li>doc. Ing. Marek Fabrika, PhD.<\/li>\n\n\n\n<li>Ing. Monika Kore\u0148ov\u00e1, PhD.<\/li>\n\n\n\n<li>Ing. Rudolf Navr\u00e1til<\/li>\n\n\n\n<li>Ing. Igor Gallay, PhD.<\/li>\n\n\n\n<li>Ing. Andrea Majlingov\u00e1, PhD. (2013-2014)<\/li>\n\n\n\n<li>Ing. Ivan P\u00f4bi\u0161 (2013)<\/li>\n<\/ul>\n\n\n\n<h3 class=\"wp-block-heading\" id=\"Harmonogram\">Harmonogram<\/h3>\n\n\n\n<ul class=\"wp-block-list\">\n<li><strong>2013<\/strong>: obstaranie technick\u00e9ho a programov\u00e9ho vybavenia, obstaranie odbornej literat\u00fary, grafick\u00fd design, n\u00e1vrh obsahu, implement\u00e1cia port\u00e1lu, naplnenie port\u00e1lu z\u00e1kladn\u00fdmi \u00fadajmi a dokumentmi<\/li>\n\n\n\n<li><strong>2014<\/strong>: pr\u00edprava modelov 3D, vypracovanie pr\u00edpadov\u00fdch \u0161t\u00fadi\u00ed, vytvorenie interakt\u00edvne prezent\u00e1cie naplnenie obsahu port\u00e1lu<\/li>\n\n\n\n<li><strong>2015<\/strong>: odborn\u00fd semin\u00e1r k v\u00fdu\u010dbe geoinformatiky s podporou IKT, vypracovanie pr\u00edpadov\u00fdch \u0161t\u00fadi\u00ed vytvorenie a spr\u00edstupnenie modelov pre virtu\u00e1lnu jasky\u0148u, doplnenie port\u00e1lu, spr\u00edstupnenie digit\u00e1lnych dokumentov<\/li>\n<\/ul>\n\n\n\n<h3 class=\"wp-block-heading\" id=\"Pr_nosy\">Pr\u00ednosy<\/h3>\n\n\n<div class=\"wp-block-image\">\n<figure class=\"alignright size-full\"><img loading=\"lazy\" decoding=\"async\" width=\"320\" height=\"213\" src=\"https:\/\/gis.tuzvo.sk\/wp-content\/uploads\/2022\/11\/globus4a.png\" alt=\"\" class=\"wp-image-140\"\/><\/figure>\n<\/div>\n\n\n<ul class=\"wp-block-list\">\n<li><strong>Hmotn\u00e9<\/strong>\n<ul class=\"wp-block-list\">\n<li>Vytvorenie a naplnenie port\u00e1lu pre podporu v\u00fdu\u010dby geoinformatiky na TU Zvolen<\/li>\n\n\n\n<li>Vytvorenie a spr\u00edstupnenie u\u010debn\u00fdch podp\u00f4r v digit\u00e1lnej forme<\/li>\n\n\n\n<li>Vytvorenie video-n\u00e1vodov na cvi\u010denia<\/li>\n\n\n\n<li>Pr\u00edpadov\u00e9 \u0161t\u00fadie<\/li>\n\n\n\n<li>Trojrozmern\u00e9 modely krajiny pre tla\u010d a virtu\u00e1lnu realitu<\/li>\n\n\n\n<li>Spr\u00edstupnenie inform\u00e1ci\u00ed a v\u00fdstupov z realizovan\u00fdch projektov<\/li>\n\n\n\n<li>Inform\u00e1cie o podujatiach orhanizovan\u00fdch pre \u0161tudentov<\/li>\n<\/ul>\n<\/li>\n\n\n\n<li><strong>Nehmotn\u00e9<\/strong>\n<ul class=\"wp-block-list\">\n<li>Zavedenie met\u00f3d e-learningu do v\u00fdu\u010dbu geoinformatiky<\/li>\n\n\n\n<li>Podpora samostatnej pr\u00e1ce \u0161tudentov<\/li>\n\n\n\n<li>Rozv\u00edjanie z\u00e1ujmu o \u0161t\u00fadium<\/li>\n\n\n\n<li>Zv\u00fd\u0161enie atrakt\u00edvnosti \u0161t\u00fadia geoinformatiky<\/li>\n\n\n\n<li>Doplnenie v\u00fdu\u010dby o nov\u00e9 geoinforma\u010dn\u00e9 technol\u00f3gie<\/li>\n<\/ul>\n<\/li>\n<\/ul>\n\n\n\n<h3 class=\"wp-block-heading\" id=\"V_stupy\">V\u00fdstupy<\/h3>\n\n\n\n<ul class=\"wp-block-list\">\n<li><strong>Publika\u010dn\u00e9<\/strong>\n<ul class=\"wp-block-list\">\n<li>Milan Kore\u0148, Geografick\u00fd informa\u010dn\u00fd syst\u00e9m ArcGIS. Vydala Technick\u00e1 univerzita vo Zvolene, 2014, 2, vydanie &#8211; prepracovan\u00e9, ISBN 978-80-228-2702-7, 120 str.<\/li>\n\n\n\n<li>Milan Kore\u0148, J\u00e1n Tu\u010dek, Igor Gallay, Martin Mokro\u0161. V\u00fdu\u010dba geoinformatiky s podporou IKT. Zborn\u00edk pr\u00edspevkov z konferencie Praktick\u00e9 vyu\u017eit\u00ed GIS v lesn\u00edctv\u00ed a zem\u011bd\u011blstv\u00ed, 26.02.-27.02.2015, Mendelova univerzita, Brno<\/li>\n\n\n\n<li>Milan Kore\u0148, Igor Gallay. E-learning vo v\u00fdu\u010dbe geoinformatiky na Technickej univerzite vo Zvolene. Zborn\u00edk pr\u00edspevkov z Konference eLearning 2015, 11.11.-12.11.2015, Univerzita Hradec Kr\u00e1lov\u00e9, Fakulta informatiky a Managementu<\/li>\n\n\n\n<li>Milan Kore\u0148, Martin Mokro\u0161. Kartografick\u00e1 vizualiz\u00e1ciapriestorovej distrib\u00facie \u0161tudentov vysokej \u0161koly. Geodetick\u00fd a kartografick\u00fd obzor, v tla\u010di<\/li>\n<\/ul>\n<\/li>\n\n\n\n<li><strong>Pr\u00edpadov\u00e9 \u0161t\u00fadie<\/strong>\n<ul class=\"wp-block-list\">\n<li>Modelovanie rizika vzniku lav\u00edn, Dalibor Nede\u013eka, Milan Kore\u0148, 2014<\/li>\n\n\n\n<li>Modelovanie potenci\u00e1lnej er\u00f3zie p\u00f4dy, Igor Gallay, 2014<\/li>\n\n\n\n<li>Model \u0161\u00edrenia lyko\u017er\u00fata smrekov\u00e9ho v prostred\u00ed GIS, Martin Mokro\u0161, Milan Kore\u0148, Rastislav Jaku\u0161 2014, prilohy, poster<\/li>\n\n\n\n<li>Umiestnenie skl\u00e1dky komun\u00e1lneho odpadu, Igor Gallay, 2015<\/li>\n\n\n\n<li>Modelovanie mno\u017estva dopadnut\u00e9ho slne\u010dn\u00e9ho \u017eiarenia, Igor Gallay, 2015<\/li>\n\n\n\n<li>Vymedzenie z\u00e1plavov\u00e9ho \u00fazemia, Igor Gallay, 2015<\/li>\n<\/ul>\n<\/li>\n\n\n\n<li><strong>Video-n\u00e1vody na cvi\u010denia<\/strong>\n<ul class=\"wp-block-list\">\n<li>Z\u00e1klady GIS<\/li>\n\n\n\n<li>Prev\u00e1dzka GIS<\/li>\n\n\n\n<li>Aplik\u00e1cie GIS<\/li>\n<\/ul>\n<\/li>\n\n\n\n<li><strong>U\u010debn\u00e9 podpory<\/strong>\n<ul class=\"wp-block-list\">\n<li><a href=\"?page_id=77\" data-type=\"page\">materi\u00e1ly v digit\u00e1lnej forme<\/a><\/li>\n<\/ul>\n<\/li>\n\n\n\n<li><strong>3D modely<\/strong>\n<ul class=\"wp-block-list\">\n<li><a href=\"https:\/\/gis.tuzvo.sk\/tiki-index.php?page=3D+modely\">3D modely vybran\u00fdch \u00fazem\u00ed<\/a> pre <a href=\"https:\/\/gis.tuzvo.sk\/tiki-index.php?page=Virtu%C3%A1lna+jasky%C5%88a\">virtu\u00e1lnu realitu<\/a> a <a href=\"https:\/\/gis.tuzvo.sk\/tiki-index.php?page=Tla%C4%8D+3D+modelu\">3D tla\u010d<\/a><\/li>\n<\/ul>\n<\/li>\n\n\n\n<li><strong>Semin\u00e1r Nov\u00e9 formy v\u00fdu\u010dby geoinformatiky<\/strong>\n<ul class=\"wp-block-list\">\n<li><a href=\"https:\/\/gis.tuzvo.sk\/tiki-index.php?page=Semin%C3%A1r+Nov%C3%A9+formy+v%C3%BDu%C4%8Dby+geoinformatiky\">semin\u00e1r sa konal 29.05.2015 na TU Zvolen<\/a><\/li>\n<\/ul>\n<\/li>\n\n\n\n<li><strong>Port\u00e1l pre podporu v\u00fdu\u010dby geoinformatiky na TU Zvolen<\/strong><\/li>\n<\/ul>\n\n\n\n<h3 class=\"wp-block-heading\" id=\"Prezent_cia_projektu\">Prezent\u00e1cia&nbsp;projektu<\/h3>\n\n\n\n<p><a href=\"https:\/\/gis.tuzvo.sk\/tiki-index.php?page=Prezent%C3%A1cia+Nov%C3%A9+formy+v%C3%BDu%C4%8Dby+geoinformatiky\">Prezent\u00e1cia projektu na z\u00e1vere\u010dnej obhajobe, 11.01.2016<\/a><\/p>\n","protected":false},"excerpt":{"rendered":"<p>Z\u00e1kladn\u00e9 \u00fadaje o&nbsp;projekte N\u00e1zov: Nov\u00e9 formy v\u00fdu\u010dby geoinformatiky na TU Zvolen Obdobie rie\u0161enia: 2013-2015 Financovanie: KEGA, Komisia \u010d. 2 pre nov\u00e9 technol\u00f3gie, met\u00f3dy a formy vo v\u00fdu\u010dbe \u010c\u00edslo projektu: 008TU Z-4\/2013 Ciele&nbsp;projektu Hlavn\u00fdm cie\u013eom predlo\u017een\u00e9ho projektu je zavedenie met\u00f3d a foriem vzdel\u00e1vania s podporou modern\u00fdch informa\u010dno-komunika\u010dn\u00fdch technol\u00f3gi\u00ed do v\u00fdu\u010dby geoinformatiky na TU Zvolen. Met\u00f3dy a &hellip; <\/p>\n<div class=\"link-more\"><a href=\"https:\/\/gis.tuzvo.sk\/?page_id=500\" class=\"more-link\">Read More<span class=\"screen-reader-text\"> &#8220;Nov\u00e9 formy v\u00fdu\u010dby geoinformatiky na TU Zvolen&#8221;<\/span><\/a><\/div>\n","protected":false},"author":2,"featured_media":0,"parent":0,"menu_order":0,"comment_status":"closed","ping_status":"closed","template":"","meta":{"footnotes":""},"class_list":["post-500","page","type-page","status-publish","hentry"],"_links":{"self":[{"href":"https:\/\/gis.tuzvo.sk\/index.php?rest_route=\/wp\/v2\/pages\/500","targetHints":{"allow":["GET"]}}],"collection":[{"href":"https:\/\/gis.tuzvo.sk\/index.php?rest_route=\/wp\/v2\/pages"}],"about":[{"href":"https:\/\/gis.tuzvo.sk\/index.php?rest_route=\/wp\/v2\/types\/page"}],"author":[{"embeddable":true,"href":"https:\/\/gis.tuzvo.sk\/index.php?rest_route=\/wp\/v2\/users\/2"}],"replies":[{"embeddable":true,"href":"https:\/\/gis.tuzvo.sk\/index.php?rest_route=%2Fwp%2Fv2%2Fcomments&post=500"}],"version-history":[{"count":4,"href":"https:\/\/gis.tuzvo.sk\/index.php?rest_route=\/wp\/v2\/pages\/500\/revisions"}],"predecessor-version":[{"id":1332,"href":"https:\/\/gis.tuzvo.sk\/index.php?rest_route=\/wp\/v2\/pages\/500\/revisions\/1332"}],"wp:attachment":[{"href":"https:\/\/gis.tuzvo.sk\/index.php?rest_route=%2Fwp%2Fv2%2Fmedia&parent=500"}],"curies":[{"name":"wp","href":"https:\/\/api.w.org\/{rel}","templated":true}]}}