{"id":32,"date":"2022-11-28T18:26:47","date_gmt":"2022-11-28T18:26:47","guid":{"rendered":"https:\/\/gis.tuzvo.sk\/agp\/?page_id=32"},"modified":"2023-05-22T15:17:52","modified_gmt":"2023-05-22T14:17:52","slug":"projekty","status":"publish","type":"page","link":"https:\/\/gis.tuzvo.sk\/?page_id=32","title":{"rendered":"Projekty"},"content":{"rendered":"\n<p><strong>International Benchmarking of Terrestrial Image-based Point Clouds for Forestry<\/strong>. ISPRS Scientific Initiatives 2019.<\/p>\n\n\n\n<p><a rel=\"noreferrer noopener\" href=\"http:\/\/gis.tuzvo.sk\/mgeoforest\/\" target=\"_blank\"><strong>mGeoForest<\/strong><\/a>. Mobiln\u00fd zber geografick\u00fdch \u00fadajov o lese a krajine. Zodpovedn\u00fd rie\u0161ite\u013e: doc. Mgr. Milan Kore\u0148, PhD., z\u00e1stupca zodpovedn\u00e9ho rie\u0161ite\u013ea: prof. Ing. J\u00e1n Tu\u010dek, CSc., VEGA 1\/0881\/17, 2017-2019<\/p>\n\n\n\n<p><a rel=\"noreferrer noopener\" href=\"http:\/\/gis.tuzvo.sk\/benchcrp\/\" target=\"_blank\"><strong>BenchCRP<\/strong><\/a>. Benchmarking of close-range photogrammetry methods for forestry applications. Zodpovedn\u00fd rie\u0161ite\u013e: doc. Mgr. Milan Kore\u0148, PhD., z\u00e1stupca zodpovedn\u00e9ho rie\u0161ite\u013ea: Ing. Martin Mokro\u0161, PhD., APVV DS-2016-0040, 2017-2018<\/p>\n\n\n<div class=\"wp-block-image is-style-default\">\n<figure class=\"aligncenter size-large\"><img decoding=\"async\" src=\"\/wp-content\/uploads\/2022\/11\/jpg_3705.jpg\" alt=\"\"\/><\/figure>\n<\/div>\n\n\n<p><a href=\"https:\/\/gis.tuzvo.sk\/alterfor-sk\/\" target=\"_blank\" rel=\"noreferrer noopener\">ALTERFOR<\/a>. Alternative models and robust decision-making for future forest management. Zodpovedn\u00fd rie\u0161ite\u013e: prof. Ing. J\u00e1n Tu\u010dek, CSc., Horizon 2020, 2016-2020<\/p>\n\n\n\n<p><strong>Aktualiz\u00e1cia mapovania, usporiadania vlastn\u00edctva k lesn\u00fdm pozemkom a ur\u010denie stavu krajiny modern\u00fdmi prostriedkami dru\u017eicovej geod\u00e9zie a leteck\u00e9ho prieskumu<\/strong>. Zodpovedn\u00fd rie\u0161ite\u013e: doc. Ing. Franti\u0161ek Chud\u00fd, CSc. Z\u00e1stupca zodpovedn\u00e9ho rie\u0161ite\u013ea: doc. Ing. Miroslav Kardo\u0161, PhD., VEGA 1\/0804\/14, 2014 &#8211; 2018<\/p>\n\n\n\n<p><strong>Geografick\u00e1 inform\u00e1cia o lese a lesnej krajine \u2013 \u0161pecifik\u00e1 tvorby a vyu\u017eitia<\/strong>.&nbsp;Zodpovedn\u00fd rie\u0161ite\u013e: prof. Ing. J\u00e1n Tu\u010dek, CSc., z\u00e1stupca zodpovedn\u00e9ho rie\u0161ite\u013ea: Mgr. Milan Kore\u0148, PhD., VEGA 1\/0953\/13, 2013-2015<\/p>\n\n\n\n<p><a href=\"?page_id=500\" data-type=\"page\" target=\"_blank\" rel=\"noreferrer noopener\"><strong>Nov\u00e9 formy v\u00fdu\u010dby geoinformatiky na TU Zvolen<\/strong><\/a>. Zodpovedn\u00fd rie\u0161ite\u013e: Mgr. Milan Kore\u0148, PhD., z\u00e1stupca zodpovedn\u00e9ho rie\u0161ite\u013ea: prof. Ing. J\u00e1n Tu\u010dek, CSc., KEGA 008TU Z-4\/2013, 2013-2015<\/p>\n\n\n\n<p><strong>INTEGRAL<\/strong>. Future-oriented integrated management of European forest landscapes. Zodpovedn\u00fd rie\u0161ite\u013e: prof. Ing. J\u00e1n Tu\u010dek, CSc., FP7-ENV-2011-282887, 2011-2015<\/p>\n\n\n\n<p><a rel=\"noreferrer noopener\" href=\"?page_id=506\" data-type=\"page\" target=\"_blank\"><strong>Centrum excelentnosti pre podporu rozhodovania v lese a krajine<\/strong><\/a>. Zodpovedn\u00fd rie\u0161ite\u013e: prof. Ing. J\u00e1n Tu\u010dek, CSc., partner: N\u00e1rodn\u00e9 lesn\u00edcke centrum vo Zvolene. Eur\u00f3pskeho fond region\u00e1lneho rozvoj, opera\u010dn\u00fd program V\u00fdskum a v\u00fdvoj, ITMS 26220120069, 2011-2015<\/p>\n\n\n\n<p><strong>V\u00fdskum princ\u00edpov a met\u00f3d prec\u00edzneho lesn\u00edctva<\/strong>. Zodpovedn\u00fd rie\u0161ite\u013e: prof. Ing. J\u00e1n Tu\u010dek, CSc.,&nbsp; VEGA 1\/0434\/10, 2010-2012<\/p>\n\n\n\n<p><a href=\"?page_id=514\" data-type=\"page\" target=\"_blank\" rel=\"noreferrer noopener\"><strong>GiMAR<\/strong><\/a>. GeoInformation and ICT in Market Research. Partneri: Technological Educational Institute of Piraeus (TEI), Greece; University West of Scotland (UWS), Scotland \u2013 U.K.&nbsp;Program celo\u017eivotn\u00e9ho vzdel\u00e1vania ERASMUS, 2010-2012<\/p>\n\n\n\n<p><strong>Presn\u00e9 p\u00f4dohospod\u00e1rstvo &#8211; implement\u00e1cia s podporou informa\u010dn\u00fdch technol\u00f3gi\u00ed a techniky<\/strong>.&nbsp; \u017diadate\u013e: Slovensk\u00e1 po\u013enohospod\u00e1rska univerzita v Nitre, KEGA 3\/4275\/06<\/p>\n\n\n\n<p><a rel=\"noreferrer noopener\" href=\"?page_id=559\" data-type=\"page\" target=\"_blank\"><strong>eGIS port\u00e1<\/strong>l<\/a>. Zodpovedn\u00fd rie\u0161ite\u013e: Mgr. Milan Kore\u0148, PhD. Ministerstvo dopravy, p\u00f4\u0161t a telekomunik\u00e1ci\u00ed Slovenskej republiky, 2005-2007<\/p>\n\n\n\n<p><strong>TU-2: bilateral cooperation between TU Zvolen and TU Vienna<\/strong>. Zodpovedn\u00fd rie\u0161ite\u013e: Mgr. Milan Kore\u0148, PhD. Rak\u00faske informa\u010dn\u00e9 centrum pre vedeck\u00fa spolupr\u00e1cu, SAIA n. o., Bratislava, Program Podpora trvalej spolupr\u00e1ce, ASO-04-03\/2005<\/p>\n","protected":false},"excerpt":{"rendered":"<p>International Benchmarking of Terrestrial Image-based Point Clouds for Forestry. ISPRS Scientific Initiatives 2019. mGeoForest. Mobiln\u00fd zber geografick\u00fdch \u00fadajov o lese a krajine. Zodpovedn\u00fd rie\u0161ite\u013e: doc. Mgr. Milan Kore\u0148, PhD., z\u00e1stupca zodpovedn\u00e9ho rie\u0161ite\u013ea: prof. Ing. J\u00e1n Tu\u010dek, CSc., VEGA 1\/0881\/17, 2017-2019 BenchCRP. Benchmarking of close-range photogrammetry methods for forestry applications. Zodpovedn\u00fd rie\u0161ite\u013e: doc. Mgr. Milan Kore\u0148, &hellip; <\/p>\n<div class=\"link-more\"><a href=\"https:\/\/gis.tuzvo.sk\/?page_id=32\" class=\"more-link\">Read More<span class=\"screen-reader-text\"> &#8220;Projekty&#8221;<\/span><\/a><\/div>\n","protected":false},"author":2,"featured_media":0,"parent":0,"menu_order":0,"comment_status":"closed","ping_status":"closed","template":"","meta":{"footnotes":""},"class_list":["post-32","page","type-page","status-publish","hentry"],"_links":{"self":[{"href":"https:\/\/gis.tuzvo.sk\/index.php?rest_route=\/wp\/v2\/pages\/32","targetHints":{"allow":["GET"]}}],"collection":[{"href":"https:\/\/gis.tuzvo.sk\/index.php?rest_route=\/wp\/v2\/pages"}],"about":[{"href":"https:\/\/gis.tuzvo.sk\/index.php?rest_route=\/wp\/v2\/types\/page"}],"author":[{"embeddable":true,"href":"https:\/\/gis.tuzvo.sk\/index.php?rest_route=\/wp\/v2\/users\/2"}],"replies":[{"embeddable":true,"href":"https:\/\/gis.tuzvo.sk\/index.php?rest_route=%2Fwp%2Fv2%2Fcomments&post=32"}],"version-history":[{"count":11,"href":"https:\/\/gis.tuzvo.sk\/index.php?rest_route=\/wp\/v2\/pages\/32\/revisions"}],"predecessor-version":[{"id":1201,"href":"https:\/\/gis.tuzvo.sk\/index.php?rest_route=\/wp\/v2\/pages\/32\/revisions\/1201"}],"wp:attachment":[{"href":"https:\/\/gis.tuzvo.sk\/index.php?rest_route=%2Fwp%2Fv2%2Fmedia&parent=32"}],"curies":[{"name":"wp","href":"https:\/\/api.w.org\/{rel}","templated":true}]}}