{"id":17,"date":"2022-11-28T18:09:57","date_gmt":"2022-11-28T18:09:57","guid":{"rendered":"https:\/\/gis.tuzvo.sk\/agp\/?page_id=17"},"modified":"2023-05-23T12:22:30","modified_gmt":"2023-05-23T11:22:30","slug":"laboratorium-geoinformatiky","status":"publish","type":"page","link":"https:\/\/gis.tuzvo.sk\/","title":{"rendered":"Laborat\u00f3rium geoinformatiky"},"content":{"rendered":"\n<p><strong>Laborat\u00f3rium geoinformatiky<\/strong> sa od svojho zalo\u017eenia v roku 1993 zameriava na geoinformatiku v naj\u0161ir\u0161om pon\u00edman\u00ed, najm\u00e4 v\u0161ak na aplik\u00e1ciu geoinforma\u010dn\u00fdch technol\u00f3gii &#8211; geografick\u00fdch informa\u010dn\u00fdch syst\u00e9mov, dia\u013ekov\u00e9ho prieskumu Zeme a digit\u00e1lnej anal\u00fdzy obrazov, glob\u00e1lnych naviga\u010dn\u00fdch satelitn\u00fdch syst\u00e9mov, syst\u00e9mov pre podporu priestorov\u00e9ho rozhodovania v lesn\u00edctve, mana\u017emente krajiny, ekol\u00f3gii, obhospodarovan\u00ed pr\u00edrodn\u00fdch zdrojov, \u0161t\u00e1tnej spr\u00e1ve a verejnej samospr\u00e1ve ale tradi\u010dne aj na geod\u00e9ziu a fotogrametriu, kataster nehnute\u013enosti a aplikovan\u00fa lesn\u00edcku informatiku. Laborat\u00f3rium disponuje kvalitn\u00fdm technologick\u00fdm vybaven\u00edm, softv\u00e9rom a zdrojmi geografick\u00fdch \u00fadajov. Laborat\u00f3rium je s\u00fa\u010das\u0165ou Katedry pl\u00e1novania lesn\u00fdch zdrojov a informatiky Lesn\u00edckej fakulty TUZVO.<\/p>\n\n\n<div class=\"wp-block-image is-style-default\">\n<figure class=\"aligncenter size-large\"><img decoding=\"async\" src=\"\/wp-content\/uploads\/2022\/11\/jpg2531l.jpg\" alt=\"\"\/><\/figure>\n<\/div>\n\n\n<p>K budovaniu odborn\u00fdch ale aj neform\u00e1lnych kompetenci\u00ed \u0161tudentov v r\u00e1mci komunity prispieva dlhoro\u010dn\u00e9 organizovanie viacer\u00fdch odborn\u00fdch a \u0161tudentsk\u00fdch podujat\u00ed laborat\u00f3riom, ako napr\u00edklad \u00fa\u010das\u0165 na celosvetovej akcii GIS Day, organizovanie s\u00fa\u0165a\u017ee \u0161tudentov doktorandsk\u00e9ho stup\u0148a \u0161t\u00fadia geoinformatiky F\u00f3rum mlad\u00fdch geoinformatikov alebo aj organizovanie \u0161pecializovan\u00fdch konferencii a \u010fal\u0161\u00edch podujat\u00ed (napr\u00edklad 10 ro\u010dn\u00edkov konferencie Enviro-i-F\u00f3rum, \u010di kartografickej konferencie GeoKARTO).<\/p>\n","protected":false},"excerpt":{"rendered":"<p>Laborat\u00f3rium geoinformatiky sa od svojho zalo\u017eenia v roku 1993 zameriava na geoinformatiku v naj\u0161ir\u0161om pon\u00edman\u00ed, najm\u00e4 v\u0161ak na aplik\u00e1ciu geoinforma\u010dn\u00fdch technol\u00f3gii &#8211; geografick\u00fdch informa\u010dn\u00fdch syst\u00e9mov, dia\u013ekov\u00e9ho prieskumu Zeme a digit\u00e1lnej anal\u00fdzy obrazov, glob\u00e1lnych naviga\u010dn\u00fdch satelitn\u00fdch syst\u00e9mov, syst\u00e9mov pre podporu priestorov\u00e9ho rozhodovania v lesn\u00edctve, mana\u017emente krajiny, ekol\u00f3gii, obhospodarovan\u00ed pr\u00edrodn\u00fdch zdrojov, \u0161t\u00e1tnej spr\u00e1ve a verejnej samospr\u00e1ve ale &hellip; <\/p>\n<div class=\"link-more\"><a href=\"https:\/\/gis.tuzvo.sk\/\" class=\"more-link\">Read More<span class=\"screen-reader-text\"> &#8220;Laborat\u00f3rium geoinformatiky&#8221;<\/span><\/a><\/div>\n","protected":false},"author":2,"featured_media":0,"parent":0,"menu_order":0,"comment_status":"closed","ping_status":"closed","template":"","meta":{"footnotes":""},"class_list":["post-17","page","type-page","status-publish","hentry"],"_links":{"self":[{"href":"https:\/\/gis.tuzvo.sk\/index.php?rest_route=\/wp\/v2\/pages\/17","targetHints":{"allow":["GET"]}}],"collection":[{"href":"https:\/\/gis.tuzvo.sk\/index.php?rest_route=\/wp\/v2\/pages"}],"about":[{"href":"https:\/\/gis.tuzvo.sk\/index.php?rest_route=\/wp\/v2\/types\/page"}],"author":[{"embeddable":true,"href":"https:\/\/gis.tuzvo.sk\/index.php?rest_route=\/wp\/v2\/users\/2"}],"replies":[{"embeddable":true,"href":"https:\/\/gis.tuzvo.sk\/index.php?rest_route=%2Fwp%2Fv2%2Fcomments&post=17"}],"version-history":[{"count":5,"href":"https:\/\/gis.tuzvo.sk\/index.php?rest_route=\/wp\/v2\/pages\/17\/revisions"}],"predecessor-version":[{"id":1209,"href":"https:\/\/gis.tuzvo.sk\/index.php?rest_route=\/wp\/v2\/pages\/17\/revisions\/1209"}],"wp:attachment":[{"href":"https:\/\/gis.tuzvo.sk\/index.php?rest_route=%2Fwp%2Fv2%2Fmedia&parent=17"}],"curies":[{"name":"wp","href":"https:\/\/api.w.org\/{rel}","templated":true}]}}