{"id":1226,"date":"2023-06-18T18:39:18","date_gmt":"2023-06-18T17:39:18","guid":{"rendered":"https:\/\/gis.tuzvo.sk\/?page_id=1226"},"modified":"2025-04-17T13:00:42","modified_gmt":"2025-04-17T12:00:42","slug":"historicka-ortofomapa-slovenska","status":"publish","type":"page","link":"https:\/\/gis.tuzvo.sk\/?page_id=1226","title":{"rendered":"Historick\u00e1 ortofotomapa Slovenska"},"content":{"rendered":"\n<p>Historick\u00e1 ortofotomapa Slovenska bola vytvoren\u00e1 spracovan\u00edm \u010dierno-bielych leteck\u00fdch sn\u00edmok z obdobia 40. a 50. rokov z arch\u00edvu Topografick\u00e9ho \u00fastavu v Banskej Bystrici. Pokr\u00fdva cel\u00e9 \u00fazemie Slovenska s rozl\u00ed\u0161en\u00edm 0,5m. V\u00e4\u010d\u0161ina leteck\u00fdch sn\u00edmok poch\u00e1dza z roku 1949. Pre potreby Centra excelentnosti pre podporu rozhodovania v lese a krajine bola zak\u00fapen\u00e1 licencia na historick\u00fa ortofotomapu od spolo\u010dnosti GEODIS SLOVAKIA, s.r.o. Historick\u00e1 ortofomapa je spr\u00edstupnen\u00e1 na mapovom port\u00e1li <a rel=\"noreferrer noopener\" href=\"https:\\\\mapy.tuzvo.sk\\hofm\\\" target=\"_blank\">mapy.tuzvo.sk\\hofm\\<\/a>.<\/p>\n\n\n\n<p>Podmienky pou\u017e\u00edvania s\u00fa upraven\u00e9 licen\u010dnou zmluvou \u010d. R-14586\/2013\/RVO. Pred pou\u017eit\u00edm a publikovan\u00edm v\u00fdsledkov s<br>pou\u017eit\u00edm historickej a aktu\u00e1lnej ortofotomapy \u017eiadame, aby ste sa podrobne obozn\u00e1mili s podmienkami jej pou\u017e\u00edvania.<\/p>\n\n\n<div class=\"wp-block-image\">\n<figure class=\"aligncenter size-full is-resized\"><a href=\"https:\\\\mapy.tuzvo.sk\\hofm\\\" target=\"_blank\" rel=\"noreferrer noopener\"><img loading=\"lazy\" decoding=\"async\" src=\"https:\/\/gis.tuzvo.sk\/wp-content\/uploads\/2023\/06\/hofm1.png\" alt=\"\" class=\"wp-image-1218\" width=\"517\" height=\"294\"\/><\/a><\/figure>\n<\/div>\n\n\n<h4 class=\"wp-block-heading\">Pou\u017e\u00edvanie interakt\u00edvnej mapy a internetov\u00fdch slu\u017eieb<\/h4>\n\n\n\n<p>Pri pou\u017e\u00edvan\u00ed interakt\u00edvnej historickej mapy Slovenska a internetov\u00fdch slu\u017eieb \u017eiadame o dodr\u017eiavanie podmienok<br>licen\u010dnej zmluvy \u010d. R-14586\/2013\/RVO.<\/p>\n\n\n\n<p>Pri odkazoch na uveden\u00e9 slu\u017eby \u017eiadame uvies\u0165 text:<\/p>\n\n\n\n<ul class=\"wp-block-list\">\n<li>&#8220;Historick\u00e1 ortofotomapa bola vytvoren\u00e1 v r\u00e1mci projektu Centra excelentnosti pre podporu rozhodovania v lese a krajine, Technick\u00e1 univerzita vo Zvolene a je dostupn\u00e1 na http:\/\/mapy.tuzvo.sk.&#8221;<\/li>\n\n\n\n<li>&#8220;Historick\u00e1 ortofotomapa \u00a9 GEODIS SLOVAKIA, s.r.o. a Historick\u00e9 LMS \u00a9 Topografick\u00fd \u00fastav Bansk\u00e1 Bystrica.&#8221;<\/li>\n\n\n\n<li>&#8220;Ortofotomapa \u00a9 EUROSENSE, s.r.o. a GEODIS SLOVAKIA, s.r.o.&#8221;<\/li>\n<\/ul>\n","protected":false},"excerpt":{"rendered":"<p>Historick\u00e1 ortofotomapa Slovenska bola vytvoren\u00e1 spracovan\u00edm \u010dierno-bielych leteck\u00fdch sn\u00edmok z obdobia 40. a 50. rokov z arch\u00edvu Topografick\u00e9ho \u00fastavu v Banskej Bystrici. Pokr\u00fdva cel\u00e9 \u00fazemie Slovenska s rozl\u00ed\u0161en\u00edm 0,5m. V\u00e4\u010d\u0161ina leteck\u00fdch sn\u00edmok poch\u00e1dza z roku 1949. Pre potreby Centra excelentnosti pre podporu rozhodovania v lese a krajine bola zak\u00fapen\u00e1 licencia na historick\u00fa ortofotomapu od spolo\u010dnosti &hellip; <\/p>\n<div class=\"link-more\"><a href=\"https:\/\/gis.tuzvo.sk\/?page_id=1226\" class=\"more-link\">Read More<span class=\"screen-reader-text\"> &#8220;Historick\u00e1 ortofotomapa Slovenska&#8221;<\/span><\/a><\/div>\n","protected":false},"author":2,"featured_media":0,"parent":0,"menu_order":0,"comment_status":"closed","ping_status":"closed","template":"","meta":{"footnotes":""},"class_list":["post-1226","page","type-page","status-publish","hentry"],"_links":{"self":[{"href":"https:\/\/gis.tuzvo.sk\/index.php?rest_route=\/wp\/v2\/pages\/1226","targetHints":{"allow":["GET"]}}],"collection":[{"href":"https:\/\/gis.tuzvo.sk\/index.php?rest_route=\/wp\/v2\/pages"}],"about":[{"href":"https:\/\/gis.tuzvo.sk\/index.php?rest_route=\/wp\/v2\/types\/page"}],"author":[{"embeddable":true,"href":"https:\/\/gis.tuzvo.sk\/index.php?rest_route=\/wp\/v2\/users\/2"}],"replies":[{"embeddable":true,"href":"https:\/\/gis.tuzvo.sk\/index.php?rest_route=%2Fwp%2Fv2%2Fcomments&post=1226"}],"version-history":[{"count":5,"href":"https:\/\/gis.tuzvo.sk\/index.php?rest_route=\/wp\/v2\/pages\/1226\/revisions"}],"predecessor-version":[{"id":1261,"href":"https:\/\/gis.tuzvo.sk\/index.php?rest_route=\/wp\/v2\/pages\/1226\/revisions\/1261"}],"wp:attachment":[{"href":"https:\/\/gis.tuzvo.sk\/index.php?rest_route=%2Fwp%2Fv2%2Fmedia&parent=1226"}],"curies":[{"name":"wp","href":"https:\/\/api.w.org\/{rel}","templated":true}]}}