{"id":1102,"date":"2023-05-17T11:48:37","date_gmt":"2023-05-17T10:48:37","guid":{"rendered":"https:\/\/gis.tuzvo.sk\/agp\/?page_id=1102"},"modified":"2026-02-13T20:55:55","modified_gmt":"2026-02-13T19:55:55","slug":"seminar-ngii-a-metainformacne-systemy","status":"publish","type":"page","link":"https:\/\/gis.tuzvo.sk\/?page_id=1102","title":{"rendered":"Semin\u00e1r NGII a metainforma\u010dn\u00e9 syst\u00e9my"},"content":{"rendered":"\n<p>Semin\u00e1r sa konal 19.5.2005 na Technickej univerzite vo Zvolene. Prograk podujatia bol zameran\u00fd na problematiku budovania n\u00e1rodnej infra\u0161trukt\u00fary geografick\u00fdch inform\u00e1ci\u00ed (NGII), po\u017eiadavky a funkcionalitu metainforma\u010dn\u00fdch syst\u00e9mov, \u0161tandardiz\u00e1ciu.<\/p>\n\n\n\n<figure class=\"wp-block-image size-full is-resized\"><img loading=\"lazy\" decoding=\"async\" width=\"417\" height=\"193\" src=\"https:\/\/gis.tuzvo.sk\/wp-content\/uploads\/2023\/05\/foto_02_05_3.jpg\" alt=\"\" class=\"wp-image-1104\" style=\"width:463px;height:auto\"\/><\/figure>\n\n\n\n<h2 class=\"wp-block-heading\">Program<\/h2>\n\n\n\n<ul class=\"wp-block-list\">\n<li>09:30 &#8211; 09:45 Otvorenie (doc. J. Tu\u010dek, rektor TU Zvolen)<\/li>\n\n\n\n<li>09:45 &#8211; 10:15 Kusendov\u00e1 D.: N\u00e1rodn\u00e1 infra\u0161trukt\u00fara priestorov\u00fdch inform\u00e1ci\u00ed Slovenska &#8211; aktu\u00e1lne ot\u00e1zky a probl\u00e9my<\/li>\n\n\n\n<li>10:15 &#8211; 10:45 Of\u00fakan\u00fd M.: Pr\u00edspevok rezortu geod\u00e9zie, kartografie a katastra do budovania infra\u0161trukt\u00fary priestorov\u00fdch inform\u00e1cii Slovenska<\/li>\n\n\n\n<li>10:45 -11:00 Prest\u00e1vka<\/li>\n\n\n\n<li>11:00 &#8211; 11:30 Hor\u00e1kov\u00e1 B.: Direktiva INSPIRE a jej\u00ed dopady na \u010dlensk\u00e9 st\u00e1ty ES a budovan\u00e9 NGII<\/li>\n\n\n\n<li>11:30 &#8211; 12:00 Tuchy\u0148a M.: Tvorba n\u00e1rodnej infra\u0161trukt\u00fary priestorov\u00fdch inform\u00e1ci\u00ed v rezorte \u017eivotn\u00e9ho prostredia SR<\/li>\n\n\n\n<li>12:00 &#8211; 13:00 Obed<\/li>\n\n\n\n<li>13:00 &#8211; 13:30 R\u016f\u017ei\u010dka J.: Servisn\u011b orientovan\u00e1 architektura \u2013 z\u00e1klad budov\u00e1n\u00ed NGII<\/li>\n\n\n\n<li>13:30 &#8211; 14:00 Kore\u0148 M.: Komponenty NGII<\/li>\n\n\n\n<li>14:00 &#8211; 15:00 Diskusia <\/li>\n<\/ul>\n\n\n\n<div class=\"wp-block-columns is-layout-flex wp-container-core-columns-is-layout-9d6595d7 wp-block-columns-is-layout-flex\">\n<div class=\"wp-block-column is-layout-flow wp-block-column-is-layout-flow\" style=\"flex-basis:100%\">\n<div class=\"wp-block-group is-vertical is-layout-flex wp-container-core-group-is-layout-8cf370e7 wp-block-group-is-layout-flex\">\n<div class=\"wp-block-columns is-layout-flex wp-container-core-columns-is-layout-9d6595d7 wp-block-columns-is-layout-flex\">\n<div class=\"wp-block-column is-layout-flow wp-block-column-is-layout-flow\" style=\"flex-basis:60%\">\n<figure class=\"wp-block-gallery has-nested-images columns-default is-cropped wp-block-gallery-1 is-layout-flex wp-block-gallery-is-layout-flex\">\n<figure class=\"wp-block-image size-large\"><img loading=\"lazy\" decoding=\"async\" width=\"150\" height=\"200\" data-id=\"1107\" src=\"https:\/\/gis.tuzvo.sk\/wp-content\/uploads\/2023\/05\/koren_02_05.jpg\" alt=\"\" class=\"wp-image-1107\"\/><\/figure>\n\n\n\n<figure class=\"wp-block-image size-large\"><img loading=\"lazy\" decoding=\"async\" width=\"150\" height=\"200\" data-id=\"1115\" src=\"https:\/\/gis.tuzvo.sk\/wp-content\/uploads\/2023\/05\/tucek_02_05.jpg\" alt=\"\" class=\"wp-image-1115\"\/><\/figure>\n\n\n\n<figure class=\"wp-block-image size-large\"><img loading=\"lazy\" decoding=\"async\" width=\"150\" height=\"186\" data-id=\"1109\" src=\"https:\/\/gis.tuzvo.sk\/wp-content\/uploads\/2023\/05\/kusendova_02_05.jpg\" alt=\"\" class=\"wp-image-1109\"\/><\/figure>\n\n\n\n<figure class=\"wp-block-image size-large\"><img loading=\"lazy\" decoding=\"async\" width=\"150\" height=\"200\" data-id=\"1116\" src=\"https:\/\/gis.tuzvo.sk\/wp-content\/uploads\/2023\/05\/tuchyna_02_05.jpg\" alt=\"\" class=\"wp-image-1116\"\/><\/figure>\n\n\n\n<figure class=\"wp-block-image size-large\"><img loading=\"lazy\" decoding=\"async\" width=\"150\" height=\"195\" data-id=\"1105\" src=\"https:\/\/gis.tuzvo.sk\/wp-content\/uploads\/2023\/05\/horakova_02_05.jpg\" alt=\"\" class=\"wp-image-1105\"\/><\/figure>\n\n\n\n<figure class=\"wp-block-image size-large\"><img loading=\"lazy\" decoding=\"async\" width=\"150\" height=\"200\" data-id=\"1113\" src=\"https:\/\/gis.tuzvo.sk\/wp-content\/uploads\/2023\/05\/ruzicka_02_05.jpg\" alt=\"\" class=\"wp-image-1113\"\/><\/figure>\n<\/figure>\n<\/div>\n<\/div>\n<\/div>\n<\/div>\n<\/div>\n\n\n\n<h2 class=\"wp-block-heading\">Zborn\u00edk pr\u00edspevkov<\/h2>\n\n\n\n<p>Zborn\u00edk pr\u00edspevkov GIS 2005. Kore\u0148, M. (Ed.), vydala Technick\u00e1 univerzita vo Zvolene, 2006. ISBN 80-228-1581-0, 166 str.<\/p>\n","protected":false},"excerpt":{"rendered":"<p>Semin\u00e1r sa konal 19.5.2005 na Technickej univerzite vo Zvolene. Prograk podujatia bol zameran\u00fd na problematiku budovania n\u00e1rodnej infra\u0161trukt\u00fary geografick\u00fdch inform\u00e1ci\u00ed (NGII), po\u017eiadavky a funkcionalitu metainforma\u010dn\u00fdch syst\u00e9mov, \u0161tandardiz\u00e1ciu. Program Zborn\u00edk pr\u00edspevkov Zborn\u00edk pr\u00edspevkov GIS 2005. Kore\u0148, M. (Ed.), vydala Technick\u00e1 univerzita vo Zvolene, 2006. ISBN 80-228-1581-0, 166 str.<\/p>\n","protected":false},"author":2,"featured_media":0,"parent":0,"menu_order":0,"comment_status":"closed","ping_status":"closed","template":"","meta":{"footnotes":""},"class_list":["post-1102","page","type-page","status-publish","hentry"],"_links":{"self":[{"href":"https:\/\/gis.tuzvo.sk\/index.php?rest_route=\/wp\/v2\/pages\/1102","targetHints":{"allow":["GET"]}}],"collection":[{"href":"https:\/\/gis.tuzvo.sk\/index.php?rest_route=\/wp\/v2\/pages"}],"about":[{"href":"https:\/\/gis.tuzvo.sk\/index.php?rest_route=\/wp\/v2\/types\/page"}],"author":[{"embeddable":true,"href":"https:\/\/gis.tuzvo.sk\/index.php?rest_route=\/wp\/v2\/users\/2"}],"replies":[{"embeddable":true,"href":"https:\/\/gis.tuzvo.sk\/index.php?rest_route=%2Fwp%2Fv2%2Fcomments&post=1102"}],"version-history":[{"count":9,"href":"https:\/\/gis.tuzvo.sk\/index.php?rest_route=\/wp\/v2\/pages\/1102\/revisions"}],"predecessor-version":[{"id":1278,"href":"https:\/\/gis.tuzvo.sk\/index.php?rest_route=\/wp\/v2\/pages\/1102\/revisions\/1278"}],"wp:attachment":[{"href":"https:\/\/gis.tuzvo.sk\/index.php?rest_route=%2Fwp%2Fv2%2Fmedia&parent=1102"}],"curies":[{"name":"wp","href":"https:\/\/api.w.org\/{rel}","templated":true}]}}