{"id":8,"date":"2017-07-07T06:11:00","date_gmt":"2017-07-07T05:11:00","guid":{"rendered":"http:\/\/gis.tuzvo.sk\/benchcrp\/?page_id=8"},"modified":"2017-10-28T22:57:54","modified_gmt":"2017-10-28T20:57:54","slug":"research-team","status":"publish","type":"page","link":"https:\/\/gis.tuzvo.sk\/benchcrp\/?page_id=8","title":{"rendered":"The research team"},"content":{"rendered":"<p><img loading=\"lazy\" decoding=\"async\" class=\"aligncenter wp-image-158 size-large\" src=\"https:\/\/gis.tuzvo.sk\/benchcrp\/wp-content\/uploads\/2017\/07\/DSC00866b-1024x465.jpg\" alt=\"\" width=\"640\" height=\"291\" srcset=\"https:\/\/gis.tuzvo.sk\/benchcrp\/wp-content\/uploads\/2017\/07\/DSC00866b-1024x465.jpg 1024w, https:\/\/gis.tuzvo.sk\/benchcrp\/wp-content\/uploads\/2017\/07\/DSC00866b-300x136.jpg 300w, https:\/\/gis.tuzvo.sk\/benchcrp\/wp-content\/uploads\/2017\/07\/DSC00866b-768x349.jpg 768w, https:\/\/gis.tuzvo.sk\/benchcrp\/wp-content\/uploads\/2017\/07\/DSC00866b.jpg 1100w\" sizes=\"auto, (max-width: 640px) 100vw, 640px\" \/><\/p>\n<h3><a href=\"https:\/\/www.fld.czu.cz\/en\/r-9413-departments\/r-9473-departments\/r-10406-department-of-forest-management\" target=\"_blank\" rel=\"noopener\">Czech University of Life Sciences Prague<\/a><\/h3>\n<p>The Department of Forest Management at the Faculty of Forestry and Wood Sciences belongs to the leader research institutions in the topic of utilizing unmanned aerial vehicles (UAVs) together with photogrammetry methods in forestry for purposes of forest inventory and monitoring. The research group has experiences with photogrammetric data acquisition as well as data processing, creating ortophoto maps and 3D point clouds. Recently in ongoing projects the members are developing methodologies for optimizing flight parameters in relation to camera positions and angles in order to ensure maximal quality of the products, and also algorithms for interpretation of the photogrammetry products, like 3D point clouds and ortophoto maps.<\/p>\n<ul>\n<li>Peter Surovy, associate professor<\/li>\n<li>Karel Kuzelka, researcher<\/li>\n<li>Dimitrios Panagiotidis, researcher<\/li>\n<li>Azadeh Abdollahnejad, Ph.D. student<\/li>\n<li>Jakub Martinisko, Ph.D. student<\/li>\n<\/ul>\n<h3><a href=\"http:\/\/photo.geo.tuwien.ac.at\/\" target=\"_blank\" rel=\"noopener\">Technical University Vienna<\/a><\/h3>\n<p>The Photogrammetry group of the Department of Geodesy and Geoinformation at Technical University Vienna has expertise in modeling the measurement process for airborne laser scanning and image matching. This allows calibration and orientation of the sensor data and derivation of primary models with accuracy at the nominal sensor accuracy. These primary models are point clouds and topographic surfaces. The expertise reaches, however, further to automated interpretation of the scenes, especially in the fields of forestry (forest border, biomass), but also in the fields of water and geomorphology. The research group Photogrammetry seeks close cooperation with scientific partners from neighboring disciplines (geomorphology, forestry, ecology) in order to enable comprehensive exploitation of Earth observation technology for relevant questions in society.<\/p>\n<ul>\n<li>Norbert Pfeifer, professor<\/li>\n<li>Markus Hollaus, senior scientist<\/li>\n<li>Di Wang, Ph.D. student<\/li>\n<li>Martin Wieser, Ph.D. student<\/li>\n<li>Wilfried Karel, Ph.D. student<\/li>\n<li>Livia Piermattei, PostDoc<\/li>\n<\/ul>\n<h3><a href=\"http:\/\/www.tuzvo.sk\/en\/organizational_structure\/faculty_of_forestry\/organizational_structure\/departments\/department_of_forest_management_and_geodesy\/department_of_forest_management_and_geodesy.html\" target=\"_blank\" rel=\"noopener\">Technical University in Zvolen<\/a><\/h3>\n<p>The Laboratory of geoinformatics of the Department of Forest Management and Geodesy at the Faculty of Forestry, Technical University in Zvolen has expertise in forest mapping, photogrammetry, laser scanning, geographical data acquisition and processing for purposes of forest inventory and modelling.<\/p>\n<ul>\n<li>Milan Kore\u0148, associate professor<\/li>\n<li>Martin Mokro\u0161, researcher<\/li>\n<li>Juli\u00e1n Toma\u0161t\u00edk, lecturer\/researcher<\/li>\n<li>Marek Fabrika, associate professor<\/li>\n<li>Juraj \u010cer\u0148ava, Ph.D. student<\/li>\n<li>Martin Z\u00e1potock\u00fd, Ph.D. student<\/li>\n<\/ul>\n<h3><img loading=\"lazy\" decoding=\"async\" class=\"alignnone wp-image-143 aligncenter\" src=\"https:\/\/gis.tuzvo.sk\/benchcrp\/wp-content\/uploads\/2017\/07\/research_team01-300x140.jpg\" alt=\"\" width=\"600\" height=\"281\" srcset=\"https:\/\/gis.tuzvo.sk\/benchcrp\/wp-content\/uploads\/2017\/07\/research_team01-300x140.jpg 300w, https:\/\/gis.tuzvo.sk\/benchcrp\/wp-content\/uploads\/2017\/07\/research_team01-768x359.jpg 768w, https:\/\/gis.tuzvo.sk\/benchcrp\/wp-content\/uploads\/2017\/07\/research_team01-960x450.jpg 960w, https:\/\/gis.tuzvo.sk\/benchcrp\/wp-content\/uploads\/2017\/07\/research_team01.jpg 1020w\" sizes=\"auto, (max-width: 600px) 100vw, 600px\" \/><\/h3>\n<p>The project involves a number of young researchers and Ph.D. students, which will significantly help to the successful completion of the project and the achievement of all objectives of the project. Involvement of young researchers and Ph.D. students in the whole process of the project is a crucial aspect of sustainability and progress of proposed research. At the same time, they bring to the project their know-how in the form of mentioned prototypes and algorithms that are fundamental to the proposed project.<\/p>\n","protected":false},"excerpt":{"rendered":"<p>Czech University of Life Sciences Prague The Department of Forest Management at the Faculty of Forestry and Wood Sciences belongs to the leader research institutions in the topic of utilizing unmanned aerial vehicles (UAVs) together with photogrammetry methods in forestry for purposes of forest inventory and monitoring. The research group has experiences with photogrammetric data [&hellip;]<\/p>\n","protected":false},"author":1,"featured_media":0,"parent":0,"menu_order":0,"comment_status":"closed","ping_status":"closed","template":"","meta":{"footnotes":""},"class_list":["post-8","page","type-page","status-publish","hentry"],"_links":{"self":[{"href":"https:\/\/gis.tuzvo.sk\/benchcrp\/index.php?rest_route=\/wp\/v2\/pages\/8","targetHints":{"allow":["GET"]}}],"collection":[{"href":"https:\/\/gis.tuzvo.sk\/benchcrp\/index.php?rest_route=\/wp\/v2\/pages"}],"about":[{"href":"https:\/\/gis.tuzvo.sk\/benchcrp\/index.php?rest_route=\/wp\/v2\/types\/page"}],"author":[{"embeddable":true,"href":"https:\/\/gis.tuzvo.sk\/benchcrp\/index.php?rest_route=\/wp\/v2\/users\/1"}],"replies":[{"embeddable":true,"href":"https:\/\/gis.tuzvo.sk\/benchcrp\/index.php?rest_route=%2Fwp%2Fv2%2Fcomments&post=8"}],"version-history":[{"count":25,"href":"https:\/\/gis.tuzvo.sk\/benchcrp\/index.php?rest_route=\/wp\/v2\/pages\/8\/revisions"}],"predecessor-version":[{"id":164,"href":"https:\/\/gis.tuzvo.sk\/benchcrp\/index.php?rest_route=\/wp\/v2\/pages\/8\/revisions\/164"}],"wp:attachment":[{"href":"https:\/\/gis.tuzvo.sk\/benchcrp\/index.php?rest_route=%2Fwp%2Fv2%2Fmedia&parent=8"}],"curies":[{"name":"wp","href":"https:\/\/api.w.org\/{rel}","templated":true}]}}