{"id":940,"date":"2021-09-13T12:37:36","date_gmt":"2021-09-13T11:37:36","guid":{"rendered":"http:\/\/gis.tuzvo.sk\/alterfor-sk\/?page_id=940"},"modified":"2021-09-13T12:37:36","modified_gmt":"2021-09-13T11:37:36","slug":"zaverecny-seminar-hotel-kralova","status":"publish","type":"page","link":"https:\/\/gis.tuzvo.sk\/alterfor-sk\/?page_id=940","title":{"rendered":"Z\u00e1vere\u010dn\u00fd semin\u00e1r Hotel Kr\u00e1\u013eov\u00e1"},"content":{"rendered":"\n<p>V\u00fdsledky projektu ALTERFOR za Slovensk\u00e9 experiment\u00e1lne \u00fazemie \u201ePodpo\u013eanie\u201c boli prednesen\u00e9 aj na pracovnom semin\u00e1ri konanom 9.9.2021 v&nbsp;Hoteli Kr\u00e1\u013eov\u00e1 pri Zvolene. Cie\u013eom semin\u00e1ra bolo prezentova\u0165 z\u00edskan\u00e9 v\u00fdsledky, informova\u0165 o&nbsp;rastovom simul\u00e1tore Sibyla ako aj o&nbsp;nov\u00fdch pokra\u010duj\u00facich projektoch, a&nbsp;t\u00fdm prispie\u0165 k&nbsp;vytvoreniu odbornej platformy a&nbsp;iniciova\u0165 diskusiu zainteresovanej odbornej verejnosti na Slovensku potrebn\u00fa pre rie\u0161enie na\u010drtnutej problematiky.<\/p>\n\n\n\n<p>Komplexn\u00e9 inform\u00e1cie o priebehu, obsahu a z\u00e1veroch semin\u00e1ra \u010doskoro priprav\u00edme na publikovanie.  Zatia\u013e pon\u00fakame z\u00e1ujemcom v\u0161etky prezent\u00e1cie prednesen\u00e9 na semin\u00e1ri:<\/p>\n\n\n\n<p>Inform\u00e1ciu o programe (pdf_s\u00fabor), <\/p>\n\n\n\n<div class=\"wp-block-file\"><a href=\"http:\/\/gis.tuzvo.sk\/alterfor-sk\/wp-content\/uploads\/2021\/09\/intro_ws3_program.pdf\">intro_ws3_program<\/a><a href=\"http:\/\/gis.tuzvo.sk\/alterfor-sk\/wp-content\/uploads\/2021\/09\/intro_ws3_program.pdf\" class=\"wp-block-file__button\" download><\/a><\/div>\n\n\n\n<p>Prezent\u00e1ciu o projekte Alterfor ako celku, prednesen\u00fa prof.  Tu\u010dekom (pdf_subor), <\/p>\n\n\n\n<div class=\"wp-block-file\"><a href=\"http:\/\/gis.tuzvo.sk\/alterfor-sk\/wp-content\/uploads\/2021\/09\/ws3_tucek_final-1.pdf\">ws3_tucek_final-1<\/a><a href=\"http:\/\/gis.tuzvo.sk\/alterfor-sk\/wp-content\/uploads\/2021\/09\/ws3_tucek_final-1.pdf\" class=\"wp-block-file__button\" download><\/a><\/div>\n\n\n\n<p>Prezent\u00e1ciu o v\u00fdsledkoch rie\u0161enia v slovenskom experiment\u00e1lnom \u00fazem\u00ed Podpo\u013eanie, prednesen\u00fa doc. Sedm\u00e1kom (pdf_subor),<\/p>\n\n\n\n<div class=\"wp-block-file\"><a href=\"http:\/\/gis.tuzvo.sk\/alterfor-sk\/wp-content\/uploads\/2021\/09\/Prezentacia_Sedmak_et_al_Alterfor_3_workshop.pdf\">Prezentacia_Sedmak_et_al_Alterfor_3_workshop<\/a><a href=\"http:\/\/gis.tuzvo.sk\/alterfor-sk\/wp-content\/uploads\/2021\/09\/Prezentacia_Sedmak_et_al_Alterfor_3_workshop.pdf\" class=\"wp-block-file__button\" download><\/a><\/div>\n\n\n\n<p>Prezent\u00e1ciu o aktu\u00e1lnom v\u00fdvoji stromov\u00e9ho simul\u00e1tora Sibyla, prednesen\u00fa prof. Fabrikom (pdf_subor),<\/p>\n\n\n\n<div class=\"wp-block-file\"><a href=\"http:\/\/gis.tuzvo.sk\/alterfor-sk\/wp-content\/uploads\/2021\/09\/Alterfor_2021_Fabrika.pdf\">Alterfor_2021_Fabrika<\/a><a href=\"http:\/\/gis.tuzvo.sk\/alterfor-sk\/wp-content\/uploads\/2021\/09\/Alterfor_2021_Fabrika.pdf\" class=\"wp-block-file__button\" download><\/a><\/div>\n\n\n\n<p>Prezent\u00e1ciu o pripravovan\u00fdch projektoch zamran\u00fdch na problematiku podpory rozhodovania, prednesen\u00fa Ing. \u010cer\u0148avom (pdf_subor)<\/p>\n\n\n\n<div class=\"wp-block-file\"><a href=\"http:\/\/gis.tuzvo.sk\/alterfor-sk\/wp-content\/uploads\/2021\/09\/pripravovane_projekty_prezentacia.pdf\">pripravovane_projekty_prezentacia<\/a><a href=\"http:\/\/gis.tuzvo.sk\/alterfor-sk\/wp-content\/uploads\/2021\/09\/pripravovane_projekty_prezentacia.pdf\" class=\"wp-block-file__button\" download><\/a><\/div>\n\n\n\n<div class=\"wp-block-file\"><a href=\"http:\/\/gis.tuzvo.sk\/alterfor-sk\/wp-content\/uploads\/2021\/09\/pripravovane_projekty_prezentacia.pptx\" class=\"wp-block-file__button\" download><\/a><\/div>\n\n\n\n<p><\/p>\n","protected":false},"excerpt":{"rendered":"<p>V\u00fdsledky projektu ALTERFOR za Slovensk\u00e9 experiment\u00e1lne \u00fazemie \u201ePodpo\u013eanie\u201c boli prednesen\u00e9 aj na pracovnom semin\u00e1ri konanom 9.9.2021 v&nbsp;Hoteli Kr\u00e1\u013eov\u00e1 pri Zvolene. Cie\u013eom semin\u00e1ra bolo prezentova\u0165 z\u00edskan\u00e9 v\u00fdsledky, informova\u0165 o&nbsp;rastovom simul\u00e1tore Sibyla ako aj o&nbsp;nov\u00fdch pokra\u010duj\u00facich projektoch, a&nbsp;t\u00fdm prispie\u0165 k&nbsp;vytvoreniu odbornej platformy a&nbsp;iniciova\u0165 diskusiu zainteresovanej odbornej verejnosti na Slovensku potrebn\u00fa pre rie\u0161enie na\u010drtnutej problematiky. Komplexn\u00e9 inform\u00e1cie o [&hellip;]<\/p>\n","protected":false},"author":1,"featured_media":0,"parent":0,"menu_order":0,"comment_status":"closed","ping_status":"closed","template":"","meta":{"footnotes":""},"class_list":["post-940","page","type-page","status-publish","hentry"],"_links":{"self":[{"href":"https:\/\/gis.tuzvo.sk\/alterfor-sk\/index.php?rest_route=\/wp\/v2\/pages\/940","targetHints":{"allow":["GET"]}}],"collection":[{"href":"https:\/\/gis.tuzvo.sk\/alterfor-sk\/index.php?rest_route=\/wp\/v2\/pages"}],"about":[{"href":"https:\/\/gis.tuzvo.sk\/alterfor-sk\/index.php?rest_route=\/wp\/v2\/types\/page"}],"author":[{"embeddable":true,"href":"https:\/\/gis.tuzvo.sk\/alterfor-sk\/index.php?rest_route=\/wp\/v2\/users\/1"}],"replies":[{"embeddable":true,"href":"https:\/\/gis.tuzvo.sk\/alterfor-sk\/index.php?rest_route=%2Fwp%2Fv2%2Fcomments&post=940"}],"version-history":[{"count":0,"href":"https:\/\/gis.tuzvo.sk\/alterfor-sk\/index.php?rest_route=\/wp\/v2\/pages\/940\/revisions"}],"wp:attachment":[{"href":"https:\/\/gis.tuzvo.sk\/alterfor-sk\/index.php?rest_route=%2Fwp%2Fv2%2Fmedia&parent=940"}],"curies":[{"name":"wp","href":"https:\/\/api.w.org\/{rel}","templated":true}]}}