{"id":9,"date":"2020-02-14T08:55:43","date_gmt":"2020-02-14T08:55:43","guid":{"rendered":"http:\/\/gis.tuzvo.sk\/alterfor-sk\/?page_id=8"},"modified":"2026-02-17T12:45:25","modified_gmt":"2026-02-17T12:45:25","slug":"the-research-team","status":"publish","type":"page","link":"https:\/\/gis.tuzvo.sk\/alterfor-sk\/?page_id=9","title":{"rendered":"Z\u00e1kladn\u00e9 koncepty"},"content":{"rendered":"\n<figure class=\"wp-block-image size-full\"><img loading=\"lazy\" decoding=\"async\" width=\"1024\" height=\"225\" src=\"https:\/\/gis.tuzvo.sk\/alterfor-sk\/wp-content\/uploads\/modely_krajina_vyrez-1024x225-1.png\" alt=\"\" class=\"wp-image-1261\" srcset=\"https:\/\/gis.tuzvo.sk\/alterfor-sk\/wp-content\/uploads\/modely_krajina_vyrez-1024x225-1.png 1024w, https:\/\/gis.tuzvo.sk\/alterfor-sk\/wp-content\/uploads\/modely_krajina_vyrez-1024x225-1-300x66.png 300w, https:\/\/gis.tuzvo.sk\/alterfor-sk\/wp-content\/uploads\/modely_krajina_vyrez-1024x225-1-768x169.png 768w, https:\/\/gis.tuzvo.sk\/alterfor-sk\/wp-content\/uploads\/modely_krajina_vyrez-1024x225-1-624x137.png 624w\" sizes=\"auto, (max-width: 1024px) 100vw, 1024px\" \/><\/figure>\n\n\n\n<p> Z\u00e1merom projektu ALTERFOR je identifikova\u0165 a u\u013eah\u010di\u0165 zav\u00e1dzanie tak\u00fdch pr\u00edstupov k obhospodarovaniu lesov v Eur\u00f3pe (<strong>modelov hospod\u00e1renia v lese &#8211; anglicky Forest Management Models &#8211; FMM<\/strong>), ktor\u00e9 bud\u00fa vhodn\u00e9 na trval\u00e9 poskytovanie po\u017eadovan\u00fdch \u00fa\u017eitkov z lesa (<strong>ekosyst\u00e9mov\u00fdch slu\u017eieb -anglicky Ecosystem Services &#8211; ES)<\/strong> v bud\u00facom storo\u010d\u00ed. <\/p>\n\n\n\n<p> V lesn\u00edctve m\u00e1 posudzovanie pr\u00ednosov r\u00f4znych sp\u00f4sobov hospod\u00e1renia dlhodob\u00fa trad\u00edciu, ktor\u00e1 siaha \u010faleko pred obdobie zavedenia konceptu ekosyst\u00e9mov\u00fdch slu\u017eieb.  V posledn\u00fdch dek\u00e1dach boli vyvinut\u00e9 sofistikovan\u00e9 syst\u00e9my na podporu rozhodovania (<strong>anglicky Decision Support System \u2013 DSS<\/strong>) ktor\u00e9 umo\u017e\u0148uj\u00fa analyzova\u0165 komplexnos\u0165 obhospodarovania lesov porovn\u00e1van\u00edm v\u00fdstupn\u00fdch \u00farovn\u00ed poskytovan\u00fdch ekosyst\u00e9mov\u00fdch slu\u017eieb  ve\u013ek\u00e9ho mno\u017estva alternat\u00edv hospod\u00e1renia  typicky vytv\u00e1ran\u00fdch v prostred\u00ed prostriedkov na modelovanie a simul\u00e1ciu rastu a v\u00fdvoja lesa.<\/p>\n\n\n\n<p>Navrhovan\u00e9 vylep\u0161en\u00e9 pr\u00edstupy hospod\u00e1renia s\u00fa \u0161tudovan\u00e9 pod vplyvom r\u00f4znych <strong>scen\u00e1rov bud\u00facnosti (anglicky Scenario)<\/strong> t\u00fdkaj\u00facich sa najm\u00e4 klimatick\u00fdch zmien s oh\u013eadom na po\u017eadovan\u00e9 ekosyst\u00e9mov\u00e9 slu\u017eby vr\u00e1tane  ochrany pr\u00edrody a biodiverzity, ale aj produkciu drevnej hmoty a r\u00f4znorod\u00e9 vyu\u017e\u00edvanie lesa spolo\u010dnos\u0165ou. Do simul\u00e1ci\u00ed je zahrnut\u00e9 aj spr\u00e1vanie sa vlastn\u00edkov a obhospodarovate\u013eov lesa, ako aj celkov\u00fd poh\u013ead na vyu\u017e\u00edvanie lesa a krajiny odbornou a laickou verejnos\u0165ou. <\/p>\n","protected":false},"excerpt":{"rendered":"<p>Z\u00e1merom projektu ALTERFOR je identifikova\u0165 a u\u013eah\u010di\u0165 zav\u00e1dzanie tak\u00fdch pr\u00edstupov k obhospodarovaniu lesov v Eur\u00f3pe (modelov hospod\u00e1renia v lese &#8211; anglicky Forest Management Models &#8211; FMM), ktor\u00e9 bud\u00fa vhodn\u00e9 na trval\u00e9 poskytovanie po\u017eadovan\u00fdch \u00fa\u017eitkov z lesa (ekosyst\u00e9mov\u00fdch slu\u017eieb -anglicky Ecosystem Services &#8211; ES) v bud\u00facom storo\u010d\u00ed. V lesn\u00edctve m\u00e1 posudzovanie pr\u00ednosov r\u00f4znych sp\u00f4sobov hospod\u00e1renia dlhodob\u00fa [&hellip;]<\/p>\n","protected":false},"author":1,"featured_media":0,"parent":0,"menu_order":0,"comment_status":"closed","ping_status":"closed","template":"","meta":{"footnotes":""},"class_list":["post-9","page","type-page","status-publish","hentry"],"_links":{"self":[{"href":"https:\/\/gis.tuzvo.sk\/alterfor-sk\/index.php?rest_route=\/wp\/v2\/pages\/9","targetHints":{"allow":["GET"]}}],"collection":[{"href":"https:\/\/gis.tuzvo.sk\/alterfor-sk\/index.php?rest_route=\/wp\/v2\/pages"}],"about":[{"href":"https:\/\/gis.tuzvo.sk\/alterfor-sk\/index.php?rest_route=\/wp\/v2\/types\/page"}],"author":[{"embeddable":true,"href":"https:\/\/gis.tuzvo.sk\/alterfor-sk\/index.php?rest_route=\/wp\/v2\/users\/1"}],"replies":[{"embeddable":true,"href":"https:\/\/gis.tuzvo.sk\/alterfor-sk\/index.php?rest_route=%2Fwp%2Fv2%2Fcomments&post=9"}],"version-history":[{"count":1,"href":"https:\/\/gis.tuzvo.sk\/alterfor-sk\/index.php?rest_route=\/wp\/v2\/pages\/9\/revisions"}],"predecessor-version":[{"id":1430,"href":"https:\/\/gis.tuzvo.sk\/alterfor-sk\/index.php?rest_route=\/wp\/v2\/pages\/9\/revisions\/1430"}],"wp:attachment":[{"href":"https:\/\/gis.tuzvo.sk\/alterfor-sk\/index.php?rest_route=%2Fwp%2Fv2%2Fmedia&parent=9"}],"curies":[{"name":"wp","href":"https:\/\/api.w.org\/{rel}","templated":true}]}}