{"id":8,"date":"2020-02-14T08:55:07","date_gmt":"2020-02-14T08:55:07","guid":{"rendered":"http:\/\/gis.tuzvo.sk\/alterfor-sk\/?page_id=6"},"modified":"2026-02-17T12:43:32","modified_gmt":"2026-02-17T12:43:32","slug":"about-the-project","status":"publish","type":"page","link":"https:\/\/gis.tuzvo.sk\/alterfor-sk\/","title":{"rendered":"ALTERFOR"},"content":{"rendered":"\n<p class=\"has-medium-font-size\"><strong>Alternative  models  and  robust  decision-making  for  future  forest  management<\/strong><\/p>\n\n\n\n<figure class=\"wp-block-image size-full\"><img loading=\"lazy\" decoding=\"async\" width=\"1024\" height=\"130\" src=\"https:\/\/gis.tuzvo.sk\/alterfor-sk\/wp-content\/uploads\/eu_funding_ram-1024x130-2.png\" alt=\"\" class=\"wp-image-1428\" srcset=\"https:\/\/gis.tuzvo.sk\/alterfor-sk\/wp-content\/uploads\/eu_funding_ram-1024x130-2.png 1024w, https:\/\/gis.tuzvo.sk\/alterfor-sk\/wp-content\/uploads\/eu_funding_ram-1024x130-2-300x38.png 300w, https:\/\/gis.tuzvo.sk\/alterfor-sk\/wp-content\/uploads\/eu_funding_ram-1024x130-2-768x98.png 768w, https:\/\/gis.tuzvo.sk\/alterfor-sk\/wp-content\/uploads\/eu_funding_ram-1024x130-2-624x79.png 624w\" sizes=\"auto, (max-width: 1024px) 100vw, 1024px\" \/><\/figure>\n\n\n\n<p class=\"has-medium-font-size\"><strong>Alternat\u00edvne modely a robustn\u00e1 podpora rozhodovania pre obhospodarovanie lesov v bud\u00facnosti<\/strong><\/p>\n\n\n\n<p> ALTERFOR je ve\u013ek\u00fd, kolaborat\u00edvny v\u00fdskumn\u00fd projekt financovan\u00fd z v\u00fdskumn\u00e9ho programu EU Horizon 2020, koordinovan\u00fd \u0160vedskou univerzitou po\u013enohospod\u00e1rskych vied (Swedish University of Agricultural Sciences, SLU), za \u00fa\u010dasti dvadsiatich organiz\u00e1cii z deviatich kraj\u00edn. Spolurie\u0161ite\u013eom projektu je aj  kolekt\u00edv z Technickej univerzity vo Zvolene. <strong>T\u00e1to str\u00e1nka sl\u00fa\u017ei na informovanie o podrobnostiach a \u0161pecifik\u00e1ch rie\u0161enia projektu v Slovensk\u00fdch podmienkach.<\/strong> <\/p>\n\n\n\n<p>ALTERFOR sk\u00fama mo\u017enosti optimaliz\u00e1cie modelov hospod\u00e1renia v lese ktor\u00e9 s\u00fa aktu\u00e1lne pou\u017e\u00edvan\u00e9 vo viacer\u00fdch Eur\u00f3pskych krajin\u00e1ch. Medzin\u00e1rodn\u00e9 konzorcium vedcov a praktick\u00fdch lesn\u00edkov overuje potenci\u00e1lne pr\u00ednosy aplik\u00e1cie aktu\u00e1lnych a navrhovan\u00fdch alternat\u00edvnych modelov hospod\u00e1renia v podmienkach v\u00fdskumn\u00fdch objektov. Jednotliv\u00e9 v\u00fdskumn\u00e9 \u00fazemia reprezentuj\u00fa rozdielne pr\u00edstupy k obhospodarovaniu lesov vo variabiln\u00fdch soci\u00e1lnych, ekologick\u00fdch a ekonomick\u00fdch  podmienkach Eur\u00f3py. <\/p>\n","protected":false},"excerpt":{"rendered":"<p>Alternative models and robust decision-making for future forest management Alternat\u00edvne modely a robustn\u00e1 podpora rozhodovania pre obhospodarovanie lesov v bud\u00facnosti ALTERFOR je ve\u013ek\u00fd, kolaborat\u00edvny v\u00fdskumn\u00fd projekt financovan\u00fd z v\u00fdskumn\u00e9ho programu EU Horizon 2020, koordinovan\u00fd \u0160vedskou univerzitou po\u013enohospod\u00e1rskych vied (Swedish University of Agricultural Sciences, SLU), za \u00fa\u010dasti dvadsiatich organiz\u00e1cii z deviatich kraj\u00edn. Spolurie\u0161ite\u013eom projektu je aj [&hellip;]<\/p>\n","protected":false},"author":1,"featured_media":0,"parent":0,"menu_order":0,"comment_status":"closed","ping_status":"closed","template":"","meta":{"footnotes":""},"class_list":["post-8","page","type-page","status-publish","hentry"],"_links":{"self":[{"href":"https:\/\/gis.tuzvo.sk\/alterfor-sk\/index.php?rest_route=\/wp\/v2\/pages\/8","targetHints":{"allow":["GET"]}}],"collection":[{"href":"https:\/\/gis.tuzvo.sk\/alterfor-sk\/index.php?rest_route=\/wp\/v2\/pages"}],"about":[{"href":"https:\/\/gis.tuzvo.sk\/alterfor-sk\/index.php?rest_route=\/wp\/v2\/types\/page"}],"author":[{"embeddable":true,"href":"https:\/\/gis.tuzvo.sk\/alterfor-sk\/index.php?rest_route=\/wp\/v2\/users\/1"}],"replies":[{"embeddable":true,"href":"https:\/\/gis.tuzvo.sk\/alterfor-sk\/index.php?rest_route=%2Fwp%2Fv2%2Fcomments&post=8"}],"version-history":[{"count":3,"href":"https:\/\/gis.tuzvo.sk\/alterfor-sk\/index.php?rest_route=\/wp\/v2\/pages\/8\/revisions"}],"predecessor-version":[{"id":1429,"href":"https:\/\/gis.tuzvo.sk\/alterfor-sk\/index.php?rest_route=\/wp\/v2\/pages\/8\/revisions\/1429"}],"wp:attachment":[{"href":"https:\/\/gis.tuzvo.sk\/alterfor-sk\/index.php?rest_route=%2Fwp%2Fv2%2Fmedia&parent=8"}],"curies":[{"name":"wp","href":"https:\/\/api.w.org\/{rel}","templated":true}]}}